{"id":108057,"date":"2024-12-17T16:22:51","date_gmt":"2024-12-17T15:22:51","guid":{"rendered":"https:\/\/biblekids.io\/esther-meine-hilfe-kommt-vom-herrn\/"},"modified":"2025-04-24T09:31:53","modified_gmt":"2025-04-24T07:31:53","slug":"esther","status":"publish","type":"page","link":"https:\/\/biblekids.io\/de\/bible-kids-spielfilme\/esther\/","title":{"rendered":"Esther &#8211; Meine Hilfe kommt vom Herrn"},"content":{"rendered":"\n\n\t<section class=\"section dark\" id=\"section_512118007\">\n\t\t<div class=\"section-bg fill\" >\n\t\t\t\t\t\t\t\t\t\n\t\t\t\n\n\t\t<\/div>\n\n\t\t\n\n\t\t<div class=\"section-content relative\">\n\t\t\t\n\n\n\t\t<\/div>\n\n\t\t\n<style>\n#section_512118007 {\n  padding-top: 50px;\n  padding-bottom: 50px;\n  background-color: #115e67;\n}\n<\/style>\n\t<\/section>\n\t\n\n\t<section class=\"section dark\" id=\"section_935269036\">\n\t\t<div class=\"section-bg fill\" >\n\t\t\t\t\t\t\t\t\t<div class=\"section-bg-overlay absolute fill\"><\/div>\n\t\t\t\n\n\t\t<\/div>\n\n\t\t\t<div class=\"ux-shape-divider ux-shape-divider--top ux-shape-divider--style-waves-opacity-3\">\n\t\t<svg viewBox=\"0 0 1000 300\" xmlns=\"http:\/\/www.w3.org\/2000\/svg\" preserveAspectRatio=\"none\">\n\t<path class=\"ux-shape-fill\" opacity=\"0.05\" d=\"M1014 264V386H206L34 300C34 300 344.42 277.16 436 221C542 156 590 160 704 209C811 255 899.11 214.94 979 346L1014 264Z\"\/>\n\t<path class=\"ux-shape-fill\" opacity=\"0.1\" d=\"M-302 55C-302 55 -66.73 263.25 50 214C178 160 283 116 353 141C445.68 174.1 534.28 256.19 588 249C692.9 235 764.52 75.94 855 131C940.61 183.09 1000 254 1000 254V328L-306 338L-302 55Z\"\/>\n\t<path class=\"ux-shape-fill\" opacity=\"0.15\" d=\"M-286 255C-286 255 -72 152 52 126C176 100 255 155 436 227C581.57 284.91 614.7 277.79 708 227C787 184 1009 3.0001 1093 164C1146 265.63 1031 293 1031 293L924 377L-288 389L-286 255Z\"\/>\n\t<path class=\"ux-shape-fill\" opacity=\"0.3\" d=\"M-24 69C-24 69 275.68 370.66 389 314C397 310 622 316 673 356C690.47 369.7 845 224 890 182C944.8 130.85 1018 92 1078 143C1154.12 207.7 1196 242 1196 242L1184 374L-28 386L-24 69Z\"\/>\n\t<path class=\"ux-shape-fill\" d=\"M-12 201C-12 201 58 284 182 258C306 232 342.29 221.23 456 264C565 305 640.82 288.36 721 249C776 222 837.5 191.31 935 253C984 284 1030 279 1030 279L1024 430L-12 440V201Z\"\/>\n<\/svg>\n\t<\/div>\n\n\t<div class=\"ux-shape-divider ux-shape-divider--bottom ux-shape-divider--style-arrow-2-invert\">\n\t\t<svg viewBox=\"0 0 1000 100\" xmlns=\"http:\/\/www.w3.org\/2000\/svg\" preserveAspectRatio=\"none\">\n\t<path class=\"ux-shape-fill\" d=\"M1000 100H0V80H479.686C481.808 80 483.843 80.8429 485.343 82.3432L497.879 94.8787C499.05 96.0503 500.95 96.0503 502.121 94.8787L514.657 82.3431C516.157 80.8428 518.192 80 520.314 80H1000V100Z\"\/>\n<\/svg>\n\t<\/div>\n\n\t\t<div class=\"section-content relative\">\n\t\t\t\n\n<div class=\"row row-collapse\"  id=\"row-703298976\">\n\n\n\t<div id=\"col-1592651421\" class=\"col large-12\"  >\n\t\t\t\t<div class=\"col-inner\"  >\n\t\t\t\n\t\t\t\n\n<iframe class=\"btv-iframe \" src=\"https:\/\/app.bcc.media\/embed\/2786?app=kids-web&language=de\" frameborder=\"0\" allowfullscreen><\/iframe>\n\n\t<div id=\"gap-1868220204\" class=\"gap-element clearfix\" style=\"display:block; height:auto;\">\n\t\t\n<style>\n#gap-1868220204 {\n  padding-top: 30px;\n}\n<\/style>\n\t<\/div>\n\t\n\n\t<div id=\"text-1355602240\" class=\"text\">\n\t\t\n\n<h2><span style=\"font-size: 100%;\"><strong>Esther \u2013 Meine Hilfe kommt vom Herrn<\/strong><\/span><\/h2>\n<p>18. Dezember 2024 | Altersgrenze: 6+ | Dauer:<strong> 1h 2 min<\/strong><\/p>\n<p>Ein junges j\u00fcdisches M\u00e4dchen in Persien wird pl\u00f6tzlich in eine entscheidende Position versetzt, um ihr eigenes Volk vor einer Katastrophe zu bewahren. Als K\u00f6nigin erkennt Esther, dass Gott sie f\u00fcr eine wichtige Aufgabe eingesetzt hat, und sie bringt den Mut auf einen gef\u00e4hrlichen Plan aufzudecken, der ihr eigenes Leben\u00a0 und ihr ganzes Volk &#8211; bedroht. Eine kraftvolle Geschichte \u00fcber Glauben, Mut und Vertrauen in Gottes Plan.<\/p>\n<p>Unter der Regie von: <strong>Trine Sandersen\u00a0<br \/><\/strong>Drehbuch:<strong>Elise Sch\u00f6ll, Trine Sandersen<\/strong><br \/>Hauptdarsteller: <strong>Elaine Friberg, Stein Veierland, Jan Friberg, Christoffer Fossnes, Oliver Kennedy-Berge, Binu Ravindranath, Aby Abraham, Jessica Mary Haukelidseter, Alon Okun, Joshua Paul, Paul Dokken, Michelle Bertelsen, Mercy Abraham, Emil Andre Reiersrud, Kevin Kristensen, Conrad Ekholt, Karen Tracy Reiersrud, Benjamin Scholl<\/strong><strong>\u00a0<\/strong><br \/><br \/><\/p>\n<p>Originalsprache: <strong>Englisch<\/strong><br \/>Tonspur: <strong>Deutsch, Niederl\u00e4ndisch, Norwegisch, Englisch, Franz\u00f6sisch, Spanisch, Finnisch, Russisch, Portugiesisch, Rum\u00e4nisch, T\u00fcrkisch, Polnisch, Ungarisch, Italienisch, D\u00e4nisch<\/strong><br \/>Untertitel: <strong>Englisch, Norwegisch<\/strong><\/p>\n\t\t\n<style>\n#text-1355602240 {\n  text-align: left;\n}\n<\/style>\n\t<\/div>\n\t\n\n\t\t<\/div>\n\t\t\t\t\n<style>\n#col-1592651421 > .col-inner {\n  padding: 15px 15px 15px 15px;\n}\n<\/style>\n\t<\/div>\n\n\t\n\n\t<div id=\"col-294843729\" class=\"col medium-4 small-12 large-4\"  >\n\t\t\t\t<div class=\"col-inner\"  >\n\t\t\t\n\t\t\t\n\n<h3>Siehe auch<\/h3>\n\t<div class=\"box has-hover   has-hover box-text-bottom\" >\n\n\t\t<div class=\"box-image\" >\n\t\t\t<a href=\"https:\/\/biblekids.io\/de\/bible-kids-spielfilme\/josia-wahr-und-gerecht\/\" >\t\t\t<div class=\"\" >\n\t\t\t\t<img loading=\"lazy\" decoding=\"async\" width=\"905\" height=\"1280\" src=\"https:\/\/biblekids.io\/wp-content\/uploads\/2023\/05\/josiah.jpg\" class=\"attachment- size-\" alt=\"\" \/>\t\t\t\t\t\t\t\t\t\t\t<\/div>\n\t\t\t<\/a>\t\t<\/div>\n\n\t\t<div class=\"box-text text-center\" >\n\t\t\t<div class=\"box-text-inner\">\n\t\t\t\t\n\n<h4>Josia \u2013 wahr und gerecht<\/h4>\n<p>Eine fesselnde Geschichte \u00fcber einen Jungen, der im Alter von acht Jahren zum K\u00f6nig gekr\u00f6nt wird, in einer Welt voller B\u00f6sem und Ungerechtigkeit. Trotz des Mangels an guten Vorbildern unter seinen Vorg\u00e4ngern w\u00e4chst Josia zu einem wahren und gerechten K\u00f6nig heran.<\/p>\n\n\t\t\t<\/div>\n\t\t<\/div>\n\t<\/div>\n\t\n\n\t\t<\/div>\n\t\t\t\t\t<\/div>\n\n\t\n\n<\/div>\n\n\t\t<\/div>\n\n\t\t\n<style>\n#section_935269036 {\n  padding-top: 100px;\n  padding-bottom: 100px;\n  background-color: rgb(17, 94, 103);\n}\n#section_935269036 .section-bg-overlay {\n  background-color: rgba(0, 0, 0, 0.5);\n}\n#section_935269036 .ux-shape-divider--top svg {\n  height: 150px;\n  --divider-top-width: 100%;\n}\n#section_935269036 .ux-shape-divider--top .ux-shape-fill {\n  fill: rgb(17, 94, 103);\n}\n#section_935269036 .ux-shape-divider--bottom svg {\n  height: 150px;\n  --divider-width: 100%;\n}\n#section_935269036 .ux-shape-divider--bottom .ux-shape-fill {\n  fill: #115e67;\n}\n<\/style>\n\t<\/section>\n\t\n\n\t<section class=\"section\" id=\"section_89098665\">\n\t\t<div class=\"section-bg fill\" >\n\t\t\t\t\t\t\t\t\t\n\t\t\t\n\n\t\t<\/div>\n\n\t\t\t<div class=\"ux-shape-divider ux-shape-divider--top ux-shape-divider--style-arrow\">\n\t\t<svg viewBox=\"0 0 1000 100\" xmlns=\"http:\/\/www.w3.org\/2000\/svg\" preserveAspectRatio=\"none\">\n\t<path class=\"ux-shape-fill\" d=\"M1000 100H0L0 96H483L500 79L517 96H1000V100Z\"\/>\n<\/svg>\n\t<\/div>\n\n\t<div class=\"ux-shape-divider ux-shape-divider--bottom ux-shape-divider--style-waves-opacity-3\">\n\t\t<svg viewBox=\"0 0 1000 300\" xmlns=\"http:\/\/www.w3.org\/2000\/svg\" preserveAspectRatio=\"none\">\n\t<path class=\"ux-shape-fill\" opacity=\"0.05\" d=\"M1014 264V386H206L34 300C34 300 344.42 277.16 436 221C542 156 590 160 704 209C811 255 899.11 214.94 979 346L1014 264Z\"\/>\n\t<path class=\"ux-shape-fill\" opacity=\"0.1\" d=\"M-302 55C-302 55 -66.73 263.25 50 214C178 160 283 116 353 141C445.68 174.1 534.28 256.19 588 249C692.9 235 764.52 75.94 855 131C940.61 183.09 1000 254 1000 254V328L-306 338L-302 55Z\"\/>\n\t<path class=\"ux-shape-fill\" opacity=\"0.15\" d=\"M-286 255C-286 255 -72 152 52 126C176 100 255 155 436 227C581.57 284.91 614.7 277.79 708 227C787 184 1009 3.0001 1093 164C1146 265.63 1031 293 1031 293L924 377L-288 389L-286 255Z\"\/>\n\t<path class=\"ux-shape-fill\" opacity=\"0.3\" d=\"M-24 69C-24 69 275.68 370.66 389 314C397 310 622 316 673 356C690.47 369.7 845 224 890 182C944.8 130.85 1018 92 1078 143C1154.12 207.7 1196 242 1196 242L1184 374L-28 386L-24 69Z\"\/>\n\t<path class=\"ux-shape-fill\" d=\"M-12 201C-12 201 58 284 182 258C306 232 342.29 221.23 456 264C565 305 640.82 288.36 721 249C776 222 837.5 191.31 935 253C984 284 1030 279 1030 279L1024 430L-12 440V201Z\"\/>\n<\/svg>\n\t<\/div>\n\n\t\t<div class=\"section-content relative\">\n\t\t\t\n\n<div class=\"row row-large\"  id=\"row-926638345\">\n\n\n\t<div id=\"col-767960819\" class=\"col medium-6 small-12 large-6\"  >\n\t\t\t\t<div class=\"col-inner dark\"  >\n\t\t\t\n\t\t\t\n\n<h4><strong>Bleibe auf dem Laufenden<\/strong><\/h4>\n<p>Wir arbeiten st\u00e4ndig an der Verbesserung unserer Inhalte, Konzepte und Produktionen. Melde dich f\u00fcr unseren Newsletter an und erhalte die neuesten Updates, Neuigkeiten und einen Blick hinter die Kulissen. <\/p>\n<a href=\"http:\/\/eepurl.com\/h3pcRD\" target=\"_blank\" class=\"button secondary reveal-icon\" rel=\"noopener\" style=\"border-radius:99px;\">\n\t\t<span>Newsletter abonnieren<\/span>\n\t<i class=\"icon-envelop\" aria-hidden=\"true\"><\/i><\/a>\n\n\n<div class=\"is-divider divider clearfix\" ><\/div>\n\n<h4>Abonniere unseren YouTube-Kanal <\/h4>\n<p><img loading=\"lazy\" decoding=\"async\" class=\"alignnone size-medium wp-image-75197\" src=\"https:\/\/staging-bcckids.kinsta.cloud\/wp-content\/uploads\/2023\/08\/youtube_biblekids-455x400.png\" alt=\"\" width=\"455\" height=\"400\"><\/p>\n<p>Abonniere unseren YouTube-Kanal,\u00a0<a href=\"https:\/\/https:\/\/www.youtube.com\/@BibleKidsDE\">@BibleKidsDE<\/a>, damit du keine unserer Animationsfilme aus der Bibel verpasst, und entdecke unsere gro\u00dfartige Sammlung von Videos und Playlisten!\u00a0<\/p>\n<a href=\"https:\/\/www.youtube.com\/channel\/UChsmRxJ_c4i3H1SjtD9-Mmw?sub_confirmation=1\" target=\"_blank\" class=\"button secondary reveal-icon\" rel=\"noopener\" style=\"border-radius:99px;\">\n\t\t<span>Jetzt abonnieren<\/span>\n\t<i class=\"icon-youtube\" aria-hidden=\"true\"><\/i><\/a>\n\n\n\n\t\t<\/div>\n\t\t\t\t\t<\/div>\n\n\t\n\n\t<div id=\"col-1280566784\" class=\"col medium-6 small-12 large-6\"  >\n\t\t\t\t<div class=\"col-inner\" style=\"background-color:rgb(255, 255, 255);\" >\n\t\t\t\n\t\t\t\n\n\n<div class=\"wpcf7 no-js\" id=\"wpcf7-f81882-o1\" lang=\"de-DE\" dir=\"ltr\" data-wpcf7-id=\"81882\">\n<div class=\"screen-reader-response\"><p role=\"status\" aria-live=\"polite\" aria-atomic=\"true\"><\/p> <ul><\/ul><\/div>\n<form action=\"\/de\/wp-json\/wp\/v2\/pages\/108057#wpcf7-f81882-o1\" method=\"post\" class=\"wpcf7-form init\" aria-label=\"Kontaktformular\" novalidate=\"novalidate\" data-status=\"init\">\n<fieldset class=\"hidden-fields-container\"><input type=\"hidden\" name=\"_wpcf7\" value=\"81882\" \/><input type=\"hidden\" name=\"_wpcf7_version\" value=\"6.1.4\" \/><input type=\"hidden\" name=\"_wpcf7_locale\" value=\"de_DE\" \/><input type=\"hidden\" name=\"_wpcf7_unit_tag\" value=\"wpcf7-f81882-o1\" \/><input type=\"hidden\" name=\"_wpcf7_container_post\" value=\"0\" \/><input type=\"hidden\" name=\"_wpcf7_posted_data_hash\" value=\"\" \/><input type=\"hidden\" name=\"_wpcf7_recaptcha_response\" value=\"\" \/>\n<\/fieldset>\n<h3>Kontakt aufnehmen\n<\/h3>\n<p><span class=\"wpcf7-form-control-wrap\" data-name=\"your-name\"><input size=\"40\" maxlength=\"400\" class=\"wpcf7-form-control wpcf7-text wpcf7-validates-as-required\" aria-required=\"true\" aria-invalid=\"false\" placeholder=\"Dein Name\" value=\"\" type=\"text\" name=\"your-name\" \/><\/span>\n<\/p>\n<p><span class=\"wpcf7-form-control-wrap\" data-name=\"your-email\"><input size=\"40\" maxlength=\"400\" class=\"wpcf7-form-control wpcf7-email wpcf7-validates-as-required wpcf7-text wpcf7-validates-as-email\" aria-required=\"true\" aria-invalid=\"false\" placeholder=\"Deine E-Mail-Adresse\" value=\"\" type=\"email\" name=\"your-email\" \/><\/span>\n<\/p>\n<p><span class=\"wpcf7-form-control-wrap\" data-name=\"your-subject\"><input size=\"40\" maxlength=\"400\" class=\"wpcf7-form-control wpcf7-text wpcf7-validates-as-required\" aria-required=\"true\" aria-invalid=\"false\" placeholder=\"Betreff\" value=\"\" type=\"text\" name=\"your-subject\" \/><\/span>\n<\/p>\n<p><span class=\"wpcf7-form-control-wrap\" data-name=\"your-message\"><textarea cols=\"40\" rows=\"10\" maxlength=\"2000\" class=\"wpcf7-form-control wpcf7-textarea wpcf7-validates-as-required\" aria-required=\"true\" aria-invalid=\"false\" placeholder=\"Nachricht\" name=\"your-message\"><\/textarea><\/span>\n<\/p>\n<p><input class=\"wpcf7-form-control wpcf7-submit has-spinner\" type=\"submit\" value=\"Senden\" \/>\n<\/p><div class=\"wpcf7-response-output\" aria-hidden=\"true\"><\/div>\n<\/form>\n<\/div>\n\n\n\n\t\t<\/div>\n\t\t\t\t\n<style>\n#col-1280566784 > .col-inner {\n  padding: 20px 0px 10px 0px;\n  border-radius: 8px;\n}\n<\/style>\n\t<\/div>\n\n\t\n\n<\/div>\n\n\t\t<\/div>\n\n\t\t\n<style>\n#section_89098665 {\n  padding-top: 100px;\n  padding-bottom: 100px;\n  background-color: #115e67;\n}\n#section_89098665 .ux-shape-divider--top svg {\n  height: 150px;\n  --divider-top-width: 206%;\n}\n#section_89098665 .ux-shape-divider--top .ux-shape-fill {\n  fill: rgba(17, 94, 103, 0);\n}\n#section_89098665 .ux-shape-divider--bottom svg {\n  height: 150px;\n  --divider-width: 206%;\n}\n#section_89098665 .ux-shape-divider--bottom .ux-shape-fill {\n  fill: rgb(222, 222, 222);\n}\n@media (min-width:550px) {\n  #section_89098665 {\n    padding-top: 50px;\n    padding-bottom: 50px;\n  }\n}\n@media (min-width:850px) {\n  #section_89098665 .ux-shape-divider--top svg {\n    --divider-top-width: 100%;\n  }\n  #section_89098665 .ux-shape-divider--bottom svg {\n    --divider-width: 100%;\n  }\n}\n<\/style>\n\t<\/section>\n\t\n\n","protected":false},"excerpt":{"rendered":"","protected":false},"author":5,"featured_media":0,"parent":77753,"menu_order":0,"comment_status":"closed","ping_status":"closed","template":"page-with-floating-header.php","meta":{"_acf_changed":false,"bcc_login_visibility":0,"bcc_groups":[],"bcc_groups_email":true,"bcc_visibility_groups":[],"bcc_visibility_groups_email":false,"sent_notifications":[],"footnotes":"","_links_to":"","_links_to_target":""},"class_list":["post-108057","page","type-page","status-publish","hentry"],"acf":[],"yoast_head":"<!-- This site is optimized with the Yoast SEO plugin v26.7 - https:\/\/yoast.com\/wordpress\/plugins\/seo\/ -->\n<title>Esther - Meine Hilfe kommt vom Herrn - Bible Kids<\/title>\n<meta name=\"description\" content=\"Filme zu biblischen Geschichten. Die Bibel f\u00fcr die n\u00e4chste Generation zum Leben erwecken\" \/>\n<meta name=\"robots\" content=\"index, follow, max-snippet:-1, max-image-preview:large, max-video-preview:-1\" \/>\n<link rel=\"canonical\" href=\"https:\/\/biblekids.io\/de\/bible-kids-spielfilme\/esther\/\" \/>\n<meta property=\"og:locale\" content=\"de_DE\" \/>\n<meta property=\"og:type\" content=\"article\" \/>\n<meta property=\"og:title\" content=\"Esther - Meine Hilfe kommt vom Herrn - Bible Kids\" \/>\n<meta property=\"og:description\" content=\"Filme zu biblischen Geschichten. Die Bibel f\u00fcr die n\u00e4chste Generation zum Leben erwecken\" \/>\n<meta property=\"og:url\" content=\"https:\/\/biblekids.io\/de\/bible-kids-spielfilme\/esther\/\" \/>\n<meta property=\"og:site_name\" content=\"Bible Kids\" \/>\n<meta property=\"article:modified_time\" content=\"2025-04-24T07:31:53+00:00\" \/>\n<meta property=\"og:image\" content=\"https:\/\/staging-bcckids.kinsta.cloud\/wp-content\/uploads\/2023\/08\/youtube_biblekids-455x400.png\" \/>\n<meta name=\"twitter:card\" content=\"summary_large_image\" \/>\n<meta name=\"twitter:label1\" content=\"Gesch\u00e4tzte Lesezeit\" \/>\n\t<meta name=\"twitter:data1\" content=\"3 Minuten\" \/>\n<script type=\"application\/ld+json\" class=\"yoast-schema-graph\">{\"@context\":\"https:\/\/schema.org\",\"@graph\":[{\"@type\":\"WebPage\",\"@id\":\"https:\/\/biblekids.io\/de\/bible-kids-spielfilme\/esther\/\",\"url\":\"https:\/\/biblekids.io\/de\/bible-kids-spielfilme\/esther\/\",\"name\":\"Esther - Meine Hilfe kommt vom Herrn - Bible Kids\",\"isPartOf\":{\"@id\":\"https:\/\/biblekids.io\/no\/#website\"},\"primaryImageOfPage\":{\"@id\":\"https:\/\/biblekids.io\/de\/bible-kids-spielfilme\/esther\/#primaryimage\"},\"image\":{\"@id\":\"https:\/\/biblekids.io\/de\/bible-kids-spielfilme\/esther\/#primaryimage\"},\"thumbnailUrl\":\"https:\/\/staging-bcckids.kinsta.cloud\/wp-content\/uploads\/2023\/08\/youtube_biblekids-455x400.png\",\"datePublished\":\"2024-12-17T15:22:51+00:00\",\"dateModified\":\"2025-04-24T07:31:53+00:00\",\"description\":\"Filme zu biblischen Geschichten. Die Bibel f\u00fcr die n\u00e4chste Generation zum Leben erwecken\",\"breadcrumb\":{\"@id\":\"https:\/\/biblekids.io\/de\/bible-kids-spielfilme\/esther\/#breadcrumb\"},\"inLanguage\":\"de-DE\",\"potentialAction\":[{\"@type\":\"ReadAction\",\"target\":[\"https:\/\/biblekids.io\/de\/bible-kids-spielfilme\/esther\/\"]}]},{\"@type\":\"ImageObject\",\"inLanguage\":\"de-DE\",\"@id\":\"https:\/\/biblekids.io\/de\/bible-kids-spielfilme\/esther\/#primaryimage\",\"url\":\"https:\/\/staging-bcckids.kinsta.cloud\/wp-content\/uploads\/2023\/08\/youtube_biblekids-455x400.png\",\"contentUrl\":\"https:\/\/staging-bcckids.kinsta.cloud\/wp-content\/uploads\/2023\/08\/youtube_biblekids-455x400.png\"},{\"@type\":\"BreadcrumbList\",\"@id\":\"https:\/\/biblekids.io\/de\/bible-kids-spielfilme\/esther\/#breadcrumb\",\"itemListElement\":[{\"@type\":\"ListItem\",\"position\":1,\"name\":\"Hjem\",\"item\":\"https:\/\/biblekids.io\/de\/\"},{\"@type\":\"ListItem\",\"position\":2,\"name\":\"Spielfilme\",\"item\":\"https:\/\/biblekids.io\/no\/bible-kids-spillefilmer\/\"},{\"@type\":\"ListItem\",\"position\":3,\"name\":\"Esther &#8211; Meine Hilfe kommt vom Herrn\"}]},{\"@type\":\"WebSite\",\"@id\":\"https:\/\/biblekids.io\/no\/#website\",\"url\":\"https:\/\/biblekids.io\/no\/\",\"name\":\"Bible Kids\",\"description\":\"Bibelgeschichten f\u00fcr Kinder\",\"potentialAction\":[{\"@type\":\"SearchAction\",\"target\":{\"@type\":\"EntryPoint\",\"urlTemplate\":\"https:\/\/biblekids.io\/no\/?s={search_term_string}\"},\"query-input\":{\"@type\":\"PropertyValueSpecification\",\"valueRequired\":true,\"valueName\":\"search_term_string\"}}],\"inLanguage\":\"de-DE\"}]}<\/script>\n<!-- \/ Yoast SEO plugin. -->","yoast_head_json":{"title":"Esther - Meine Hilfe kommt vom Herrn - Bible Kids","description":"Filme zu biblischen Geschichten. Die Bibel f\u00fcr die n\u00e4chste Generation zum Leben erwecken","robots":{"index":"index","follow":"follow","max-snippet":"max-snippet:-1","max-image-preview":"max-image-preview:large","max-video-preview":"max-video-preview:-1"},"canonical":"https:\/\/biblekids.io\/de\/bible-kids-spielfilme\/esther\/","og_locale":"de_DE","og_type":"article","og_title":"Esther - Meine Hilfe kommt vom Herrn - Bible Kids","og_description":"Filme zu biblischen Geschichten. Die Bibel f\u00fcr die n\u00e4chste Generation zum Leben erwecken","og_url":"https:\/\/biblekids.io\/de\/bible-kids-spielfilme\/esther\/","og_site_name":"Bible Kids","article_modified_time":"2025-04-24T07:31:53+00:00","og_image":[{"url":"https:\/\/staging-bcckids.kinsta.cloud\/wp-content\/uploads\/2023\/08\/youtube_biblekids-455x400.png","type":"","width":"","height":""}],"twitter_card":"summary_large_image","twitter_misc":{"Gesch\u00e4tzte Lesezeit":"3 Minuten"},"schema":{"@context":"https:\/\/schema.org","@graph":[{"@type":"WebPage","@id":"https:\/\/biblekids.io\/de\/bible-kids-spielfilme\/esther\/","url":"https:\/\/biblekids.io\/de\/bible-kids-spielfilme\/esther\/","name":"Esther - Meine Hilfe kommt vom Herrn - Bible Kids","isPartOf":{"@id":"https:\/\/biblekids.io\/no\/#website"},"primaryImageOfPage":{"@id":"https:\/\/biblekids.io\/de\/bible-kids-spielfilme\/esther\/#primaryimage"},"image":{"@id":"https:\/\/biblekids.io\/de\/bible-kids-spielfilme\/esther\/#primaryimage"},"thumbnailUrl":"https:\/\/staging-bcckids.kinsta.cloud\/wp-content\/uploads\/2023\/08\/youtube_biblekids-455x400.png","datePublished":"2024-12-17T15:22:51+00:00","dateModified":"2025-04-24T07:31:53+00:00","description":"Filme zu biblischen Geschichten. Die Bibel f\u00fcr die n\u00e4chste Generation zum Leben erwecken","breadcrumb":{"@id":"https:\/\/biblekids.io\/de\/bible-kids-spielfilme\/esther\/#breadcrumb"},"inLanguage":"de-DE","potentialAction":[{"@type":"ReadAction","target":["https:\/\/biblekids.io\/de\/bible-kids-spielfilme\/esther\/"]}]},{"@type":"ImageObject","inLanguage":"de-DE","@id":"https:\/\/biblekids.io\/de\/bible-kids-spielfilme\/esther\/#primaryimage","url":"https:\/\/staging-bcckids.kinsta.cloud\/wp-content\/uploads\/2023\/08\/youtube_biblekids-455x400.png","contentUrl":"https:\/\/staging-bcckids.kinsta.cloud\/wp-content\/uploads\/2023\/08\/youtube_biblekids-455x400.png"},{"@type":"BreadcrumbList","@id":"https:\/\/biblekids.io\/de\/bible-kids-spielfilme\/esther\/#breadcrumb","itemListElement":[{"@type":"ListItem","position":1,"name":"Hjem","item":"https:\/\/biblekids.io\/de\/"},{"@type":"ListItem","position":2,"name":"Spielfilme","item":"https:\/\/biblekids.io\/no\/bible-kids-spillefilmer\/"},{"@type":"ListItem","position":3,"name":"Esther &#8211; Meine Hilfe kommt vom Herrn"}]},{"@type":"WebSite","@id":"https:\/\/biblekids.io\/no\/#website","url":"https:\/\/biblekids.io\/no\/","name":"Bible Kids","description":"Bibelgeschichten f\u00fcr Kinder","potentialAction":[{"@type":"SearchAction","target":{"@type":"EntryPoint","urlTemplate":"https:\/\/biblekids.io\/no\/?s={search_term_string}"},"query-input":{"@type":"PropertyValueSpecification","valueRequired":true,"valueName":"search_term_string"}}],"inLanguage":"de-DE"}]}},"_links":{"self":[{"href":"https:\/\/biblekids.io\/de\/wp-json\/wp\/v2\/pages\/108057","targetHints":{"allow":["GET"]}}],"collection":[{"href":"https:\/\/biblekids.io\/de\/wp-json\/wp\/v2\/pages"}],"about":[{"href":"https:\/\/biblekids.io\/de\/wp-json\/wp\/v2\/types\/page"}],"author":[{"embeddable":true,"href":"https:\/\/biblekids.io\/de\/wp-json\/wp\/v2\/users\/5"}],"replies":[{"embeddable":true,"href":"https:\/\/biblekids.io\/de\/wp-json\/wp\/v2\/comments?post=108057"}],"version-history":[{"count":4,"href":"https:\/\/biblekids.io\/de\/wp-json\/wp\/v2\/pages\/108057\/revisions"}],"predecessor-version":[{"id":109934,"href":"https:\/\/biblekids.io\/de\/wp-json\/wp\/v2\/pages\/108057\/revisions\/109934"}],"up":[{"embeddable":true,"href":"https:\/\/biblekids.io\/de\/wp-json\/wp\/v2\/pages\/77753"}],"wp:attachment":[{"href":"https:\/\/biblekids.io\/de\/wp-json\/wp\/v2\/media?parent=108057"}],"curies":[{"name":"wp","href":"https:\/\/api.w.org\/{rel}","templated":true}]}}