{"id":44008,"date":"2020-10-19T12:23:44","date_gmt":"2020-10-19T10:23:44","guid":{"rendered":"https:\/\/biblekids.io\/wer-wir-sind\/"},"modified":"2024-05-25T22:23:08","modified_gmt":"2024-05-25T20:23:08","slug":"wer-wir-sind","status":"publish","type":"page","link":"https:\/\/biblekids.io\/de\/wer-wir-sind\/","title":{"rendered":"\u00dcber uns"},"content":{"rendered":"\n\n\n\t<section class=\"section\" id=\"section_438865275\">\n\t\t<div class=\"section-bg fill\" >\n\t\t\t\t\t\t\t\t\t\n\t\t\t\n\n\t\t<\/div>\n\n\t\t\n\n\t\t<div class=\"section-content relative\">\n\t\t\t\n\n<div class=\"row\"  id=\"row-1956525883\">\n\n\n\t<div id=\"col-215444708\" class=\"col small-12 large-12\"  >\n\t\t\t\t<div class=\"col-inner\"  >\n\t\t\t\n\t\t\t\n\n<h1><b>Wer ist Bible Kids?<\/b><\/h1>\n<div> <\/div>\n<div>\n<p class=\"lead\" style=\"font-weight: 400;\"><img loading=\"lazy\" decoding=\"async\" class=\"wp-image-79898 alignright\" src=\"https:\/\/biblekids.io\/wp-content\/uploads\/2023\/10\/Bible_Kids_channel_trailer-711x400.jpg\" alt=\"\" width=\"500\" height=\"281\">Bible Kids ist eine Initiative von BCC Media, einer gemeinn\u00fctzigen Stiftung, die christliche und positive Inhalte f\u00fcr Kinder und junge Menschen produziert. BCC Media m\u00f6chte, dass Kinder auf der ganzen Welt Spa\u00df an unseren Produktionen haben und dass sie eine Botschaft erhalten, die ihnen in ihrem Leben helfen kann, wo auch immer sie sind. Wir legen besonderen Wert darauf, dass die Botschaft das widerspiegelt, was wir in der Bibel lesen, so dass es f\u00fcr Eltern und andere Organisationen sicher ist unser Material zu verwenden.  <\/p>\n<\/div>\n<p class=\"lead\" style=\"font-weight: 400;\">Wir haben in den letzten Jahren einen gro\u00dfen Aufwand betrieben und mehr denn je in Produktionen f\u00fcr Kinder und Jugendliche investiert. Um die Botschaft der Bibel f\u00fcr neue Generationen von Christen zug\u00e4nglich zu machen, haben wir \u00fcber 60 Animationsfilme produziert.<\/p>\n\t<div id=\"gap-995163935\" class=\"gap-element clearfix\" style=\"display:block; height:auto;\">\n\t\t\n<style>\n#gap-995163935 {\n  padding-top: 60px;\n}\n<\/style>\n\t<\/div>\n\t\n\n<h1><b>Die Bibel als lebendige Erz\u00e4hlung<\/b><\/h1>\n<p class=\"lead\" style=\"font-weight: 400;\"><img loading=\"lazy\" decoding=\"async\" class=\"wp-image-78861 alignleft\" src=\"https:\/\/biblekids.io\/wp-content\/uploads\/2023\/09\/MicrosoftTeams-image-1-564x400.png\" alt=\"\" width=\"500\" height=\"355\">Unsere gr\u00f6\u00dfte Produktion ist Bible Kids Explorers, das zweimal im Jahr erscheint. Die Kindergottesdienste k\u00f6nnen den Kindern ein wirklich unvergessliches Erlebnis bieten. F\u00fcr die Entdecker produzieren wir Spielfilme, lebendige Erz\u00e4hlungen von erstaunlichen biblischen Geschichten. Hier sind die Kinder nicht nur Zuschauer, sondern sie nehmen selbst an der Geschichte teil. Wenn Kinder sich mit den Figuren in der Bibel identifizieren k\u00f6nnen, wird die Botschaft viel lebendiger und relevanter f\u00fcr sie.<\/p>\n<p class=\"lead\"><a href=\"https:\/\/biblekids.io\/de\/explorers-3\/\">Mehr \u00fcber Bible Kids Explorers lesen<\/a><\/p>\n\n\t<div id=\"gap-28253649\" class=\"gap-element clearfix\" style=\"display:block; height:auto;\">\n\t\t\n<style>\n#gap-28253649 {\n  padding-top: 30px;\n}\n<\/style>\n\t<\/div>\n\t\n\n\n\t\t<\/div>\n\t\t\t\t\t<\/div>\n\n\t\n\n<\/div>\n<div class=\"row\"  id=\"row-691249308\">\n\n\n\t<div id=\"col-358609736\" class=\"col small-12 large-12\"  >\n\t\t\t\t<div class=\"col-inner\"  >\n\t\t\t\n\t\t\t\n\n\t<div id=\"text-196308744\" class=\"text hidden\">\n\t\t\n\n<h3 style=\"font-weight: 400;\"><strong>\u00dcber das Team<\/strong><\/h3>\n<p class=\"lead\">Das Team, das an Bible Kids arbeitet, besteht aus kreativen und jungen Personen mit einem breiten Spektrum an Fachwissen und Erfahrung. Wir produzieren seit 10 Jahren Kindersendungen und kombinieren Erfahrungen aus der Filmindustrie mit neuen Technologien und Kreativit\u00e4t aus der Gamingindustrie. Wir arbeiten mit Leidenschaft und setzen uns daf\u00fcr ein, dass alle Spenden, die wir erhalten, bestm\u00f6glich f\u00fcr die Kinder eingesetzt werden. Wir betrachten es als ein gro\u00dfes Privileg, Kindern etwas f\u00fcr den Rest ihres Lebens mit zu geben. Eine Aufgabe, die wir mit Demut und Freude wahrnehmen.    <\/p>\n\t\t\t<\/div>\n\t\n\n  <div class=\"banner has-hover\" id=\"banner-569569837\">\n          <div class=\"banner-inner fill\">\n        <div class=\"banner-bg fill\" >\n                                                \n                    <\/div>\n\t\t\n        <div class=\"banner-layers container\">\n            <div class=\"fill banner-link\"><\/div>            \n\n   <div id=\"text-box-396906424\" class=\"text-box banner-layer x95 md-x95 lg-x95 y50 md-y50 lg-y50 res-text\">\n                                <div class=\"text-box-content text box-shadow-3\">\n              \n              <div class=\"text-inner text-center\">\n                  \n\n<h3><strong>\u00dcber BCC Media<\/strong><\/h3>\n<p class=\"lead\" style=\"font-weight: 400;\">BCC Media ist eine Stiftung der BCC-Organisation, einer internationalen Freikirche. BCC ist Mitglied des \u00abNorges Kristne R\u00e5d\u00bb (Norwegischer Christenrat, entspricht der deutschen Arbeitsgemeinschaft christlicher Kirchen, ACK) und teilt das Apostolische und Niz\u00e4nische Glaubensbekenntnis. Die Bibel ist die einzige autoritative Schrift.  <\/p>\n<a href=\"https:\/\/bcc.media\/no\" target=\"_blank\" class=\"button primary is-outline\" rel=\"noopener\" >\n\t\t<span>Mehr \u00fcber BCC Media<\/span>\n\t<\/a>\n\n\n<a href=\"https:\/\/bcc.no\" target=\"_blank\" class=\"button primary is-outline\" rel=\"noopener\" >\n\t\t<span>Mehr \u00fcber BCC<\/span>\n\t<\/a>\n\n\n\n              <\/div>\n           <\/div>\n                            \n<style>\n#text-box-396906424 .text-box-content {\n  background-color: rgba(255, 255, 255, 0.86);\n  font-size: 100%;\n}\n#text-box-396906424 .text-inner {\n  padding: 30px 30px 30px 30px;\n}\n#text-box-396906424 {\n  width: 60%;\n}\n@media (min-width:550px) {\n  #text-box-396906424 {\n    width: 40%;\n  }\n}\n<\/style>\n    <\/div>\n \n   <div id=\"text-box-787072097\" class=\"text-box banner-layer x5 md-x5 lg-x5 y50 md-y50 lg-y50 res-text\">\n                                <div class=\"text-box-content text dark\">\n              \n              <div class=\"text-inner text-left\">\n                  \n\n<h3 style=\"font-weight: 400;\"><strong>\u00dcber das Team<\/strong><\/h3>\n<p class=\"lead\">Das Team, das an Bible Kids arbeitet, besteht aus kreativen und jungen Personen mit einem breiten Spektrum an Fachwissen und Erfahrung. Wir produzieren seit 10 Jahren Kindersendungen und kombinieren Erfahrungen aus der Filmindustrie mit neuen Technologien und Kreativit\u00e4t aus der Gamingindustrie. Wir arbeiten mit Leidenschaft und setzen uns daf\u00fcr ein, dass alle Spenden, die wir erhalten, bestm\u00f6glich f\u00fcr die Kinder eingesetzt werden. Wir betrachten es als ein gro\u00dfes Privileg, Kindern etwas f\u00fcr den Rest ihres Lebens mit zu geben. Eine Aufgabe, die wir mit Demut und Freude wahrnehmen.    <\/p>\n\n              <\/div>\n           <\/div>\n                            \n<style>\n#text-box-787072097 {\n  margin: -px 0px 0px 0px;\n  width: 47%;\n}\n#text-box-787072097 .text-inner {\n  padding: 0px 0px 0px 0px;\n}\n#text-box-787072097 .text-box-content {\n  font-size: 91%;\n}\n<\/style>\n    <\/div>\n \n\n        <\/div>\n      <\/div>\n\n            \n<style>\n#banner-569569837 {\n  padding-top: 500px;\n  background-color: #115e67;\n}\n<\/style>\n  <\/div>\n\n\n\t<div id=\"gap-1132398946\" class=\"gap-element clearfix\" style=\"display:block; height:auto;\">\n\t\t\n<style>\n#gap-1132398946 {\n  padding-top: 30px;\n}\n<\/style>\n\t<\/div>\n\t\n\n\n  <div class=\"banner has-hover has-video\" id=\"banner-817026744\">\n          <div class=\"banner-inner fill\">\n        <div class=\"banner-bg fill\" >\n                        \t<div class=\"video-overlay no-click fill visible\"><\/div>\n\t<video class=\"video-bg fill visible\" preload playsinline autoplay muted loop>\n\t\t<source src=\"https:\/\/biblekids.io\/wp-content\/uploads\/2020\/11\/Kids_Web_Banner_v03_MAIN_h264.mp4\" type=\"video\/mp4\">\t<\/video>\n                        \n                    <\/div>\n\t\t\n        <div class=\"banner-layers container\">\n            <div class=\"fill banner-link\"><\/div>            \n\n   <div id=\"text-box-1976367446\" class=\"text-box banner-layer x10 md-x10 lg-x10 y50 md-y50 lg-y50 res-text\">\n                                <div class=\"text-box-content text box-shadow-2 dark\">\n              \n              <div class=\"text-inner text-center\">\n                  \n\n<h4><em>Unsere Vision ist, dass Kinder Jesus als ihren besten Freund gewinnen &#8211; f\u00fcr den Rest ihres Lebens!<\/em><\/h4>\n\n              <\/div>\n           <\/div>\n                            \n<style>\n#text-box-1976367446 .text-box-content {\n  background-color: rgba(17, 94, 103, 0.8);\n  border-radius: 24px;\n  font-size: 100%;\n}\n#text-box-1976367446 .text-inner {\n  padding: 10px 10px 10px 10px;\n}\n#text-box-1976367446 {\n  width: 60%;\n}\n@media (min-width:550px) {\n  #text-box-1976367446 {\n    width: 45%;\n  }\n}\n<\/style>\n    <\/div>\n \n\n        <\/div>\n      <\/div>\n\n            \n<style>\n#banner-817026744 {\n  padding-top: 500px;\n}\n<\/style>\n  <\/div>\n\n\n\n\t\t<\/div>\n\t\t\t\t\t<\/div>\n\n\t\n\n<\/div>\n\n\t\t<\/div>\n\n\t\t\n<style>\n#section_438865275 {\n  padding-top: 60px;\n  padding-bottom: 60px;\n}\n<\/style>\n\t<\/section>\n\t\n\n\n","protected":false},"excerpt":{"rendered":"","protected":false},"author":5,"featured_media":0,"parent":0,"menu_order":0,"comment_status":"closed","ping_status":"closed","template":"page-blank.php","meta":{"_acf_changed":false,"bcc_login_visibility":0,"bcc_groups":[],"bcc_groups_email":true,"bcc_visibility_groups":[],"bcc_visibility_groups_email":false,"sent_notifications":[],"footnotes":"","_links_to":"","_links_to_target":""},"class_list":["post-44008","page","type-page","status-publish","hentry"],"acf":[],"yoast_head":"<!-- This site is optimized with the Yoast SEO plugin v26.7 - https:\/\/yoast.com\/wordpress\/plugins\/seo\/ -->\n<title>\u00dcber uns - Bible Kids<\/title>\n<meta name=\"robots\" content=\"index, follow, max-snippet:-1, max-image-preview:large, max-video-preview:-1\" \/>\n<link rel=\"canonical\" href=\"https:\/\/biblekids.io\/de\/wer-wir-sind\/\" \/>\n<meta property=\"og:locale\" content=\"de_DE\" \/>\n<meta property=\"og:type\" content=\"article\" \/>\n<meta property=\"og:title\" content=\"\u00dcber uns - Bible Kids\" \/>\n<meta property=\"og:url\" content=\"https:\/\/biblekids.io\/de\/wer-wir-sind\/\" \/>\n<meta property=\"og:site_name\" content=\"Bible Kids\" \/>\n<meta property=\"article:modified_time\" content=\"2024-05-25T20:23:08+00:00\" \/>\n<meta property=\"og:image\" content=\"https:\/\/biblekids.io\/wp-content\/uploads\/2022\/03\/BibleKids_logo_neg.svg\" \/>\n<meta name=\"twitter:card\" content=\"summary_large_image\" \/>\n<meta name=\"twitter:label1\" content=\"Gesch\u00e4tzte Lesezeit\" \/>\n\t<meta name=\"twitter:data1\" content=\"6 Minuten\" \/>\n<script type=\"application\/ld+json\" class=\"yoast-schema-graph\">{\"@context\":\"https:\/\/schema.org\",\"@graph\":[{\"@type\":\"WebPage\",\"@id\":\"https:\/\/biblekids.io\/de\/wer-wir-sind\/\",\"url\":\"https:\/\/biblekids.io\/de\/wer-wir-sind\/\",\"name\":\"\u00dcber uns - Bible Kids\",\"isPartOf\":{\"@id\":\"https:\/\/biblekids.io\/no\/#website\"},\"primaryImageOfPage\":{\"@id\":\"https:\/\/biblekids.io\/de\/wer-wir-sind\/#primaryimage\"},\"image\":{\"@id\":\"https:\/\/biblekids.io\/de\/wer-wir-sind\/#primaryimage\"},\"thumbnailUrl\":\"https:\/\/biblekids.io\/wp-content\/uploads\/2022\/03\/BibleKids_logo_neg.svg\",\"datePublished\":\"2020-10-19T10:23:44+00:00\",\"dateModified\":\"2024-05-25T20:23:08+00:00\",\"breadcrumb\":{\"@id\":\"https:\/\/biblekids.io\/de\/wer-wir-sind\/#breadcrumb\"},\"inLanguage\":\"de-DE\",\"potentialAction\":[{\"@type\":\"ReadAction\",\"target\":[\"https:\/\/biblekids.io\/de\/wer-wir-sind\/\"]}]},{\"@type\":\"ImageObject\",\"inLanguage\":\"de-DE\",\"@id\":\"https:\/\/biblekids.io\/de\/wer-wir-sind\/#primaryimage\",\"url\":\"https:\/\/biblekids.io\/wp-content\/uploads\/2022\/03\/BibleKids_logo_neg.svg\",\"contentUrl\":\"https:\/\/biblekids.io\/wp-content\/uploads\/2022\/03\/BibleKids_logo_neg.svg\"},{\"@type\":\"BreadcrumbList\",\"@id\":\"https:\/\/biblekids.io\/de\/wer-wir-sind\/#breadcrumb\",\"itemListElement\":[{\"@type\":\"ListItem\",\"position\":1,\"name\":\"Hjem\",\"item\":\"https:\/\/biblekids.io\/de\/\"},{\"@type\":\"ListItem\",\"position\":2,\"name\":\"\u00dcber uns\"}]},{\"@type\":\"WebSite\",\"@id\":\"https:\/\/biblekids.io\/no\/#website\",\"url\":\"https:\/\/biblekids.io\/no\/\",\"name\":\"Bible Kids\",\"description\":\"Bibelgeschichten f\u00fcr Kinder\",\"potentialAction\":[{\"@type\":\"SearchAction\",\"target\":{\"@type\":\"EntryPoint\",\"urlTemplate\":\"https:\/\/biblekids.io\/no\/?s={search_term_string}\"},\"query-input\":{\"@type\":\"PropertyValueSpecification\",\"valueRequired\":true,\"valueName\":\"search_term_string\"}}],\"inLanguage\":\"de-DE\"}]}<\/script>\n<!-- \/ Yoast SEO plugin. -->","yoast_head_json":{"title":"\u00dcber uns - Bible Kids","robots":{"index":"index","follow":"follow","max-snippet":"max-snippet:-1","max-image-preview":"max-image-preview:large","max-video-preview":"max-video-preview:-1"},"canonical":"https:\/\/biblekids.io\/de\/wer-wir-sind\/","og_locale":"de_DE","og_type":"article","og_title":"\u00dcber uns - Bible Kids","og_url":"https:\/\/biblekids.io\/de\/wer-wir-sind\/","og_site_name":"Bible Kids","article_modified_time":"2024-05-25T20:23:08+00:00","og_image":[{"url":"https:\/\/biblekids.io\/wp-content\/uploads\/2022\/03\/BibleKids_logo_neg.svg","type":"","width":"","height":""}],"twitter_card":"summary_large_image","twitter_misc":{"Gesch\u00e4tzte Lesezeit":"6 Minuten"},"schema":{"@context":"https:\/\/schema.org","@graph":[{"@type":"WebPage","@id":"https:\/\/biblekids.io\/de\/wer-wir-sind\/","url":"https:\/\/biblekids.io\/de\/wer-wir-sind\/","name":"\u00dcber uns - Bible Kids","isPartOf":{"@id":"https:\/\/biblekids.io\/no\/#website"},"primaryImageOfPage":{"@id":"https:\/\/biblekids.io\/de\/wer-wir-sind\/#primaryimage"},"image":{"@id":"https:\/\/biblekids.io\/de\/wer-wir-sind\/#primaryimage"},"thumbnailUrl":"https:\/\/biblekids.io\/wp-content\/uploads\/2022\/03\/BibleKids_logo_neg.svg","datePublished":"2020-10-19T10:23:44+00:00","dateModified":"2024-05-25T20:23:08+00:00","breadcrumb":{"@id":"https:\/\/biblekids.io\/de\/wer-wir-sind\/#breadcrumb"},"inLanguage":"de-DE","potentialAction":[{"@type":"ReadAction","target":["https:\/\/biblekids.io\/de\/wer-wir-sind\/"]}]},{"@type":"ImageObject","inLanguage":"de-DE","@id":"https:\/\/biblekids.io\/de\/wer-wir-sind\/#primaryimage","url":"https:\/\/biblekids.io\/wp-content\/uploads\/2022\/03\/BibleKids_logo_neg.svg","contentUrl":"https:\/\/biblekids.io\/wp-content\/uploads\/2022\/03\/BibleKids_logo_neg.svg"},{"@type":"BreadcrumbList","@id":"https:\/\/biblekids.io\/de\/wer-wir-sind\/#breadcrumb","itemListElement":[{"@type":"ListItem","position":1,"name":"Hjem","item":"https:\/\/biblekids.io\/de\/"},{"@type":"ListItem","position":2,"name":"\u00dcber uns"}]},{"@type":"WebSite","@id":"https:\/\/biblekids.io\/no\/#website","url":"https:\/\/biblekids.io\/no\/","name":"Bible Kids","description":"Bibelgeschichten f\u00fcr Kinder","potentialAction":[{"@type":"SearchAction","target":{"@type":"EntryPoint","urlTemplate":"https:\/\/biblekids.io\/no\/?s={search_term_string}"},"query-input":{"@type":"PropertyValueSpecification","valueRequired":true,"valueName":"search_term_string"}}],"inLanguage":"de-DE"}]}},"_links":{"self":[{"href":"https:\/\/biblekids.io\/de\/wp-json\/wp\/v2\/pages\/44008","targetHints":{"allow":["GET"]}}],"collection":[{"href":"https:\/\/biblekids.io\/de\/wp-json\/wp\/v2\/pages"}],"about":[{"href":"https:\/\/biblekids.io\/de\/wp-json\/wp\/v2\/types\/page"}],"author":[{"embeddable":true,"href":"https:\/\/biblekids.io\/de\/wp-json\/wp\/v2\/users\/5"}],"replies":[{"embeddable":true,"href":"https:\/\/biblekids.io\/de\/wp-json\/wp\/v2\/comments?post=44008"}],"version-history":[{"count":26,"href":"https:\/\/biblekids.io\/de\/wp-json\/wp\/v2\/pages\/44008\/revisions"}],"predecessor-version":[{"id":98964,"href":"https:\/\/biblekids.io\/de\/wp-json\/wp\/v2\/pages\/44008\/revisions\/98964"}],"wp:attachment":[{"href":"https:\/\/biblekids.io\/de\/wp-json\/wp\/v2\/media?parent=44008"}],"curies":[{"name":"wp","href":"https:\/\/api.w.org\/{rel}","templated":true}]}}