{"id":44012,"date":"2020-10-19T12:24:26","date_gmt":"2020-10-19T10:24:26","guid":{"rendered":"https:\/\/biblekids.io\/unterstuetze-unsere-produktion\/"},"modified":"2024-01-03T11:08:05","modified_gmt":"2024-01-03T10:08:05","slug":"unterstuetze-unsere-produktion","status":"publish","type":"page","link":"https:\/\/biblekids.io\/de\/unterstuetze-unsere-produktion\/","title":{"rendered":"Hier kannst du unsere Arbeit unterst\u00fctzen"},"content":{"rendered":"\n\n\t<section class=\"section dark\" id=\"section_768752519\">\n\t\t<div class=\"section-bg fill\" >\n\t\t\t<img loading=\"lazy\" decoding=\"async\" width=\"1500\" height=\"1000\" src=\"https:\/\/biblekids.io\/wp-content\/uploads\/2023\/12\/katsia-jazwinska-dxiFrXpcyCA-unsplash.jpg\" class=\"bg attachment- size-\" alt=\"\" \/>\t\t\t\t\t\t<div class=\"section-bg-overlay absolute fill\"><\/div>\n\t\t\t\n\n\t\t<\/div>\n\n\t\t\n\t<div class=\"ux-shape-divider ux-shape-divider--bottom ux-shape-divider--style-waves-opacity-3\">\n\t\t<svg viewBox=\"0 0 1000 300\" xmlns=\"http:\/\/www.w3.org\/2000\/svg\" preserveAspectRatio=\"none\">\n\t<path class=\"ux-shape-fill\" opacity=\"0.05\" d=\"M1014 264V386H206L34 300C34 300 344.42 277.16 436 221C542 156 590 160 704 209C811 255 899.11 214.94 979 346L1014 264Z\"\/>\n\t<path class=\"ux-shape-fill\" opacity=\"0.1\" d=\"M-302 55C-302 55 -66.73 263.25 50 214C178 160 283 116 353 141C445.68 174.1 534.28 256.19 588 249C692.9 235 764.52 75.94 855 131C940.61 183.09 1000 254 1000 254V328L-306 338L-302 55Z\"\/>\n\t<path class=\"ux-shape-fill\" opacity=\"0.15\" d=\"M-286 255C-286 255 -72 152 52 126C176 100 255 155 436 227C581.57 284.91 614.7 277.79 708 227C787 184 1009 3.0001 1093 164C1146 265.63 1031 293 1031 293L924 377L-288 389L-286 255Z\"\/>\n\t<path class=\"ux-shape-fill\" opacity=\"0.3\" d=\"M-24 69C-24 69 275.68 370.66 389 314C397 310 622 316 673 356C690.47 369.7 845 224 890 182C944.8 130.85 1018 92 1078 143C1154.12 207.7 1196 242 1196 242L1184 374L-28 386L-24 69Z\"\/>\n\t<path class=\"ux-shape-fill\" d=\"M-12 201C-12 201 58 284 182 258C306 232 342.29 221.23 456 264C565 305 640.82 288.36 721 249C776 222 837.5 191.31 935 253C984 284 1030 279 1030 279L1024 430L-12 440V201Z\"\/>\n<\/svg>\n\t<\/div>\n\n\t\t<div class=\"section-content relative\">\n\t\t\t\n\n<div class=\"row align-center\"  id=\"row-1437630118\">\n\n\n\t<div id=\"col-1837071493\" class=\"col medium-12 small-12 large-10\"  >\n\t\t\t\t<div class=\"col-inner\"  >\n\t\t\t\n\t\t\t\n\n\t<div id=\"text-1604052012\" class=\"text\">\n\t\t\n\n<h2 class=\"uppercase\"><strong>Hier kannst du unsere Arbeit unterst\u00fctzen<\/strong><\/h2>\n\t\t\n<style>\n#text-1604052012 {\n  text-align: center;\n}\n@media (min-width:850px) {\n  #text-1604052012 {\n    text-align: center;\n  }\n}\n<\/style>\n\t<\/div>\n\t\n\t<div id=\"text-2298192812\" class=\"text\">\n\t\t\n\n<p class=\"lead\"><span style=\"font-weight: 400;\"><span class=\"ui-provider ed axm axn axo axp axq axr axs axt axu axv axw axx axy axz aya ayb ayc ayd aye ayf ayg ayh ayi ayj ayk ayl aym ayn ayo ayp ayq ayr ays ayt\" dir=\"ltr\">Unsere Aufgabe ist es, die Botschaft der Bibel zum Leben zu erwecken und sie Kindern und Jugendlichen weltweit durch den Einsatz moderner Technologien und digitaler Plattformen zug\u00e4nglich zu machen. <\/span><\/span><\/p>\n<p> <\/p>\n\t\t\n<style>\n#text-2298192812 {\n  text-align: center;\n}\n@media (min-width:850px) {\n  #text-2298192812 {\n    text-align: center;\n  }\n}\n<\/style>\n\t<\/div>\n\t\n\n\t\t<\/div>\n\t\t\t\t\n<style>\n#col-1837071493 > .col-inner {\n  padding: 0px 0px 0px 0;\n}\n@media (min-width:550px) {\n  #col-1837071493 > .col-inner {\n    padding: 0px 10% 0px 10%;\n  }\n}\n<\/style>\n\t<\/div>\n\n\t\n\n<\/div>\n\n\t\t<\/div>\n\n\t\t\n<style>\n#section_768752519 {\n  padding-top: 30px;\n  padding-bottom: 30px;\n  min-height: 500px;\n}\n#section_768752519 .section-bg-overlay {\n  background-color: rgba(0, 0, 0, 0.3);\n}\n#section_768752519 .section-bg img {\n  object-position: 100% 28%;\n}\n#section_768752519 .ux-shape-divider--bottom svg {\n  height: 150px;\n  --divider-width: 300%;\n}\n@media (min-width:550px) {\n  #section_768752519 .ux-shape-divider--bottom svg {\n    --divider-width: 202%;\n  }\n}\n@media (min-width:850px) {\n  #section_768752519 .ux-shape-divider--bottom svg {\n    --divider-width: 100%;\n  }\n}\n<\/style>\n\t<\/section>\n\t\n\n\t<section class=\"section\" id=\"section_7154569\">\n\t\t<div class=\"section-bg fill\" >\n\t\t\t\t\t\t\t\t\t\n\t\t\t\n\n\t\t<\/div>\n\n\t\t\n\n\t\t<div class=\"section-content relative\">\n\t\t\t\n\n<div class=\"row\" style=\"max-width:800px\" id=\"row-1124669387\">\n\n\n\t<div id=\"col-988364907\" class=\"col small-12 large-12\"  >\n\t\t\t\t<div class=\"col-inner\"  >\n\t\t\t\n\t\t\t\n\n\t<div id=\"gap-193288427\" class=\"gap-element clearfix\" style=\"display:block; height:auto;\">\n\t\t\n<style>\n#gap-193288427 {\n  padding-top: 60px;\n}\n<\/style>\n\t<\/div>\n\t\n\n<p class=\"lead\"><span style=\"font-weight: 400;\">Alle unsere Produktionen werden durch Spenden finanziert. Wir wollen so viele Menschen wie m\u00f6glich mit dem Auftrag erreichen, den Jesus uns gegeben hat: alle V\u00f6lker zu J\u00fcngern zu machen und sie zu lehren, alles zu befolgen, was er uns geboten hat.<\/span><\/p>\n<p class=\"lead\"><span style=\"font-weight: 400;\">Alles, was BCC Media f\u00fcr Kinder produziert, ist \u00f6ffentlich zug\u00e4nglich und kann auf <a href=\"https:\/\/app.bcc.media\"><span class=\"ui-provider ed axm axn axo axp axq axr axs axt axu axv axw axx axy axz aya ayb ayc ayd aye ayf ayg ayh ayi ayj ayk ayl aym ayn ayo ayp ayq ayr ays ayt\" dir=\"ltr\">app.bcc.media<\/span><\/a> und auf unserem eigenen <a href=\"https:\/\/www.youtube.com\/c\/BibleKidsNO\">YouTube-Kanal<\/a> genutzt werden. Unser Wunsch ist es, dass alle Christen unsere Produkte nutzen k\u00f6nnen und dass Kinder und Familien in der ganzen Welt Freude daran haben. <\/span><\/p>\n<p class=\"lead\"><span style=\"font-weight: 400;\">In einer unruhigen Welt wollen wir nicht zuletzt den Kindern, die unsere Zukunft sind, Glauben und Hoffnung geben. Jesus sagt: <\/span><\/p>\n<p class=\"lead\"><span style=\"font-weight: 400;\"><em>&#8222;Lasset die Kindlein zu mir kommen und wehret ihnen nicht; denn solcher ist das Reich Gottes.&#8220;<\/em> (Markus 10, 14). <\/span><\/p>\n\n\t\t<\/div>\n\t\t\t\t\t<\/div>\n\n\t\n\n<\/div>\n\n\t\t<\/div>\n\n\t\t\n<style>\n#section_7154569 {\n  padding-top: 0px;\n  padding-bottom: 0px;\n}\n<\/style>\n\t<\/section>\n\t\n\n\t<section class=\"section\" id=\"section_1654926526\">\n\t\t<div class=\"section-bg fill\" >\n\t\t\t<img loading=\"lazy\" decoding=\"async\" width=\"2472\" height=\"1386\" src=\"https:\/\/biblekids.io\/wp-content\/uploads\/2020\/11\/tg_image_4234622846.jpeg\" class=\"bg attachment- size-\" alt=\"\" \/>\t\t\t\t\t\t<div class=\"section-bg-overlay absolute fill\"><\/div>\n\t\t\t\n\n\t\t<\/div>\n\n\t\t\n\n\t\t<div class=\"section-content relative\">\n\t\t\t\n\n<div class=\"row row-large align-equal align-center\"  id=\"row-278764828\">\n\n\n\t<div id=\"col-55340785\" class=\"col medium-8 small-10 large-6\"  data-animate=\"bounceInUp\">\n\t\t\t\t<div class=\"col-inner text-center box-shadow-5\"  >\n\t\t\t\n\t\t\t\n\n\n\t\t<div class=\"icon-box featured-box donate-button icon-box-center text-center is-large\"  >\n\t\t\t\t\t<div class=\"icon-box-img\" style=\"width: 240px\">\n\t\t\t\t<div class=\"icon\">\n\t\t\t\t\t<div class=\"icon-inner\" >\n\t\t\t\t\t\t<img loading=\"lazy\" decoding=\"async\" width=\"800\" height=\"139\" src=\"https:\/\/biblekids.io\/wp-content\/uploads\/2023\/12\/CITYPNG-1-800x139.png\" class=\"attachment-medium size-medium\" alt=\"\" \/>\t\t\t\t\t<\/div>\n\t\t\t\t<\/div>\n\t\t\t<\/div>\n\t\t\t\t<div class=\"icon-box-text last-reset\">\n\t\t\t<h5 class=\"uppercase\">Per Paypal spenden<\/h5>\t\t\t\t\t\t\n\n<p>Du kannst mit einer einmaligen Spende oder einem monatlichen Betrag \u00fcber PayPal oder Kreditkarte beitragen, indem du auf die Taste unten klickst.<\/p>\n\t<div id=\"gap-972752185\" class=\"gap-element clearfix\" style=\"display:block; height:auto;\">\n\t\t\n<style>\n#gap-972752185 {\n  padding-top: 30px;\n}\n<\/style>\n\t<\/div>\n\t\n\n<a class=\"button primary donate-button\" style=\"padding:5px 30px 5px 30px;\">\n\t\t<span>Jetzt spenden<\/span>\n\t<\/a>\n\n\n\t\t<div class=\"hidden\">\n\t\t\t\t\n\n<div id=\"donate-button-container\">\n<div id=\"donate-button\"><\/div>\n<script src=\"https:\/\/www.paypalobjects.com\/donate\/sdk\/donate-sdk.js\" charset=\"UTF-8\"><\/script>\n<script>\nPayPal.Donation.Button({\nenv:'production',\nhosted_button_id:'M5HU747LQCRQC',\nimage: {\nsrc:'https:\/\/www.paypalobjects.com\/en_US\/NO\/i\/btn\/btn_donateCC_LG.gif',\nalt:'Donate with PayPal button',\ntitle:'PayPal - The safer, easier way to pay online!',\n}\n}).render('#donate-button');\n<\/script>\n<\/div>\n\t\t<\/div>\n\t\n\n\t\t<\/div>\n\t<\/div>\n\t\n\t\n\n\t\t<\/div>\n\t\t\t\t\n<style>\n#col-55340785 > .col-inner {\n  margin: 0 0px 0px 0px;\n  border-radius: 20px;\n}\n<\/style>\n\t<\/div>\n\n\t\n\n\t<div id=\"col-527550217\" class=\"col medium-8 small-10 large-6\"  data-animate=\"bounceInUp\">\n\t\t\t\t<div class=\"col-inner text-center box-shadow-5\"  >\n\t\t\t\n\t\t\t\n\n\n\t\t<div class=\"icon-box featured-box icon-box-center text-center is-large\"  >\n\t\t\t\t\t<div class=\"icon-box-img\" style=\"width: 60px\">\n\t\t\t\t<div class=\"icon\">\n\t\t\t\t\t<div class=\"icon-inner\" style=\"color:rgb(17, 94, 103);\">\n\t\t\t\t\t\t<?xml version=\"1.0\" encoding=\"UTF-8\"?>\n<svg id=\"Layer_2\" data-name=\"Layer 2\" xmlns=\"http:\/\/www.w3.org\/2000\/svg\" viewBox=\"0 0 250.9 223.85\">\n  <defs>\n    <style>\n      .cls-1 {\n        fill: #fff;\n      }\n    <\/style>\n  <\/defs>\n  <g id=\"Objects\">\n    <g>\n      <g>\n        <path class=\"cls-1\" d=\"m126.33,49.19v-4.58c1.06.41,1.41,1.22,1.41,2.29v.16h3.53v-.24c0-3.35-1.77-5.05-4.94-5.45v-1.72h-2.12v1.7c-2.82.35-5.14,2.04-5.14,5.2,0,3.88,2.67,4.88,5.14,5.69v5.34c-1.76-.39-1.89-1.36-1.89-2.75,0-.14.01-.36.01-.36h-3.65s-.01.31-.01.53c0,3.5,2.72,5.37,5.54,5.71v1.87h2.12v-1.9c3.17-.4,5.16-2.16,5.16-5.9s-2.34-4.81-5.16-5.59Zm-2.12-.88c-.7-.44-1.52-1.02-1.52-2.01,0-.87.82-1.57,1.52-1.86v3.87Zm2.12,9.25v-4.37c1.06.49,1.53,1.17,1.53,2.33,0,.83-.12,1.68-1.53,2.04Z\"\/>\n        <path class=\"cls-1\" d=\"m129.75,16.13h-.02c-2.6-1.9-5.44-1.89-8.44,0L10.8,81.8h229.45L129.75,16.13Zm-4.14,52.23c-9.85,0-17.85-7.99-17.85-17.85s8-17.85,17.85-17.85,17.85,8,17.85,17.85-7.99,17.85-17.85,17.85Z\"\/>\n        <path class=\"cls-1\" d=\"m8.83,78.11L120.77,11.57c3.31-2.1,6.61-2.09,9.53.02l111.92,66.52h.78c2.49-2.47,2.49-6.85,0-9.46L130.03,1.51c-2.87-2.08-5.94-1.94-9,0L8.05,68.66c-2.48,2.61-2.48,6.98,0,9.45h.78Z\"\/>\n      <\/g>\n      <path class=\"cls-1\" d=\"m233.61,87.96c0-1.02-.36-1.38-1.34-1.38H18.62c-.97,0-1.68.35-1.68,1.38v5.35c0,1.02.7,2.1,1.68,2.1h213.66c.97,0,1.34-1.07,1.34-2.1v-5.35Z\"\/>\n      <path class=\"cls-1\" d=\"m233.61,190c0-1.02-.36-1.79-1.34-1.79H18.62c-.97,0-1.68.77-1.68,1.79v5.35c0,1.02.7,1.33,1.68,1.33h213.66c.97,0,1.34-.31,1.34-1.33v-5.35Z\"\/>\n      <path class=\"cls-1\" d=\"m241.73,203.46c0-1.02-.69-1.84-1.74-1.84H10.9c-1.04,0-1.73.81-1.73,1.84v5.35c0,1.02.68,1.99,1.73,1.99h229.08c1.04,0,1.74-.97,1.74-1.99v-5.35Z\"\/>\n      <path class=\"cls-1\" d=\"m250.9,216.91c0-1.02-.92-1.88-2.04-1.88H2.03c-1.13,0-2.03.86-2.03,1.88v5.35c0,1.02.91,1.59,2.03,1.59h246.83c1.13,0,2.04-.57,2.04-1.59v-5.35Z\"\/>\n      <g>\n        <g>\n          <path class=\"cls-1\" d=\"m66.7,105.27c0,.96-.76,1.78-1.78,1.78h-23.78c-1.02,0-1.97-.82-1.97-1.78v-2.45c0-.96.94-1.41,1.97-1.41h23.78c1.02,0,1.78.45,1.78,1.41v2.45Z\"\/>\n          <path class=\"cls-1\" d=\"m71.22,180.69c0,.96-.83,1.52-1.85,1.52h-32.09c-1.02,0-1.85-.56-1.85-1.52l4.11-5.78c.99-1.31,1.45-1.52,2.47-1.52h22.63c1.02,0,1.49-.22,2.47,1.52l4.11,5.78Z\"\/>\n          <path class=\"cls-1\" d=\"m63.87,167.62c0,.96-.53,1.89-1.56,1.89h-18.58c-1.02,0-1.74-.93-1.74-1.89v-54.92c0-.96.72-1.42,1.74-1.42h18.58c1.02,0,1.56.46,1.56,1.42v54.92Z\"\/>\n        <\/g>\n        <g>\n          <path class=\"cls-1\" d=\"m115.04,105.27c0,.96-.82,1.78-1.85,1.78h-23.78c-1.02,0-1.55-.82-1.55-1.78v-2.45c0-.96.53-1.41,1.55-1.41h23.78c1.02,0,1.85.45,1.85,1.41v2.45Z\"\/>\n          <path class=\"cls-1\" d=\"m119.36,180.69c0,.96-.83,1.52-1.85,1.52h-32.09c-1.02,0-1.85-.56-1.85-1.52l4.11-5.78c.99-1.31,1.45-1.52,2.47-1.52h22.63c1.02,0,1.49-.22,2.47,1.52l4.11,5.78Z\"\/>\n          <path class=\"cls-1\" d=\"m112.57,167.62c0,.96-.95,1.89-1.97,1.89h-18.58c-1.02,0-2.03-.93-2.03-1.89v-54.92c0-.96,1.01-1.42,2.03-1.42h18.58c1.02,0,1.97.46,1.97,1.42v54.92Z\"\/>\n        <\/g>\n        <g>\n          <path class=\"cls-1\" d=\"m163.03,105.27c0,.96-.91,1.78-1.93,1.78h-23.78c-1.02,0-1.82-.82-1.82-1.78v-2.45c0-.96.79-1.41,1.82-1.41h23.78c1.02,0,1.93.45,1.93,1.41v2.45Z\"\/>\n          <path class=\"cls-1\" d=\"m167.5,180.69c0,.96-.83,1.52-1.85,1.52h-32.09c-1.02,0-1.85-.56-1.85-1.52l4.11-5.78c.99-1.31,1.45-1.52,2.47-1.52h22.63c1.02,0,1.49-.22,2.47,1.52l4.11,5.78Z\"\/>\n          <path class=\"cls-1\" d=\"m160.21,167.62c0,.96-.68,1.89-1.71,1.89h-18.58c-1.02,0-1.59-.93-1.59-1.89v-54.92c0-.96.57-1.42,1.59-1.42h18.58c1.02,0,1.71.46,1.71,1.42v54.92Z\"\/>\n        <\/g>\n        <g>\n          <path class=\"cls-1\" d=\"m211.73,105.27c0,.96-.96,1.78-1.98,1.78h-23.78c-1.02,0-2.12-.82-2.12-1.78v-2.45c0-.96,1.1-1.41,2.12-1.41h23.78c1.02,0,1.98.45,1.98,1.41v2.45Z\"\/>\n          <path class=\"cls-1\" d=\"m215.64,180.69c0,.96-.83,1.52-1.85,1.52h-32.09c-1.02,0-1.85-.56-1.85-1.52l4.12-5.78c.99-1.31,1.45-1.52,2.47-1.52h22.63c1.02,0,1.49-.22,2.47,1.52l4.11,5.78Z\"\/>\n          <path class=\"cls-1\" d=\"m208.56,167.62c0,.96-.75,1.89-1.77,1.89h-18.58c-1.02,0-1.88-.93-1.88-1.89v-54.92c0-.96.86-1.42,1.88-1.42h18.58c1.02,0,1.77.46,1.77,1.42v54.92Z\"\/>\n        <\/g>\n      <\/g>\n    <\/g>\n  <\/g>\n<\/svg>\t\t\t\t\t<\/div>\n\t\t\t\t<\/div>\n\t\t\t<\/div>\n\t\t\t\t<div class=\"icon-box-text last-reset\">\n\t\t\t<h5 class=\"uppercase\">Per Bank\u00fcberweisung spenden<\/h5>\t\t\t\t\t\t\n\n<p data-opacity=\"0.5\" data-padding=\"5px\"><em>Norwegische Kontonummer: 3905.10.03628 <br>IBAN: NO87 3905 1003 628 \u2013 BIC\/SWIFT: SPARNO22XXX<\/em><\/p>\n\t<div id=\"gap-655334225\" class=\"gap-element clearfix\" style=\"display:block; height:auto;\">\n\t\t\n<style>\n#gap-655334225 {\n  padding-top: 24px;\n}\n<\/style>\n\t<\/div>\n\t\n\n\n\t\t<\/div>\n\t<\/div>\n\t\n\t\n\n\t\t<\/div>\n\t\t\t\t\n<style>\n#col-527550217 > .col-inner {\n  margin: 0 0px 0px 0px;\n  border-radius: 20px;\n}\n<\/style>\n\t<\/div>\n\n\t\n\n\n<style>\n#row-278764828 > .col > .col-inner {\n  padding: 40px 40px 40px 40px;\n  background-color: rgb(255, 255, 255);\n}\n@media (min-width:550px) {\n  #row-278764828 > .col > .col-inner {\n    padding: 40px 80px 40px 80px;\n  }\n}\n<\/style>\n<\/div>\n\n\t\t<\/div>\n\n\t\t\n<style>\n#section_1654926526 {\n  padding-top: 0px;\n  padding-bottom: 0px;\n  min-height: 600px;\n  background-color: rgb(250, 250, 250);\n}\n#section_1654926526 .section-bg-overlay {\n  background-color: rgba(0, 0, 0, 0.22);\n}\n<\/style>\n\t<\/section>\n\t\n\n","protected":false},"excerpt":{"rendered":"","protected":false},"author":5,"featured_media":0,"parent":0,"menu_order":0,"comment_status":"closed","ping_status":"closed","template":"page-with-floating-header.php","meta":{"_acf_changed":false,"bcc_login_visibility":0,"bcc_groups":[],"bcc_groups_email":true,"bcc_visibility_groups":[],"bcc_visibility_groups_email":false,"sent_notifications":[],"footnotes":"","_links_to":"","_links_to_target":""},"class_list":["post-44012","page","type-page","status-publish","hentry"],"acf":[],"yoast_head":"<!-- This site is optimized with the Yoast SEO plugin v27.3 - https:\/\/yoast.com\/product\/yoast-seo-wordpress\/ -->\n<title>Hier kannst du unsere Arbeit unterst\u00fctzen - Bible Kids<\/title>\n<meta name=\"robots\" content=\"index, follow, max-snippet:-1, max-image-preview:large, max-video-preview:-1\" \/>\n<link rel=\"canonical\" href=\"https:\/\/biblekids.io\/de\/unterstuetze-unsere-produktion\/\" \/>\n<meta property=\"og:locale\" content=\"de_DE\" \/>\n<meta property=\"og:type\" content=\"article\" \/>\n<meta property=\"og:title\" content=\"Hier kannst du unsere Arbeit unterst\u00fctzen - Bible Kids\" \/>\n<meta property=\"og:url\" content=\"https:\/\/biblekids.io\/de\/unterstuetze-unsere-produktion\/\" \/>\n<meta property=\"og:site_name\" content=\"Bible Kids\" \/>\n<meta property=\"article:modified_time\" content=\"2024-01-03T10:08:05+00:00\" \/>\n<meta name=\"twitter:card\" content=\"summary_large_image\" \/>\n<meta name=\"twitter:label1\" content=\"Gesch\u00e4tzte Lesezeit\" \/>\n\t<meta name=\"twitter:data1\" content=\"2 Minuten\" \/>\n<script type=\"application\/ld+json\" class=\"yoast-schema-graph\">{\"@context\":\"https:\\\/\\\/schema.org\",\"@graph\":[{\"@type\":\"WebPage\",\"@id\":\"https:\\\/\\\/biblekids.io\\\/de\\\/unterstuetze-unsere-produktion\\\/\",\"url\":\"https:\\\/\\\/biblekids.io\\\/de\\\/unterstuetze-unsere-produktion\\\/\",\"name\":\"Hier kannst du unsere Arbeit unterst\u00fctzen - Bible Kids\",\"isPartOf\":{\"@id\":\"https:\\\/\\\/biblekids.io\\\/no\\\/#website\"},\"datePublished\":\"2020-10-19T10:24:26+00:00\",\"dateModified\":\"2024-01-03T10:08:05+00:00\",\"breadcrumb\":{\"@id\":\"https:\\\/\\\/biblekids.io\\\/de\\\/unterstuetze-unsere-produktion\\\/#breadcrumb\"},\"inLanguage\":\"de-DE\",\"potentialAction\":[{\"@type\":\"ReadAction\",\"target\":[\"https:\\\/\\\/biblekids.io\\\/de\\\/unterstuetze-unsere-produktion\\\/\"]}]},{\"@type\":\"BreadcrumbList\",\"@id\":\"https:\\\/\\\/biblekids.io\\\/de\\\/unterstuetze-unsere-produktion\\\/#breadcrumb\",\"itemListElement\":[{\"@type\":\"ListItem\",\"position\":1,\"name\":\"Hjem\",\"item\":\"https:\\\/\\\/biblekids.io\\\/ru\\\/\"},{\"@type\":\"ListItem\",\"position\":2,\"name\":\"Hier kannst du unsere Arbeit unterst\u00fctzen\"}]},{\"@type\":\"WebSite\",\"@id\":\"https:\\\/\\\/biblekids.io\\\/no\\\/#website\",\"url\":\"https:\\\/\\\/biblekids.io\\\/no\\\/\",\"name\":\"Bible Kids\",\"description\":\"Bibelgeschichten f\u00fcr Kinder\",\"potentialAction\":[{\"@type\":\"SearchAction\",\"target\":{\"@type\":\"EntryPoint\",\"urlTemplate\":\"https:\\\/\\\/biblekids.io\\\/no\\\/?s={search_term_string}\"},\"query-input\":{\"@type\":\"PropertyValueSpecification\",\"valueRequired\":true,\"valueName\":\"search_term_string\"}}],\"inLanguage\":\"de-DE\"}]}<\/script>\n<!-- \/ Yoast SEO plugin. -->","yoast_head_json":{"title":"Hier kannst du unsere Arbeit unterst\u00fctzen - Bible Kids","robots":{"index":"index","follow":"follow","max-snippet":"max-snippet:-1","max-image-preview":"max-image-preview:large","max-video-preview":"max-video-preview:-1"},"canonical":"https:\/\/biblekids.io\/de\/unterstuetze-unsere-produktion\/","og_locale":"de_DE","og_type":"article","og_title":"Hier kannst du unsere Arbeit unterst\u00fctzen - Bible Kids","og_url":"https:\/\/biblekids.io\/de\/unterstuetze-unsere-produktion\/","og_site_name":"Bible Kids","article_modified_time":"2024-01-03T10:08:05+00:00","twitter_card":"summary_large_image","twitter_misc":{"Gesch\u00e4tzte Lesezeit":"2 Minuten"},"schema":{"@context":"https:\/\/schema.org","@graph":[{"@type":"WebPage","@id":"https:\/\/biblekids.io\/de\/unterstuetze-unsere-produktion\/","url":"https:\/\/biblekids.io\/de\/unterstuetze-unsere-produktion\/","name":"Hier kannst du unsere Arbeit unterst\u00fctzen - Bible Kids","isPartOf":{"@id":"https:\/\/biblekids.io\/no\/#website"},"datePublished":"2020-10-19T10:24:26+00:00","dateModified":"2024-01-03T10:08:05+00:00","breadcrumb":{"@id":"https:\/\/biblekids.io\/de\/unterstuetze-unsere-produktion\/#breadcrumb"},"inLanguage":"de-DE","potentialAction":[{"@type":"ReadAction","target":["https:\/\/biblekids.io\/de\/unterstuetze-unsere-produktion\/"]}]},{"@type":"BreadcrumbList","@id":"https:\/\/biblekids.io\/de\/unterstuetze-unsere-produktion\/#breadcrumb","itemListElement":[{"@type":"ListItem","position":1,"name":"Hjem","item":"https:\/\/biblekids.io\/ru\/"},{"@type":"ListItem","position":2,"name":"Hier kannst du unsere Arbeit unterst\u00fctzen"}]},{"@type":"WebSite","@id":"https:\/\/biblekids.io\/no\/#website","url":"https:\/\/biblekids.io\/no\/","name":"Bible Kids","description":"Bibelgeschichten f\u00fcr Kinder","potentialAction":[{"@type":"SearchAction","target":{"@type":"EntryPoint","urlTemplate":"https:\/\/biblekids.io\/no\/?s={search_term_string}"},"query-input":{"@type":"PropertyValueSpecification","valueRequired":true,"valueName":"search_term_string"}}],"inLanguage":"de-DE"}]}},"_links":{"self":[{"href":"https:\/\/biblekids.io\/de\/wp-json\/wp\/v2\/pages\/44012","targetHints":{"allow":["GET"]}}],"collection":[{"href":"https:\/\/biblekids.io\/de\/wp-json\/wp\/v2\/pages"}],"about":[{"href":"https:\/\/biblekids.io\/de\/wp-json\/wp\/v2\/types\/page"}],"author":[{"embeddable":true,"href":"https:\/\/biblekids.io\/de\/wp-json\/wp\/v2\/users\/5"}],"replies":[{"embeddable":true,"href":"https:\/\/biblekids.io\/de\/wp-json\/wp\/v2\/comments?post=44012"}],"version-history":[{"count":32,"href":"https:\/\/biblekids.io\/de\/wp-json\/wp\/v2\/pages\/44012\/revisions"}],"predecessor-version":[{"id":86572,"href":"https:\/\/biblekids.io\/de\/wp-json\/wp\/v2\/pages\/44012\/revisions\/86572"}],"wp:attachment":[{"href":"https:\/\/biblekids.io\/de\/wp-json\/wp\/v2\/media?parent=44012"}],"curies":[{"name":"wp","href":"https:\/\/api.w.org\/{rel}","templated":true}]}}