{"id":74786,"date":"2023-08-04T16:25:06","date_gmt":"2023-08-04T14:25:06","guid":{"rendered":"https:\/\/biblekids.io\/?page_id=74786"},"modified":"2023-11-18T22:26:18","modified_gmt":"2023-11-18T21:26:18","slug":"tweens","status":"publish","type":"page","link":"https:\/\/biblekids.io\/de\/tweens\/","title":{"rendered":"Tweens (12+ Jahre)"},"content":{"rendered":"\n\n\t<section class=\"section\" id=\"section_632144009\">\n\t\t<div class=\"section-bg fill\" >\n\t\t\t\t\t\t\t\t\t\n\t\t\t\n\n\t\t<\/div>\n\n\t\t\n\n\t\t<div class=\"section-content relative\">\n\t\t\t\n\n<div class=\"row align-center\"  id=\"row-1674443422\">\n\n\n\t<div id=\"col-750016155\" class=\"col hero-description medium-12 small-12 large-3\"  >\n\t\t\t\t<div class=\"col-inner text-center\"  >\n\t\t\t\n\t\t\t\n\n<p>&nbsp;<\/p>\n<h3><img loading=\"lazy\" decoding=\"async\" class=\"alignnone size-medium wp-image-73770\" src=\"https:\/\/biblekids.io\/wp-content\/uploads\/2023\/06\/Logo-green-1-800x398.png\" alt=\"\" width=\"800\" height=\"398\">&nbsp;12 + Jahre<\/h3>\n<p>&nbsp;<\/p>\n\n\t\t<\/div>\n\t\t\t\t\n<style>\n#col-750016155 > .col-inner {\n  padding: 0px1 0px 0px 0px;\n}\n@media (min-width:550px) {\n  #col-750016155 > .col-inner {\n    padding: 0px 0px 0 0px;\n  }\n}\n@media (min-width:850px) {\n  #col-750016155 > .col-inner {\n    padding: 30px 0px 30px 0px;\n  }\n}\n<\/style>\n\t<\/div>\n\n\t\n\n<\/div>\n\n\t\t<\/div>\n\n\t\t\n<style>\n#section_632144009 {\n  padding-top: 0px;\n  padding-bottom: 0px;\n}\n<\/style>\n\t<\/section>\n\t\n\n\t<section class=\"section\" id=\"section_1084124263\">\n\t\t<div class=\"section-bg fill\" >\n\t\t\t\t\t\t\t\t\t\n\t\t\t\n\n\t\t<\/div>\n\n\t\t\n\n\t\t<div class=\"section-content relative\">\n\t\t\t\n\n<div class=\"row\"  id=\"row-1276409823\">\n\n\n\t<div id=\"col-993870287\" class=\"col no-bottom-padding medium-6 small-12 large-6\"  >\n\t\t\t\t<div class=\"col-inner\"  >\n\t\t\t\n\t\t\t\n\n<p><strong>Die gro\u00dfen Kinder:<\/strong><\/p>\n<div>\n<h2>Ein pers\u00f6nlicher Glaube<\/h2>\n<\/div>\n<p>Der \u00dcbergang von der Kindheit zum Jugendalter kann eine Herausforderung sein. In und um diese jungen Menschen herum ist viel los, so dass ein sicheres und integrierendes Umfeld mit guten Erfahrungen erforderlich ist. Viele sind auf dem Weg zu einem pers\u00f6nlichen Glauben, und einige treffen bereits jetzt eine Entscheidung. Deshalb ist es wichtig, dass sie das Evangelium h\u00f6ren und glauben, dass Jesus ein Mensch wie wir war und uns in allen Lebenssituationen verstehen und auch helfen kann.   <\/p>\n\n<div class=\"accordion\">\n\n\t<div id=\"accordion-3388442837\" class=\"accordion-item\">\n\t\t<a id=\"accordion-3388442837-label\" class=\"accordion-title plain\" href=\"#accordion-item-tipps-f\u00fcr-treffen-mit-tweens\" aria-expanded=\"false\" aria-controls=\"accordion-3388442837-content\">\n\t\t\t<button class=\"toggle\" aria-label=\"Umschalten\"><i class=\"icon-angle-down\" aria-hidden=\"true\"><\/i><\/button>\n\t\t\t<span>Tipps f\u00fcr Treffen mit Tweens<\/span>\n\t\t<\/a>\n\t\t<div id=\"accordion-3388442837-content\" class=\"accordion-inner\" aria-labelledby=\"accordion-3388442837-label\">\n\t\t\t\n\n<ul>\n<li>Diese Gruppe ist oft etwas kleiner, so dass mehr Individualit\u00e4t m\u00f6glich ist und das Programm so weit wie m\u00f6glich an die Gruppe angepasst werden kann.<\/li>\n<li><span style=\"color: #555555;\">Jeder Teenager soll sich so akzeptiert f\u00fchlen, wie er ist. Er soll sich mit anderen Tweens und Mentoren verbunden f\u00fchlen, die wirklich an seinem Wohlbefinden interessiert sind. <\/span><\/li>\n<li><span style=\"color: #555555;\">F\u00fcr Tweens ist es vielleicht nicht so selbstverst\u00e4ndlich, in einer Gruppe laut zu singen wie f\u00fcr j\u00fcngere Kinder. Eine Alternative k\u00f6nnte sein, gemeinsam Lieder zu h\u00f6ren oder zu lesen und \u00fcber den Inhalt und eventuell die Autoren und die Geschichte dahinter zu sprechen.  <\/span><\/li>\n<li><span style=\"color: #555555;\">Die Treffen und vor allem die Aktivit\u00e4ten sollten so weit wie m\u00f6glich auf die Interessen der Tweens in der Gruppe angepasst werden.<\/span><\/li>\n<\/ul>\n\n\t\t<\/div>\n\t<\/div>\n\t\n\n<\/div>\n\n\t\t<\/div>\n\t\t\t\t\t<\/div>\n\n\t\n\n\t<div id=\"col-1919289247\" class=\"col no-padding medium-6 small-12 large-6\"  >\n\t\t\t\t<div class=\"col-inner text-center\"  >\n\t\t\t\n\t\t\t\n\n\t<div class=\"img has-hover x md-x lg-x y md-y lg-y\" id=\"image_1135430608\">\n\t\t\t\t\t\t\t\t<div class=\"img-inner dark\" >\n\t\t\t<img loading=\"lazy\" decoding=\"async\" width=\"800\" height=\"800\" src=\"https:\/\/biblekids.io\/wp-content\/uploads\/2023\/08\/Green-round-800x800.png\" class=\"attachment-large size-large\" alt=\"\" \/>\t\t\t\t\t\t\n\t\t\t\t\t<\/div>\n\t\t\t\t\t\t\t\t\n<style>\n#image_1135430608 {\n  width: 71%;\n}\n<\/style>\n\t<\/div>\n\t\n\n\n\t\t<\/div>\n\t\t\t\t\t<\/div>\n\n\t\n\n<\/div>\n\n\t\t<\/div>\n\n\t\t\n<style>\n#section_1084124263 {\n  padding-top: 30px;\n  padding-bottom: 30px;\n  background-color: rgb(247, 247, 247);\n}\n<\/style>\n\t<\/section>\n\t\n\n\t<section class=\"section latest-themes\" id=\"section_1719259746\">\n\t\t<div class=\"section-bg fill\" >\n\t\t\t\t\t\t\t\t\t\n\t\t\t\n\n\t\t<\/div>\n\n\t\t\n\n\t\t<div class=\"section-content relative\">\n\t\t\t\n\n<div class=\"row\"  id=\"row-1946370337\">\n\n\n\t<div id=\"col-280622093\" class=\"col small-12 large-12\"  >\n\t\t\t\t<div class=\"col-inner\"  >\n\t\t\t\n\t\t\t\n\n<h3 style=\"text-align: center;\">Zuletzt ver\u00f6ffentlichte Themen f\u00fcr Tweens<\/h3>\n\t<div id=\"gap-1892824645\" class=\"gap-element clearfix\" style=\"display:block; height:auto;\">\n\t\t\n<style>\n#gap-1892824645 {\n  padding-top: 50px;\n}\n<\/style>\n\t<\/div>\n\t\n\n\n  \n    <div class=\"row large-columns-3 medium-columns-1 small-columns-1 row-small\" >\n  <\/div>\n\n\n\t\t<\/div>\n\t\t\t\t\t<\/div>\n\n\t\n\n\n<style>\n#row-1946370337 > .col > .col-inner {\n  padding: 0px 0px 0px 0px;\n}\n@media (min-width:550px) {\n  #row-1946370337 > .col > .col-inner {\n    padding: 0px 0px 30px 0px;\n  }\n}\n@media (min-width:850px) {\n  #row-1946370337 > .col > .col-inner {\n    padding: 50px 0px 70px 0px;\n  }\n}\n<\/style>\n<\/div>\n\n\t\t<\/div>\n\n\t\t\n<style>\n#section_1719259746 {\n  padding-top: 0px;\n  padding-bottom: 0px;\n}\n<\/style>\n\t<\/section>\n\t\n\n","protected":false},"excerpt":{"rendered":"","protected":false},"author":9614,"featured_media":41893,"parent":0,"menu_order":0,"comment_status":"closed","ping_status":"closed","template":"page-blank.php","meta":{"_acf_changed":false,"bcc_login_visibility":0,"bcc_groups":[],"bcc_groups_email":true,"bcc_visibility_groups":[],"bcc_visibility_groups_email":false,"sent_notifications":[],"footnotes":"","_links_to":"","_links_to_target":""},"class_list":["post-74786","page","type-page","status-publish","has-post-thumbnail","hentry"],"acf":[],"yoast_head":"<!-- This site is optimized with the Yoast SEO plugin v27.4 - https:\/\/yoast.com\/product\/yoast-seo-wordpress\/ -->\n<title>Bible Kids Bibelunterricht f\u00fcr Kinder und Tweens<\/title>\n<meta name=\"description\" content=\"Hier gibt es Unterlagen zum Bibelunterricht und Zusatzmaterial f\u00fcr Tweens. Unsere Vision ist, dass Kinder Jesus als ihren besten Freund bekommen - f\u00fcr ihr ganzes Leben!\" \/>\n<meta name=\"robots\" content=\"index, follow, max-snippet:-1, max-image-preview:large, max-video-preview:-1\" \/>\n<link rel=\"canonical\" href=\"https:\/\/biblekids.io\/no\/tweens\/\" \/>\n<meta property=\"og:locale\" content=\"de_DE\" \/>\n<meta property=\"og:type\" content=\"article\" \/>\n<meta property=\"og:title\" content=\"Bible Kids Bibelunterricht f\u00fcr Kinder und Tweens\" \/>\n<meta property=\"og:description\" content=\"Hier gibt es Unterlagen zum Bibelunterricht und Zusatzmaterial f\u00fcr Tweens. Unsere Vision ist, dass Kinder Jesus als ihren besten Freund bekommen - f\u00fcr ihr ganzes Leben!\" \/>\n<meta property=\"og:url\" content=\"https:\/\/biblekids.io\/no\/tweens\/\" \/>\n<meta property=\"og:site_name\" content=\"Bible Kids\" \/>\n<meta property=\"article:modified_time\" content=\"2023-11-18T21:26:18+00:00\" \/>\n<meta property=\"og:image\" content=\"https:\/\/biblekids.io\/wp-content\/uploads\/2020\/11\/jefr201.jpg\" \/>\n\t<meta property=\"og:image:width\" content=\"854\" \/>\n\t<meta property=\"og:image:height\" content=\"480\" \/>\n\t<meta property=\"og:image:type\" content=\"image\/jpeg\" \/>\n<meta name=\"twitter:card\" content=\"summary_large_image\" \/>\n<meta name=\"twitter:label1\" content=\"Gesch\u00e4tzte Lesezeit\" \/>\n\t<meta name=\"twitter:data1\" content=\"2 Minuten\" \/>\n<script type=\"application\/ld+json\" class=\"yoast-schema-graph\">{\"@context\":\"https:\\\/\\\/schema.org\",\"@graph\":[{\"@type\":\"WebPage\",\"@id\":\"https:\\\/\\\/biblekids.io\\\/no\\\/tweens\\\/\",\"url\":\"https:\\\/\\\/biblekids.io\\\/no\\\/tweens\\\/\",\"name\":\"Bible Kids Bibelunterricht f\u00fcr Kinder und Tweens\",\"isPartOf\":{\"@id\":\"https:\\\/\\\/biblekids.io\\\/no\\\/#website\"},\"primaryImageOfPage\":{\"@id\":\"https:\\\/\\\/biblekids.io\\\/no\\\/tweens\\\/#primaryimage\"},\"image\":{\"@id\":\"https:\\\/\\\/biblekids.io\\\/no\\\/tweens\\\/#primaryimage\"},\"thumbnailUrl\":\"https:\\\/\\\/biblekids.io\\\/wp-content\\\/uploads\\\/2020\\\/11\\\/jefr201.jpg\",\"datePublished\":\"2023-08-04T14:25:06+00:00\",\"dateModified\":\"2023-11-18T21:26:18+00:00\",\"description\":\"Hier gibt es Unterlagen zum Bibelunterricht und Zusatzmaterial f\u00fcr Tweens. Unsere Vision ist, dass Kinder Jesus als ihren besten Freund bekommen - f\u00fcr ihr ganzes Leben!\",\"breadcrumb\":{\"@id\":\"https:\\\/\\\/biblekids.io\\\/no\\\/tweens\\\/#breadcrumb\"},\"inLanguage\":\"de-DE\",\"potentialAction\":[{\"@type\":\"ReadAction\",\"target\":[\"https:\\\/\\\/biblekids.io\\\/no\\\/tweens\\\/\"]}]},{\"@type\":\"ImageObject\",\"inLanguage\":\"de-DE\",\"@id\":\"https:\\\/\\\/biblekids.io\\\/no\\\/tweens\\\/#primaryimage\",\"url\":\"https:\\\/\\\/biblekids.io\\\/wp-content\\\/uploads\\\/2020\\\/11\\\/jefr201.jpg\",\"contentUrl\":\"https:\\\/\\\/biblekids.io\\\/wp-content\\\/uploads\\\/2020\\\/11\\\/jefr201.jpg\",\"width\":854,\"height\":480},{\"@type\":\"BreadcrumbList\",\"@id\":\"https:\\\/\\\/biblekids.io\\\/no\\\/tweens\\\/#breadcrumb\",\"itemListElement\":[{\"@type\":\"ListItem\",\"position\":1,\"name\":\"Hjem\",\"item\":\"https:\\\/\\\/biblekids.io\\\/ru\\\/\"},{\"@type\":\"ListItem\",\"position\":2,\"name\":\"Tweens (12+ Jahre)\"}]},{\"@type\":\"WebSite\",\"@id\":\"https:\\\/\\\/biblekids.io\\\/no\\\/#website\",\"url\":\"https:\\\/\\\/biblekids.io\\\/no\\\/\",\"name\":\"Bible Kids\",\"description\":\"Bibelgeschichten f\u00fcr Kinder\",\"potentialAction\":[{\"@type\":\"SearchAction\",\"target\":{\"@type\":\"EntryPoint\",\"urlTemplate\":\"https:\\\/\\\/biblekids.io\\\/no\\\/?s={search_term_string}\"},\"query-input\":{\"@type\":\"PropertyValueSpecification\",\"valueRequired\":true,\"valueName\":\"search_term_string\"}}],\"inLanguage\":\"de-DE\"}]}<\/script>\n<!-- \/ Yoast SEO plugin. -->","yoast_head_json":{"title":"Bible Kids Bibelunterricht f\u00fcr Kinder und Tweens","description":"Hier gibt es Unterlagen zum Bibelunterricht und Zusatzmaterial f\u00fcr Tweens. Unsere Vision ist, dass Kinder Jesus als ihren besten Freund bekommen - f\u00fcr ihr ganzes Leben!","robots":{"index":"index","follow":"follow","max-snippet":"max-snippet:-1","max-image-preview":"max-image-preview:large","max-video-preview":"max-video-preview:-1"},"canonical":"https:\/\/biblekids.io\/no\/tweens\/","og_locale":"de_DE","og_type":"article","og_title":"Bible Kids Bibelunterricht f\u00fcr Kinder und Tweens","og_description":"Hier gibt es Unterlagen zum Bibelunterricht und Zusatzmaterial f\u00fcr Tweens. Unsere Vision ist, dass Kinder Jesus als ihren besten Freund bekommen - f\u00fcr ihr ganzes Leben!","og_url":"https:\/\/biblekids.io\/no\/tweens\/","og_site_name":"Bible Kids","article_modified_time":"2023-11-18T21:26:18+00:00","og_image":[{"width":854,"height":480,"url":"https:\/\/biblekids.io\/wp-content\/uploads\/2020\/11\/jefr201.jpg","type":"image\/jpeg"}],"twitter_card":"summary_large_image","twitter_misc":{"Gesch\u00e4tzte Lesezeit":"2 Minuten"},"schema":{"@context":"https:\/\/schema.org","@graph":[{"@type":"WebPage","@id":"https:\/\/biblekids.io\/no\/tweens\/","url":"https:\/\/biblekids.io\/no\/tweens\/","name":"Bible Kids Bibelunterricht f\u00fcr Kinder und Tweens","isPartOf":{"@id":"https:\/\/biblekids.io\/no\/#website"},"primaryImageOfPage":{"@id":"https:\/\/biblekids.io\/no\/tweens\/#primaryimage"},"image":{"@id":"https:\/\/biblekids.io\/no\/tweens\/#primaryimage"},"thumbnailUrl":"https:\/\/biblekids.io\/wp-content\/uploads\/2020\/11\/jefr201.jpg","datePublished":"2023-08-04T14:25:06+00:00","dateModified":"2023-11-18T21:26:18+00:00","description":"Hier gibt es Unterlagen zum Bibelunterricht und Zusatzmaterial f\u00fcr Tweens. Unsere Vision ist, dass Kinder Jesus als ihren besten Freund bekommen - f\u00fcr ihr ganzes Leben!","breadcrumb":{"@id":"https:\/\/biblekids.io\/no\/tweens\/#breadcrumb"},"inLanguage":"de-DE","potentialAction":[{"@type":"ReadAction","target":["https:\/\/biblekids.io\/no\/tweens\/"]}]},{"@type":"ImageObject","inLanguage":"de-DE","@id":"https:\/\/biblekids.io\/no\/tweens\/#primaryimage","url":"https:\/\/biblekids.io\/wp-content\/uploads\/2020\/11\/jefr201.jpg","contentUrl":"https:\/\/biblekids.io\/wp-content\/uploads\/2020\/11\/jefr201.jpg","width":854,"height":480},{"@type":"BreadcrumbList","@id":"https:\/\/biblekids.io\/no\/tweens\/#breadcrumb","itemListElement":[{"@type":"ListItem","position":1,"name":"Hjem","item":"https:\/\/biblekids.io\/ru\/"},{"@type":"ListItem","position":2,"name":"Tweens (12+ Jahre)"}]},{"@type":"WebSite","@id":"https:\/\/biblekids.io\/no\/#website","url":"https:\/\/biblekids.io\/no\/","name":"Bible Kids","description":"Bibelgeschichten f\u00fcr Kinder","potentialAction":[{"@type":"SearchAction","target":{"@type":"EntryPoint","urlTemplate":"https:\/\/biblekids.io\/no\/?s={search_term_string}"},"query-input":{"@type":"PropertyValueSpecification","valueRequired":true,"valueName":"search_term_string"}}],"inLanguage":"de-DE"}]}},"_links":{"self":[{"href":"https:\/\/biblekids.io\/de\/wp-json\/wp\/v2\/pages\/74786","targetHints":{"allow":["GET"]}}],"collection":[{"href":"https:\/\/biblekids.io\/de\/wp-json\/wp\/v2\/pages"}],"about":[{"href":"https:\/\/biblekids.io\/de\/wp-json\/wp\/v2\/types\/page"}],"author":[{"embeddable":true,"href":"https:\/\/biblekids.io\/de\/wp-json\/wp\/v2\/users\/9614"}],"replies":[{"embeddable":true,"href":"https:\/\/biblekids.io\/de\/wp-json\/wp\/v2\/comments?post=74786"}],"version-history":[{"count":24,"href":"https:\/\/biblekids.io\/de\/wp-json\/wp\/v2\/pages\/74786\/revisions"}],"predecessor-version":[{"id":83390,"href":"https:\/\/biblekids.io\/de\/wp-json\/wp\/v2\/pages\/74786\/revisions\/83390"}],"wp:featuredmedia":[{"embeddable":true,"href":"https:\/\/biblekids.io\/de\/wp-json\/wp\/v2\/media\/41893"}],"wp:attachment":[{"href":"https:\/\/biblekids.io\/de\/wp-json\/wp\/v2\/media?parent=74786"}],"curies":[{"name":"wp","href":"https:\/\/api.w.org\/{rel}","templated":true}]}}