{"id":82726,"date":"2023-10-25T11:33:50","date_gmt":"2023-10-25T09:33:50","guid":{"rendered":"https:\/\/biblekids.io\/?page_id=82726"},"modified":"2025-01-30T12:02:39","modified_gmt":"2025-01-30T11:02:39","slug":"benutzerhandbuch","status":"publish","type":"page","link":"https:\/\/biblekids.io\/de\/benutzerhandbuch\/","title":{"rendered":"Anleitung"},"content":{"rendered":"\n\n\t<section class=\"section\" id=\"section_1839060173\">\n\t\t<div class=\"section-bg fill\" >\n\t\t\t\t\t\t\t\t\t\n\t\t\t\n\n\t\t<\/div>\n\n\t\t\n\n\t\t<div class=\"section-content relative\">\n\t\t\t\n\n<div class=\"row\"  id=\"row-1515184065\">\n\n\n\t<div id=\"col-11309300\" class=\"col small-12 large-12\"  >\n\t\t\t\t<div class=\"col-inner\"  >\n\t\t\t\n\t\t\t\n\n\t<div id=\"text-70915800\" class=\"text\">\n\t\t\n\n<h3>Anleitung<\/h3>\n\t\t\n<style>\n#text-70915800 {\n  text-align: center;\n}\n<\/style>\n\t<\/div>\n\t\n\n\t\t<\/div>\n\t\t\t\t\t<\/div>\n\n\t\n\n<\/div>\n<div class=\"row align-equal align-center\"  id=\"row-952916300\">\n\n\n\t<div id=\"col-190685860\" class=\"col medium-4 small-12 large-3\"  >\n\t\t\t\t<div class=\"col-inner box-shadow-2\" style=\"background-color:rgb(255, 255, 255);\" >\n\t\t\t\n\t\t\t\n\n\t<div class=\"box has-hover   has-hover box-text-bottom\" >\n\n\t\t<div class=\"box-image\" >\n\t\t\t<a href=\"https:\/\/biblekids.io\/de\/explorer-leitfaden-fuer-mentoren-kapitel-4-josia\/\" >\t\t\t<div class=\"image-zoom\" >\n\t\t\t\t<img loading=\"lazy\" decoding=\"async\" width=\"1810\" height=\"2560\" src=\"https:\/\/biblekids.io\/wp-content\/uploads\/2023\/08\/Josia_Poster_final-scaled.jpg\" class=\"attachment- size-\" alt=\"\" \/>\t\t\t\t\t\t\t\t\t\t\t<\/div>\n\t\t\t<\/a>\t\t<\/div>\n\n\t\t<div class=\"box-text text-center\" >\n\t\t\t<div class=\"box-text-inner\">\n\t\t\t\t\n\n<p>Die Geschichte von<\/p>\n<h3 class=\"uppercase\">Josia<\/h3>\n\n\t\t\t<\/div>\n\t\t<\/div>\n\t<\/div>\n\t\n\n\t\t<\/div>\n\t\t\t\t\n<style>\n#col-190685860 > .col-inner {\n  padding: 16px 16px 16px 16px;\n  margin: 0px 0px 0px 0px;\n  border-radius: 8px;\n}\n<\/style>\n\t<\/div>\n\n\t\n\n\t<div id=\"col-1572999908\" class=\"col medium-4 small-12 large-3\"  >\n\t\t\t\t<div class=\"col-inner box-shadow-2\" style=\"background-color:rgb(255, 255, 255);\" >\n\t\t\t\n\t\t\t\n\n\t<div class=\"box has-hover   has-hover box-text-bottom\" >\n\n\t\t<div class=\"box-image\" >\n\t\t\t<a href=\"https:\/\/biblekids.io\/de\/explorers-anleitung-fuer-mentoren-kapitel-5-esther\/\" >\t\t\t<div class=\"image-zoom\" >\n\t\t\t\t<img loading=\"lazy\" decoding=\"async\" width=\"905\" height=\"1280\" src=\"https:\/\/biblekids.io\/wp-content\/uploads\/2024\/01\/Esther_Poster.jpg\" class=\"attachment- size-\" alt=\"\" \/>\t\t\t\t\t\t\t\t\t\t\t<\/div>\n\t\t\t<\/a>\t\t<\/div>\n\n\t\t<div class=\"box-text text-center\" >\n\t\t\t<div class=\"box-text-inner\">\n\t\t\t\t\n\n<p>Die Geschichte von<\/p>\n<h3 class=\"uppercase\">ESTHER &#8211; TEIL 1<\/h3>\n<h6> <\/h6>\n\n\t\t\t<\/div>\n\t\t<\/div>\n\t<\/div>\n\t\n\n\t\t<\/div>\n\t\t\t\t\n<style>\n#col-1572999908 > .col-inner {\n  padding: 16px 16px 16px 16px;\n  margin: 0px 0px 0px 0px;\n  border-radius: 8px;\n}\n<\/style>\n\t<\/div>\n\n\t\n\n\t<div id=\"col-139890690\" class=\"col medium-4 small-12 large-3\"  >\n\t\t\t\t<div class=\"col-inner box-shadow-2\" style=\"background-color:rgb(255, 255, 255);\" >\n\t\t\t\n\t\t\t\n\n\t<div class=\"box has-hover   has-hover box-text-bottom\" >\n\n\t\t<div class=\"box-image\" >\n\t\t\t<a href=\"https:\/\/biblekids.io\/de\/explorers-anleitung-fuer-mentoren-kapitel-6-esther\/\" >\t\t\t<div class=\"image-zoom\" >\n\t\t\t\t<img loading=\"lazy\" decoding=\"async\" width=\"878\" height=\"1238\" src=\"https:\/\/biblekids.io\/wp-content\/uploads\/2024\/09\/Screenshot-2024-09-19-at-11.07.01.png\" class=\"attachment- size-\" alt=\"\" \/>\t\t\t\t\t\t\t\t\t\t\t<\/div>\n\t\t\t<\/a>\t\t<\/div>\n\n\t\t<div class=\"box-text text-center\" style=\"padding:0px 0px 0px 0px;\">\n\t\t\t<div class=\"box-text-inner\">\n\t\t\t\t\n\n\t<div id=\"gap-1886063469\" class=\"gap-element clearfix\" style=\"display:block; height:auto;\">\n\t\t\n<style>\n#gap-1886063469 {\n  padding-top: 10px;\n}\n<\/style>\n\t<\/div>\n\t\n\n<p>Die Geschichte von<\/p>\n<h3 class=\"uppercase\">ESTHER &#8211; TEIL 2<\/h3>\n<h6> <\/h6>\n\n\t\t\t<\/div>\n\t\t<\/div>\n\t<\/div>\n\t\n\n\t\t<\/div>\n\t\t\t\t\n<style>\n#col-139890690 > .col-inner {\n  padding: 16px 16px 16px 16px;\n  border-radius: 8px;\n}\n<\/style>\n\t<\/div>\n\n\t\n\n<\/div>\n\n\t\t<\/div>\n\n\t\t\n<style>\n#section_1839060173 {\n  padding-top: 30px;\n  padding-bottom: 30px;\n  margin-bottom: 0px;\n}\n<\/style>\n\t<\/section>\n\t\n\n\t<section class=\"section\" id=\"section_1990982080\">\n\t\t<div class=\"section-bg fill\" >\n\t\t\t\t\t\t\t\t\t\n\t\t\t\n\n\t\t<\/div>\n\n\t\t\n\n\t\t<div class=\"section-content relative\">\n\t\t\t\n\n<div class=\"row align-center\"  id=\"row-1206442247\">\n\n\n\t<div id=\"col-1737767459\" class=\"col small-12 large-12\"  >\n\t\t\t\t<div class=\"col-inner\"  >\n\t\t\t\n\t\t\t\n\n\t<div id=\"text-4024687680\" class=\"text\">\n\t\t\n\n<h3>Wie funktioniert das?<\/h3>\n<p class=\"lead\">Explorers wurde f\u00fcr Kinder zwischen 9 und 11 Jahren entwickelt<br>und eine angepasste Version f\u00fcr 6-8-J\u00e4hrige.<\/p>\n\t\t\n<style>\n#text-4024687680 {\n  text-align: center;\n}\n<\/style>\n\t<\/div>\n\t\n\n\t\t<\/div>\n\t\t\t\t\t<\/div>\n\n\t\n\n<\/div>\n\t<div id=\"gap-622924658\" class=\"gap-element clearfix\" style=\"display:block; height:auto;\">\n\t\t\n<style>\n#gap-622924658 {\n  padding-top: 30px;\n}\n<\/style>\n\t<\/div>\n\t\n\n<div class=\"row\"  id=\"row-1302698762\">\n\n\n\t<div id=\"col-1735764205\" class=\"col medium-6 small-12 large-6\"  >\n\t\t\t\t<div class=\"col-inner\"  >\n\t\t\t\n\t\t\t\n\n\n\t\t<div class=\"icon-box featured-box icon-box-left text-left is-large\"  >\n\t\t\t\t\t<div class=\"icon-box-img\" style=\"width: 60px\">\n\t\t\t\t<div class=\"icon\">\n\t\t\t\t\t<div class=\"icon-inner\" >\n\t\t\t\t\t\t<img loading=\"lazy\" decoding=\"async\" width=\"1\" height=\"1\" src=\"https:\/\/biblekids.io\/wp-content\/uploads\/2023\/10\/bullethiw.svg\" class=\"attachment-medium size-medium\" alt=\"\" \/>\t\t\t\t\t<\/div>\n\t\t\t\t<\/div>\n\t\t\t<\/div>\n\t\t\t\t<div class=\"icon-box-text last-reset\">\n\t\t\t\t\t\t\t\t\t\n\n\t<div id=\"text-1602144243\" class=\"text\">\n\t\t\n\n<h4>Starte die Reise auf <a href=\"http:\/\/explorers.biblekids.io\">explorers.biblekids.io<\/a><\/h4>\n<ul>\n<li>Empfohlen f\u00fcr Gruppen von 5-10 Kindern<\/li>\n<li>Idealerweise auf einem Fernseher oder einem gr\u00f6\u00dferen Bildschirm<\/li>\n<li>2 Mentoren pro Gruppe<\/li>\n<\/ul>\n<p>\ud83d\udd09 Gute Audioqualit\u00e4t&nbsp; &nbsp; \ud83d\udcbb Windows\/Mac&nbsp; &nbsp; \u23f3 ~ 1 Stunde \/ Thema<\/p>\n\t\t\n<style>\n#text-1602144243 {\n  font-size: 0.85rem;\n}\n@media (min-width:550px) {\n  #text-1602144243 {\n    font-size: 1rem;\n  }\n}\n<\/style>\n\t<\/div>\n\t\n\n\t\t<\/div>\n\t<\/div>\n\t\n\t\n\n\t\t<\/div>\n\t\t\t\t\t<\/div>\n\n\t\n\n\t<div id=\"col-1792250085\" class=\"col medium-6 small-12 large-6\"  >\n\t\t\t\t<div class=\"col-inner\"  >\n\t\t\t\n\t\t\t\n\n\n\t\t<div class=\"icon-box featured-box icon-box-left text-left is-large\"  >\n\t\t\t\t\t<div class=\"icon-box-img\" style=\"width: 60px\">\n\t\t\t\t<div class=\"icon\">\n\t\t\t\t\t<div class=\"icon-inner\" >\n\t\t\t\t\t\t<img loading=\"lazy\" decoding=\"async\" width=\"1\" height=\"1\" src=\"https:\/\/biblekids.io\/wp-content\/uploads\/2023\/10\/bullethiw-1.svg\" class=\"attachment-medium size-medium\" alt=\"\" \/>\t\t\t\t\t<\/div>\n\t\t\t\t<\/div>\n\t\t\t<\/div>\n\t\t\t\t<div class=\"icon-box-text last-reset\">\n\t\t\t\t\t\t\t\t\t\n\n\t<div id=\"text-2670346598\" class=\"text\">\n\t\t\n\n<h4>Schaue die Filme an und l\u00f6se spannende Aufgaben<\/h4>\n<p>Die Kinder treffen Iris im geheimen Kontrollraum und nehmen an einer interaktiven Reise teil.<\/p>\n\t\t\n<style>\n#text-2670346598 {\n  font-size: 0.85rem;\n}\n@media (min-width:550px) {\n  #text-2670346598 {\n    font-size: 1rem;\n  }\n}\n<\/style>\n\t<\/div>\n\t\n\n\t\t<\/div>\n\t<\/div>\n\t\n\t\n\n\t\t<\/div>\n\t\t\t\t\t<\/div>\n\n\t\n\n\t<div id=\"col-701656286\" class=\"col medium-6 small-12 large-6\"  >\n\t\t\t\t<div class=\"col-inner\"  >\n\t\t\t\n\t\t\t\n\n\n\t\t<div class=\"icon-box featured-box icon-box-left text-left is-large\"  >\n\t\t\t\t\t<div class=\"icon-box-img\" style=\"width: 60px\">\n\t\t\t\t<div class=\"icon\">\n\t\t\t\t\t<div class=\"icon-inner\" >\n\t\t\t\t\t\t<img loading=\"lazy\" decoding=\"async\" width=\"1\" height=\"1\" src=\"https:\/\/biblekids.io\/wp-content\/uploads\/2023\/10\/bullethiw-2.svg\" class=\"attachment-medium size-medium\" alt=\"\" \/>\t\t\t\t\t<\/div>\n\t\t\t\t<\/div>\n\t\t\t<\/div>\n\t\t\t\t<div class=\"icon-box-text last-reset\">\n\t\t\t\t\t\t\t\t\t\n\n\t<div id=\"text-2499107245\" class=\"text\">\n\t\t\n\n<h4>L\u00f6se interaktive Aufgaben<\/h4>\n<p>W\u00e4hrend der Reise gibt es auch interaktive Aufgaben, die erledigt werden m\u00fcssen. Die Beschreibung dieser Aufgaben und die Download-Dateien findest du auf der Kapitelseite. <\/p>\n<p>\u2702\ufe0f Erfordert Vorbereitung<\/p>\n\t\t\n<style>\n#text-2499107245 {\n  font-size: 0.85rem;\n}\n@media (min-width:550px) {\n  #text-2499107245 {\n    font-size: 1rem;\n  }\n}\n<\/style>\n\t<\/div>\n\t\n\n\t\t<\/div>\n\t<\/div>\n\t\n\t\n\n\t\t<\/div>\n\t\t\t\t\t<\/div>\n\n\t\n\n\t<div id=\"col-445171541\" class=\"col medium-6 small-12 large-6\"  >\n\t\t\t\t<div class=\"col-inner\"  >\n\t\t\t\n\t\t\t\n\n\n\t\t<div class=\"icon-box featured-box icon-box-left text-left is-large\"  >\n\t\t\t\t\t<div class=\"icon-box-img\" style=\"width: 60px\">\n\t\t\t\t<div class=\"icon\">\n\t\t\t\t\t<div class=\"icon-inner\" >\n\t\t\t\t\t\t<img loading=\"lazy\" decoding=\"async\" width=\"1\" height=\"1\" src=\"https:\/\/biblekids.io\/wp-content\/uploads\/2023\/10\/bullethiw-3.svg\" class=\"attachment-medium size-medium\" alt=\"\" \/>\t\t\t\t\t<\/div>\n\t\t\t\t<\/div>\n\t\t\t<\/div>\n\t\t\t\t<div class=\"icon-box-text last-reset\">\n\t\t\t\t\t\t\t\t\t\n\n\t<div id=\"text-3937446793\" class=\"text\">\n\t\t\n\n<h4>Mache das Erlebnis perfekt!<\/h4>\n<p>Nachfolgend befindet sich eine Grafikdatei, mit der T-Shirts, Aufkleber und andere Produkte bedruckt werden k\u00f6nnen.<\/p>\n<p>F\u00fcr registrierte Benutzer bieten wir eine Download-Version an. Die Mentoren k\u00f6nnen das Kapitel somit auch ohne Internet nutzen. <\/p>\n\t\t\n<style>\n#text-3937446793 {\n  font-size: 0.85rem;\n}\n@media (min-width:550px) {\n  #text-3937446793 {\n    font-size: 1rem;\n  }\n}\n<\/style>\n\t<\/div>\n\t\n\n\t\t<\/div>\n\t<\/div>\n\t\n\t\n\n\t\t<\/div>\n\t\t\t\t\t<\/div>\n\n\t\n\n<\/div>\n\n\t\t<\/div>\n\n\t\t\n<style>\n#section_1990982080 {\n  padding-top: 60px;\n  padding-bottom: 60px;\n}\n<\/style>\n\t<\/section>\n\t\n\n\t<section class=\"section\" id=\"section_147464819\">\n\t\t<div class=\"section-bg fill\" >\n\t\t\t\t\t\t\t\t\t\n\t\t\t\n\n\t\t<\/div>\n\n\t\t\t<div class=\"ux-shape-divider ux-shape-divider--top ux-shape-divider--style-waves-opacity-3\">\n\t\t<svg viewBox=\"0 0 1000 300\" xmlns=\"http:\/\/www.w3.org\/2000\/svg\" preserveAspectRatio=\"none\">\n\t<path class=\"ux-shape-fill\" opacity=\"0.05\" d=\"M1014 264V386H206L34 300C34 300 344.42 277.16 436 221C542 156 590 160 704 209C811 255 899.11 214.94 979 346L1014 264Z\"\/>\n\t<path class=\"ux-shape-fill\" opacity=\"0.1\" d=\"M-302 55C-302 55 -66.73 263.25 50 214C178 160 283 116 353 141C445.68 174.1 534.28 256.19 588 249C692.9 235 764.52 75.94 855 131C940.61 183.09 1000 254 1000 254V328L-306 338L-302 55Z\"\/>\n\t<path class=\"ux-shape-fill\" opacity=\"0.15\" d=\"M-286 255C-286 255 -72 152 52 126C176 100 255 155 436 227C581.57 284.91 614.7 277.79 708 227C787 184 1009 3.0001 1093 164C1146 265.63 1031 293 1031 293L924 377L-288 389L-286 255Z\"\/>\n\t<path class=\"ux-shape-fill\" opacity=\"0.3\" d=\"M-24 69C-24 69 275.68 370.66 389 314C397 310 622 316 673 356C690.47 369.7 845 224 890 182C944.8 130.85 1018 92 1078 143C1154.12 207.7 1196 242 1196 242L1184 374L-28 386L-24 69Z\"\/>\n\t<path class=\"ux-shape-fill\" d=\"M-12 201C-12 201 58 284 182 258C306 232 342.29 221.23 456 264C565 305 640.82 288.36 721 249C776 222 837.5 191.31 935 253C984 284 1030 279 1030 279L1024 430L-12 440V201Z\"\/>\n<\/svg>\n\t<\/div>\n\n\t<div class=\"ux-shape-divider ux-shape-divider--bottom ux-shape-divider--style-waves-opacity-3\">\n\t\t<svg viewBox=\"0 0 1000 300\" xmlns=\"http:\/\/www.w3.org\/2000\/svg\" preserveAspectRatio=\"none\">\n\t<path class=\"ux-shape-fill\" opacity=\"0.05\" d=\"M1014 264V386H206L34 300C34 300 344.42 277.16 436 221C542 156 590 160 704 209C811 255 899.11 214.94 979 346L1014 264Z\"\/>\n\t<path class=\"ux-shape-fill\" opacity=\"0.1\" d=\"M-302 55C-302 55 -66.73 263.25 50 214C178 160 283 116 353 141C445.68 174.1 534.28 256.19 588 249C692.9 235 764.52 75.94 855 131C940.61 183.09 1000 254 1000 254V328L-306 338L-302 55Z\"\/>\n\t<path class=\"ux-shape-fill\" opacity=\"0.15\" d=\"M-286 255C-286 255 -72 152 52 126C176 100 255 155 436 227C581.57 284.91 614.7 277.79 708 227C787 184 1009 3.0001 1093 164C1146 265.63 1031 293 1031 293L924 377L-288 389L-286 255Z\"\/>\n\t<path class=\"ux-shape-fill\" opacity=\"0.3\" d=\"M-24 69C-24 69 275.68 370.66 389 314C397 310 622 316 673 356C690.47 369.7 845 224 890 182C944.8 130.85 1018 92 1078 143C1154.12 207.7 1196 242 1196 242L1184 374L-28 386L-24 69Z\"\/>\n\t<path class=\"ux-shape-fill\" d=\"M-12 201C-12 201 58 284 182 258C306 232 342.29 221.23 456 264C565 305 640.82 288.36 721 249C776 222 837.5 191.31 935 253C984 284 1030 279 1030 279L1024 430L-12 440V201Z\"\/>\n<\/svg>\n\t<\/div>\n\n\t\t<div class=\"section-content relative\">\n\t\t\t\n\n<div class=\"row row-large\"  id=\"row-864656330\">\n\n\n\t<div id=\"col-66666137\" class=\"col medium-6 small-12 large-6\"  >\n\t\t\t\t<div class=\"col-inner dark\"  >\n\t\t\t\n\t\t\t\n\n<h4><strong>Halte dich auf dem Laufenden<\/strong><\/h4>\n<p>Wir arbeiten st\u00e4ndig an der Verbesserung unserer Inhalte, Konzepte und Produktionen. Melde dich f\u00fcr unseren Newsletter an und erhalte die neuesten Updates, Neuigkeiten und einen Blick hinter die Kulissen. &nbsp;<\/p>\n<a href=\"http:\/\/eepurl.com\/h3pcRD\" target=\"_blank\" class=\"button secondary reveal-icon\" rel=\"noopener\" style=\"border-radius:99px;\">\n\t\t<span>F\u00fcr den Newsletter anmelden<\/span>\n\t<i class=\"icon-envelop\" aria-hidden=\"true\"><\/i><\/a>\n\n\n<div class=\"is-divider divider clearfix\" ><\/div>\n\n<h4>Abonniere unseren YouTube-Kanal<\/h4>\n<p><img loading=\"lazy\" decoding=\"async\" class=\"alignnone size-medium wp-image-75197\" src=\"https:\/\/staging-bcckids.kinsta.cloud\/wp-content\/uploads\/2023\/08\/youtube_biblekids-455x400.png\" alt=\"\" width=\"455\" height=\"400\"><\/p>\n<p>Abonniere unseren YouTube-Kanal&nbsp; <a href=\"https:\/\/www.youtube.com\/@BibleKidsDE\">@BibleKidsDE<\/a>, damit du keine unserer Animationsfilme aus der Bibel verpasst, und entdecke unsere gro\u00dfartige Sammlung von Videos und Playlisten!&nbsp;<\/p>\n<a href=\"https:\/\/www.youtube.com\/channel\/UCIZdz8AY6pT-ppbqL4gLdlA?sub_confirmation=1\" target=\"_blank\" class=\"button secondary reveal-icon\" rel=\"noopener\" style=\"border-radius:99px;\">\n\t\t<span>Jetzt abonnieren<\/span>\n\t<i class=\"icon-youtube\" aria-hidden=\"true\"><\/i><\/a>\n\n\n\n\t\t<\/div>\n\t\t\t\t\t<\/div>\n\n\t\n\n\t<div id=\"col-1145494398\" class=\"col medium-6 small-12 large-6\"  >\n\t\t\t\t<div class=\"col-inner\" style=\"background-color:rgb(255, 255, 255);\" >\n\t\t\t\n\t\t\t\n\n\n<div class=\"wpcf7 no-js\" id=\"wpcf7-f81882-o1\" lang=\"de-DE\" dir=\"ltr\" data-wpcf7-id=\"81882\">\n<div class=\"screen-reader-response\"><p role=\"status\" aria-live=\"polite\" aria-atomic=\"true\"><\/p> <ul><\/ul><\/div>\n<form action=\"\/de\/wp-json\/wp\/v2\/pages\/82726#wpcf7-f81882-o1\" method=\"post\" class=\"wpcf7-form init\" aria-label=\"Kontaktformular\" novalidate=\"novalidate\" data-status=\"init\">\n<fieldset class=\"hidden-fields-container\"><input type=\"hidden\" name=\"_wpcf7\" value=\"81882\" \/><input type=\"hidden\" name=\"_wpcf7_version\" value=\"6.1.4\" \/><input type=\"hidden\" name=\"_wpcf7_locale\" value=\"de_DE\" \/><input type=\"hidden\" name=\"_wpcf7_unit_tag\" value=\"wpcf7-f81882-o1\" \/><input type=\"hidden\" name=\"_wpcf7_container_post\" value=\"0\" \/><input type=\"hidden\" name=\"_wpcf7_posted_data_hash\" value=\"\" \/><input type=\"hidden\" name=\"_wpcf7_recaptcha_response\" value=\"\" \/>\n<\/fieldset>\n<h3>Kontakt aufnehmen\n<\/h3>\n<p><span class=\"wpcf7-form-control-wrap\" data-name=\"your-name\"><input size=\"40\" maxlength=\"400\" class=\"wpcf7-form-control wpcf7-text wpcf7-validates-as-required\" aria-required=\"true\" aria-invalid=\"false\" placeholder=\"Dein Name\" value=\"\" type=\"text\" name=\"your-name\" \/><\/span>\n<\/p>\n<p><span class=\"wpcf7-form-control-wrap\" data-name=\"your-email\"><input size=\"40\" maxlength=\"400\" class=\"wpcf7-form-control wpcf7-email wpcf7-validates-as-required wpcf7-text wpcf7-validates-as-email\" aria-required=\"true\" aria-invalid=\"false\" placeholder=\"Deine E-Mail-Adresse\" value=\"\" type=\"email\" name=\"your-email\" \/><\/span>\n<\/p>\n<p><span class=\"wpcf7-form-control-wrap\" data-name=\"your-subject\"><input size=\"40\" maxlength=\"400\" class=\"wpcf7-form-control wpcf7-text wpcf7-validates-as-required\" aria-required=\"true\" aria-invalid=\"false\" placeholder=\"Betreff\" value=\"\" type=\"text\" name=\"your-subject\" \/><\/span>\n<\/p>\n<p><span class=\"wpcf7-form-control-wrap\" data-name=\"your-message\"><textarea cols=\"40\" rows=\"10\" maxlength=\"2000\" class=\"wpcf7-form-control wpcf7-textarea wpcf7-validates-as-required\" aria-required=\"true\" aria-invalid=\"false\" placeholder=\"Nachricht\" name=\"your-message\"><\/textarea><\/span>\n<\/p>\n<p><input class=\"wpcf7-form-control wpcf7-submit has-spinner\" type=\"submit\" value=\"Senden\" \/>\n<\/p><div class=\"wpcf7-response-output\" aria-hidden=\"true\"><\/div>\n<\/form>\n<\/div>\n\n\n\n\t\t<\/div>\n\t\t\t\t\n<style>\n#col-1145494398 > .col-inner {\n  padding: 20px 0px 10px 0px;\n  border-radius: 8px;\n}\n<\/style>\n\t<\/div>\n\n\t\n\n<\/div>\n\n\t\t<\/div>\n\n\t\t\n<style>\n#section_147464819 {\n  padding-top: 100px;\n  padding-bottom: 100px;\n  background-color: #115e67;\n}\n#section_147464819 .ux-shape-divider--top svg {\n  height: 150px;\n  --divider-top-width: 206%;\n}\n#section_147464819 .ux-shape-divider--bottom svg {\n  height: 150px;\n  --divider-width: 206%;\n}\n#section_147464819 .ux-shape-divider--bottom .ux-shape-fill {\n  fill: rgb(222, 222, 222);\n}\n@media (min-width:550px) {\n  #section_147464819 {\n    padding-top: 150px;\n    padding-bottom: 150px;\n  }\n}\n@media (min-width:850px) {\n  #section_147464819 .ux-shape-divider--top svg {\n    --divider-top-width: 100%;\n  }\n  #section_147464819 .ux-shape-divider--bottom svg {\n    --divider-width: 100%;\n  }\n}\n<\/style>\n\t<\/section>\n\t\n\n","protected":false},"excerpt":{"rendered":"","protected":false},"author":15717,"featured_media":0,"parent":0,"menu_order":0,"comment_status":"closed","ping_status":"closed","template":"page-blank.php","meta":{"_acf_changed":false,"bcc_login_visibility":0,"bcc_groups":[],"bcc_groups_email":true,"bcc_visibility_groups":[],"bcc_visibility_groups_email":false,"sent_notifications":[],"footnotes":"","_links_to":"","_links_to_target":""},"class_list":["post-82726","page","type-page","status-publish","hentry"],"acf":[],"yoast_head":"<!-- This site is optimized with the Yoast SEO plugin v26.7 - https:\/\/yoast.com\/wordpress\/plugins\/seo\/ -->\n<title>Anleitung - Bible Kids<\/title>\n<meta name=\"robots\" content=\"index, follow, max-snippet:-1, max-image-preview:large, max-video-preview:-1\" \/>\n<link rel=\"canonical\" href=\"https:\/\/biblekids.io\/de\/benutzerhandbuch\/\" \/>\n<meta property=\"og:locale\" content=\"de_DE\" \/>\n<meta property=\"og:type\" content=\"article\" \/>\n<meta property=\"og:title\" content=\"Anleitung - Bible Kids\" \/>\n<meta property=\"og:url\" content=\"https:\/\/biblekids.io\/de\/benutzerhandbuch\/\" \/>\n<meta property=\"og:site_name\" content=\"Bible Kids\" \/>\n<meta property=\"article:modified_time\" content=\"2025-01-30T11:02:39+00:00\" \/>\n<meta property=\"og:image\" content=\"https:\/\/staging-bcckids.kinsta.cloud\/wp-content\/uploads\/2023\/08\/youtube_biblekids-455x400.png\" \/>\n<meta name=\"twitter:card\" content=\"summary_large_image\" \/>\n<meta name=\"twitter:label1\" content=\"Gesch\u00e4tzte Lesezeit\" \/>\n\t<meta name=\"twitter:data1\" content=\"3 Minuten\" \/>\n<script type=\"application\/ld+json\" class=\"yoast-schema-graph\">{\"@context\":\"https:\/\/schema.org\",\"@graph\":[{\"@type\":\"WebPage\",\"@id\":\"https:\/\/biblekids.io\/de\/benutzerhandbuch\/\",\"url\":\"https:\/\/biblekids.io\/de\/benutzerhandbuch\/\",\"name\":\"Anleitung - Bible Kids\",\"isPartOf\":{\"@id\":\"https:\/\/biblekids.io\/no\/#website\"},\"primaryImageOfPage\":{\"@id\":\"https:\/\/biblekids.io\/de\/benutzerhandbuch\/#primaryimage\"},\"image\":{\"@id\":\"https:\/\/biblekids.io\/de\/benutzerhandbuch\/#primaryimage\"},\"thumbnailUrl\":\"https:\/\/staging-bcckids.kinsta.cloud\/wp-content\/uploads\/2023\/08\/youtube_biblekids-455x400.png\",\"datePublished\":\"2023-10-25T09:33:50+00:00\",\"dateModified\":\"2025-01-30T11:02:39+00:00\",\"breadcrumb\":{\"@id\":\"https:\/\/biblekids.io\/de\/benutzerhandbuch\/#breadcrumb\"},\"inLanguage\":\"de-DE\",\"potentialAction\":[{\"@type\":\"ReadAction\",\"target\":[\"https:\/\/biblekids.io\/de\/benutzerhandbuch\/\"]}]},{\"@type\":\"ImageObject\",\"inLanguage\":\"de-DE\",\"@id\":\"https:\/\/biblekids.io\/de\/benutzerhandbuch\/#primaryimage\",\"url\":\"https:\/\/staging-bcckids.kinsta.cloud\/wp-content\/uploads\/2023\/08\/youtube_biblekids-455x400.png\",\"contentUrl\":\"https:\/\/staging-bcckids.kinsta.cloud\/wp-content\/uploads\/2023\/08\/youtube_biblekids-455x400.png\"},{\"@type\":\"BreadcrumbList\",\"@id\":\"https:\/\/biblekids.io\/de\/benutzerhandbuch\/#breadcrumb\",\"itemListElement\":[{\"@type\":\"ListItem\",\"position\":1,\"name\":\"Hjem\",\"item\":\"https:\/\/biblekids.io\/de\/\"},{\"@type\":\"ListItem\",\"position\":2,\"name\":\"Anleitung\"}]},{\"@type\":\"WebSite\",\"@id\":\"https:\/\/biblekids.io\/no\/#website\",\"url\":\"https:\/\/biblekids.io\/no\/\",\"name\":\"Bible Kids\",\"description\":\"Bibelgeschichten f\u00fcr Kinder\",\"potentialAction\":[{\"@type\":\"SearchAction\",\"target\":{\"@type\":\"EntryPoint\",\"urlTemplate\":\"https:\/\/biblekids.io\/no\/?s={search_term_string}\"},\"query-input\":{\"@type\":\"PropertyValueSpecification\",\"valueRequired\":true,\"valueName\":\"search_term_string\"}}],\"inLanguage\":\"de-DE\"}]}<\/script>\n<!-- \/ Yoast SEO plugin. -->","yoast_head_json":{"title":"Anleitung - Bible Kids","robots":{"index":"index","follow":"follow","max-snippet":"max-snippet:-1","max-image-preview":"max-image-preview:large","max-video-preview":"max-video-preview:-1"},"canonical":"https:\/\/biblekids.io\/de\/benutzerhandbuch\/","og_locale":"de_DE","og_type":"article","og_title":"Anleitung - Bible Kids","og_url":"https:\/\/biblekids.io\/de\/benutzerhandbuch\/","og_site_name":"Bible Kids","article_modified_time":"2025-01-30T11:02:39+00:00","og_image":[{"url":"https:\/\/staging-bcckids.kinsta.cloud\/wp-content\/uploads\/2023\/08\/youtube_biblekids-455x400.png","type":"","width":"","height":""}],"twitter_card":"summary_large_image","twitter_misc":{"Gesch\u00e4tzte Lesezeit":"3 Minuten"},"schema":{"@context":"https:\/\/schema.org","@graph":[{"@type":"WebPage","@id":"https:\/\/biblekids.io\/de\/benutzerhandbuch\/","url":"https:\/\/biblekids.io\/de\/benutzerhandbuch\/","name":"Anleitung - Bible Kids","isPartOf":{"@id":"https:\/\/biblekids.io\/no\/#website"},"primaryImageOfPage":{"@id":"https:\/\/biblekids.io\/de\/benutzerhandbuch\/#primaryimage"},"image":{"@id":"https:\/\/biblekids.io\/de\/benutzerhandbuch\/#primaryimage"},"thumbnailUrl":"https:\/\/staging-bcckids.kinsta.cloud\/wp-content\/uploads\/2023\/08\/youtube_biblekids-455x400.png","datePublished":"2023-10-25T09:33:50+00:00","dateModified":"2025-01-30T11:02:39+00:00","breadcrumb":{"@id":"https:\/\/biblekids.io\/de\/benutzerhandbuch\/#breadcrumb"},"inLanguage":"de-DE","potentialAction":[{"@type":"ReadAction","target":["https:\/\/biblekids.io\/de\/benutzerhandbuch\/"]}]},{"@type":"ImageObject","inLanguage":"de-DE","@id":"https:\/\/biblekids.io\/de\/benutzerhandbuch\/#primaryimage","url":"https:\/\/staging-bcckids.kinsta.cloud\/wp-content\/uploads\/2023\/08\/youtube_biblekids-455x400.png","contentUrl":"https:\/\/staging-bcckids.kinsta.cloud\/wp-content\/uploads\/2023\/08\/youtube_biblekids-455x400.png"},{"@type":"BreadcrumbList","@id":"https:\/\/biblekids.io\/de\/benutzerhandbuch\/#breadcrumb","itemListElement":[{"@type":"ListItem","position":1,"name":"Hjem","item":"https:\/\/biblekids.io\/de\/"},{"@type":"ListItem","position":2,"name":"Anleitung"}]},{"@type":"WebSite","@id":"https:\/\/biblekids.io\/no\/#website","url":"https:\/\/biblekids.io\/no\/","name":"Bible Kids","description":"Bibelgeschichten f\u00fcr Kinder","potentialAction":[{"@type":"SearchAction","target":{"@type":"EntryPoint","urlTemplate":"https:\/\/biblekids.io\/no\/?s={search_term_string}"},"query-input":{"@type":"PropertyValueSpecification","valueRequired":true,"valueName":"search_term_string"}}],"inLanguage":"de-DE"}]}},"_links":{"self":[{"href":"https:\/\/biblekids.io\/de\/wp-json\/wp\/v2\/pages\/82726","targetHints":{"allow":["GET"]}}],"collection":[{"href":"https:\/\/biblekids.io\/de\/wp-json\/wp\/v2\/pages"}],"about":[{"href":"https:\/\/biblekids.io\/de\/wp-json\/wp\/v2\/types\/page"}],"author":[{"embeddable":true,"href":"https:\/\/biblekids.io\/de\/wp-json\/wp\/v2\/users\/15717"}],"replies":[{"embeddable":true,"href":"https:\/\/biblekids.io\/de\/wp-json\/wp\/v2\/comments?post=82726"}],"version-history":[{"count":25,"href":"https:\/\/biblekids.io\/de\/wp-json\/wp\/v2\/pages\/82726\/revisions"}],"predecessor-version":[{"id":107995,"href":"https:\/\/biblekids.io\/de\/wp-json\/wp\/v2\/pages\/82726\/revisions\/107995"}],"wp:attachment":[{"href":"https:\/\/biblekids.io\/de\/wp-json\/wp\/v2\/media?parent=82726"}],"curies":[{"name":"wp","href":"https:\/\/api.w.org\/{rel}","templated":true}]}}