{"id":116974,"date":"2025-12-08T10:35:21","date_gmt":"2025-12-08T09:35:21","guid":{"rendered":"https:\/\/biblekids.io\/noe-un-nuevo-comienzo\/"},"modified":"2026-04-02T16:15:48","modified_gmt":"2026-04-02T14:15:48","slug":"noe-un-nuevo-comienzo","status":"publish","type":"page","link":"https:\/\/biblekids.io\/es\/largometrajes-de-la-historias-de-la-biblia\/noe-un-nuevo-comienzo\/","title":{"rendered":"No\u00e9: un nuevo comienzo"},"content":{"rendered":"\n\n\t<section class=\"section dark\" id=\"section_536489874\">\n\t\t<div class=\"section-bg fill\" >\n\t\t\t\t\t\t\t\t\t\n\t\t\t\n\n\t\t<\/div>\n\n\t\t\n\n\t\t<div class=\"section-content relative\">\n\t\t\t\n\n\n\t\t<\/div>\n\n\t\t\n<style>\n#section_536489874 {\n  padding-top: 30px;\n  padding-bottom: 30px;\n  background-color: #115e67;\n}\n@media (min-width:550px) {\n  #section_536489874 {\n    padding-top: 30px;\n    padding-bottom: 30px;\n  }\n}\n@media (min-width:850px) {\n  #section_536489874 {\n    padding-top: 50px;\n    padding-bottom: 50px;\n  }\n}\n<\/style>\n\t<\/section>\n\t\n\n\t<section class=\"section dark\" id=\"section_1039606237\">\n\t\t<div class=\"section-bg fill\" >\n\t\t\t\t\t\t\t\t\t<div class=\"section-bg-overlay absolute fill\"><\/div>\n\t\t\t\n\n\t\t<\/div>\n\n\t\t\t<div class=\"ux-shape-divider ux-shape-divider--top ux-shape-divider--style-waves-opacity-3\">\n\t\t<svg viewBox=\"0 0 1000 300\" xmlns=\"http:\/\/www.w3.org\/2000\/svg\" preserveAspectRatio=\"none\">\n\t<path class=\"ux-shape-fill\" opacity=\"0.05\" d=\"M1014 264V386H206L34 300C34 300 344.42 277.16 436 221C542 156 590 160 704 209C811 255 899.11 214.94 979 346L1014 264Z\"\/>\n\t<path class=\"ux-shape-fill\" opacity=\"0.1\" d=\"M-302 55C-302 55 -66.73 263.25 50 214C178 160 283 116 353 141C445.68 174.1 534.28 256.19 588 249C692.9 235 764.52 75.94 855 131C940.61 183.09 1000 254 1000 254V328L-306 338L-302 55Z\"\/>\n\t<path class=\"ux-shape-fill\" opacity=\"0.15\" d=\"M-286 255C-286 255 -72 152 52 126C176 100 255 155 436 227C581.57 284.91 614.7 277.79 708 227C787 184 1009 3.0001 1093 164C1146 265.63 1031 293 1031 293L924 377L-288 389L-286 255Z\"\/>\n\t<path class=\"ux-shape-fill\" opacity=\"0.3\" d=\"M-24 69C-24 69 275.68 370.66 389 314C397 310 622 316 673 356C690.47 369.7 845 224 890 182C944.8 130.85 1018 92 1078 143C1154.12 207.7 1196 242 1196 242L1184 374L-28 386L-24 69Z\"\/>\n\t<path class=\"ux-shape-fill\" d=\"M-12 201C-12 201 58 284 182 258C306 232 342.29 221.23 456 264C565 305 640.82 288.36 721 249C776 222 837.5 191.31 935 253C984 284 1030 279 1030 279L1024 430L-12 440V201Z\"\/>\n<\/svg>\n\t<\/div>\n\n\t<div class=\"ux-shape-divider ux-shape-divider--bottom ux-shape-divider--style-arrow-2-invert\">\n\t\t<svg viewBox=\"0 0 1000 100\" xmlns=\"http:\/\/www.w3.org\/2000\/svg\" preserveAspectRatio=\"none\">\n\t<path class=\"ux-shape-fill\" d=\"M1000 100H0V80H479.686C481.808 80 483.843 80.8429 485.343 82.3432L497.879 94.8787C499.05 96.0503 500.95 96.0503 502.121 94.8787L514.657 82.3431C516.157 80.8428 518.192 80 520.314 80H1000V100Z\"\/>\n<\/svg>\n\t<\/div>\n\n\t\t<div class=\"section-content relative\">\n\t\t\t\n\n<div class=\"row row-collapse\"  id=\"row-1814098004\">\n\n\n\t<div id=\"col-454394173\" class=\"col large-12\"  >\n\t\t\t\t<div class=\"col-inner\"  >\n\t\t\t\n\t\t\t\n\n<iframe class=\"btv-iframe \" src=\"https:\/\/app.bcc.media\/embed\/2992?app=kids-web&language=es\" frameborder=\"0\" allowfullscreen><\/iframe>\n\n\n\t\t<\/div>\n\t\t\t\t\n<style>\n#col-454394173 > .col-inner {\n  padding: 15px 15px 15px 15px;\n}\n<\/style>\n\t<\/div>\n\n\t\n\n<\/div>\n<div class=\"row\"  id=\"row-2021424219\">\n\n\n\t<div id=\"col-1119435503\" class=\"col medium-11 small-12 large-11\"  >\n\t\t\t\t<div class=\"col-inner\"  >\n\t\t\t\n\t\t\t\n\n\t<div id=\"text-637874887\" class=\"text\">\n\t\t\n\n<h2><span class=\"TextRun SCXW193421365 BCX0\" lang=\"NB-NO\" xml:lang=\"NB-NO\" data-contrast=\"auto\"><span class=\"NormalTextRun SCXW193421365 BCX0\">Noa<\/span><span class=\"NormalTextRun SCXW193421365 BCX0\">h<\/span> <span class=\"NormalTextRun SCXW193421365 BCX0\">\u2013 Un nuevo comienzo<\/span><\/span><span class=\"LineBreakBlob BlobObject DragDrop SCXW193421365 BCX0\"><span class=\"SCXW193421365 BCX0\">\u00a0<\/span><br class=\"SCXW193421365 BCX0\" \/><\/span><\/h2>\n<p>Musical para toda la familia, historia b\u00edblica | <span class=\"TextRun SCXW193421365 BCX0\" lang=\"NB-NO\" xml:lang=\"NB-NO\" data-contrast=\"auto\"><span class=\"NormalTextRun SCXW193421365 BCX0\">Representado <\/span><span class=\"NormalTextRun SCXW193421365 BCX0\">en<\/span> <span class=\"NormalTextRun SCXW193421365 BCX0\">el Oslofjord Convention Center, <\/span><span class=\"NormalTextRun SCXW193421365 BCX0\">verano<\/span> <span class=\"NormalTextRun SCXW193421365 BCX0\">de 2025 |<\/span><\/span> Duraci\u00f3n:<strong> 42 min<\/p>\n<p>No te pierdas el musical sobre No\u00e9, que te transportar\u00e1 a una \u00e9poca en la que el mundo se hab\u00eda alejado de Dios. En medio del caos, Dios llama a un hombre justo para que lleve a cabo una tarea incre\u00edble y, en apariencia, imposible: construir una enorme embarcaci\u00f3n, un arca, que salvar\u00e1 a su familia y a todos los animales de un diluvio que se avecina. A pesar de las pruebas, las burlas y las circunstancias adversas, No\u00e9 se mantiene fiel a la palabra de Dios y se convierte en un ejemplo de obediencia, perseverancia y confianza en las promesas de Dios.<\/p>\n<p><br \/><span data-contrast=\"auto\">Basado en la Biblia: G\u00e9nesis, cap\u00edtulos 6-9. <\/span><span data-ccp-props=\"{\"134233117\":false,\"134233118\":false,\"335559738\":240,\"335559739\":240}\">\u00a0<\/span><span data-ccp-props=\"{}\">\u00a0<\/span><\/p>\n<p><span data-contrast=\"auto\">Director: <strong>Astrid Hauptmann<\/strong><\/span><strong>\u00a0<\/strong><br \/><b>Gui\u00f3n:<\/b> <strong>Daniela Winther<\/strong><\/span><strong>\u00a0<\/strong><br \/><span data-contrast=\"auto\">Fabricante: <strong>Annette Riis Pedersen<\/strong><\/span><strong>\u00a0<\/strong><br \/><span data-contrast=\"auto\">Letra de la canci\u00f3n: <strong>Jostein \u00d8stmoen<\/strong><\/span><strong>\u00a0<\/strong><br \/><span data-ccp-props=\"{}\">\u00a0<\/span><\/p>\n<p><span data-contrast=\"auto\">Idioma original: <strong>noruego<\/strong><\/span>\u00a0<br \/><span data-contrast=\"auto\">Idiomas de audio: <\/span><strong>ingl\u00e9s, alem\u00e1n, franc\u00e9s, italiano, neerland\u00e9s, polaco, portugu\u00e9s y rumano<\/strong><\/p>\n\t\t\n<style>\n#text-637874887 {\n  text-align: left;\n}\n<\/style>\n\t<\/div>\n\t\n\n\t\t<\/div>\n\t\t\t\t\n<style>\n#col-1119435503 > .col-inner {\n  padding: 15px 0px 15px 0px;\n}\n@media (min-width:550px) {\n  #col-1119435503 > .col-inner {\n    padding: 15px 15px 15px 15px;\n  }\n}\n<\/style>\n\t<\/div>\n\n\t\n\n\t<div id=\"col-1341462838\" class=\"col medium-6 small-12 large-4\"  >\n\t\t\t\t<div class=\"col-inner\"  >\n\t\t\t\n\t\t\t\n\n<h3>V\u00e9ase tambi\u00e9n<\/h3>\n\t<div class=\"box has-hover   has-hover box-text-bottom\" >\n\n\t\t<div class=\"box-image\" >\n\t\t\t<a href=\"\/es\/pel\u00edculas-infantiles-de-la-Biblia\/ester\/\" >\t\t\t<div class=\"image-glow\" >\n\t\t\t\t<img loading=\"lazy\" decoding=\"async\" width=\"1731\" height=\"2560\" src=\"https:\/\/biblekids.io\/wp-content\/uploads\/2024\/12\/esther-poster-scaled.jpg\" class=\"attachment- size-\" alt=\"\" \/>\t\t\t\t\t\t\t\t\t\t\t<\/div>\n\t\t\t<\/a>\t\t<\/div>\n\n\t\t<div class=\"box-text text-center\" >\n\t\t\t<div class=\"box-text-inner\">\n\t\t\t\t\n\n<h4>Ester <br \/>&#8211; Mi ayuda viene del Se\u00f1or<\/h4>\n<p>Una joven jud\u00eda en Persia se ve de repente en una situaci\u00f3n decisiva para salvar a su pueblo de una cat\u00e1strofe. Una historia conmovedora sobre la fe, el valor y la confianza en el plan de Dios.<\/p>\n\n\t\t\t<\/div>\n\t\t<\/div>\n\t<\/div>\n\t\n\n\t\t<\/div>\n\t\t\t\t\n<style>\n#col-1341462838 > .col-inner {\n  padding: 0px 0px 0px 0px;\n}\n@media (min-width:550px) {\n  #col-1341462838 > .col-inner {\n    padding: 15px 15px 15px 15px;\n  }\n}\n<\/style>\n\t<\/div>\n\n\t\n\n\t<div id=\"col-1172753186\" class=\"col medium-6 small-12 large-4\"  >\n\t\t\t\t<div class=\"col-inner\"  >\n\t\t\t\n\t\t\t\n\n<h3>V\u00e9ase tambi\u00e9n<\/h3>\n\t<div class=\"box has-hover   has-hover box-text-bottom\" >\n\n\t\t<div class=\"box-image\" >\n\t\t\t<a href=\"\/es\/pel\u00edculas-infantiles-de-la-Biblia\/jos\u00edas-el-verdadero-y-el-justo\/\" >\t\t\t<div class=\"image-glow\" >\n\t\t\t\t<img loading=\"lazy\" decoding=\"async\" width=\"905\" height=\"1280\" src=\"https:\/\/biblekids.io\/wp-content\/uploads\/2023\/05\/josiah.jpg\" class=\"attachment- size-\" alt=\"\" \/>\t\t\t\t\t\t\t\t\t\t\t<\/div>\n\t\t\t<\/a>\t\t<\/div>\n\n\t\t<div class=\"box-text text-center\" >\n\t\t\t<div class=\"box-text-inner\">\n\t\t\t\t\n\n<h4>Jos\u00edas: Veraz y justo<\/h4>\n<p>Una conmovedora historia sobre un ni\u00f1o que es coronado rey a los ocho a\u00f1os, en un mundo lleno de maldad e injusticia. A pesar de la falta de buenos ejemplos entre sus predecesores, Jos\u00edas se convierte en un rey sincero y justo. <\/p>\n\n\t\t\t<\/div>\n\t\t<\/div>\n\t<\/div>\n\t\n\n\t\t<\/div>\n\t\t\t\t\n<style>\n#col-1172753186 > .col-inner {\n  padding: 0px 0px 0px 0px;\n}\n@media (min-width:550px) {\n  #col-1172753186 > .col-inner {\n    padding: 15px 15px 15px 15px;\n  }\n}\n<\/style>\n\t<\/div>\n\n\t\n\n<\/div>\n\n\t\t<\/div>\n\n\t\t\n<style>\n#section_1039606237 {\n  padding-top: 30px;\n  padding-bottom: 30px;\n  background-color: rgb(17, 94, 103);\n}\n#section_1039606237 .section-bg-overlay {\n  background-color: rgba(0, 0, 0, 0.5);\n}\n#section_1039606237 .ux-shape-divider--top svg {\n  height: 150px;\n  --divider-top-width: 100%;\n}\n#section_1039606237 .ux-shape-divider--top .ux-shape-fill {\n  fill: rgb(17, 94, 103);\n}\n#section_1039606237 .ux-shape-divider--bottom svg {\n  height: 150px;\n  --divider-width: 100%;\n}\n#section_1039606237 .ux-shape-divider--bottom .ux-shape-fill {\n  fill: #115e67;\n}\n@media (min-width:550px) {\n  #section_1039606237 {\n    padding-top: 30px;\n    padding-bottom: 30px;\n  }\n}\n@media (min-width:850px) {\n  #section_1039606237 {\n    padding-top: 100px;\n    padding-bottom: 100px;\n  }\n}\n<\/style>\n\t<\/section>\n\t\n\n\t<section class=\"section\" id=\"section_409611584\">\n\t\t<div class=\"section-bg fill\" >\n\t\t\t\t\t\t\t\t\t\n\t\t\t\n\n\t\t<\/div>\n\n\t\t\t<div class=\"ux-shape-divider ux-shape-divider--top ux-shape-divider--style-arrow\">\n\t\t<svg viewBox=\"0 0 1000 100\" xmlns=\"http:\/\/www.w3.org\/2000\/svg\" preserveAspectRatio=\"none\">\n\t<path class=\"ux-shape-fill\" d=\"M1000 100H0L0 96H483L500 79L517 96H1000V100Z\"\/>\n<\/svg>\n\t<\/div>\n\n\t<div class=\"ux-shape-divider ux-shape-divider--bottom ux-shape-divider--style-waves-opacity-3\">\n\t\t<svg viewBox=\"0 0 1000 300\" xmlns=\"http:\/\/www.w3.org\/2000\/svg\" preserveAspectRatio=\"none\">\n\t<path class=\"ux-shape-fill\" opacity=\"0.05\" d=\"M1014 264V386H206L34 300C34 300 344.42 277.16 436 221C542 156 590 160 704 209C811 255 899.11 214.94 979 346L1014 264Z\"\/>\n\t<path class=\"ux-shape-fill\" opacity=\"0.1\" d=\"M-302 55C-302 55 -66.73 263.25 50 214C178 160 283 116 353 141C445.68 174.1 534.28 256.19 588 249C692.9 235 764.52 75.94 855 131C940.61 183.09 1000 254 1000 254V328L-306 338L-302 55Z\"\/>\n\t<path class=\"ux-shape-fill\" opacity=\"0.15\" d=\"M-286 255C-286 255 -72 152 52 126C176 100 255 155 436 227C581.57 284.91 614.7 277.79 708 227C787 184 1009 3.0001 1093 164C1146 265.63 1031 293 1031 293L924 377L-288 389L-286 255Z\"\/>\n\t<path class=\"ux-shape-fill\" opacity=\"0.3\" d=\"M-24 69C-24 69 275.68 370.66 389 314C397 310 622 316 673 356C690.47 369.7 845 224 890 182C944.8 130.85 1018 92 1078 143C1154.12 207.7 1196 242 1196 242L1184 374L-28 386L-24 69Z\"\/>\n\t<path class=\"ux-shape-fill\" d=\"M-12 201C-12 201 58 284 182 258C306 232 342.29 221.23 456 264C565 305 640.82 288.36 721 249C776 222 837.5 191.31 935 253C984 284 1030 279 1030 279L1024 430L-12 440V201Z\"\/>\n<\/svg>\n\t<\/div>\n\n\t\t<div class=\"section-content relative\">\n\t\t\t\n\n<div class=\"row row-large\"  id=\"row-1693433733\">\n\n\n\t<div id=\"col-1676434386\" class=\"col medium-6 small-12 large-6\"  >\n\t\t\t\t<div class=\"col-inner dark\"  >\n\t\t\t\n\t\t\t\n\n<h4><strong>Mantente al d\u00eda de nuestras producciones<\/strong><\/h4>\n<p>Trabajamos constantemente para mejorar nuestros contenidos, conceptos y producciones. Suscr\u00edbete a nuestra lista de correo electr\u00f3nico y recibe las \u00faltimas novedades, noticias y curiosidades entre bastidores.  \u00a0<\/p>\n<a href=\"http:\/\/eepurl.com\/h3pcRD\" target=\"_blank\" class=\"button secondary reveal-icon\" rel=\"noopener\" style=\"border-radius:99px;\">\n\t\t<span>Suscr\u00edbete a nuestro bolet\u00edn<\/span>\n\t<i class=\"icon-envelop\" aria-hidden=\"true\"><\/i><\/a>\n\n\n<div class=\"is-divider divider clearfix\" ><\/div>\n\n<h4>Suscr\u00edbete a nuestro canal de YouTube<\/h4>\n<p><img loading=\"lazy\" decoding=\"async\" class=\"alignnone size-medium wp-image-75197\" src=\"https:\/\/staging-bcckids.kinsta.cloud\/wp-content\/uploads\/2023\/08\/youtube_biblekids-455x400.png\" alt=\"\" width=\"455\" height=\"400\"><\/p>\n<p>Suscr\u00edbete a nuestro canal de YouTube, @BibleKidsEN, para ponerte al d\u00eda con todas nuestras historias animadas sobre la Biblia, \u00a1y explora nuestra gran colecci\u00f3n de v\u00eddeos y listas de reproducci\u00f3n!\u00a0<\/p>\n<a href=\"https:\/\/www.youtube.com\/@BibleKidsNO?sub_confirmation=1\" target=\"_blank\" class=\"button secondary reveal-icon\" rel=\"noopener\" style=\"border-radius:99px;\">\n\t\t<span>Suscr\u00edbete ahora<\/span>\n\t<i class=\"icon-youtube\" aria-hidden=\"true\"><\/i><\/a>\n\n\n\n\t\t<\/div>\n\t\t\t\t\t<\/div>\n\n\t\n\n\t<div id=\"col-1316415291\" class=\"col medium-6 small-12 large-6\"  >\n\t\t\t\t<div class=\"col-inner\" style=\"background-color:rgb(255, 255, 255);\" >\n\t\t\t\n\t\t\t\n\n\n<div class=\"wpcf7 no-js\" id=\"wpcf7-f54161-o1\" lang=\"en-US\" dir=\"ltr\" data-wpcf7-id=\"54161\">\n<div class=\"screen-reader-response\"><p role=\"status\" aria-live=\"polite\" aria-atomic=\"true\"><\/p> <ul><\/ul><\/div>\n<form action=\"\/es\/wp-json\/wp\/v2\/pages\/116974#wpcf7-f54161-o1\" method=\"post\" class=\"wpcf7-form init\" aria-label=\"Contact form\" novalidate=\"novalidate\" data-status=\"init\">\n<fieldset class=\"hidden-fields-container\"><input type=\"hidden\" name=\"_wpcf7\" value=\"54161\" \/><input type=\"hidden\" name=\"_wpcf7_version\" value=\"6.1.4\" \/><input type=\"hidden\" name=\"_wpcf7_locale\" value=\"en_US\" \/><input type=\"hidden\" name=\"_wpcf7_unit_tag\" value=\"wpcf7-f54161-o1\" \/><input type=\"hidden\" name=\"_wpcf7_container_post\" value=\"0\" \/><input type=\"hidden\" name=\"_wpcf7_posted_data_hash\" value=\"\" \/><input type=\"hidden\" name=\"_wpcf7_recaptcha_response\" value=\"\" \/>\n<\/fieldset>\n<p><span class=\"wpcf7-form-control-wrap\" data-name=\"your-name\"><input size=\"40\" maxlength=\"400\" class=\"wpcf7-form-control wpcf7-text wpcf7-validates-as-required\" aria-required=\"true\" aria-invalid=\"false\" placeholder=\"What is your name?\" value=\"\" type=\"text\" name=\"your-name\" \/><\/span>\n<\/p>\n<p><span class=\"wpcf7-form-control-wrap\" data-name=\"your-email\"><input size=\"40\" maxlength=\"400\" class=\"wpcf7-form-control wpcf7-email wpcf7-validates-as-required wpcf7-text wpcf7-validates-as-email\" aria-required=\"true\" aria-invalid=\"false\" placeholder=\"What is your email?\" value=\"\" type=\"email\" name=\"your-email\" \/><\/span>\n<\/p>\n<p><span class=\"wpcf7-form-control-wrap\" data-name=\"your-subject\"><input size=\"40\" maxlength=\"400\" class=\"wpcf7-form-control wpcf7-text wpcf7-validates-as-required\" aria-required=\"true\" aria-invalid=\"false\" placeholder=\"Subject\" value=\"\" type=\"text\" name=\"your-subject\" \/><\/span>\n<\/p>\n<p><span class=\"wpcf7-form-control-wrap\" data-name=\"your-message\"><textarea cols=\"40\" rows=\"10\" maxlength=\"2000\" class=\"wpcf7-form-control wpcf7-textarea wpcf7-validates-as-required\" aria-required=\"true\" aria-invalid=\"false\" placeholder=\"Message\" name=\"your-message\"><\/textarea><\/span>\n<\/p>\n<p><input class=\"wpcf7-form-control wpcf7-submit has-spinner\" type=\"submit\" value=\"Submit\" \/>\n<\/p><div class=\"wpcf7-response-output\" aria-hidden=\"true\"><\/div>\n<\/form>\n<\/div>\n\n\n\n\t\t<\/div>\n\t\t\t\t\n<style>\n#col-1316415291 > .col-inner {\n  padding: 20px 0px 10px 0px;\n  border-radius: 8px;\n}\n<\/style>\n\t<\/div>\n\n\t\n\n<\/div>\n\n\t\t<\/div>\n\n\t\t\n<style>\n#section_409611584 {\n  padding-top: 30px;\n  padding-bottom: 30px;\n  background-color: #115e67;\n}\n#section_409611584 .ux-shape-divider--top svg {\n  height: 150px;\n  --divider-top-width: 206%;\n}\n#section_409611584 .ux-shape-divider--top .ux-shape-fill {\n  fill: rgba(17, 94, 103, 0);\n}\n#section_409611584 .ux-shape-divider--bottom svg {\n  height: 150px;\n  --divider-width: 206%;\n}\n#section_409611584 .ux-shape-divider--bottom .ux-shape-fill {\n  fill: rgb(222, 222, 222);\n}\n@media (min-width:550px) {\n  #section_409611584 {\n    padding-top: 50px;\n    padding-bottom: 50px;\n  }\n}\n@media (min-width:850px) {\n  #section_409611584 .ux-shape-divider--top svg {\n    --divider-top-width: 100%;\n  }\n  #section_409611584 .ux-shape-divider--bottom svg {\n    --divider-width: 100%;\n  }\n}\n<\/style>\n\t<\/section>\n\t\n\n\n\n<p><\/p>\n<div id=\"excerpt\" class=\"memsource-post-attribute\"><div class=\"memsource-post-attribute-end\"><\/div><\/div>\n","protected":false},"excerpt":{"rendered":"","protected":false},"author":16409,"featured_media":115478,"parent":77774,"menu_order":0,"comment_status":"closed","ping_status":"closed","template":"page-with-floating-header.php","meta":{"_acf_changed":false,"bcc_login_visibility":1,"bcc_groups":[],"bcc_groups_email":true,"bcc_visibility_groups":[],"bcc_visibility_groups_email":false,"sent_notifications":[],"footnotes":"","_links_to":"","_links_to_target":""},"class_list":["post-116974","page","type-page","status-publish","has-post-thumbnail","hentry"],"acf":[],"yoast_head":"<!-- This site is optimized with the Yoast SEO plugin v26.7 - https:\/\/yoast.com\/wordpress\/plugins\/seo\/ -->\n<title>No\u00e9: un nuevo comienzo - Bible Kids<\/title>\n<meta name=\"description\" content=\"Pel\u00edculas sobre historias b\u00edblicas. Hacemos que el mensaje de la Biblia cobre vida y sea accesible para la pr\u00f3xima generaci\u00f3n de cristianos.\" \/>\n<meta name=\"robots\" content=\"index, follow, max-snippet:-1, max-image-preview:large, max-video-preview:-1\" \/>\n<link rel=\"canonical\" href=\"https:\/\/biblekids.io\/es\/largometrajes-de-la-historias-de-la-biblia\/noe-un-nuevo-comienzo\/\" \/>\n<meta property=\"og:locale\" content=\"es_ES\" \/>\n<meta property=\"og:type\" content=\"article\" \/>\n<meta property=\"og:title\" content=\"No\u00e9: un nuevo comienzo - Bible Kids\" \/>\n<meta property=\"og:description\" content=\"Pel\u00edculas sobre historias b\u00edblicas. Hacemos que el mensaje de la Biblia cobre vida y sea accesible para la pr\u00f3xima generaci\u00f3n de cristianos.\" \/>\n<meta property=\"og:url\" content=\"https:\/\/biblekids.io\/es\/largometrajes-de-la-historias-de-la-biblia\/noe-un-nuevo-comienzo\/\" \/>\n<meta property=\"og:site_name\" content=\"Bible Kids\" \/>\n<meta property=\"article:modified_time\" content=\"2026-04-02T14:15:48+00:00\" \/>\n<meta property=\"og:image\" content=\"https:\/\/biblekids.io\/wp-content\/uploads\/2025\/12\/20250717_Noah_Musikalen-24-scaled.jpg\" \/>\n\t<meta property=\"og:image:width\" content=\"2560\" \/>\n\t<meta property=\"og:image:height\" content=\"1707\" \/>\n\t<meta property=\"og:image:type\" content=\"image\/jpeg\" \/>\n<meta name=\"twitter:card\" content=\"summary_large_image\" \/>\n<meta name=\"twitter:label1\" content=\"Tiempo de lectura\" \/>\n\t<meta name=\"twitter:data1\" content=\"3 minuto\" \/>\n<script type=\"application\/ld+json\" class=\"yoast-schema-graph\">{\"@context\":\"https:\/\/schema.org\",\"@graph\":[{\"@type\":\"WebPage\",\"@id\":\"https:\/\/biblekids.io\/es\/largometrajes-de-la-historias-de-la-biblia\/noe-un-nuevo-comienzo\/\",\"url\":\"https:\/\/biblekids.io\/es\/largometrajes-de-la-historias-de-la-biblia\/noe-un-nuevo-comienzo\/\",\"name\":\"No\u00e9: un nuevo comienzo - Bible Kids\",\"isPartOf\":{\"@id\":\"https:\/\/biblekids.io\/no\/#website\"},\"primaryImageOfPage\":{\"@id\":\"https:\/\/biblekids.io\/es\/largometrajes-de-la-historias-de-la-biblia\/noe-un-nuevo-comienzo\/#primaryimage\"},\"image\":{\"@id\":\"https:\/\/biblekids.io\/es\/largometrajes-de-la-historias-de-la-biblia\/noe-un-nuevo-comienzo\/#primaryimage\"},\"thumbnailUrl\":\"https:\/\/biblekids.io\/wp-content\/uploads\/2025\/12\/20250717_Noah_Musikalen-24-scaled.jpg\",\"datePublished\":\"2025-12-08T09:35:21+00:00\",\"dateModified\":\"2026-04-02T14:15:48+00:00\",\"description\":\"Pel\u00edculas sobre historias b\u00edblicas. Hacemos que el mensaje de la Biblia cobre vida y sea accesible para la pr\u00f3xima generaci\u00f3n de cristianos.\",\"breadcrumb\":{\"@id\":\"https:\/\/biblekids.io\/es\/largometrajes-de-la-historias-de-la-biblia\/noe-un-nuevo-comienzo\/#breadcrumb\"},\"inLanguage\":\"es\",\"potentialAction\":[{\"@type\":\"ReadAction\",\"target\":[\"https:\/\/biblekids.io\/es\/largometrajes-de-la-historias-de-la-biblia\/noe-un-nuevo-comienzo\/\"]}]},{\"@type\":\"ImageObject\",\"inLanguage\":\"es\",\"@id\":\"https:\/\/biblekids.io\/es\/largometrajes-de-la-historias-de-la-biblia\/noe-un-nuevo-comienzo\/#primaryimage\",\"url\":\"https:\/\/biblekids.io\/wp-content\/uploads\/2025\/12\/20250717_Noah_Musikalen-24-scaled.jpg\",\"contentUrl\":\"https:\/\/biblekids.io\/wp-content\/uploads\/2025\/12\/20250717_Noah_Musikalen-24-scaled.jpg\",\"width\":2560,\"height\":1707},{\"@type\":\"BreadcrumbList\",\"@id\":\"https:\/\/biblekids.io\/es\/largometrajes-de-la-historias-de-la-biblia\/noe-un-nuevo-comienzo\/#breadcrumb\",\"itemListElement\":[{\"@type\":\"ListItem\",\"position\":1,\"name\":\"Hjem\",\"item\":\"https:\/\/biblekids.io\/es\/\"},{\"@type\":\"ListItem\",\"position\":2,\"name\":\"No\u00e9: un nuevo comienzo\"}]},{\"@type\":\"WebSite\",\"@id\":\"https:\/\/biblekids.io\/no\/#website\",\"url\":\"https:\/\/biblekids.io\/no\/\",\"name\":\"Bible Kids\",\"description\":\"Historias b\u00edblicas para ni\u00f1os\",\"potentialAction\":[{\"@type\":\"SearchAction\",\"target\":{\"@type\":\"EntryPoint\",\"urlTemplate\":\"https:\/\/biblekids.io\/no\/?s={search_term_string}\"},\"query-input\":{\"@type\":\"PropertyValueSpecification\",\"valueRequired\":true,\"valueName\":\"search_term_string\"}}],\"inLanguage\":\"es\"}]}<\/script>\n<!-- \/ Yoast SEO plugin. -->","yoast_head_json":{"title":"No\u00e9: un nuevo comienzo - Bible Kids","description":"Pel\u00edculas sobre historias b\u00edblicas. Hacemos que el mensaje de la Biblia cobre vida y sea accesible para la pr\u00f3xima generaci\u00f3n de cristianos.","robots":{"index":"index","follow":"follow","max-snippet":"max-snippet:-1","max-image-preview":"max-image-preview:large","max-video-preview":"max-video-preview:-1"},"canonical":"https:\/\/biblekids.io\/es\/largometrajes-de-la-historias-de-la-biblia\/noe-un-nuevo-comienzo\/","og_locale":"es_ES","og_type":"article","og_title":"No\u00e9: un nuevo comienzo - Bible Kids","og_description":"Pel\u00edculas sobre historias b\u00edblicas. Hacemos que el mensaje de la Biblia cobre vida y sea accesible para la pr\u00f3xima generaci\u00f3n de cristianos.","og_url":"https:\/\/biblekids.io\/es\/largometrajes-de-la-historias-de-la-biblia\/noe-un-nuevo-comienzo\/","og_site_name":"Bible Kids","article_modified_time":"2026-04-02T14:15:48+00:00","og_image":[{"width":2560,"height":1707,"url":"https:\/\/biblekids.io\/wp-content\/uploads\/2025\/12\/20250717_Noah_Musikalen-24-scaled.jpg","type":"image\/jpeg"}],"twitter_card":"summary_large_image","twitter_misc":{"Tiempo de lectura":"3 minuto"},"schema":{"@context":"https:\/\/schema.org","@graph":[{"@type":"WebPage","@id":"https:\/\/biblekids.io\/es\/largometrajes-de-la-historias-de-la-biblia\/noe-un-nuevo-comienzo\/","url":"https:\/\/biblekids.io\/es\/largometrajes-de-la-historias-de-la-biblia\/noe-un-nuevo-comienzo\/","name":"No\u00e9: un nuevo comienzo - Bible Kids","isPartOf":{"@id":"https:\/\/biblekids.io\/no\/#website"},"primaryImageOfPage":{"@id":"https:\/\/biblekids.io\/es\/largometrajes-de-la-historias-de-la-biblia\/noe-un-nuevo-comienzo\/#primaryimage"},"image":{"@id":"https:\/\/biblekids.io\/es\/largometrajes-de-la-historias-de-la-biblia\/noe-un-nuevo-comienzo\/#primaryimage"},"thumbnailUrl":"https:\/\/biblekids.io\/wp-content\/uploads\/2025\/12\/20250717_Noah_Musikalen-24-scaled.jpg","datePublished":"2025-12-08T09:35:21+00:00","dateModified":"2026-04-02T14:15:48+00:00","description":"Pel\u00edculas sobre historias b\u00edblicas. Hacemos que el mensaje de la Biblia cobre vida y sea accesible para la pr\u00f3xima generaci\u00f3n de cristianos.","breadcrumb":{"@id":"https:\/\/biblekids.io\/es\/largometrajes-de-la-historias-de-la-biblia\/noe-un-nuevo-comienzo\/#breadcrumb"},"inLanguage":"es","potentialAction":[{"@type":"ReadAction","target":["https:\/\/biblekids.io\/es\/largometrajes-de-la-historias-de-la-biblia\/noe-un-nuevo-comienzo\/"]}]},{"@type":"ImageObject","inLanguage":"es","@id":"https:\/\/biblekids.io\/es\/largometrajes-de-la-historias-de-la-biblia\/noe-un-nuevo-comienzo\/#primaryimage","url":"https:\/\/biblekids.io\/wp-content\/uploads\/2025\/12\/20250717_Noah_Musikalen-24-scaled.jpg","contentUrl":"https:\/\/biblekids.io\/wp-content\/uploads\/2025\/12\/20250717_Noah_Musikalen-24-scaled.jpg","width":2560,"height":1707},{"@type":"BreadcrumbList","@id":"https:\/\/biblekids.io\/es\/largometrajes-de-la-historias-de-la-biblia\/noe-un-nuevo-comienzo\/#breadcrumb","itemListElement":[{"@type":"ListItem","position":1,"name":"Hjem","item":"https:\/\/biblekids.io\/es\/"},{"@type":"ListItem","position":2,"name":"No\u00e9: un nuevo comienzo"}]},{"@type":"WebSite","@id":"https:\/\/biblekids.io\/no\/#website","url":"https:\/\/biblekids.io\/no\/","name":"Bible Kids","description":"Historias b\u00edblicas para ni\u00f1os","potentialAction":[{"@type":"SearchAction","target":{"@type":"EntryPoint","urlTemplate":"https:\/\/biblekids.io\/no\/?s={search_term_string}"},"query-input":{"@type":"PropertyValueSpecification","valueRequired":true,"valueName":"search_term_string"}}],"inLanguage":"es"}]}},"_links":{"self":[{"href":"https:\/\/biblekids.io\/es\/wp-json\/wp\/v2\/pages\/116974","targetHints":{"allow":["GET"]}}],"collection":[{"href":"https:\/\/biblekids.io\/es\/wp-json\/wp\/v2\/pages"}],"about":[{"href":"https:\/\/biblekids.io\/es\/wp-json\/wp\/v2\/types\/page"}],"author":[{"embeddable":true,"href":"https:\/\/biblekids.io\/es\/wp-json\/wp\/v2\/users\/16409"}],"replies":[{"embeddable":true,"href":"https:\/\/biblekids.io\/es\/wp-json\/wp\/v2\/comments?post=116974"}],"version-history":[{"count":1,"href":"https:\/\/biblekids.io\/es\/wp-json\/wp\/v2\/pages\/116974\/revisions"}],"predecessor-version":[{"id":116975,"href":"https:\/\/biblekids.io\/es\/wp-json\/wp\/v2\/pages\/116974\/revisions\/116975"}],"up":[{"embeddable":true,"href":"https:\/\/biblekids.io\/es\/wp-json\/wp\/v2\/pages\/77774"}],"wp:featuredmedia":[{"embeddable":true,"href":"https:\/\/biblekids.io\/es\/wp-json\/wp\/v2\/media\/115478"}],"wp:attachment":[{"href":"https:\/\/biblekids.io\/es\/wp-json\/wp\/v2\/media?parent=116974"}],"curies":[{"name":"wp","href":"https:\/\/api.w.org\/{rel}","templated":true}]}}