{"id":44429,"date":"2020-10-19T12:23:44","date_gmt":"2020-10-19T10:23:44","guid":{"rendered":"https:\/\/biblekids.io\/quienes-somos\/"},"modified":"2021-01-19T12:12:11","modified_gmt":"2021-01-19T11:12:11","slug":"quienes-somos","status":"publish","type":"page","link":"https:\/\/biblekids.io\/es\/quienes-somos\/","title":{"rendered":"Qui\u00e9nes somos"},"content":{"rendered":"<div class=\"row align-middle\"  id=\"row-18250033\">\n\n\t<div id=\"col-165681088\" class=\"col medium-6 small-12 large-6\"  >\n\t\t\t\t<div class=\"col-inner\"  >\n\t\t\t\n\t\t\t\n<h1>\u00a1Somos nosotros!<\/h1>\n<p class=\"lead\">La fundaci\u00f3n BCC Media es una organizaci\u00f3n medi\u00e1tica no comercial que produce y distribuye contenido con valores positivos y cristianos. La fundaci\u00f3n pertenece a la asociaci\u00f3n <g id=\"gid_0\">Brunstad Christian Church (BCC).<\/g> Una de nuestras principales iniciativas es el contenido cristiano para ni\u00f1os.El equipo que trabaja con esto es un grupo j\u00f3ven y creativo, con una gran amplitud de conocimientos y experiencia. \u00a1Nos apasiona nuestro trabajo! <\/p>\n\t\t<\/div>\n\t\t\t\t\t<\/div>\n\n\t\n\n\t<div id=\"col-2005140151\" class=\"col medium-6 small-12 large-6\"  >\n\t\t\t\t<div class=\"col-inner\"  >\n\t\t\t\n\t\t\t\n\t<div class=\"img has-hover x md-x lg-x y md-y lg-y\" id=\"image_1842823620\">\n\t\t\t\t\t\t\t\t<div class=\"img-inner dark\" >\n\t\t\t<img loading=\"lazy\" decoding=\"async\" width=\"1280\" height=\"1280\" src=\"https:\/\/biblekids.io\/wp-content\/uploads\/2020\/11\/photo_2020-11-24-09.32.51.jpeg\" class=\"attachment-original size-original\" alt=\"\" \/>\t\t\t\t\t\t\n\t\t\t\t\t<\/div>\n\t\t\t\t\t\t\t\t\n<style>\n#image_1842823620 {\n  width: 100%;\n}\n<\/style>\n\t<\/div>\n\t\n\t\t<\/div>\n\t\t\t\t\t<\/div>\n\n\t\n<\/div>\n\n\t<section class=\"section\" id=\"section_1301734515\">\n\t\t<div class=\"section-bg fill\" >\n\t\t\t\t\t\t\t\t\t\n\t\t\t\n\n\t\t<\/div>\n\n\t\t\n\n\t\t<div class=\"section-content relative\">\n\t\t\t\n<div class=\"row\"  id=\"row-392810973\">\n\n\t<div id=\"col-1598344276\" class=\"col small-12 large-12\"  >\n\t\t\t\t<div class=\"col-inner text-center\"  >\n\t\t\t\n\t\t\t\n<h2>Nuestra visi\u00f3n es que los ni\u00f1os reciban a Jes\u00fas como su mejor amigo, por el resto de sus vidas.<\/h2>\n\t\t<\/div>\n\t\t\t\t\n<style>\n#col-1598344276 > .col-inner {\n  padding: 30px 0px 0px 0px;\n}\n<\/style>\n\t<\/div>\n\n\t\n<\/div>\n\t\t<\/div>\n\n\t\t\n<style>\n#section_1301734515 {\n  padding-top: 60px;\n  padding-bottom: 60px;\n  background-color: rgb(251, 242, 228);\n}\n<\/style>\n\t<\/section>\n\t\n\n\t<section class=\"section\" id=\"section_124472727\">\n\t\t<div class=\"section-bg fill\" >\n\t\t\t\t\t\t\t\t\t\n\t\t\t\n\n\t\t<\/div>\n\n\t\t\n\n\t\t<div class=\"section-content relative\">\n\t\t\t\n<div class=\"row\"  id=\"row-1613772730\">\n\n\t<div id=\"col-1170790902\" class=\"col small-12 large-12\"  >\n\t\t\t\t<div class=\"col-inner\"  >\n\t\t\t\n\t\t\t\n<h3>Los tiempos de excepci\u00f3n crean compromiso<\/h3>\n<p class=\"lead\"><span style=\"font-weight: 400;\"><img loading=\"lazy\" decoding=\"async\" class=\"wp-image-41943 alignleft\" src=\"https:\/\/biblekids.io\/wp-content\/uploads\/2020\/11\/kidsmeet-paaske-711x400.jpg\" alt=\"\" width=\"500\" height=\"281\" \/>Cuando la pandemia golpe\u00f3 con toda su fuerza a principios de marzo de 2020, todo lo conocido y establecido fue puesto en jaque. Esto fue un desaf\u00edo sobre todo para los ni\u00f1os en las escuelas dominicales alrededor de todo el mundo, que sol\u00edan reunirse semanalmente. Pues eso ya no era posible hacerlo.<\/span><\/p>\n<p class=\"lead\"><span style=\"font-weight: 400;\">Con el fin de suplir esta ausencia, BCC Media intensific\u00f3 la producci\u00f3n de contenido cristiano para ni\u00f1os, de tal manera que este vac\u00edo pudiera ser llenado. La visi\u00f3n fue brindar a todos los ni\u00f1os una ense\u00f1anza buena y sana en la fe, a trav\u00e9s de medios digitales. El resultado ha sido una base de datos bien surtida de series animadas y transmisiones desde estudio en 14 idiomas. Hemos organizado este material en p\u00e1ginas por temas, que contienen todo lo necesario para organizar una escuela dominical, ya sea para un grupo de ni\u00f1os en la iglesia local o para contar en el hogar con esta ense\u00f1anza en la fe.<\/span><\/p>\n<p class=\"lead\"><span style=\"font-weight: 400;\"><img loading=\"lazy\" decoding=\"async\" class=\"wp-image-43042 alignright\" src=\"https:\/\/biblekids.io\/wp-content\/uploads\/2020\/11\/brunstad_christian_church_kristen_ungdom_fellesskap_media_12-e1600501319259-678x400.jpg\" alt=\"\" width=\"500\" height=\"295\" \/>En las p\u00e1ginas tem\u00e1ticas podr\u00e1s encontrar pel\u00edculas animadas, textos, videos musicales y tareas creativas, entre otros. \u00c9stas est\u00e1n ligadas a un tema espec\u00edfico, y uno puede f\u00e1cilmente escoger el tema m\u00e1s adecuado para su grupo infantil. <\/span><\/p>\n<p class=\"lead\"><span style=\"font-weight: 400;\">Mira el calendario para obtener una visi\u00f3n general de lo que hemos planeado para el futuro. Entra a las p\u00e1ginas por <a href=\"https:\/\/biblekids.io\/es\/temas\/\">temas<\/a> para comenzar a usar los recursos ya disponibles.<\/span><\/p>\n<p class=\"lead\">\u00bfTienes preguntas? No dudes en contactarnos en redaksjon@bcc.no<\/p>\n\t\t<\/div>\n\t\t\t\t\t<\/div>\n\n\t\n<\/div>\n\t\t<\/div>\n\n\t\t\n<style>\n#section_124472727 {\n  padding-top: 100px;\n  padding-bottom: 100px;\n}\n<\/style>\n\t<\/section>\n\t\n\n<div class=\"row\"  id=\"row-1714563458\">\n\n\t<div id=\"col-476213014\" class=\"col small-12 large-12\"  >\n\t\t\t\t<div class=\"col-inner\"  >\n\t\t\t\n\t\t\t\n  <div id=\"page-header-1792473073\" class=\"page-header-wrapper\">\n  <div class=\"page-title light divided-title\">\n\n    \n    <div class=\"page-title-inner container align-center flex-row medium-flex-wrap\" >\n              <div class=\"title-wrapper is-small flex-col text-left medium-text-center\">\n          <h1 class=\"entry-title mb-0\">\n            Qui\u00e9nes somos          <\/h1>\n        <\/div>\n                    <div class=\"title-content flex-col flex-right text-right medium-text-center\">\n        <div class=\"title-breadcrumbs pb-half pt-half\"><\/div>      <\/div>\n    <\/div>\n\n       <\/div>\n  <div class=\"container header-wrapper-divider\"><hr\/><\/div>  <\/div>\n  \n<p class=\"lead\"><img loading=\"lazy\" decoding=\"async\" class=\"wp-image-41983 alignright\" src=\"https:\/\/biblekids.io\/wp-content\/uploads\/2020\/11\/barnemeet-708x400.jpg\" alt=\"\" width=\"500\" height=\"282\" \/><\/p>\n<p class=\"lead\"><span style=\"font-weight: 400;\">BCC ha organizado escuelas dominicales desde principios del siglo XX. Este trabajo es voluntario y surge del celo fogoso y entra\u00f1able de transmitir el evangelio de Jes\u00fas, con el mensaje central de que podemos seguir a Jes\u00fas y hacer su voluntad. Jes\u00fas vino con perd\u00f3n y reconciliaci\u00f3n, pero tambi\u00e9n con un camino de salida del pecado.<\/span><span style=\"font-weight: 400;\">No estamos destinados a seguir pecando, podemos guardar los mandamientos de Jes\u00fas y seguir el ejemplo que \u00c9l nos dej\u00f3. Esto es posible a trav\u00e9s del poder del Esp\u00edritu Santo. <\/span> Jes\u00fas ha venido a nosotros con una esperanza completamente nueva. Esta es la buena nueva, tambi\u00e9n para los ni\u00f1os.<\/p>\n<p class=\"lead\"><span style=\"font-weight: 400;\">Lee m\u00e1s sobre <a href=\"https:\/\/bcc.no\/en\/\">BCC<\/a> aqu\u00ed.<\/span><\/p>\n\t\t<\/div>\n\t\t\t\t\t<\/div>\n\n\t\n<\/div>\n","protected":false},"excerpt":{"rendered":"","protected":false},"author":5,"featured_media":0,"parent":0,"menu_order":0,"comment_status":"closed","ping_status":"closed","template":"page-blank.php","meta":{"_acf_changed":false,"bcc_login_visibility":0,"bcc_groups":[],"bcc_groups_email":true,"bcc_visibility_groups":[],"bcc_visibility_groups_email":false,"sent_notifications":[],"footnotes":"","_links_to":"","_links_to_target":""},"class_list":["post-44429","page","type-page","status-publish","hentry"],"acf":[],"yoast_head":"<!-- This site is optimized with the Yoast SEO plugin v27.4 - https:\/\/yoast.com\/product\/yoast-seo-wordpress\/ -->\n<title>Qui\u00e9nes somos - Bible Kids<\/title>\n<meta name=\"robots\" content=\"index, follow, max-snippet:-1, max-image-preview:large, max-video-preview:-1\" \/>\n<link rel=\"canonical\" href=\"https:\/\/biblekids.io\/no\/om-oss\/\" \/>\n<meta property=\"og:locale\" content=\"es_ES\" \/>\n<meta property=\"og:type\" content=\"article\" \/>\n<meta property=\"og:title\" content=\"Qui\u00e9nes somos - Bible Kids\" \/>\n<meta property=\"og:url\" content=\"https:\/\/biblekids.io\/no\/om-oss\/\" \/>\n<meta property=\"og:site_name\" content=\"Bible Kids\" \/>\n<meta property=\"article:modified_time\" content=\"2021-01-19T11:12:11+00:00\" \/>\n<meta property=\"og:image\" content=\"https:\/\/biblekids.io\/wp-content\/uploads\/2020\/11\/kidsmeet-paaske-711x400.jpg\" \/>\n<meta name=\"twitter:card\" content=\"summary_large_image\" \/>\n<meta name=\"twitter:label1\" content=\"Tiempo de lectura\" \/>\n\t<meta name=\"twitter:data1\" content=\"5 minuto\" \/>\n<script type=\"application\/ld+json\" class=\"yoast-schema-graph\">{\"@context\":\"https:\\\/\\\/schema.org\",\"@graph\":[{\"@type\":\"WebPage\",\"@id\":\"https:\\\/\\\/biblekids.io\\\/no\\\/om-oss\\\/\",\"url\":\"https:\\\/\\\/biblekids.io\\\/no\\\/om-oss\\\/\",\"name\":\"Qui\u00e9nes somos - Bible Kids\",\"isPartOf\":{\"@id\":\"https:\\\/\\\/biblekids.io\\\/no\\\/#website\"},\"primaryImageOfPage\":{\"@id\":\"https:\\\/\\\/biblekids.io\\\/no\\\/om-oss\\\/#primaryimage\"},\"image\":{\"@id\":\"https:\\\/\\\/biblekids.io\\\/no\\\/om-oss\\\/#primaryimage\"},\"thumbnailUrl\":\"https:\\\/\\\/biblekids.io\\\/wp-content\\\/uploads\\\/2020\\\/11\\\/kidsmeet-paaske-711x400.jpg\",\"datePublished\":\"2020-10-19T10:23:44+00:00\",\"dateModified\":\"2021-01-19T11:12:11+00:00\",\"breadcrumb\":{\"@id\":\"https:\\\/\\\/biblekids.io\\\/no\\\/om-oss\\\/#breadcrumb\"},\"inLanguage\":\"es\",\"potentialAction\":[{\"@type\":\"ReadAction\",\"target\":[\"https:\\\/\\\/biblekids.io\\\/no\\\/om-oss\\\/\"]}]},{\"@type\":\"ImageObject\",\"inLanguage\":\"es\",\"@id\":\"https:\\\/\\\/biblekids.io\\\/no\\\/om-oss\\\/#primaryimage\",\"url\":\"https:\\\/\\\/biblekids.io\\\/wp-content\\\/uploads\\\/2020\\\/11\\\/kidsmeet-paaske-711x400.jpg\",\"contentUrl\":\"https:\\\/\\\/biblekids.io\\\/wp-content\\\/uploads\\\/2020\\\/11\\\/kidsmeet-paaske-711x400.jpg\"},{\"@type\":\"BreadcrumbList\",\"@id\":\"https:\\\/\\\/biblekids.io\\\/no\\\/om-oss\\\/#breadcrumb\",\"itemListElement\":[{\"@type\":\"ListItem\",\"position\":1,\"name\":\"Hjem\",\"item\":\"https:\\\/\\\/biblekids.io\\\/es\\\/\"},{\"@type\":\"ListItem\",\"position\":2,\"name\":\"Qui\u00e9nes somos\"}]},{\"@type\":\"WebSite\",\"@id\":\"https:\\\/\\\/biblekids.io\\\/no\\\/#website\",\"url\":\"https:\\\/\\\/biblekids.io\\\/no\\\/\",\"name\":\"Bible Kids\",\"description\":\"Historias b\u00edblicas para ni\u00f1os\",\"potentialAction\":[{\"@type\":\"SearchAction\",\"target\":{\"@type\":\"EntryPoint\",\"urlTemplate\":\"https:\\\/\\\/biblekids.io\\\/no\\\/?s={search_term_string}\"},\"query-input\":{\"@type\":\"PropertyValueSpecification\",\"valueRequired\":true,\"valueName\":\"search_term_string\"}}],\"inLanguage\":\"es\"}]}<\/script>\n<!-- \/ Yoast SEO plugin. -->","yoast_head_json":{"title":"Qui\u00e9nes somos - Bible Kids","robots":{"index":"index","follow":"follow","max-snippet":"max-snippet:-1","max-image-preview":"max-image-preview:large","max-video-preview":"max-video-preview:-1"},"canonical":"https:\/\/biblekids.io\/no\/om-oss\/","og_locale":"es_ES","og_type":"article","og_title":"Qui\u00e9nes somos - Bible Kids","og_url":"https:\/\/biblekids.io\/no\/om-oss\/","og_site_name":"Bible Kids","article_modified_time":"2021-01-19T11:12:11+00:00","og_image":[{"url":"https:\/\/biblekids.io\/wp-content\/uploads\/2020\/11\/kidsmeet-paaske-711x400.jpg","type":"","width":"","height":""}],"twitter_card":"summary_large_image","twitter_misc":{"Tiempo de lectura":"5 minuto"},"schema":{"@context":"https:\/\/schema.org","@graph":[{"@type":"WebPage","@id":"https:\/\/biblekids.io\/no\/om-oss\/","url":"https:\/\/biblekids.io\/no\/om-oss\/","name":"Qui\u00e9nes somos - Bible Kids","isPartOf":{"@id":"https:\/\/biblekids.io\/no\/#website"},"primaryImageOfPage":{"@id":"https:\/\/biblekids.io\/no\/om-oss\/#primaryimage"},"image":{"@id":"https:\/\/biblekids.io\/no\/om-oss\/#primaryimage"},"thumbnailUrl":"https:\/\/biblekids.io\/wp-content\/uploads\/2020\/11\/kidsmeet-paaske-711x400.jpg","datePublished":"2020-10-19T10:23:44+00:00","dateModified":"2021-01-19T11:12:11+00:00","breadcrumb":{"@id":"https:\/\/biblekids.io\/no\/om-oss\/#breadcrumb"},"inLanguage":"es","potentialAction":[{"@type":"ReadAction","target":["https:\/\/biblekids.io\/no\/om-oss\/"]}]},{"@type":"ImageObject","inLanguage":"es","@id":"https:\/\/biblekids.io\/no\/om-oss\/#primaryimage","url":"https:\/\/biblekids.io\/wp-content\/uploads\/2020\/11\/kidsmeet-paaske-711x400.jpg","contentUrl":"https:\/\/biblekids.io\/wp-content\/uploads\/2020\/11\/kidsmeet-paaske-711x400.jpg"},{"@type":"BreadcrumbList","@id":"https:\/\/biblekids.io\/no\/om-oss\/#breadcrumb","itemListElement":[{"@type":"ListItem","position":1,"name":"Hjem","item":"https:\/\/biblekids.io\/es\/"},{"@type":"ListItem","position":2,"name":"Qui\u00e9nes somos"}]},{"@type":"WebSite","@id":"https:\/\/biblekids.io\/no\/#website","url":"https:\/\/biblekids.io\/no\/","name":"Bible Kids","description":"Historias b\u00edblicas para ni\u00f1os","potentialAction":[{"@type":"SearchAction","target":{"@type":"EntryPoint","urlTemplate":"https:\/\/biblekids.io\/no\/?s={search_term_string}"},"query-input":{"@type":"PropertyValueSpecification","valueRequired":true,"valueName":"search_term_string"}}],"inLanguage":"es"}]}},"_links":{"self":[{"href":"https:\/\/biblekids.io\/es\/wp-json\/wp\/v2\/pages\/44429","targetHints":{"allow":["GET"]}}],"collection":[{"href":"https:\/\/biblekids.io\/es\/wp-json\/wp\/v2\/pages"}],"about":[{"href":"https:\/\/biblekids.io\/es\/wp-json\/wp\/v2\/types\/page"}],"author":[{"embeddable":true,"href":"https:\/\/biblekids.io\/es\/wp-json\/wp\/v2\/users\/5"}],"replies":[{"embeddable":true,"href":"https:\/\/biblekids.io\/es\/wp-json\/wp\/v2\/comments?post=44429"}],"version-history":[{"count":0,"href":"https:\/\/biblekids.io\/es\/wp-json\/wp\/v2\/pages\/44429\/revisions"}],"wp:attachment":[{"href":"https:\/\/biblekids.io\/es\/wp-json\/wp\/v2\/media?parent=44429"}],"curies":[{"name":"wp","href":"https:\/\/api.w.org\/{rel}","templated":true}]}}