{"id":74788,"date":"2023-08-04T16:25:06","date_gmt":"2023-08-04T14:25:06","guid":{"rendered":"https:\/\/biblekids.io\/?page_id=74788"},"modified":"2023-09-13T12:32:16","modified_gmt":"2023-09-13T10:32:16","slug":"tweens","status":"publish","type":"page","link":"https:\/\/biblekids.io\/es\/tweens\/","title":{"rendered":"Tweens"},"content":{"rendered":"\n\n\t<section class=\"section\" id=\"section_1933812138\">\n\t\t<div class=\"section-bg fill\" >\n\t\t\t\t\t\t\t\t\t\n\t\t\t\n\n\t\t<\/div>\n\n\t\t\n\n\t\t<div class=\"section-content relative\">\n\t\t\t\n\n<div class=\"row align-center\"  id=\"row-572356798\">\n\n\n\t<div id=\"col-2090467166\" class=\"col hero-description medium-12 small-12 large-3\"  >\n\t\t\t\t<div class=\"col-inner text-center\"  >\n\t\t\t\n\t\t\t\n\n<p>&nbsp;<\/p>\n<h3><img loading=\"lazy\" decoding=\"async\" class=\"alignnone size-medium wp-image-73770\" src=\"https:\/\/biblekids.io\/wp-content\/uploads\/2023\/06\/Logo-green-1-800x398.png\" alt=\"\" width=\"800\" height=\"398\">&nbsp;12 + a\u00f1os<\/h3>\n<p>&nbsp;<\/p>\n\n\t\t<\/div>\n\t\t\t\t\n<style>\n#col-2090467166 > .col-inner {\n  padding: 0px1 0px 0px 0px;\n}\n@media (min-width:550px) {\n  #col-2090467166 > .col-inner {\n    padding: 0px 0px 0 0px;\n  }\n}\n@media (min-width:850px) {\n  #col-2090467166 > .col-inner {\n    padding: 30px 0px 30px 0px;\n  }\n}\n<\/style>\n\t<\/div>\n\n\t\n\n<\/div>\n\n\t\t<\/div>\n\n\t\t\n<style>\n#section_1933812138 {\n  padding-top: 0px;\n  padding-bottom: 0px;\n}\n<\/style>\n\t<\/section>\n\t\n\n\t<section class=\"section\" id=\"section_326933287\">\n\t\t<div class=\"section-bg fill\" >\n\t\t\t\t\t\t\t\t\t\n\t\t\t\n\n\t\t<\/div>\n\n\t\t\n\n\t\t<div class=\"section-content relative\">\n\t\t\t\n\n<div class=\"row\"  id=\"row-923904637\">\n\n\n\t<div id=\"col-475414864\" class=\"col no-bottom-padding medium-6 small-12 large-6\"  >\n\t\t\t\t<div class=\"col-inner\"  >\n\t\t\t\n\t\t\t\n\n<p><strong>Los ni\u00f1os mas grandes<\/strong><\/p>\n<div>\n<h2>Una fe personal<\/h2>\n<\/div>\n<p>La transici\u00f3n de la infancia a la adolescencia puede ser exigente. Son muchas las cosas que pasan dentro y alrededor de estos j\u00f3venes, por lo que es necesario un entorno seguro e integrador con buenas experiencias. Muchos se encaminan hacia una fe personal y algunos ya est\u00e1n tomando una decisi\u00f3n en este momento. Por lo tanto, es importante que escuchen el Evangelio y lleguen a creer que Jes\u00fas era un ser humano como nosotros, y que puede comprender y ayudar en todas las situaciones de la vida.   <\/p>\n\n<div class=\"accordion\">\n\n\t<div id=\"accordion-1391767163\" class=\"accordion-item\">\n\t\t<a id=\"accordion-1391767163-label\" class=\"accordion-title plain\" href=\"#accordion-item-tips-para-las-reunions-de-tweens\" aria-expanded=\"false\" aria-controls=\"accordion-1391767163-content\">\n\t\t\t<button class=\"toggle\" aria-label=\"Toggle\"><i class=\"icon-angle-down\" aria-hidden=\"true\"><\/i><\/button>\n\t\t\t<span>Tips para las reunions de tweens<\/span>\n\t\t<\/a>\n\t\t<div id=\"accordion-1391767163-content\" class=\"accordion-inner\" aria-labelledby=\"accordion-1391767163-label\">\n\t\t\t\n\n<ul>\n<li>Este grupo suele ser algo m\u00e1s reducido, lo que permite una mayor individualidad y personalizaci\u00f3n.<\/li>\n<li><span style=\"color: #555555;\">Todos los preadolescentes deben sentirse vistos y aceptados por lo que son. Deben sentirse en contacto con otros preadolescentes y con mentores que se interesen de verdad por su bienestar. <\/span><\/li>\n<li><span style=\"color: #555555;\">Puede que a los preadolescentes no les resulte tan natural cantar en voz alta en grupo como a los ni\u00f1os m\u00e1s peque\u00f1os. Una alternativa podr\u00eda ser escuchar o leer canciones juntos y hablar sobre  <\/span><\/li>\n<li><span style=\"color: #555555;\">Las sesiones y, sobre todo, las actividades deben adaptarse al m\u00e1ximo a los intereses de los preadolescentes del grupo.<\/span><\/li>\n<\/ul>\n\n\t\t<\/div>\n\t<\/div>\n\t\n\n<\/div>\n\n\t\t<\/div>\n\t\t\t\t\t<\/div>\n\n\t\n\n\t<div id=\"col-1915450159\" class=\"col no-padding medium-6 small-12 large-6\"  >\n\t\t\t\t<div class=\"col-inner text-center\"  >\n\t\t\t\n\t\t\t\n\n\t<div class=\"img has-hover x md-x lg-x y md-y lg-y\" id=\"image_644199650\">\n\t\t\t\t\t\t\t\t<div class=\"img-inner dark\" >\n\t\t\t<img loading=\"lazy\" decoding=\"async\" width=\"800\" height=\"800\" src=\"https:\/\/biblekids.io\/wp-content\/uploads\/2023\/08\/Green-round-800x800.png\" class=\"attachment-large size-large\" alt=\"\" \/>\t\t\t\t\t\t\n\t\t\t\t\t<\/div>\n\t\t\t\t\t\t\t\t\n<style>\n#image_644199650 {\n  width: 71%;\n}\n<\/style>\n\t<\/div>\n\t\n\n\n\t\t<\/div>\n\t\t\t\t\t<\/div>\n\n\t\n\n<\/div>\n\n\t\t<\/div>\n\n\t\t\n<style>\n#section_326933287 {\n  padding-top: 30px;\n  padding-bottom: 30px;\n  background-color: rgb(247, 247, 247);\n}\n<\/style>\n\t<\/section>\n\t\n\n\t<section class=\"section latest-themes\" id=\"section_1710576954\">\n\t\t<div class=\"section-bg fill\" >\n\t\t\t\t\t\t\t\t\t\n\t\t\t\n\n\t\t<\/div>\n\n\t\t\n\n\t\t<div class=\"section-content relative\">\n\t\t\t\n\n<div class=\"row\"  id=\"row-1059454506\">\n\n\n\t<div id=\"col-1347613908\" class=\"col small-12 large-12\"  >\n\t\t\t\t<div class=\"col-inner\"  >\n\t\t\t\n\t\t\t\n\n<h3 style=\"text-align: center;\">Ultimas Publicaciones de temas para tweens<\/h3>\n\t<div id=\"gap-926539258\" class=\"gap-element clearfix\" style=\"display:block; height:auto;\">\n\t\t\n<style>\n#gap-926539258 {\n  padding-top: 50px;\n}\n<\/style>\n\t<\/div>\n\t\n\n\n  \n    <div class=\"row large-columns-3 medium-columns-1 small-columns-1 row-small\" >\n  <\/div>\n\n\n\t\t<\/div>\n\t\t\t\t\t<\/div>\n\n\t\n\n\n<style>\n#row-1059454506 > .col > .col-inner {\n  padding: 0px 0px 0px 0px;\n}\n@media (min-width:550px) {\n  #row-1059454506 > .col > .col-inner {\n    padding: 0px 0px 30px 0px;\n  }\n}\n@media (min-width:850px) {\n  #row-1059454506 > .col > .col-inner {\n    padding: 50px 0px 70px 0px;\n  }\n}\n<\/style>\n<\/div>\n\n\t\t<\/div>\n\n\t\t\n<style>\n#section_1710576954 {\n  padding-top: 0px;\n  padding-bottom: 0px;\n}\n<\/style>\n\t<\/section>\n\t\n","protected":false},"excerpt":{"rendered":"","protected":false},"author":9614,"featured_media":41899,"parent":0,"menu_order":0,"comment_status":"closed","ping_status":"closed","template":"page-blank.php","meta":{"_acf_changed":false,"bcc_login_visibility":0,"bcc_groups":[],"bcc_groups_email":true,"bcc_visibility_groups":[],"bcc_visibility_groups_email":false,"sent_notifications":[],"footnotes":"","_links_to":"","_links_to_target":""},"class_list":["post-74788","page","type-page","status-publish","has-post-thumbnail","hentry"],"acf":[],"yoast_head":"<!-- This site is optimized with the Yoast SEO plugin v26.7 - https:\/\/yoast.com\/wordpress\/plugins\/seo\/ -->\n<title>Bible Kids Lecciones de estudio de la Biblia para ni\u00f1os y preadolescentes<\/title>\n<meta name=\"description\" content=\"Aqu\u00ed encontrar\u00e1s lecciones de estudio b\u00edblico y recursos cristianos para preadolescentes. Nuestra visi\u00f3n es que los ni\u00f1os tengan a Jes\u00fas como su mejor amigo - para toda la vida.\" \/>\n<meta name=\"robots\" content=\"index, follow, max-snippet:-1, max-image-preview:large, max-video-preview:-1\" \/>\n<link rel=\"canonical\" href=\"https:\/\/biblekids.io\/no\/tweens\/\" \/>\n<meta property=\"og:locale\" content=\"es_ES\" \/>\n<meta property=\"og:type\" content=\"article\" \/>\n<meta property=\"og:title\" content=\"Bible Kids Lecciones de estudio de la Biblia para ni\u00f1os y preadolescentes\" \/>\n<meta property=\"og:description\" content=\"Aqu\u00ed encontrar\u00e1s lecciones de estudio b\u00edblico y recursos cristianos para preadolescentes. Nuestra visi\u00f3n es que los ni\u00f1os tengan a Jes\u00fas como su mejor amigo - para toda la vida.\" \/>\n<meta property=\"og:url\" content=\"https:\/\/biblekids.io\/no\/tweens\/\" \/>\n<meta property=\"og:site_name\" content=\"Bible Kids\" \/>\n<meta property=\"article:modified_time\" content=\"2023-09-13T10:32:16+00:00\" \/>\n<meta property=\"og:image\" content=\"https:\/\/biblekids.io\/wp-content\/uploads\/2020\/11\/jefr201.jpg\" \/>\n\t<meta property=\"og:image:width\" content=\"854\" \/>\n\t<meta property=\"og:image:height\" content=\"480\" \/>\n\t<meta property=\"og:image:type\" content=\"image\/jpeg\" \/>\n<meta name=\"twitter:card\" content=\"summary_large_image\" \/>\n<meta name=\"twitter:label1\" content=\"Tiempo de lectura\" \/>\n\t<meta name=\"twitter:data1\" content=\"2 minuto\" \/>\n<script type=\"application\/ld+json\" class=\"yoast-schema-graph\">{\"@context\":\"https:\/\/schema.org\",\"@graph\":[{\"@type\":\"WebPage\",\"@id\":\"https:\/\/biblekids.io\/no\/tweens\/\",\"url\":\"https:\/\/biblekids.io\/no\/tweens\/\",\"name\":\"Bible Kids Lecciones de estudio de la Biblia para ni\u00f1os y preadolescentes\",\"isPartOf\":{\"@id\":\"https:\/\/biblekids.io\/no\/#website\"},\"primaryImageOfPage\":{\"@id\":\"https:\/\/biblekids.io\/no\/tweens\/#primaryimage\"},\"image\":{\"@id\":\"https:\/\/biblekids.io\/no\/tweens\/#primaryimage\"},\"thumbnailUrl\":\"https:\/\/biblekids.io\/wp-content\/uploads\/2020\/11\/jefr201.jpg\",\"datePublished\":\"2023-08-04T14:25:06+00:00\",\"dateModified\":\"2023-09-13T10:32:16+00:00\",\"description\":\"Aqu\u00ed encontrar\u00e1s lecciones de estudio b\u00edblico y recursos cristianos para preadolescentes. Nuestra visi\u00f3n es que los ni\u00f1os tengan a Jes\u00fas como su mejor amigo - para toda la vida.\",\"breadcrumb\":{\"@id\":\"https:\/\/biblekids.io\/no\/tweens\/#breadcrumb\"},\"inLanguage\":\"es\",\"potentialAction\":[{\"@type\":\"ReadAction\",\"target\":[\"https:\/\/biblekids.io\/no\/tweens\/\"]}]},{\"@type\":\"ImageObject\",\"inLanguage\":\"es\",\"@id\":\"https:\/\/biblekids.io\/no\/tweens\/#primaryimage\",\"url\":\"https:\/\/biblekids.io\/wp-content\/uploads\/2020\/11\/jefr201.jpg\",\"contentUrl\":\"https:\/\/biblekids.io\/wp-content\/uploads\/2020\/11\/jefr201.jpg\",\"width\":854,\"height\":480},{\"@type\":\"BreadcrumbList\",\"@id\":\"https:\/\/biblekids.io\/no\/tweens\/#breadcrumb\",\"itemListElement\":[{\"@type\":\"ListItem\",\"position\":1,\"name\":\"Hjem\",\"item\":\"https:\/\/biblekids.io\/es\/\"},{\"@type\":\"ListItem\",\"position\":2,\"name\":\"Tweens\"}]},{\"@type\":\"WebSite\",\"@id\":\"https:\/\/biblekids.io\/no\/#website\",\"url\":\"https:\/\/biblekids.io\/no\/\",\"name\":\"Bible Kids\",\"description\":\"Historias b\u00edblicas para ni\u00f1os\",\"potentialAction\":[{\"@type\":\"SearchAction\",\"target\":{\"@type\":\"EntryPoint\",\"urlTemplate\":\"https:\/\/biblekids.io\/no\/?s={search_term_string}\"},\"query-input\":{\"@type\":\"PropertyValueSpecification\",\"valueRequired\":true,\"valueName\":\"search_term_string\"}}],\"inLanguage\":\"es\"}]}<\/script>\n<!-- \/ Yoast SEO plugin. -->","yoast_head_json":{"title":"Bible Kids Lecciones de estudio de la Biblia para ni\u00f1os y preadolescentes","description":"Aqu\u00ed encontrar\u00e1s lecciones de estudio b\u00edblico y recursos cristianos para preadolescentes. Nuestra visi\u00f3n es que los ni\u00f1os tengan a Jes\u00fas como su mejor amigo - para toda la vida.","robots":{"index":"index","follow":"follow","max-snippet":"max-snippet:-1","max-image-preview":"max-image-preview:large","max-video-preview":"max-video-preview:-1"},"canonical":"https:\/\/biblekids.io\/no\/tweens\/","og_locale":"es_ES","og_type":"article","og_title":"Bible Kids Lecciones de estudio de la Biblia para ni\u00f1os y preadolescentes","og_description":"Aqu\u00ed encontrar\u00e1s lecciones de estudio b\u00edblico y recursos cristianos para preadolescentes. Nuestra visi\u00f3n es que los ni\u00f1os tengan a Jes\u00fas como su mejor amigo - para toda la vida.","og_url":"https:\/\/biblekids.io\/no\/tweens\/","og_site_name":"Bible Kids","article_modified_time":"2023-09-13T10:32:16+00:00","og_image":[{"width":854,"height":480,"url":"https:\/\/biblekids.io\/wp-content\/uploads\/2020\/11\/jefr201.jpg","type":"image\/jpeg"}],"twitter_card":"summary_large_image","twitter_misc":{"Tiempo de lectura":"2 minuto"},"schema":{"@context":"https:\/\/schema.org","@graph":[{"@type":"WebPage","@id":"https:\/\/biblekids.io\/no\/tweens\/","url":"https:\/\/biblekids.io\/no\/tweens\/","name":"Bible Kids Lecciones de estudio de la Biblia para ni\u00f1os y preadolescentes","isPartOf":{"@id":"https:\/\/biblekids.io\/no\/#website"},"primaryImageOfPage":{"@id":"https:\/\/biblekids.io\/no\/tweens\/#primaryimage"},"image":{"@id":"https:\/\/biblekids.io\/no\/tweens\/#primaryimage"},"thumbnailUrl":"https:\/\/biblekids.io\/wp-content\/uploads\/2020\/11\/jefr201.jpg","datePublished":"2023-08-04T14:25:06+00:00","dateModified":"2023-09-13T10:32:16+00:00","description":"Aqu\u00ed encontrar\u00e1s lecciones de estudio b\u00edblico y recursos cristianos para preadolescentes. Nuestra visi\u00f3n es que los ni\u00f1os tengan a Jes\u00fas como su mejor amigo - para toda la vida.","breadcrumb":{"@id":"https:\/\/biblekids.io\/no\/tweens\/#breadcrumb"},"inLanguage":"es","potentialAction":[{"@type":"ReadAction","target":["https:\/\/biblekids.io\/no\/tweens\/"]}]},{"@type":"ImageObject","inLanguage":"es","@id":"https:\/\/biblekids.io\/no\/tweens\/#primaryimage","url":"https:\/\/biblekids.io\/wp-content\/uploads\/2020\/11\/jefr201.jpg","contentUrl":"https:\/\/biblekids.io\/wp-content\/uploads\/2020\/11\/jefr201.jpg","width":854,"height":480},{"@type":"BreadcrumbList","@id":"https:\/\/biblekids.io\/no\/tweens\/#breadcrumb","itemListElement":[{"@type":"ListItem","position":1,"name":"Hjem","item":"https:\/\/biblekids.io\/es\/"},{"@type":"ListItem","position":2,"name":"Tweens"}]},{"@type":"WebSite","@id":"https:\/\/biblekids.io\/no\/#website","url":"https:\/\/biblekids.io\/no\/","name":"Bible Kids","description":"Historias b\u00edblicas para ni\u00f1os","potentialAction":[{"@type":"SearchAction","target":{"@type":"EntryPoint","urlTemplate":"https:\/\/biblekids.io\/no\/?s={search_term_string}"},"query-input":{"@type":"PropertyValueSpecification","valueRequired":true,"valueName":"search_term_string"}}],"inLanguage":"es"}]}},"_links":{"self":[{"href":"https:\/\/biblekids.io\/es\/wp-json\/wp\/v2\/pages\/74788","targetHints":{"allow":["GET"]}}],"collection":[{"href":"https:\/\/biblekids.io\/es\/wp-json\/wp\/v2\/pages"}],"about":[{"href":"https:\/\/biblekids.io\/es\/wp-json\/wp\/v2\/types\/page"}],"author":[{"embeddable":true,"href":"https:\/\/biblekids.io\/es\/wp-json\/wp\/v2\/users\/9614"}],"replies":[{"embeddable":true,"href":"https:\/\/biblekids.io\/es\/wp-json\/wp\/v2\/comments?post=74788"}],"version-history":[{"count":6,"href":"https:\/\/biblekids.io\/es\/wp-json\/wp\/v2\/pages\/74788\/revisions"}],"predecessor-version":[{"id":77703,"href":"https:\/\/biblekids.io\/es\/wp-json\/wp\/v2\/pages\/74788\/revisions\/77703"}],"wp:featuredmedia":[{"embeddable":true,"href":"https:\/\/biblekids.io\/es\/wp-json\/wp\/v2\/media\/41899"}],"wp:attachment":[{"href":"https:\/\/biblekids.io\/es\/wp-json\/wp\/v2\/media?parent=74788"}],"curies":[{"name":"wp","href":"https:\/\/api.w.org\/{rel}","templated":true}]}}