{"id":83425,"date":"2023-11-20T12:14:25","date_gmt":"2023-11-20T11:14:25","guid":{"rendered":"https:\/\/biblekids.io\/?page_id=83425"},"modified":"2023-12-15T15:27:23","modified_gmt":"2023-12-15T14:27:23","slug":"josias-verdadero-y-justo","status":"publish","type":"page","link":"https:\/\/biblekids.io\/es\/largometrajes-de-la-historias-de-la-biblia\/josias-verdadero-y-justo\/","title":{"rendered":"Jos\u00edas &#8211; verdadero y justo"},"content":{"rendered":"\n\n\t<section class=\"section dark\" id=\"section_1113660123\">\n\t\t<div class=\"section-bg fill\" >\n\t\t\t\t\t\t\t\t\t<div class=\"section-bg-overlay absolute fill\"><\/div>\n\t\t\t\n\n\t\t<\/div>\n\n\t\t\t<div class=\"ux-shape-divider ux-shape-divider--top ux-shape-divider--style-waves-opacity-3\">\n\t\t<svg viewBox=\"0 0 1000 300\" xmlns=\"http:\/\/www.w3.org\/2000\/svg\" preserveAspectRatio=\"none\">\n\t<path class=\"ux-shape-fill\" opacity=\"0.05\" d=\"M1014 264V386H206L34 300C34 300 344.42 277.16 436 221C542 156 590 160 704 209C811 255 899.11 214.94 979 346L1014 264Z\"\/>\n\t<path class=\"ux-shape-fill\" opacity=\"0.1\" d=\"M-302 55C-302 55 -66.73 263.25 50 214C178 160 283 116 353 141C445.68 174.1 534.28 256.19 588 249C692.9 235 764.52 75.94 855 131C940.61 183.09 1000 254 1000 254V328L-306 338L-302 55Z\"\/>\n\t<path class=\"ux-shape-fill\" opacity=\"0.15\" d=\"M-286 255C-286 255 -72 152 52 126C176 100 255 155 436 227C581.57 284.91 614.7 277.79 708 227C787 184 1009 3.0001 1093 164C1146 265.63 1031 293 1031 293L924 377L-288 389L-286 255Z\"\/>\n\t<path class=\"ux-shape-fill\" opacity=\"0.3\" d=\"M-24 69C-24 69 275.68 370.66 389 314C397 310 622 316 673 356C690.47 369.7 845 224 890 182C944.8 130.85 1018 92 1078 143C1154.12 207.7 1196 242 1196 242L1184 374L-28 386L-24 69Z\"\/>\n\t<path class=\"ux-shape-fill\" d=\"M-12 201C-12 201 58 284 182 258C306 232 342.29 221.23 456 264C565 305 640.82 288.36 721 249C776 222 837.5 191.31 935 253C984 284 1030 279 1030 279L1024 430L-12 440V201Z\"\/>\n<\/svg>\n\t<\/div>\n\n\t<div class=\"ux-shape-divider ux-shape-divider--bottom ux-shape-divider--style-waves-opacity-3\">\n\t\t<svg viewBox=\"0 0 1000 300\" xmlns=\"http:\/\/www.w3.org\/2000\/svg\" preserveAspectRatio=\"none\">\n\t<path class=\"ux-shape-fill\" opacity=\"0.05\" d=\"M1014 264V386H206L34 300C34 300 344.42 277.16 436 221C542 156 590 160 704 209C811 255 899.11 214.94 979 346L1014 264Z\"\/>\n\t<path class=\"ux-shape-fill\" opacity=\"0.1\" d=\"M-302 55C-302 55 -66.73 263.25 50 214C178 160 283 116 353 141C445.68 174.1 534.28 256.19 588 249C692.9 235 764.52 75.94 855 131C940.61 183.09 1000 254 1000 254V328L-306 338L-302 55Z\"\/>\n\t<path class=\"ux-shape-fill\" opacity=\"0.15\" d=\"M-286 255C-286 255 -72 152 52 126C176 100 255 155 436 227C581.57 284.91 614.7 277.79 708 227C787 184 1009 3.0001 1093 164C1146 265.63 1031 293 1031 293L924 377L-288 389L-286 255Z\"\/>\n\t<path class=\"ux-shape-fill\" opacity=\"0.3\" d=\"M-24 69C-24 69 275.68 370.66 389 314C397 310 622 316 673 356C690.47 369.7 845 224 890 182C944.8 130.85 1018 92 1078 143C1154.12 207.7 1196 242 1196 242L1184 374L-28 386L-24 69Z\"\/>\n\t<path class=\"ux-shape-fill\" d=\"M-12 201C-12 201 58 284 182 258C306 232 342.29 221.23 456 264C565 305 640.82 288.36 721 249C776 222 837.5 191.31 935 253C984 284 1030 279 1030 279L1024 430L-12 440V201Z\"\/>\n<\/svg>\n\t<\/div>\n\n\t\t<div class=\"section-content relative\">\n\t\t\t\n\n<div class=\"row align-center\"  id=\"row-1953620065\">\n\n\n\t<div id=\"col-667473397\" class=\"col medium-10 small-12 large-8\"  >\n\t\t\t\t<div class=\"col-inner\"  >\n\t\t\t\n\t\t\t\n\n\t<div id=\"text-922708594\" class=\"text\">\n\t\t\n\n<p>Mira la pel\u00edcula completa aqu\u00ed:<\/p>\n\n\t\t\n<style>\n#text-922708594 {\n  text-align: center;\n}\n<\/style>\n\t<\/div>\n\t\n<iframe class=\"btv-iframe \" src=\"https:\/\/app.bcc.media\/embed\/2000?app=kids-web&language=es\" frameborder=\"0\" allowfullscreen><\/iframe>\n\n\n\t\t<\/div>\n\t\t\t\t\t<\/div>\n\n\t\n\n<\/div>\n\n\t\t<\/div>\n\n\t\t\n<style>\n#section_1113660123 {\n  padding-top: 80px;\n  padding-bottom: 80px;\n  background-color: #115e67;\n}\n#section_1113660123 .section-bg-overlay {\n  background-color: rgba(0, 0, 0, 0.5);\n}\n#section_1113660123 .ux-shape-divider--top svg {\n  height: 150px;\n  --divider-top-width: 300%;\n}\n#section_1113660123 .ux-shape-divider--top .ux-shape-fill {\n  fill: #115e67;\n}\n#section_1113660123 .ux-shape-divider--bottom svg {\n  height: 150px;\n  --divider-width: 300%;\n}\n#section_1113660123 .ux-shape-divider--bottom .ux-shape-fill {\n  fill: #115e67;\n}\n@media (min-width:550px) {\n  #section_1113660123 {\n    padding-top: 120px;\n    padding-bottom: 120px;\n  }\n  #section_1113660123 .ux-shape-divider--top svg {\n    --divider-top-width: 202%;\n  }\n  #section_1113660123 .ux-shape-divider--bottom svg {\n    --divider-width: 202%;\n  }\n}\n@media (min-width:850px) {\n  #section_1113660123 .ux-shape-divider--top svg {\n    --divider-top-width: 100%;\n  }\n  #section_1113660123 .ux-shape-divider--bottom svg {\n    --divider-width: 100%;\n  }\n}\n<\/style>\n\t<\/section>\n\t\n\n\t<section class=\"section dark\" id=\"section_1899167394\">\n\t\t<div class=\"section-bg fill\" >\n\t\t\t\t\t\t\t\t\t\n\t\t\t\n\n\t\t<\/div>\n\n\t\t\n\n\t\t<div class=\"section-content relative\">\n\t\t\t\n\n<div class=\"row\"  id=\"row-1403861954\">\n\n\n\t<div id=\"col-656520840\" class=\"col small-12 large-12\"  >\n\t\t\t\t<div class=\"col-inner\"  >\n\t\t\t\n\t\t\t\n\n\t<div id=\"text-932540508\" class=\"text\">\n\t\t\n\n<h1 class=\"text-lg lg:text-xl font-medium\">Jos\u00edas &#8211; verdadero y justo<\/h1>\n<p class=\"lead\" style=\"font-weight: 400;\"><strong>Una apasionante historia sobre un ni\u00f1o que es coronado rey a la edad de ocho a\u00f1os, en un mundo lleno de maldad e injusticia. A pesar de la falta de buenos modelos a seguir entre sus predecesores, Jos\u00edas crece hasta convertirse en un rey verdadero y justo. <\/strong><\/p>\n<p class=\"lead\" style=\"font-weight: 400;\">La pel\u00edcula trata sobre Josiah, de ocho a\u00f1os, que es el nuevo rey del pa\u00eds. \u00abVas a necesitar buenos consejeros\u00bb, dice su hermana Amona tras la coronaci\u00f3n. Y eso es correcto. El predecesor de Jos\u00edas no era un buen rey, era malo y eligi\u00f3 como consejeros a adoradores de \u00eddolos. Pero Jos\u00edas es verdadero y justo, y elige una direcci\u00f3n diferente a la de su padre. Shaphan: se convierte en un importante asesor y apoyo cuando el rey crece y tiene que tomar decisiones importantes para su pa\u00eds. Pero los consejeros de su padre no se lo pondr\u00e1n f\u00e1cil al nuevo rey. Sin embargo, cuando Jos\u00edas tiene 18 a\u00f1os, el libro de leyes perdido tiene raz\u00f3n. Ahora todo est\u00e1 listo para restaurar la ley de Dios en la tierra.        <\/p>\n\t\t\n<style>\n#text-932540508 {\n  text-align: center;\n}\n<\/style>\n\t<\/div>\n\t\n<div class=\"text-center\"><div class=\"is-divider divider clearfix\" style=\"max-width:150px;\"><\/div><\/div>\n\n<div class=\"container section-title-container hidden\" ><h3 class=\"section-title section-title-center\"><b aria-hidden=\"true\"><\/b><span class=\"section-title-main\" >Karakterer<\/span><b aria-hidden=\"true\"><\/b><\/h3><\/div>\n\n\n\n\t\t<\/div>\n\t\t\t\t\t<\/div>\n\n\t\n\n<\/div>\n\n\t\t<\/div>\n\n\t\t\n<style>\n#section_1899167394 {\n  padding-top: 80px;\n  padding-bottom: 80px;\n  background-color: #115e67;\n}\n<\/style>\n\t<\/section>\n\t\n\n  <div class=\"banner has-hover\" id=\"banner-2134417271\">\n          <div class=\"banner-inner fill\">\n        <div class=\"banner-bg fill\" >\n                                                \n                    <\/div>\n\t\t\n        <div class=\"banner-layers container\">\n            <div class=\"fill banner-link\"><\/div>            \n\n   <div id=\"text-box-735045387\" class=\"text-box banner-layer x50 md-x50 lg-x50 y50 md-y50 lg-y50 res-text\">\n                                <div class=\"text-box-content text dark\">\n              \n              <div class=\"text-inner text-center\">\n                  \n\n\t<div id=\"text-1290683039\" class=\"text\">\n\t\t\n\n<h3><b>Mantente al d\u00eda con nuestras producciones. <\/b><\/h3>\n\t\t\n<style>\n#text-1290683039 {\n  text-align: center;\n}\n<\/style>\n\t<\/div>\n\t\n\t<div id=\"gap-308460788\" class=\"gap-element clearfix\" style=\"display:block; height:auto;\">\n\t\t\n<style>\n#gap-308460788 {\n  padding-top: 30px;\n}\n<\/style>\n\t<\/div>\n\t\n\n<a href=\"http:\/\/eepurl.com\/h3pcRD\" class=\"button white is-large box-shadow-2 box-shadow-4-hover\" >\n\t<i class=\"icon-envelop\" aria-hidden=\"true\"><\/i>\t<span>SUSCR\u00cdBETE AL BOLET\u00cdN<\/span>\n\t<\/a>\n\n\n\t<div id=\"text-3752045341\" class=\"text\">\n\t\t\n\n<p>No enviamos spam, lo prometemos.<\/p>\n\t\t\n<style>\n#text-3752045341 {\n  text-align: center;\n}\n<\/style>\n\t<\/div>\n\t\n\n              <\/div>\n           <\/div>\n                            \n<style>\n#text-box-735045387 {\n  width: 82%;\n}\n#text-box-735045387 .text-box-content {\n  font-size: 136%;\n}\n@media (min-width:550px) {\n  #text-box-735045387 {\n    width: 100%;\n  }\n  #text-box-735045387 .text-box-content {\n    font-size: 100%;\n  }\n}\n<\/style>\n    <\/div>\n \n\n        <\/div>\n      <\/div>\n\n            \n<style>\n#banner-2134417271 {\n  padding-top: 369px;\n  background-color: #115e67;\n}\n#banner-2134417271 .banner-bg img {\n  object-position: 60% 16%;\n}\n@media (min-width:550px) {\n  #banner-2134417271 {\n    padding-top: 30%;\n  }\n}\n<\/style>\n  <\/div>\n\n\n\n\n","protected":false},"excerpt":{"rendered":"","protected":false},"author":9614,"featured_media":0,"parent":77774,"menu_order":0,"comment_status":"closed","ping_status":"closed","template":"page-blank.php","meta":{"_acf_changed":false,"bcc_login_visibility":0,"bcc_groups":[],"bcc_groups_email":true,"bcc_visibility_groups":[],"bcc_visibility_groups_email":false,"sent_notifications":[],"footnotes":"","_links_to":"","_links_to_target":""},"class_list":["post-83425","page","type-page","status-publish","hentry"],"acf":[],"yoast_head":"<!-- This site is optimized with the Yoast SEO plugin v27.4 - https:\/\/yoast.com\/product\/yoast-seo-wordpress\/ -->\n<title>Jos\u00edas - verdadero y justo - Bible Kids<\/title>\n<meta name=\"description\" content=\"Pel\u00edculas sobre historias b\u00edblicas. Hacemos que el mensaje de la Biblia sea vivo y accesible para la pr\u00f3xima generaci\u00f3n de cristianos.\" \/>\n<meta name=\"robots\" content=\"index, follow, max-snippet:-1, max-image-preview:large, max-video-preview:-1\" \/>\n<link rel=\"canonical\" href=\"https:\/\/biblekids.io\/es\/largometrajes-de-la-historias-de-la-biblia\/josias-verdadero-y-justo\/\" \/>\n<meta property=\"og:locale\" content=\"es_ES\" \/>\n<meta property=\"og:type\" content=\"article\" \/>\n<meta property=\"og:title\" content=\"Jos\u00edas - verdadero y justo - Bible Kids\" \/>\n<meta property=\"og:description\" content=\"Pel\u00edculas sobre historias b\u00edblicas. Hacemos que el mensaje de la Biblia sea vivo y accesible para la pr\u00f3xima generaci\u00f3n de cristianos.\" \/>\n<meta property=\"og:url\" content=\"https:\/\/biblekids.io\/es\/largometrajes-de-la-historias-de-la-biblia\/josias-verdadero-y-justo\/\" \/>\n<meta property=\"og:site_name\" content=\"Bible Kids\" \/>\n<meta property=\"article:modified_time\" content=\"2023-12-15T14:27:23+00:00\" \/>\n<meta property=\"og:image\" content=\"https:\/\/staging-bcckids.kinsta.cloud\/wp-content\/uploads\/2023\/08\/youtube_biblekids-455x400.png\" \/>\n<meta name=\"twitter:card\" content=\"summary_large_image\" \/>\n<meta name=\"twitter:label1\" content=\"Tiempo de lectura\" \/>\n\t<meta name=\"twitter:data1\" content=\"10 minuto\" \/>\n<script type=\"application\/ld+json\" class=\"yoast-schema-graph\">{\"@context\":\"https:\\\/\\\/schema.org\",\"@graph\":[{\"@type\":\"WebPage\",\"@id\":\"https:\\\/\\\/biblekids.io\\\/es\\\/largometrajes-de-la-historias-de-la-biblia\\\/josias-verdadero-y-justo\\\/\",\"url\":\"https:\\\/\\\/biblekids.io\\\/es\\\/largometrajes-de-la-historias-de-la-biblia\\\/josias-verdadero-y-justo\\\/\",\"name\":\"Jos\u00edas - verdadero y justo - Bible Kids\",\"isPartOf\":{\"@id\":\"https:\\\/\\\/biblekids.io\\\/no\\\/#website\"},\"primaryImageOfPage\":{\"@id\":\"https:\\\/\\\/biblekids.io\\\/es\\\/largometrajes-de-la-historias-de-la-biblia\\\/josias-verdadero-y-justo\\\/#primaryimage\"},\"image\":{\"@id\":\"https:\\\/\\\/biblekids.io\\\/es\\\/largometrajes-de-la-historias-de-la-biblia\\\/josias-verdadero-y-justo\\\/#primaryimage\"},\"thumbnailUrl\":\"https:\\\/\\\/staging-bcckids.kinsta.cloud\\\/wp-content\\\/uploads\\\/2023\\\/08\\\/youtube_biblekids-455x400.png\",\"datePublished\":\"2023-11-20T11:14:25+00:00\",\"dateModified\":\"2023-12-15T14:27:23+00:00\",\"description\":\"Pel\u00edculas sobre historias b\u00edblicas. Hacemos que el mensaje de la Biblia sea vivo y accesible para la pr\u00f3xima generaci\u00f3n de cristianos.\",\"breadcrumb\":{\"@id\":\"https:\\\/\\\/biblekids.io\\\/es\\\/largometrajes-de-la-historias-de-la-biblia\\\/josias-verdadero-y-justo\\\/#breadcrumb\"},\"inLanguage\":\"es\",\"potentialAction\":[{\"@type\":\"ReadAction\",\"target\":[\"https:\\\/\\\/biblekids.io\\\/es\\\/largometrajes-de-la-historias-de-la-biblia\\\/josias-verdadero-y-justo\\\/\"]}]},{\"@type\":\"ImageObject\",\"inLanguage\":\"es\",\"@id\":\"https:\\\/\\\/biblekids.io\\\/es\\\/largometrajes-de-la-historias-de-la-biblia\\\/josias-verdadero-y-justo\\\/#primaryimage\",\"url\":\"https:\\\/\\\/staging-bcckids.kinsta.cloud\\\/wp-content\\\/uploads\\\/2023\\\/08\\\/youtube_biblekids-455x400.png\",\"contentUrl\":\"https:\\\/\\\/staging-bcckids.kinsta.cloud\\\/wp-content\\\/uploads\\\/2023\\\/08\\\/youtube_biblekids-455x400.png\"},{\"@type\":\"BreadcrumbList\",\"@id\":\"https:\\\/\\\/biblekids.io\\\/es\\\/largometrajes-de-la-historias-de-la-biblia\\\/josias-verdadero-y-justo\\\/#breadcrumb\",\"itemListElement\":[{\"@type\":\"ListItem\",\"position\":1,\"name\":\"Hjem\",\"item\":\"https:\\\/\\\/biblekids.io\\\/es\\\/\"},{\"@type\":\"ListItem\",\"position\":2,\"name\":\"Videos\",\"item\":\"https:\\\/\\\/biblekids.io\\\/es\\\/?page_id=77774\"},{\"@type\":\"ListItem\",\"position\":3,\"name\":\"Jos\u00edas &#8211; verdadero y justo\"}]},{\"@type\":\"WebSite\",\"@id\":\"https:\\\/\\\/biblekids.io\\\/no\\\/#website\",\"url\":\"https:\\\/\\\/biblekids.io\\\/no\\\/\",\"name\":\"Bible Kids\",\"description\":\"Historias b\u00edblicas para ni\u00f1os\",\"potentialAction\":[{\"@type\":\"SearchAction\",\"target\":{\"@type\":\"EntryPoint\",\"urlTemplate\":\"https:\\\/\\\/biblekids.io\\\/no\\\/?s={search_term_string}\"},\"query-input\":{\"@type\":\"PropertyValueSpecification\",\"valueRequired\":true,\"valueName\":\"search_term_string\"}}],\"inLanguage\":\"es\"}]}<\/script>\n<!-- \/ Yoast SEO plugin. -->","yoast_head_json":{"title":"Jos\u00edas - verdadero y justo - Bible Kids","description":"Pel\u00edculas sobre historias b\u00edblicas. Hacemos que el mensaje de la Biblia sea vivo y accesible para la pr\u00f3xima generaci\u00f3n de cristianos.","robots":{"index":"index","follow":"follow","max-snippet":"max-snippet:-1","max-image-preview":"max-image-preview:large","max-video-preview":"max-video-preview:-1"},"canonical":"https:\/\/biblekids.io\/es\/largometrajes-de-la-historias-de-la-biblia\/josias-verdadero-y-justo\/","og_locale":"es_ES","og_type":"article","og_title":"Jos\u00edas - verdadero y justo - Bible Kids","og_description":"Pel\u00edculas sobre historias b\u00edblicas. Hacemos que el mensaje de la Biblia sea vivo y accesible para la pr\u00f3xima generaci\u00f3n de cristianos.","og_url":"https:\/\/biblekids.io\/es\/largometrajes-de-la-historias-de-la-biblia\/josias-verdadero-y-justo\/","og_site_name":"Bible Kids","article_modified_time":"2023-12-15T14:27:23+00:00","og_image":[{"url":"https:\/\/staging-bcckids.kinsta.cloud\/wp-content\/uploads\/2023\/08\/youtube_biblekids-455x400.png","type":"","width":"","height":""}],"twitter_card":"summary_large_image","twitter_misc":{"Tiempo de lectura":"10 minuto"},"schema":{"@context":"https:\/\/schema.org","@graph":[{"@type":"WebPage","@id":"https:\/\/biblekids.io\/es\/largometrajes-de-la-historias-de-la-biblia\/josias-verdadero-y-justo\/","url":"https:\/\/biblekids.io\/es\/largometrajes-de-la-historias-de-la-biblia\/josias-verdadero-y-justo\/","name":"Jos\u00edas - verdadero y justo - Bible Kids","isPartOf":{"@id":"https:\/\/biblekids.io\/no\/#website"},"primaryImageOfPage":{"@id":"https:\/\/biblekids.io\/es\/largometrajes-de-la-historias-de-la-biblia\/josias-verdadero-y-justo\/#primaryimage"},"image":{"@id":"https:\/\/biblekids.io\/es\/largometrajes-de-la-historias-de-la-biblia\/josias-verdadero-y-justo\/#primaryimage"},"thumbnailUrl":"https:\/\/staging-bcckids.kinsta.cloud\/wp-content\/uploads\/2023\/08\/youtube_biblekids-455x400.png","datePublished":"2023-11-20T11:14:25+00:00","dateModified":"2023-12-15T14:27:23+00:00","description":"Pel\u00edculas sobre historias b\u00edblicas. Hacemos que el mensaje de la Biblia sea vivo y accesible para la pr\u00f3xima generaci\u00f3n de cristianos.","breadcrumb":{"@id":"https:\/\/biblekids.io\/es\/largometrajes-de-la-historias-de-la-biblia\/josias-verdadero-y-justo\/#breadcrumb"},"inLanguage":"es","potentialAction":[{"@type":"ReadAction","target":["https:\/\/biblekids.io\/es\/largometrajes-de-la-historias-de-la-biblia\/josias-verdadero-y-justo\/"]}]},{"@type":"ImageObject","inLanguage":"es","@id":"https:\/\/biblekids.io\/es\/largometrajes-de-la-historias-de-la-biblia\/josias-verdadero-y-justo\/#primaryimage","url":"https:\/\/staging-bcckids.kinsta.cloud\/wp-content\/uploads\/2023\/08\/youtube_biblekids-455x400.png","contentUrl":"https:\/\/staging-bcckids.kinsta.cloud\/wp-content\/uploads\/2023\/08\/youtube_biblekids-455x400.png"},{"@type":"BreadcrumbList","@id":"https:\/\/biblekids.io\/es\/largometrajes-de-la-historias-de-la-biblia\/josias-verdadero-y-justo\/#breadcrumb","itemListElement":[{"@type":"ListItem","position":1,"name":"Hjem","item":"https:\/\/biblekids.io\/es\/"},{"@type":"ListItem","position":2,"name":"Videos","item":"https:\/\/biblekids.io\/es\/?page_id=77774"},{"@type":"ListItem","position":3,"name":"Jos\u00edas &#8211; verdadero y justo"}]},{"@type":"WebSite","@id":"https:\/\/biblekids.io\/no\/#website","url":"https:\/\/biblekids.io\/no\/","name":"Bible Kids","description":"Historias b\u00edblicas para ni\u00f1os","potentialAction":[{"@type":"SearchAction","target":{"@type":"EntryPoint","urlTemplate":"https:\/\/biblekids.io\/no\/?s={search_term_string}"},"query-input":{"@type":"PropertyValueSpecification","valueRequired":true,"valueName":"search_term_string"}}],"inLanguage":"es"}]}},"_links":{"self":[{"href":"https:\/\/biblekids.io\/es\/wp-json\/wp\/v2\/pages\/83425","targetHints":{"allow":["GET"]}}],"collection":[{"href":"https:\/\/biblekids.io\/es\/wp-json\/wp\/v2\/pages"}],"about":[{"href":"https:\/\/biblekids.io\/es\/wp-json\/wp\/v2\/types\/page"}],"author":[{"embeddable":true,"href":"https:\/\/biblekids.io\/es\/wp-json\/wp\/v2\/users\/9614"}],"replies":[{"embeddable":true,"href":"https:\/\/biblekids.io\/es\/wp-json\/wp\/v2\/comments?post=83425"}],"version-history":[{"count":7,"href":"https:\/\/biblekids.io\/es\/wp-json\/wp\/v2\/pages\/83425\/revisions"}],"predecessor-version":[{"id":85545,"href":"https:\/\/biblekids.io\/es\/wp-json\/wp\/v2\/pages\/83425\/revisions\/85545"}],"up":[{"embeddable":true,"href":"https:\/\/biblekids.io\/es\/wp-json\/wp\/v2\/pages\/77774"}],"wp:attachment":[{"href":"https:\/\/biblekids.io\/es\/wp-json\/wp\/v2\/media?parent=83425"}],"curies":[{"name":"wp","href":"https:\/\/api.w.org\/{rel}","templated":true}]}}