{"id":74787,"date":"2023-08-04T16:25:06","date_gmt":"2023-08-04T14:25:06","guid":{"rendered":"https:\/\/biblekids.io\/?page_id=74787"},"modified":"2023-09-29T09:29:21","modified_gmt":"2023-09-29T07:29:21","slug":"tweens","status":"publish","type":"page","link":"https:\/\/biblekids.io\/fi\/tweens\/","title":{"rendered":"Tweens"},"content":{"rendered":"\n\n\t<section class=\"section\" id=\"section_1477710918\">\n\t\t<div class=\"section-bg fill\" >\n\t\t\t\t\t\t\t\t\t\n\t\t\t\n\n\t\t<\/div>\n\n\t\t\n\n\t\t<div class=\"section-content relative\">\n\t\t\t\n\n<div class=\"row align-center\"  id=\"row-1430025420\">\n\n\n\t<div id=\"col-1462436\" class=\"col hero-description medium-12 small-12 large-3\"  >\n\t\t\t\t<div class=\"col-inner text-center\"  >\n\t\t\t\n\t\t\t\n\n<p>&nbsp;<\/p>\n<h3><img loading=\"lazy\" decoding=\"async\" class=\"alignnone size-medium wp-image-73770\" src=\"https:\/\/biblekids.io\/wp-content\/uploads\/2023\/06\/Logo-green-1-800x398.png\" alt=\"\" width=\"800\" height=\"398\">&nbsp;12+ vuotta<\/h3>\n<p>&nbsp;<\/p>\n\n\t\t<\/div>\n\t\t\t\t\n<style>\n#col-1462436 > .col-inner {\n  padding: 0px1 0px 0px 0px;\n}\n@media (min-width:550px) {\n  #col-1462436 > .col-inner {\n    padding: 0px 0px 0 0px;\n  }\n}\n@media (min-width:850px) {\n  #col-1462436 > .col-inner {\n    padding: 30px 0px 30px 0px;\n  }\n}\n<\/style>\n\t<\/div>\n\n\t\n\n<\/div>\n\n\t\t<\/div>\n\n\t\t\n<style>\n#section_1477710918 {\n  padding-top: 0px;\n  padding-bottom: 0px;\n}\n<\/style>\n\t<\/section>\n\t\n\n\t<section class=\"section\" id=\"section_1298039459\">\n\t\t<div class=\"section-bg fill\" >\n\t\t\t\t\t\t\t\t\t\n\t\t\t\n\n\t\t<\/div>\n\n\t\t\n\n\t\t<div class=\"section-content relative\">\n\t\t\t\n\n<div class=\"row\"  id=\"row-295707778\">\n\n\n\t<div id=\"col-310440543\" class=\"col no-bottom-padding medium-6 small-12 large-6\"  >\n\t\t\t\t<div class=\"col-inner\"  >\n\t\t\t\n\t\t\t\n\n<p><strong>Isot lapset:<\/strong><\/p>\n<div>\n<h2>Henkil\u00f6kohtainen usko<\/h2>\n<\/div>\n<p>Siirtyminen lapsuudesta nuoruuteen voi olla haastavaa. Nuorissa ja heid\u00e4n ymp\u00e4rill\u00e4\u00e4n tapahtuu paljon, joten tarvitaan turvallista ja mukaanottavaa ymp\u00e4rist\u00f6\u00e4, jossa koetaan hyvi\u00e4 kokemuksia. Monet ovat siirtym\u00e4ss\u00e4 kohti henkil\u00f6kohtaista uskoa, ja jotkut tekev\u00e4t valinnan jo t\u00e4ss\u00e4 vaiheessa. Siksi on t\u00e4rke\u00e4\u00e4, ett\u00e4 he kuulevat evankeliumin ja uskovat, ett\u00e4 Jeesus on ollut ihminen kuten mekin ja ett\u00e4 h\u00e4n voi sek\u00e4 ymm\u00e4rt\u00e4\u00e4 ett\u00e4 auttaa kaikissa el\u00e4m\u00e4ntilanteissa.   <\/p>\n\n<div class=\"accordion\">\n\n\t<div id=\"accordion-1457325174\" class=\"accordion-item\">\n\t\t<a id=\"accordion-1457325174-label\" class=\"accordion-title plain\" href=\"#accordion-item-vinkkej\u00e4-tweens-kokoontumisiin\" aria-expanded=\"false\" aria-controls=\"accordion-1457325174-content\">\n\t\t\t<button class=\"toggle\" aria-label=\"Toggle\"><i class=\"icon-angle-down\" aria-hidden=\"true\"><\/i><\/button>\n\t\t\t<span>Vinkkej\u00e4 tweens-kokoontumisiin<\/span>\n\t\t<\/a>\n\t\t<div id=\"accordion-1457325174-content\" class=\"accordion-inner\" aria-labelledby=\"accordion-1457325174-label\">\n\t\t\t\n\n<ul>\n<li>T\u00e4m\u00e4 ryhm\u00e4 on usein hieman pienempi, mik\u00e4 mahdollistaa enemm\u00e4n yksil\u00f6llisyytt\u00e4 ja ohjelman mukauttamisen ryhm\u00e4lle mahdollisimman hyvin.<\/li>\n<li><span style=\"color: #555555;\">Jokaisen teini-ik\u00e4isen tulisi tuntea itsens\u00e4 n\u00e4hdyksi ja hyv\u00e4ksytyksi sellaisena kuin h\u00e4n on. Heid\u00e4n pit\u00e4isi tuntea olevansa yhteydess\u00e4 toisiin nuoriin ja ohjaajiin, jotka ovat aidosti kiinnostuneita heid\u00e4n voinnistaan. <\/span><\/li>\n<li><span style=\"color: #555555;\">Laulaminen \u00e4\u00e4neen ryhm\u00e4ss\u00e4 ei v\u00e4ltt\u00e4m\u00e4tt\u00e4 ole tweeneille yht\u00e4 luontevaa kuin nuoremmille lapsille. Vaihtoehtona voisi olla laulujen kuunteleminen tai lukeminen yhdess\u00e4 ja keskustelu niiden sis\u00e4ll\u00f6st\u00e4 ja mahdollisesti tekij\u00f6ist\u00e4 ja tarinasta.  <\/span><\/li>\n<li><span style=\"color: #555555;\">Tapaamiset ja erityisesti toiminnot olisi r\u00e4\u00e4t\u00e4l\u00f6it\u00e4v\u00e4 mahdollisimman paljon ryhm\u00e4n tweensien kiinnostuksen kohteiden mukaan.<\/span><\/li>\n<\/ul>\n\n\t\t<\/div>\n\t<\/div>\n\t\n\n<\/div>\n\n\t\t<\/div>\n\t\t\t\t\t<\/div>\n\n\t\n\n\t<div id=\"col-2143353703\" class=\"col no-padding medium-6 small-12 large-6\"  >\n\t\t\t\t<div class=\"col-inner text-center\"  >\n\t\t\t\n\t\t\t\n\n\t<div class=\"img has-hover x md-x lg-x y md-y lg-y\" id=\"image_320490942\">\n\t\t\t\t\t\t\t\t<div class=\"img-inner dark\" >\n\t\t\t<img loading=\"lazy\" decoding=\"async\" width=\"800\" height=\"800\" src=\"https:\/\/biblekids.io\/wp-content\/uploads\/2023\/08\/Green-round-800x800.png\" class=\"attachment-large size-large\" alt=\"\" \/>\t\t\t\t\t\t\n\t\t\t\t\t<\/div>\n\t\t\t\t\t\t\t\t\n<style>\n#image_320490942 {\n  width: 71%;\n}\n<\/style>\n\t<\/div>\n\t\n\n\n\t\t<\/div>\n\t\t\t\t\t<\/div>\n\n\t\n\n<\/div>\n\n\t\t<\/div>\n\n\t\t\n<style>\n#section_1298039459 {\n  padding-top: 30px;\n  padding-bottom: 30px;\n  background-color: rgb(247, 247, 247);\n}\n<\/style>\n\t<\/section>\n\t\n\n\t<section class=\"section latest-themes\" id=\"section_582703827\">\n\t\t<div class=\"section-bg fill\" >\n\t\t\t\t\t\t\t\t\t\n\t\t\t\n\n\t\t<\/div>\n\n\t\t\n\n\t\t<div class=\"section-content relative\">\n\t\t\t\n\n<div class=\"row\"  id=\"row-345452074\">\n\n\n\t<div id=\"col-2143438118\" class=\"col small-12 large-12\"  >\n\t\t\t\t<div class=\"col-inner\"  >\n\t\t\t\n\t\t\t\n\n<h3 style=\"text-align: center;\">Viimeisimm\u00e4t julkaistut teemat tweeneille<\/h3>\n\t<div id=\"gap-774468904\" class=\"gap-element clearfix\" style=\"display:block; height:auto;\">\n\t\t\n<style>\n#gap-774468904 {\n  padding-top: 50px;\n}\n<\/style>\n\t<\/div>\n\t\n\n\n  \n    <div class=\"row large-columns-3 medium-columns-1 small-columns-1 row-small\" >\n  <\/div>\n\n\n\t\t<\/div>\n\t\t\t\t\t<\/div>\n\n\t\n\n\n<style>\n#row-345452074 > .col > .col-inner {\n  padding: 0px 0px 0px 0px;\n}\n@media (min-width:550px) {\n  #row-345452074 > .col > .col-inner {\n    padding: 0px 0px 30px 0px;\n  }\n}\n@media (min-width:850px) {\n  #row-345452074 > .col > .col-inner {\n    padding: 50px 0px 70px 0px;\n  }\n}\n<\/style>\n<\/div>\n\n\t\t<\/div>\n\n\t\t\n<style>\n#section_582703827 {\n  padding-top: 0px;\n  padding-bottom: 0px;\n}\n<\/style>\n\t<\/section>\n\t\n\n","protected":false},"excerpt":{"rendered":"","protected":false},"author":9614,"featured_media":41891,"parent":0,"menu_order":0,"comment_status":"closed","ping_status":"closed","template":"page-blank.php","meta":{"_acf_changed":false,"bcc_login_visibility":0,"bcc_groups":[],"bcc_groups_email":true,"bcc_visibility_groups":[],"bcc_visibility_groups_email":false,"sent_notifications":[],"footnotes":"","_links_to":"","_links_to_target":""},"class_list":["post-74787","page","type-page","status-publish","has-post-thumbnail","hentry"],"acf":[],"yoast_head":"<!-- This site is optimized with the Yoast SEO plugin v27.4 - https:\/\/yoast.com\/product\/yoast-seo-wordpress\/ -->\n<title>Bible Kids Raamattutunteja lapsille ja tweeneille<\/title>\n<meta name=\"description\" content=\"T\u00e4\u00e4lt\u00e4 l\u00f6yd\u00e4t Raamattutunteja ja kristillisi\u00e4 resursseja tweenseille. Visiomme on, ett\u00e4 lapsilla on Jeesus parhaana yst\u00e4v\u00e4n\u00e4\u00e4n - koko el\u00e4m\u00e4ns\u00e4 ajan.\" \/>\n<meta name=\"robots\" content=\"index, follow, max-snippet:-1, max-image-preview:large, max-video-preview:-1\" \/>\n<link rel=\"canonical\" href=\"https:\/\/biblekids.io\/no\/tweens\/\" \/>\n<meta property=\"og:locale\" content=\"fi_FI\" \/>\n<meta property=\"og:type\" content=\"article\" \/>\n<meta property=\"og:title\" content=\"Bible Kids Raamattutunteja lapsille ja tweeneille\" \/>\n<meta property=\"og:description\" content=\"T\u00e4\u00e4lt\u00e4 l\u00f6yd\u00e4t Raamattutunteja ja kristillisi\u00e4 resursseja tweenseille. Visiomme on, ett\u00e4 lapsilla on Jeesus parhaana yst\u00e4v\u00e4n\u00e4\u00e4n - koko el\u00e4m\u00e4ns\u00e4 ajan.\" \/>\n<meta property=\"og:url\" content=\"https:\/\/biblekids.io\/no\/tweens\/\" \/>\n<meta property=\"og:site_name\" content=\"Bible Kids\" \/>\n<meta property=\"article:modified_time\" content=\"2023-09-29T07:29:21+00:00\" \/>\n<meta property=\"og:image\" content=\"https:\/\/biblekids.io\/wp-content\/uploads\/2020\/11\/jefr201.jpg\" \/>\n\t<meta property=\"og:image:width\" content=\"854\" \/>\n\t<meta property=\"og:image:height\" content=\"480\" \/>\n\t<meta property=\"og:image:type\" content=\"image\/jpeg\" \/>\n<meta name=\"twitter:card\" content=\"summary_large_image\" \/>\n<meta name=\"twitter:label1\" content=\"Arvioitu lukuaika\" \/>\n\t<meta name=\"twitter:data1\" content=\"3 minuutti\" \/>\n<script type=\"application\/ld+json\" class=\"yoast-schema-graph\">{\"@context\":\"https:\\\/\\\/schema.org\",\"@graph\":[{\"@type\":\"WebPage\",\"@id\":\"https:\\\/\\\/biblekids.io\\\/no\\\/tweens\\\/\",\"url\":\"https:\\\/\\\/biblekids.io\\\/no\\\/tweens\\\/\",\"name\":\"Bible Kids Raamattutunteja lapsille ja tweeneille\",\"isPartOf\":{\"@id\":\"https:\\\/\\\/biblekids.io\\\/no\\\/#website\"},\"primaryImageOfPage\":{\"@id\":\"https:\\\/\\\/biblekids.io\\\/no\\\/tweens\\\/#primaryimage\"},\"image\":{\"@id\":\"https:\\\/\\\/biblekids.io\\\/no\\\/tweens\\\/#primaryimage\"},\"thumbnailUrl\":\"https:\\\/\\\/biblekids.io\\\/wp-content\\\/uploads\\\/2020\\\/11\\\/jefr201.jpg\",\"datePublished\":\"2023-08-04T14:25:06+00:00\",\"dateModified\":\"2023-09-29T07:29:21+00:00\",\"description\":\"T\u00e4\u00e4lt\u00e4 l\u00f6yd\u00e4t Raamattutunteja ja kristillisi\u00e4 resursseja tweenseille. Visiomme on, ett\u00e4 lapsilla on Jeesus parhaana yst\u00e4v\u00e4n\u00e4\u00e4n - koko el\u00e4m\u00e4ns\u00e4 ajan.\",\"breadcrumb\":{\"@id\":\"https:\\\/\\\/biblekids.io\\\/no\\\/tweens\\\/#breadcrumb\"},\"inLanguage\":\"fi\",\"potentialAction\":[{\"@type\":\"ReadAction\",\"target\":[\"https:\\\/\\\/biblekids.io\\\/no\\\/tweens\\\/\"]}]},{\"@type\":\"ImageObject\",\"inLanguage\":\"fi\",\"@id\":\"https:\\\/\\\/biblekids.io\\\/no\\\/tweens\\\/#primaryimage\",\"url\":\"https:\\\/\\\/biblekids.io\\\/wp-content\\\/uploads\\\/2020\\\/11\\\/jefr201.jpg\",\"contentUrl\":\"https:\\\/\\\/biblekids.io\\\/wp-content\\\/uploads\\\/2020\\\/11\\\/jefr201.jpg\",\"width\":854,\"height\":480},{\"@type\":\"BreadcrumbList\",\"@id\":\"https:\\\/\\\/biblekids.io\\\/no\\\/tweens\\\/#breadcrumb\",\"itemListElement\":[{\"@type\":\"ListItem\",\"position\":1,\"name\":\"Hjem\",\"item\":\"https:\\\/\\\/biblekids.io\\\/fi\\\/\"},{\"@type\":\"ListItem\",\"position\":2,\"name\":\"Tweens\"}]},{\"@type\":\"WebSite\",\"@id\":\"https:\\\/\\\/biblekids.io\\\/no\\\/#website\",\"url\":\"https:\\\/\\\/biblekids.io\\\/no\\\/\",\"name\":\"Bible Kids\",\"description\":\"Raamatun tarinoita lapsille\",\"potentialAction\":[{\"@type\":\"SearchAction\",\"target\":{\"@type\":\"EntryPoint\",\"urlTemplate\":\"https:\\\/\\\/biblekids.io\\\/no\\\/?s={search_term_string}\"},\"query-input\":{\"@type\":\"PropertyValueSpecification\",\"valueRequired\":true,\"valueName\":\"search_term_string\"}}],\"inLanguage\":\"fi\"}]}<\/script>\n<!-- \/ Yoast SEO plugin. -->","yoast_head_json":{"title":"Bible Kids Raamattutunteja lapsille ja tweeneille","description":"T\u00e4\u00e4lt\u00e4 l\u00f6yd\u00e4t Raamattutunteja ja kristillisi\u00e4 resursseja tweenseille. Visiomme on, ett\u00e4 lapsilla on Jeesus parhaana yst\u00e4v\u00e4n\u00e4\u00e4n - koko el\u00e4m\u00e4ns\u00e4 ajan.","robots":{"index":"index","follow":"follow","max-snippet":"max-snippet:-1","max-image-preview":"max-image-preview:large","max-video-preview":"max-video-preview:-1"},"canonical":"https:\/\/biblekids.io\/no\/tweens\/","og_locale":"fi_FI","og_type":"article","og_title":"Bible Kids Raamattutunteja lapsille ja tweeneille","og_description":"T\u00e4\u00e4lt\u00e4 l\u00f6yd\u00e4t Raamattutunteja ja kristillisi\u00e4 resursseja tweenseille. Visiomme on, ett\u00e4 lapsilla on Jeesus parhaana yst\u00e4v\u00e4n\u00e4\u00e4n - koko el\u00e4m\u00e4ns\u00e4 ajan.","og_url":"https:\/\/biblekids.io\/no\/tweens\/","og_site_name":"Bible Kids","article_modified_time":"2023-09-29T07:29:21+00:00","og_image":[{"width":854,"height":480,"url":"https:\/\/biblekids.io\/wp-content\/uploads\/2020\/11\/jefr201.jpg","type":"image\/jpeg"}],"twitter_card":"summary_large_image","twitter_misc":{"Arvioitu lukuaika":"3 minuutti"},"schema":{"@context":"https:\/\/schema.org","@graph":[{"@type":"WebPage","@id":"https:\/\/biblekids.io\/no\/tweens\/","url":"https:\/\/biblekids.io\/no\/tweens\/","name":"Bible Kids Raamattutunteja lapsille ja tweeneille","isPartOf":{"@id":"https:\/\/biblekids.io\/no\/#website"},"primaryImageOfPage":{"@id":"https:\/\/biblekids.io\/no\/tweens\/#primaryimage"},"image":{"@id":"https:\/\/biblekids.io\/no\/tweens\/#primaryimage"},"thumbnailUrl":"https:\/\/biblekids.io\/wp-content\/uploads\/2020\/11\/jefr201.jpg","datePublished":"2023-08-04T14:25:06+00:00","dateModified":"2023-09-29T07:29:21+00:00","description":"T\u00e4\u00e4lt\u00e4 l\u00f6yd\u00e4t Raamattutunteja ja kristillisi\u00e4 resursseja tweenseille. Visiomme on, ett\u00e4 lapsilla on Jeesus parhaana yst\u00e4v\u00e4n\u00e4\u00e4n - koko el\u00e4m\u00e4ns\u00e4 ajan.","breadcrumb":{"@id":"https:\/\/biblekids.io\/no\/tweens\/#breadcrumb"},"inLanguage":"fi","potentialAction":[{"@type":"ReadAction","target":["https:\/\/biblekids.io\/no\/tweens\/"]}]},{"@type":"ImageObject","inLanguage":"fi","@id":"https:\/\/biblekids.io\/no\/tweens\/#primaryimage","url":"https:\/\/biblekids.io\/wp-content\/uploads\/2020\/11\/jefr201.jpg","contentUrl":"https:\/\/biblekids.io\/wp-content\/uploads\/2020\/11\/jefr201.jpg","width":854,"height":480},{"@type":"BreadcrumbList","@id":"https:\/\/biblekids.io\/no\/tweens\/#breadcrumb","itemListElement":[{"@type":"ListItem","position":1,"name":"Hjem","item":"https:\/\/biblekids.io\/fi\/"},{"@type":"ListItem","position":2,"name":"Tweens"}]},{"@type":"WebSite","@id":"https:\/\/biblekids.io\/no\/#website","url":"https:\/\/biblekids.io\/no\/","name":"Bible Kids","description":"Raamatun tarinoita lapsille","potentialAction":[{"@type":"SearchAction","target":{"@type":"EntryPoint","urlTemplate":"https:\/\/biblekids.io\/no\/?s={search_term_string}"},"query-input":{"@type":"PropertyValueSpecification","valueRequired":true,"valueName":"search_term_string"}}],"inLanguage":"fi"}]}},"_links":{"self":[{"href":"https:\/\/biblekids.io\/fi\/wp-json\/wp\/v2\/pages\/74787","targetHints":{"allow":["GET"]}}],"collection":[{"href":"https:\/\/biblekids.io\/fi\/wp-json\/wp\/v2\/pages"}],"about":[{"href":"https:\/\/biblekids.io\/fi\/wp-json\/wp\/v2\/types\/page"}],"author":[{"embeddable":true,"href":"https:\/\/biblekids.io\/fi\/wp-json\/wp\/v2\/users\/9614"}],"replies":[{"embeddable":true,"href":"https:\/\/biblekids.io\/fi\/wp-json\/wp\/v2\/comments?post=74787"}],"version-history":[{"count":5,"href":"https:\/\/biblekids.io\/fi\/wp-json\/wp\/v2\/pages\/74787\/revisions"}],"predecessor-version":[{"id":78147,"href":"https:\/\/biblekids.io\/fi\/wp-json\/wp\/v2\/pages\/74787\/revisions\/78147"}],"wp:featuredmedia":[{"embeddable":true,"href":"https:\/\/biblekids.io\/fi\/wp-json\/wp\/v2\/media\/41891"}],"wp:attachment":[{"href":"https:\/\/biblekids.io\/fi\/wp-json\/wp\/v2\/media?parent=74787"}],"curies":[{"name":"wp","href":"https:\/\/api.w.org\/{rel}","templated":true}]}}