{"id":44354,"date":"2020-10-19T12:23:44","date_gmt":"2020-10-19T10:23:44","guid":{"rendered":"https:\/\/biblekids.io\/a-propos-de-nous\/"},"modified":"2024-05-14T17:48:38","modified_gmt":"2024-05-14T15:48:38","slug":"a-propos-de-nous","status":"publish","type":"page","link":"https:\/\/biblekids.io\/fr\/a-propos-de-nous\/","title":{"rendered":"\u00c0 propos de nous"},"content":{"rendered":"\n\n\n\t<section class=\"section\" id=\"section_1757092784\">\n\t\t<div class=\"section-bg fill\" >\n\t\t\t\t\t\t\t\t\t\n\t\t\t\n\n\t\t<\/div>\n\n\t\t\n\n\t\t<div class=\"section-content relative\">\n\t\t\t\n\n<div class=\"row\"  id=\"row-1998849492\">\n\n\n\t<div id=\"col-383705718\" class=\"col small-12 large-12\"  >\n\t\t\t\t<div class=\"col-inner\"  >\n\t\t\t\n\t\t\t\n\n<h1><b>Qui est Bible Kids ?<\/b><\/h1>\n<div> <\/div>\n<div>\n<p class=\"lead\" style=\"font-weight: 400;\"><img loading=\"lazy\" decoding=\"async\" class=\"wp-image-79898 alignright\" src=\"https:\/\/biblekids.io\/wp-content\/uploads\/2023\/10\/Bible_Kids_channel_trailer-711x400.jpg\" alt=\"\" width=\"500\" height=\"281\">Bible Kids est une initiative de BCC Media, une fondation \u00e0 but non lucratif qui produit des contenus chr\u00e9tiens et positifs pour les enfants et les jeunes. BCC Media souhaite que les enfants du monde entier profitent de nos productions et qu&rsquo;ils b\u00e9n\u00e9ficient d&rsquo;un message qui peut les aider dans leur vie, peu importe o\u00f9 ils se trouvent. Nous veillons tout particuli\u00e8rement \u00e0 ce que le message refl\u00e8te ce que nous lisons dans la Bible, afin que les parents et d&rsquo;autres organisations puissent utiliser notre mat\u00e9riel en toute confiance.  <\/p>\n<\/div>\n<p class=\"lead\" style=\"font-weight: 400;\">Ces derni\u00e8res ann\u00e9es, nous avons fait un grand effort et investi plus que jamais dans des productions destin\u00e9es aux enfants et aux jeunes. Afin de rendre le message de la Bible accessible aux nouvelles g\u00e9n\u00e9rations de chr\u00e9tiens, nous avons produit plus de 60 films d&rsquo;animation.<\/p>\n\t<div id=\"gap-1290458014\" class=\"gap-element clearfix\" style=\"display:block; height:auto;\">\n\t\t\n<style>\n#gap-1290458014 {\n  padding-top: 60px;\n}\n<\/style>\n\t<\/div>\n\t\n\n<h1><b>La Bible, un r\u00e9cit vivant<\/b><\/h1>\n<p class=\"lead\" style=\"font-weight: 400;\"><img loading=\"lazy\" decoding=\"async\" class=\"wp-image-78861 alignleft\" src=\"https:\/\/biblekids.io\/wp-content\/uploads\/2023\/09\/MicrosoftTeams-image-1-564x400.png\" alt=\"\" width=\"500\" height=\"355\">Notre production la plus importante est Bible Kids Explorers, qui est publi\u00e9e deux fois par an. Ici, les \u00e9coles du dimanche peuvent cr\u00e9er une exp\u00e9rience vraiment m\u00e9morable pour les enfants. Pour les Explorers, nous produisons des longs m\u00e9trages, des r\u00e9cits vivants d&rsquo;histoires bibliques remarquables. Ici, les enfants ne sont pas de simples spectateurs, ils participent eux-m\u00eames \u00e0 l&rsquo;histoire. Lorsque les enfants sont en mesure de s&rsquo;identifier aux personnages de la Bible, le message devient bien plus vivant et pertinent pour eux.<\/p>\n<p class=\"lead\"><a href=\"https:\/\/biblekids.io\/fr\/explorers-3\/\">En savoir plus sur Bible Kids Explorers<\/a><\/p>\n\n\t<div id=\"gap-72555400\" class=\"gap-element clearfix\" style=\"display:block; height:auto;\">\n\t\t\n<style>\n#gap-72555400 {\n  padding-top: 30px;\n}\n<\/style>\n\t<\/div>\n\t\n\n\n\t\t<\/div>\n\t\t\t\t\t<\/div>\n\n\t\n\n<\/div>\n<div class=\"row\"  id=\"row-1514762032\">\n\n\n\t<div id=\"col-1898194723\" class=\"col small-12 large-12\"  >\n\t\t\t\t<div class=\"col-inner\"  >\n\t\t\t\n\t\t\t\n\n\t<div id=\"text-787496125\" class=\"text hidden\">\n\t\t\n\n<h3 style=\"font-weight: 400;\"><strong>\u00c0 propos de l&rsquo;\u00e9quipe<\/strong><\/h3>\n<p class=\"lead\">L&rsquo;\u00e9quipe qui travaille sur le projet Bible Kids est une \u00e9quipe jeune et cr\u00e9ative, dot\u00e9e d&rsquo;un large \u00e9ventail de comp\u00e9tences et d&rsquo;exp\u00e9riences. Cela fait 10 ans que l&rsquo;\u00e9quipe travaille sur des productions pour enfants, et nous combinons l&rsquo;exp\u00e9rience de l&rsquo;industrie cin\u00e9matographique avec les nouvelles technologies et la cr\u00e9ativit\u00e9 de l&rsquo;industrie du jeu. Nous sommes passionn\u00e9s par notre travail et nous nous engageons \u00e0 faire en sorte que chaque don que nous recevons soit utilis\u00e9 de la meilleure fa\u00e7on possible pour les enfants. Nous consid\u00e9rons que c&rsquo;est un grand privil\u00e8ge de pouvoir donner aux enfants qui grandissent aujourd&rsquo;hui quelque chose qu&rsquo;ils pourront emporter avec eux pour le restant de leur vie. C&rsquo;est une t\u00e2che que nous entreprenons avec humilit\u00e9 et joie.    <\/p>\n\t\t\t<\/div>\n\t\n\n  <div class=\"banner has-hover\" id=\"banner-1145327127\">\n          <div class=\"banner-inner fill\">\n        <div class=\"banner-bg fill\" >\n                                                \n                    <\/div>\n\t\t\n        <div class=\"banner-layers container\">\n            <div class=\"fill banner-link\"><\/div>            \n\n   <div id=\"text-box-233644292\" class=\"text-box banner-layer x95 md-x95 lg-x95 y50 md-y50 lg-y50 res-text\">\n                                <div class=\"text-box-content text box-shadow-3\">\n              \n              <div class=\"text-inner text-center\">\n                  \n\n<h3><strong>Voici BCC Media<\/strong><\/h3>\n<p class=\"lead\" style=\"font-weight: 400;\">BCC Media est une fondation de la f\u00e9d\u00e9ration BCC, qui est une \u00e9glise ind\u00e9pendante internationale. BCC est membre du Conseil chr\u00e9tien norv\u00e9gien et adh\u00e8re au Credo apostolique et au Credo de Nic\u00e9e. La Bible est le seul texte qui fait autorit\u00e9.  <\/p>\n<a href=\"https:\/\/bcc.media\/no\" target=\"_blank\" class=\"button primary is-outline\" rel=\"noopener\" >\n\t\t<span>En savoir plus sur BCC Media<\/span>\n\t<\/a>\n\n\n<a href=\"https:\/\/bcc.no\" target=\"_blank\" class=\"button primary is-outline\" rel=\"noopener\" >\n\t\t<span>En savoir plus sur BCC<\/span>\n\t<\/a>\n\n\n\n              <\/div>\n           <\/div>\n                            \n<style>\n#text-box-233644292 .text-box-content {\n  background-color: rgba(255, 255, 255, 0.86);\n  font-size: 100%;\n}\n#text-box-233644292 .text-inner {\n  padding: 30px 30px 30px 30px;\n}\n#text-box-233644292 {\n  width: 60%;\n}\n@media (min-width:550px) {\n  #text-box-233644292 {\n    width: 40%;\n  }\n}\n<\/style>\n    <\/div>\n \n   <div id=\"text-box-1436868808\" class=\"text-box banner-layer x5 md-x5 lg-x5 y50 md-y50 lg-y50 res-text\">\n                                <div class=\"text-box-content text dark\">\n              \n              <div class=\"text-inner text-left\">\n                  \n\n<h3 style=\"font-weight: 400;\"><strong>\u00c0 propos de l&rsquo;\u00e9quipe<\/strong><\/h3>\n<p class=\"lead\">L&rsquo;\u00e9quipe qui travaille sur le projet Bible Kids est une \u00e9quipe jeune et cr\u00e9ative, dot\u00e9e d&rsquo;un large \u00e9ventail de comp\u00e9tences et d&rsquo;exp\u00e9riences. Cela fait 10 ans que l&rsquo;\u00e9quipe travaille sur des productions pour enfants, et nous combinons l&rsquo;exp\u00e9rience de l&rsquo;industrie cin\u00e9matographique avec les nouvelles technologies et la cr\u00e9ativit\u00e9 de l&rsquo;industrie du jeu. Nous sommes passionn\u00e9s par notre travail et nous nous engageons \u00e0 faire en sorte que chaque don que nous recevons soit utilis\u00e9 de la meilleure fa\u00e7on possible pour les enfants. Nous consid\u00e9rons que c&rsquo;est un grand privil\u00e8ge de pouvoir donner aux enfants qui grandissent aujourd&rsquo;hui quelque chose qu&rsquo;ils pourront emporter avec eux pour le restant de leur vie. C&rsquo;est une t\u00e2che que nous entreprenons avec humilit\u00e9 et joie.    <\/p>\n\n              <\/div>\n           <\/div>\n                            \n<style>\n#text-box-1436868808 {\n  margin: -px 0px 0px 0px;\n  width: 47%;\n}\n#text-box-1436868808 .text-inner {\n  padding: 0px 0px 0px 0px;\n}\n#text-box-1436868808 .text-box-content {\n  font-size: 91%;\n}\n<\/style>\n    <\/div>\n \n\n        <\/div>\n      <\/div>\n\n            \n<style>\n#banner-1145327127 {\n  padding-top: 500px;\n  background-color: #115e67;\n}\n<\/style>\n  <\/div>\n\n\n\t<div id=\"gap-768668422\" class=\"gap-element clearfix\" style=\"display:block; height:auto;\">\n\t\t\n<style>\n#gap-768668422 {\n  padding-top: 30px;\n}\n<\/style>\n\t<\/div>\n\t\n\n\n  <div class=\"banner has-hover has-video\" id=\"banner-1259737830\">\n          <div class=\"banner-inner fill\">\n        <div class=\"banner-bg fill\" >\n                        \t<div class=\"video-overlay no-click fill visible\"><\/div>\n\t<video class=\"video-bg fill visible\" preload playsinline autoplay muted loop>\n\t\t<source src=\"https:\/\/biblekids.io\/wp-content\/uploads\/2020\/11\/Kids_Web_Banner_v03_MAIN_h264.mp4\" type=\"video\/mp4\">\t<\/video>\n                        \n                    <\/div>\n\t\t\n        <div class=\"banner-layers container\">\n            <div class=\"fill banner-link\"><\/div>            \n\n   <div id=\"text-box-741745553\" class=\"text-box banner-layer x10 md-x10 lg-x10 y50 md-y50 lg-y50 res-text\">\n                                <div class=\"text-box-content text box-shadow-2 dark\">\n              \n              <div class=\"text-inner text-center\">\n                  \n\n<h4><em>Notre vision est que les enfants aient J\u00e9sus comme meilleur ami &#8211; pour la vie enti\u00e8re !<\/em><\/h4>\n\n              <\/div>\n           <\/div>\n                            \n<style>\n#text-box-741745553 .text-box-content {\n  background-color: rgba(17, 94, 103, 0.8);\n  border-radius: 24px;\n  font-size: 100%;\n}\n#text-box-741745553 .text-inner {\n  padding: 10px 10px 10px 10px;\n}\n#text-box-741745553 {\n  width: 60%;\n}\n@media (min-width:550px) {\n  #text-box-741745553 {\n    width: 45%;\n  }\n}\n<\/style>\n    <\/div>\n \n\n        <\/div>\n      <\/div>\n\n            \n<style>\n#banner-1259737830 {\n  padding-top: 500px;\n}\n<\/style>\n  <\/div>\n\n\n\n\t\t<\/div>\n\t\t\t\t\t<\/div>\n\n\t\n\n<\/div>\n\n\t\t<\/div>\n\n\t\t\n<style>\n#section_1757092784 {\n  padding-top: 60px;\n  padding-bottom: 60px;\n}\n<\/style>\n\t<\/section>\n\t\n\n\n","protected":false},"excerpt":{"rendered":"","protected":false},"author":5,"featured_media":0,"parent":0,"menu_order":0,"comment_status":"closed","ping_status":"closed","template":"page-blank.php","meta":{"_acf_changed":false,"bcc_login_visibility":0,"bcc_groups":[],"bcc_groups_email":true,"bcc_visibility_groups":[],"bcc_visibility_groups_email":false,"sent_notifications":[],"footnotes":"","_links_to":"","_links_to_target":""},"class_list":["post-44354","page","type-page","status-publish","hentry"],"acf":[],"yoast_head":"<!-- This site is optimized with the Yoast SEO plugin v27.3 - https:\/\/yoast.com\/product\/yoast-seo-wordpress\/ -->\n<title>\u00c0 propos de nous - Bible Kids<\/title>\n<meta name=\"robots\" content=\"index, follow, max-snippet:-1, max-image-preview:large, max-video-preview:-1\" \/>\n<link rel=\"canonical\" href=\"https:\/\/biblekids.io\/no\/om-oss\/\" \/>\n<meta property=\"og:locale\" content=\"fr_FR\" \/>\n<meta property=\"og:type\" content=\"article\" \/>\n<meta property=\"og:title\" content=\"\u00c0 propos de nous - Bible Kids\" \/>\n<meta property=\"og:url\" content=\"https:\/\/biblekids.io\/no\/om-oss\/\" \/>\n<meta property=\"og:site_name\" content=\"Bible Kids\" \/>\n<meta property=\"article:modified_time\" content=\"2024-05-14T15:48:38+00:00\" \/>\n<meta property=\"og:image\" content=\"https:\/\/biblekids.io\/wp-content\/uploads\/2022\/03\/BibleKids_logo_neg.svg\" \/>\n<meta name=\"twitter:card\" content=\"summary_large_image\" \/>\n<meta name=\"twitter:label1\" content=\"Dur\u00e9e de lecture estim\u00e9e\" \/>\n\t<meta name=\"twitter:data1\" content=\"6 minutes\" \/>\n<script type=\"application\/ld+json\" class=\"yoast-schema-graph\">{\"@context\":\"https:\\\/\\\/schema.org\",\"@graph\":[{\"@type\":\"WebPage\",\"@id\":\"https:\\\/\\\/biblekids.io\\\/no\\\/om-oss\\\/\",\"url\":\"https:\\\/\\\/biblekids.io\\\/no\\\/om-oss\\\/\",\"name\":\"\u00c0 propos de nous - Bible Kids\",\"isPartOf\":{\"@id\":\"https:\\\/\\\/biblekids.io\\\/no\\\/#website\"},\"primaryImageOfPage\":{\"@id\":\"https:\\\/\\\/biblekids.io\\\/no\\\/om-oss\\\/#primaryimage\"},\"image\":{\"@id\":\"https:\\\/\\\/biblekids.io\\\/no\\\/om-oss\\\/#primaryimage\"},\"thumbnailUrl\":\"https:\\\/\\\/biblekids.io\\\/wp-content\\\/uploads\\\/2022\\\/03\\\/BibleKids_logo_neg.svg\",\"datePublished\":\"2020-10-19T10:23:44+00:00\",\"dateModified\":\"2024-05-14T15:48:38+00:00\",\"breadcrumb\":{\"@id\":\"https:\\\/\\\/biblekids.io\\\/no\\\/om-oss\\\/#breadcrumb\"},\"inLanguage\":\"fr-FR\",\"potentialAction\":[{\"@type\":\"ReadAction\",\"target\":[\"https:\\\/\\\/biblekids.io\\\/no\\\/om-oss\\\/\"]}]},{\"@type\":\"ImageObject\",\"inLanguage\":\"fr-FR\",\"@id\":\"https:\\\/\\\/biblekids.io\\\/no\\\/om-oss\\\/#primaryimage\",\"url\":\"https:\\\/\\\/biblekids.io\\\/wp-content\\\/uploads\\\/2022\\\/03\\\/BibleKids_logo_neg.svg\",\"contentUrl\":\"https:\\\/\\\/biblekids.io\\\/wp-content\\\/uploads\\\/2022\\\/03\\\/BibleKids_logo_neg.svg\"},{\"@type\":\"BreadcrumbList\",\"@id\":\"https:\\\/\\\/biblekids.io\\\/no\\\/om-oss\\\/#breadcrumb\",\"itemListElement\":[{\"@type\":\"ListItem\",\"position\":1,\"name\":\"Hjem\",\"item\":\"https:\\\/\\\/biblekids.io\\\/ru\\\/\"},{\"@type\":\"ListItem\",\"position\":2,\"name\":\"\u00c0 propos de nous\"}]},{\"@type\":\"WebSite\",\"@id\":\"https:\\\/\\\/biblekids.io\\\/no\\\/#website\",\"url\":\"https:\\\/\\\/biblekids.io\\\/no\\\/\",\"name\":\"Bible Kids\",\"description\":\"Histoires bibliques pour enfants\",\"potentialAction\":[{\"@type\":\"SearchAction\",\"target\":{\"@type\":\"EntryPoint\",\"urlTemplate\":\"https:\\\/\\\/biblekids.io\\\/no\\\/?s={search_term_string}\"},\"query-input\":{\"@type\":\"PropertyValueSpecification\",\"valueRequired\":true,\"valueName\":\"search_term_string\"}}],\"inLanguage\":\"fr-FR\"}]}<\/script>\n<!-- \/ Yoast SEO plugin. -->","yoast_head_json":{"title":"\u00c0 propos de nous - Bible Kids","robots":{"index":"index","follow":"follow","max-snippet":"max-snippet:-1","max-image-preview":"max-image-preview:large","max-video-preview":"max-video-preview:-1"},"canonical":"https:\/\/biblekids.io\/no\/om-oss\/","og_locale":"fr_FR","og_type":"article","og_title":"\u00c0 propos de nous - Bible Kids","og_url":"https:\/\/biblekids.io\/no\/om-oss\/","og_site_name":"Bible Kids","article_modified_time":"2024-05-14T15:48:38+00:00","og_image":[{"url":"https:\/\/biblekids.io\/wp-content\/uploads\/2022\/03\/BibleKids_logo_neg.svg","type":"","width":"","height":""}],"twitter_card":"summary_large_image","twitter_misc":{"Dur\u00e9e de lecture estim\u00e9e":"6 minutes"},"schema":{"@context":"https:\/\/schema.org","@graph":[{"@type":"WebPage","@id":"https:\/\/biblekids.io\/no\/om-oss\/","url":"https:\/\/biblekids.io\/no\/om-oss\/","name":"\u00c0 propos de nous - Bible Kids","isPartOf":{"@id":"https:\/\/biblekids.io\/no\/#website"},"primaryImageOfPage":{"@id":"https:\/\/biblekids.io\/no\/om-oss\/#primaryimage"},"image":{"@id":"https:\/\/biblekids.io\/no\/om-oss\/#primaryimage"},"thumbnailUrl":"https:\/\/biblekids.io\/wp-content\/uploads\/2022\/03\/BibleKids_logo_neg.svg","datePublished":"2020-10-19T10:23:44+00:00","dateModified":"2024-05-14T15:48:38+00:00","breadcrumb":{"@id":"https:\/\/biblekids.io\/no\/om-oss\/#breadcrumb"},"inLanguage":"fr-FR","potentialAction":[{"@type":"ReadAction","target":["https:\/\/biblekids.io\/no\/om-oss\/"]}]},{"@type":"ImageObject","inLanguage":"fr-FR","@id":"https:\/\/biblekids.io\/no\/om-oss\/#primaryimage","url":"https:\/\/biblekids.io\/wp-content\/uploads\/2022\/03\/BibleKids_logo_neg.svg","contentUrl":"https:\/\/biblekids.io\/wp-content\/uploads\/2022\/03\/BibleKids_logo_neg.svg"},{"@type":"BreadcrumbList","@id":"https:\/\/biblekids.io\/no\/om-oss\/#breadcrumb","itemListElement":[{"@type":"ListItem","position":1,"name":"Hjem","item":"https:\/\/biblekids.io\/ru\/"},{"@type":"ListItem","position":2,"name":"\u00c0 propos de nous"}]},{"@type":"WebSite","@id":"https:\/\/biblekids.io\/no\/#website","url":"https:\/\/biblekids.io\/no\/","name":"Bible Kids","description":"Histoires bibliques pour enfants","potentialAction":[{"@type":"SearchAction","target":{"@type":"EntryPoint","urlTemplate":"https:\/\/biblekids.io\/no\/?s={search_term_string}"},"query-input":{"@type":"PropertyValueSpecification","valueRequired":true,"valueName":"search_term_string"}}],"inLanguage":"fr-FR"}]}},"_links":{"self":[{"href":"https:\/\/biblekids.io\/fr\/wp-json\/wp\/v2\/pages\/44354","targetHints":{"allow":["GET"]}}],"collection":[{"href":"https:\/\/biblekids.io\/fr\/wp-json\/wp\/v2\/pages"}],"about":[{"href":"https:\/\/biblekids.io\/fr\/wp-json\/wp\/v2\/types\/page"}],"author":[{"embeddable":true,"href":"https:\/\/biblekids.io\/fr\/wp-json\/wp\/v2\/users\/5"}],"replies":[{"embeddable":true,"href":"https:\/\/biblekids.io\/fr\/wp-json\/wp\/v2\/comments?post=44354"}],"version-history":[{"count":29,"href":"https:\/\/biblekids.io\/fr\/wp-json\/wp\/v2\/pages\/44354\/revisions"}],"predecessor-version":[{"id":98639,"href":"https:\/\/biblekids.io\/fr\/wp-json\/wp\/v2\/pages\/44354\/revisions\/98639"}],"wp:attachment":[{"href":"https:\/\/biblekids.io\/fr\/wp-json\/wp\/v2\/media?parent=44354"}],"curies":[{"name":"wp","href":"https:\/\/api.w.org\/{rel}","templated":true}]}}