{"id":74785,"date":"2023-08-04T16:25:06","date_gmt":"2023-08-04T14:25:06","guid":{"rendered":"https:\/\/biblekids.io\/?page_id=74785"},"modified":"2024-05-14T17:51:52","modified_gmt":"2024-05-14T15:51:52","slug":"tweens","status":"publish","type":"page","link":"https:\/\/biblekids.io\/fr\/tweens\/","title":{"rendered":"Tweens (12 ans et +)"},"content":{"rendered":"\n\n\t<section class=\"section\" id=\"section_503591171\">\n\t\t<div class=\"section-bg fill\" >\n\t\t\t\t\t\t\t\t\t\n\t\t\t\n\n\t\t<\/div>\n\n\t\t\n\n\t\t<div class=\"section-content relative\">\n\t\t\t\n\n<div class=\"row align-center\"  id=\"row-925163813\">\n\n\n\t<div id=\"col-1707624001\" class=\"col hero-description medium-12 small-12 large-3\"  >\n\t\t\t\t<div class=\"col-inner text-center\"  >\n\t\t\t\n\t\t\t\n\n<p>&nbsp;<\/p>\n<h3><img loading=\"lazy\" decoding=\"async\" class=\"alignnone size-medium wp-image-73770\" src=\"https:\/\/biblekids.io\/wp-content\/uploads\/2023\/06\/Logo-green-1-800x398.png\" alt=\"\" width=\"800\" height=\"398\">&nbsp;12 ans et +<\/h3>\n<p>&nbsp;<\/p>\n\n\t\t<\/div>\n\t\t\t\t\n<style>\n#col-1707624001 > .col-inner {\n  padding: 0px1 0px 0px 0px;\n}\n@media (min-width:550px) {\n  #col-1707624001 > .col-inner {\n    padding: 0px 0px 0 0px;\n  }\n}\n@media (min-width:850px) {\n  #col-1707624001 > .col-inner {\n    padding: 30px 0px 30px 0px;\n  }\n}\n<\/style>\n\t<\/div>\n\n\t\n\n<\/div>\n\n\t\t<\/div>\n\n\t\t\n<style>\n#section_503591171 {\n  padding-top: 0px;\n  padding-bottom: 0px;\n}\n<\/style>\n\t<\/section>\n\t\n\n\t<section class=\"section\" id=\"section_292761427\">\n\t\t<div class=\"section-bg fill\" >\n\t\t\t\t\t\t\t\t\t\n\t\t\t\n\n\t\t<\/div>\n\n\t\t\n\n\t\t<div class=\"section-content relative\">\n\t\t\t\n\n<div class=\"row\"  id=\"row-629772274\">\n\n\n\t<div id=\"col-1052288646\" class=\"col no-bottom-padding medium-6 small-12 large-6\"  >\n\t\t\t\t<div class=\"col-inner\"  >\n\t\t\t\n\t\t\t\n\n<p><strong>Les grands enfants :<\/strong><\/p>\n<div>\n<h2>Une foi personnelle<\/h2>\n<\/div>\n<p>Le passage de l&rsquo;enfance \u00e0 l&rsquo;adolescence peut \u00eatre difficile. Il se passe beaucoup de choses \u00e0 la fois chez ces jeunes et autour d&rsquo;eux, d&rsquo;o\u00f9 la n\u00e9cessit\u00e9 d&rsquo;un environnement s\u00fbr et inclusif, avec de bonnes exp\u00e9riences. Nombre d&rsquo;entre eux s&rsquo;orientent vers une foi personnelle et certains font d\u00e9j\u00e0 un choix \u00e0 ce moment-l\u00e0. Il est donc important qu&rsquo;ils entendent l&rsquo;\u00c9vangile et qu&rsquo;ils en viennent \u00e0 croire que J\u00e9sus \u00e9tait un \u00eatre humain comme nous et qu&rsquo;il peut comprendre et aider dans toutes les situations de la vie.   <\/p>\n\n<div class=\"accordion\">\n\n\t<div id=\"accordion-1999037801\" class=\"accordion-item\">\n\t\t<a id=\"accordion-1999037801-label\" class=\"accordion-title plain\" href=\"#accordion-item-conseils-pour-les-rencontres-tweens\" aria-expanded=\"false\" aria-controls=\"accordion-1999037801-content\">\n\t\t\t<button class=\"toggle\" aria-label=\"Basculer\"><i class=\"icon-angle-down\" aria-hidden=\"true\"><\/i><\/button>\n\t\t\t<span>Conseils pour les rencontres Tweens<\/span>\n\t\t<\/a>\n\t\t<div id=\"accordion-1999037801-content\" class=\"accordion-inner\" aria-labelledby=\"accordion-1999037801-label\">\n\t\t\t\n\n<ul>\n<li>Ce groupe est souvent un peu plus petit, ce qui permet une plus grande individualisation et d&rsquo;adapter le programme le plus possible au groupe.<\/li>\n<li><span style=\"color: #555555;\">Chaque tween doit se sentir consid\u00e9r\u00e9 et accept\u00e9 tel qu&rsquo;il est. Ils doivent ressentir qu&rsquo;ils \u00e9tablissent des liens avec d\u2019autres tweens et avec des mentors qui s&rsquo;int\u00e9ressent vraiment \u00e0 eux. <\/span><\/li>\n<li><span style=\"color: #555555;\">Il se peut que les tweens ne trouvent pas aussi naturel de chanter \u00e0 haute voix dans un groupe que les enfants plus jeunes. Une alternative pourrait \u00eatre d&rsquo;\u00e9couter ou de lire des chants avec eux, et de parler de leur contenu et \u00e9ventuellement de leurs auteurs et des histoires qui ont inspir\u00e9 ces chants.  <\/span><\/li>\n<li><span style=\"color: #555555;\">Les rencontres et en particulier les activit\u00e9s doivent \u00eatre adapt\u00e9es autant que possible aux int\u00e9r\u00eats des tweens du groupe.<\/span><\/li>\n<\/ul>\n\n\t\t<\/div>\n\t<\/div>\n\t\n\n<\/div>\n\n\t\t<\/div>\n\t\t\t\t\t<\/div>\n\n\t\n\n\t<div id=\"col-422486771\" class=\"col no-padding medium-6 small-12 large-6\"  >\n\t\t\t\t<div class=\"col-inner text-center\"  >\n\t\t\t\n\t\t\t\n\n\t<div class=\"img has-hover x md-x lg-x y md-y lg-y\" id=\"image_1793535481\">\n\t\t\t\t\t\t\t\t<div class=\"img-inner dark\" >\n\t\t\t<img loading=\"lazy\" decoding=\"async\" width=\"800\" height=\"800\" src=\"https:\/\/biblekids.io\/wp-content\/uploads\/2023\/08\/Green-round-800x800.png\" class=\"attachment-large size-large\" alt=\"\" \/>\t\t\t\t\t\t\n\t\t\t\t\t<\/div>\n\t\t\t\t\t\t\t\t\n<style>\n#image_1793535481 {\n  width: 71%;\n}\n<\/style>\n\t<\/div>\n\t\n\n\n\t\t<\/div>\n\t\t\t\t\t<\/div>\n\n\t\n\n<\/div>\n\n\t\t<\/div>\n\n\t\t\n<style>\n#section_292761427 {\n  padding-top: 30px;\n  padding-bottom: 30px;\n  background-color: rgb(247, 247, 247);\n}\n<\/style>\n\t<\/section>\n\t\n\n\t<section class=\"section latest-themes\" id=\"section_1526873132\">\n\t\t<div class=\"section-bg fill\" >\n\t\t\t\t\t\t\t\t\t\n\t\t\t\n\n\t\t<\/div>\n\n\t\t\n\n\t\t<div class=\"section-content relative\">\n\t\t\t\n\n<div class=\"row\"  id=\"row-1694870061\">\n\n\n\t<div id=\"col-795710525\" class=\"col small-12 large-12\"  >\n\t\t\t\t<div class=\"col-inner\"  >\n\t\t\t\n\t\t\t\n\n<h3 style=\"text-align: center;\">Derniers th\u00e8mes publi\u00e9s pour Tweens<\/h3>\n\t<div id=\"gap-526232501\" class=\"gap-element clearfix\" style=\"display:block; height:auto;\">\n\t\t\n<style>\n#gap-526232501 {\n  padding-top: 50px;\n}\n<\/style>\n\t<\/div>\n\t\n\n\n  \n    <div class=\"row large-columns-3 medium-columns-1 small-columns-1 row-small\" >\n  <\/div>\n\n\n\t\t<\/div>\n\t\t\t\t\t<\/div>\n\n\t\n\n\n<style>\n#row-1694870061 > .col > .col-inner {\n  padding: 0px 0px 0px 0px;\n}\n@media (min-width:550px) {\n  #row-1694870061 > .col > .col-inner {\n    padding: 0px 0px 30px 0px;\n  }\n}\n@media (min-width:850px) {\n  #row-1694870061 > .col > .col-inner {\n    padding: 50px 0px 70px 0px;\n  }\n}\n<\/style>\n<\/div>\n\n\t\t<\/div>\n\n\t\t\n<style>\n#section_1526873132 {\n  padding-top: 0px;\n  padding-bottom: 0px;\n}\n<\/style>\n\t<\/section>\n\t\n\n","protected":false},"excerpt":{"rendered":"","protected":false},"author":9614,"featured_media":41892,"parent":0,"menu_order":0,"comment_status":"closed","ping_status":"closed","template":"page-blank.php","meta":{"_acf_changed":false,"bcc_login_visibility":0,"bcc_groups":[],"bcc_groups_email":true,"bcc_visibility_groups":[],"bcc_visibility_groups_email":false,"sent_notifications":[],"footnotes":"","_links_to":"","_links_to_target":""},"class_list":["post-74785","page","type-page","status-publish","has-post-thumbnail","hentry"],"acf":[],"yoast_head":"<!-- This site is optimized with the Yoast SEO plugin v27.3 - https:\/\/yoast.com\/product\/yoast-seo-wordpress\/ -->\n<title>Bible Kids \u00c9tudes bibliques pour les enfants et les pr\u00e9adolescents (Tweens)<\/title>\n<meta name=\"description\" content=\"Vous trouverez ici des \u00e9tudes bibliques et des ressources chr\u00e9tiennes pour les Tweens. Notre vision est que les enfants aient J\u00e9sus comme meilleur ami - pour la vie.\" \/>\n<meta name=\"robots\" content=\"index, follow, max-snippet:-1, max-image-preview:large, max-video-preview:-1\" \/>\n<link rel=\"canonical\" href=\"https:\/\/biblekids.io\/no\/tweens\/\" \/>\n<meta property=\"og:locale\" content=\"fr_FR\" \/>\n<meta property=\"og:type\" content=\"article\" \/>\n<meta property=\"og:title\" content=\"Bible Kids \u00c9tudes bibliques pour les enfants et les pr\u00e9adolescents (Tweens)\" \/>\n<meta property=\"og:description\" content=\"Vous trouverez ici des \u00e9tudes bibliques et des ressources chr\u00e9tiennes pour les Tweens. Notre vision est que les enfants aient J\u00e9sus comme meilleur ami - pour la vie.\" \/>\n<meta property=\"og:url\" content=\"https:\/\/biblekids.io\/no\/tweens\/\" \/>\n<meta property=\"og:site_name\" content=\"Bible Kids\" \/>\n<meta property=\"article:modified_time\" content=\"2024-05-14T15:51:52+00:00\" \/>\n<meta property=\"og:image\" content=\"https:\/\/biblekids.io\/wp-content\/uploads\/2020\/11\/jefr201.jpg\" \/>\n\t<meta property=\"og:image:width\" content=\"854\" \/>\n\t<meta property=\"og:image:height\" content=\"480\" \/>\n\t<meta property=\"og:image:type\" content=\"image\/jpeg\" \/>\n<meta name=\"twitter:card\" content=\"summary_large_image\" \/>\n<meta name=\"twitter:label1\" content=\"Dur\u00e9e de lecture estim\u00e9e\" \/>\n\t<meta name=\"twitter:data1\" content=\"2 minutes\" \/>\n<script type=\"application\/ld+json\" class=\"yoast-schema-graph\">{\"@context\":\"https:\\\/\\\/schema.org\",\"@graph\":[{\"@type\":\"WebPage\",\"@id\":\"https:\\\/\\\/biblekids.io\\\/no\\\/tweens\\\/\",\"url\":\"https:\\\/\\\/biblekids.io\\\/no\\\/tweens\\\/\",\"name\":\"Bible Kids \u00c9tudes bibliques pour les enfants et les pr\u00e9adolescents (Tweens)\",\"isPartOf\":{\"@id\":\"https:\\\/\\\/biblekids.io\\\/no\\\/#website\"},\"primaryImageOfPage\":{\"@id\":\"https:\\\/\\\/biblekids.io\\\/no\\\/tweens\\\/#primaryimage\"},\"image\":{\"@id\":\"https:\\\/\\\/biblekids.io\\\/no\\\/tweens\\\/#primaryimage\"},\"thumbnailUrl\":\"https:\\\/\\\/biblekids.io\\\/wp-content\\\/uploads\\\/2020\\\/11\\\/jefr201.jpg\",\"datePublished\":\"2023-08-04T14:25:06+00:00\",\"dateModified\":\"2024-05-14T15:51:52+00:00\",\"description\":\"Vous trouverez ici des \u00e9tudes bibliques et des ressources chr\u00e9tiennes pour les Tweens. Notre vision est que les enfants aient J\u00e9sus comme meilleur ami - pour la vie.\",\"breadcrumb\":{\"@id\":\"https:\\\/\\\/biblekids.io\\\/no\\\/tweens\\\/#breadcrumb\"},\"inLanguage\":\"fr-FR\",\"potentialAction\":[{\"@type\":\"ReadAction\",\"target\":[\"https:\\\/\\\/biblekids.io\\\/no\\\/tweens\\\/\"]}]},{\"@type\":\"ImageObject\",\"inLanguage\":\"fr-FR\",\"@id\":\"https:\\\/\\\/biblekids.io\\\/no\\\/tweens\\\/#primaryimage\",\"url\":\"https:\\\/\\\/biblekids.io\\\/wp-content\\\/uploads\\\/2020\\\/11\\\/jefr201.jpg\",\"contentUrl\":\"https:\\\/\\\/biblekids.io\\\/wp-content\\\/uploads\\\/2020\\\/11\\\/jefr201.jpg\",\"width\":854,\"height\":480},{\"@type\":\"BreadcrumbList\",\"@id\":\"https:\\\/\\\/biblekids.io\\\/no\\\/tweens\\\/#breadcrumb\",\"itemListElement\":[{\"@type\":\"ListItem\",\"position\":1,\"name\":\"Hjem\",\"item\":\"https:\\\/\\\/biblekids.io\\\/ru\\\/\"},{\"@type\":\"ListItem\",\"position\":2,\"name\":\"Tweens (12 ans et +)\"}]},{\"@type\":\"WebSite\",\"@id\":\"https:\\\/\\\/biblekids.io\\\/no\\\/#website\",\"url\":\"https:\\\/\\\/biblekids.io\\\/no\\\/\",\"name\":\"Bible Kids\",\"description\":\"Histoires bibliques pour enfants\",\"potentialAction\":[{\"@type\":\"SearchAction\",\"target\":{\"@type\":\"EntryPoint\",\"urlTemplate\":\"https:\\\/\\\/biblekids.io\\\/no\\\/?s={search_term_string}\"},\"query-input\":{\"@type\":\"PropertyValueSpecification\",\"valueRequired\":true,\"valueName\":\"search_term_string\"}}],\"inLanguage\":\"fr-FR\"}]}<\/script>\n<!-- \/ Yoast SEO plugin. -->","yoast_head_json":{"title":"Bible Kids \u00c9tudes bibliques pour les enfants et les pr\u00e9adolescents (Tweens)","description":"Vous trouverez ici des \u00e9tudes bibliques et des ressources chr\u00e9tiennes pour les Tweens. Notre vision est que les enfants aient J\u00e9sus comme meilleur ami - pour la vie.","robots":{"index":"index","follow":"follow","max-snippet":"max-snippet:-1","max-image-preview":"max-image-preview:large","max-video-preview":"max-video-preview:-1"},"canonical":"https:\/\/biblekids.io\/no\/tweens\/","og_locale":"fr_FR","og_type":"article","og_title":"Bible Kids \u00c9tudes bibliques pour les enfants et les pr\u00e9adolescents (Tweens)","og_description":"Vous trouverez ici des \u00e9tudes bibliques et des ressources chr\u00e9tiennes pour les Tweens. Notre vision est que les enfants aient J\u00e9sus comme meilleur ami - pour la vie.","og_url":"https:\/\/biblekids.io\/no\/tweens\/","og_site_name":"Bible Kids","article_modified_time":"2024-05-14T15:51:52+00:00","og_image":[{"width":854,"height":480,"url":"https:\/\/biblekids.io\/wp-content\/uploads\/2020\/11\/jefr201.jpg","type":"image\/jpeg"}],"twitter_card":"summary_large_image","twitter_misc":{"Dur\u00e9e de lecture estim\u00e9e":"2 minutes"},"schema":{"@context":"https:\/\/schema.org","@graph":[{"@type":"WebPage","@id":"https:\/\/biblekids.io\/no\/tweens\/","url":"https:\/\/biblekids.io\/no\/tweens\/","name":"Bible Kids \u00c9tudes bibliques pour les enfants et les pr\u00e9adolescents (Tweens)","isPartOf":{"@id":"https:\/\/biblekids.io\/no\/#website"},"primaryImageOfPage":{"@id":"https:\/\/biblekids.io\/no\/tweens\/#primaryimage"},"image":{"@id":"https:\/\/biblekids.io\/no\/tweens\/#primaryimage"},"thumbnailUrl":"https:\/\/biblekids.io\/wp-content\/uploads\/2020\/11\/jefr201.jpg","datePublished":"2023-08-04T14:25:06+00:00","dateModified":"2024-05-14T15:51:52+00:00","description":"Vous trouverez ici des \u00e9tudes bibliques et des ressources chr\u00e9tiennes pour les Tweens. Notre vision est que les enfants aient J\u00e9sus comme meilleur ami - pour la vie.","breadcrumb":{"@id":"https:\/\/biblekids.io\/no\/tweens\/#breadcrumb"},"inLanguage":"fr-FR","potentialAction":[{"@type":"ReadAction","target":["https:\/\/biblekids.io\/no\/tweens\/"]}]},{"@type":"ImageObject","inLanguage":"fr-FR","@id":"https:\/\/biblekids.io\/no\/tweens\/#primaryimage","url":"https:\/\/biblekids.io\/wp-content\/uploads\/2020\/11\/jefr201.jpg","contentUrl":"https:\/\/biblekids.io\/wp-content\/uploads\/2020\/11\/jefr201.jpg","width":854,"height":480},{"@type":"BreadcrumbList","@id":"https:\/\/biblekids.io\/no\/tweens\/#breadcrumb","itemListElement":[{"@type":"ListItem","position":1,"name":"Hjem","item":"https:\/\/biblekids.io\/ru\/"},{"@type":"ListItem","position":2,"name":"Tweens (12 ans et +)"}]},{"@type":"WebSite","@id":"https:\/\/biblekids.io\/no\/#website","url":"https:\/\/biblekids.io\/no\/","name":"Bible Kids","description":"Histoires bibliques pour enfants","potentialAction":[{"@type":"SearchAction","target":{"@type":"EntryPoint","urlTemplate":"https:\/\/biblekids.io\/no\/?s={search_term_string}"},"query-input":{"@type":"PropertyValueSpecification","valueRequired":true,"valueName":"search_term_string"}}],"inLanguage":"fr-FR"}]}},"_links":{"self":[{"href":"https:\/\/biblekids.io\/fr\/wp-json\/wp\/v2\/pages\/74785","targetHints":{"allow":["GET"]}}],"collection":[{"href":"https:\/\/biblekids.io\/fr\/wp-json\/wp\/v2\/pages"}],"about":[{"href":"https:\/\/biblekids.io\/fr\/wp-json\/wp\/v2\/types\/page"}],"author":[{"embeddable":true,"href":"https:\/\/biblekids.io\/fr\/wp-json\/wp\/v2\/users\/9614"}],"replies":[{"embeddable":true,"href":"https:\/\/biblekids.io\/fr\/wp-json\/wp\/v2\/comments?post=74785"}],"version-history":[{"count":12,"href":"https:\/\/biblekids.io\/fr\/wp-json\/wp\/v2\/pages\/74785\/revisions"}],"predecessor-version":[{"id":98648,"href":"https:\/\/biblekids.io\/fr\/wp-json\/wp\/v2\/pages\/74785\/revisions\/98648"}],"wp:featuredmedia":[{"embeddable":true,"href":"https:\/\/biblekids.io\/fr\/wp-json\/wp\/v2\/media\/41892"}],"wp:attachment":[{"href":"https:\/\/biblekids.io\/fr\/wp-json\/wp\/v2\/media?parent=74785"}],"curies":[{"name":"wp","href":"https:\/\/api.w.org\/{rel}","templated":true}]}}