{"id":45100,"date":"2020-10-19T12:23:44","date_gmt":"2020-10-19T10:23:44","guid":{"rendered":"https:\/\/biblekids.io\/chi-siamo\/"},"modified":"2021-01-25T19:30:19","modified_gmt":"2021-01-25T18:30:19","slug":"chi-siamo","status":"publish","type":"page","link":"https:\/\/biblekids.io\/it\/chi-siamo\/","title":{"rendered":"Chi siamo"},"content":{"rendered":"<div class=\"row align-middle\"  id=\"row-1909763449\">\n\n\t<div id=\"col-204385016\" class=\"col medium-6 small-12 large-6\"  >\n\t\t\t\t<div class=\"col-inner\"  >\n\t\t\t\n\t\t\t\n<h1>Questi siamo noi!<\/h1>\n<p class=\"lead\">La fondazione BCC Media \u00e8 una casa editrice senza scopo commerciale che produce e distribuisce contenuto con valori positivi e cristiani. La fondazione appartiene all\u2019associazione <g id=\"gid_0\">Brunstad Christian Chruch (BCC).<\/g>Uno dei nostri principali obiettivi sono i contenuti cristiani per i bambini.Il gruppo che lavora a questo progetto sono persone creative e giovane con ampie conoscenze ed esperienza nel settore. Siamo appassionati del nostro lavoro. <\/p>\n\t\t<\/div>\n\t\t\t\t\t<\/div>\n\n\t\n\n\t<div id=\"col-669686576\" class=\"col medium-6 small-12 large-6\"  >\n\t\t\t\t<div class=\"col-inner\"  >\n\t\t\t\n\t\t\t\n\t<div class=\"img has-hover x md-x lg-x y md-y lg-y\" id=\"image_1088395717\">\n\t\t\t\t\t\t\t\t<div class=\"img-inner dark\" >\n\t\t\t<img loading=\"lazy\" decoding=\"async\" width=\"1280\" height=\"1280\" src=\"https:\/\/biblekids.io\/wp-content\/uploads\/2020\/11\/photo_2020-11-24-09.32.51.jpeg\" class=\"attachment-original size-original\" alt=\"\" \/>\t\t\t\t\t\t\n\t\t\t\t\t<\/div>\n\t\t\t\t\t\t\t\t\n<style>\n#image_1088395717 {\n  width: 100%;\n}\n<\/style>\n\t<\/div>\n\t\n\t\t<\/div>\n\t\t\t\t\t<\/div>\n\n\t\n<\/div>\n\n\t<section class=\"section\" id=\"section_194528894\">\n\t\t<div class=\"section-bg fill\" >\n\t\t\t\t\t\t\t\t\t\n\t\t\t\n\n\t\t<\/div>\n\n\t\t\n\n\t\t<div class=\"section-content relative\">\n\t\t\t\n<div class=\"row\"  id=\"row-949663496\">\n\n\t<div id=\"col-2064536822\" class=\"col small-12 large-12\"  >\n\t\t\t\t<div class=\"col-inner text-center\"  >\n\t\t\t\n\t\t\t\n<h2>La nostra visione \u00e8 che i bambini abbiano Ges\u00f9 come migliore amico per il resto della loro vita.<\/h2>\n\t\t<\/div>\n\t\t\t\t\n<style>\n#col-2064536822 > .col-inner {\n  padding: 30px 0px 0px 0px;\n}\n<\/style>\n\t<\/div>\n\n\t\n<\/div>\n\t\t<\/div>\n\n\t\t\n<style>\n#section_194528894 {\n  padding-top: 60px;\n  padding-bottom: 60px;\n  background-color: rgb(251, 242, 228);\n}\n<\/style>\n\t<\/section>\n\t\n\n\t<section class=\"section\" id=\"section_1903325477\">\n\t\t<div class=\"section-bg fill\" >\n\t\t\t\t\t\t\t\t\t\n\t\t\t\n\n\t\t<\/div>\n\n\t\t\n\n\t\t<div class=\"section-content relative\">\n\t\t\t\n<div class=\"row\"  id=\"row-1554280265\">\n\n\t<div id=\"col-62304181\" class=\"col small-12 large-12\"  >\n\t\t\t\t<div class=\"col-inner\"  >\n\t\t\t\n\t\t\t\n<h3>I periodi eccezionali creano partecipazione<\/h3>\n<p class=\"lead\"><span style=\"font-weight: 400;\"><img loading=\"lazy\" decoding=\"async\" class=\"wp-image-41938 alignleft\" src=\"https:\/\/biblekids.io\/wp-content\/uploads\/2020\/11\/kidsmeet-paaske-711x400.jpg\" alt=\"\" width=\"500\" height=\"281\" \/>Quando all\u2019inizio di marzo 2020 la pandemia ha colpito in pieno, quanto noto e fatto fino ad allora \u00e8 cambiato. Anche per i bambini abituati a riunirsi ogni settimana per la scuola domenicale in tutto il mondo \u00e8 stata una sfida. Infatti, non \u00e8 stato pi\u00f9 possibile.<\/span><\/p>\n<p class=\"lead\"><span style=\"font-weight: 400;\">Per colmare questo vuoto, BCC Media ha incrementato la produzione di contenuti cristiani per i bambini. La visione era quella di dare a tutti i bambini una istruzione sana e buona con l\u2019aiuto dei media digitali. Il risultato \u00e8 stato un database ben fornito di serie animate e trasmissioni dallo studio in 14 lingue. Le abbiamo organizzate sul sito degli argomenti, dove si trovano contenuti che servono per organizzare una chiesa domenicale per i gruppi di bambini locali o per un\u2019istruzione alla fede in casa.<\/span><\/p>\n<p class=\"lead\"><span style=\"font-weight: 400;\"><img loading=\"lazy\" decoding=\"async\" class=\"wp-image-43037 alignright\" src=\"https:\/\/biblekids.io\/wp-content\/uploads\/2020\/11\/brunstad_christian_church_kristen_ungdom_fellesskap_media_12-e1600501319259-678x400.jpg\" alt=\"\" width=\"500\" height=\"295\" \/>Sul sito degli argomenti, si trovano tra gli altri: cartoni animati, testi, video musicali e compiti creativi legati a un argomento specifico. Basta scegliere l\u2019argomento adatto al proprio gruppo di bambini. <\/span><\/p>\n<p class=\"lead\"><span style=\"font-weight: 400;\">Vedi il calendario per una panoramica di quanto in programma per il futuro, oppure vai al sito degli argomentiper usare le risorse gi\u00e0 disponibili.<\/span><\/p>\n<p class=\"lead\">Hai domande? Contattaci a <a href=\"mailto:redaksjon@bcc.no\">redaksjon@bcc.no<\/a><\/p>\n\t\t<\/div>\n\t\t\t\t\t<\/div>\n\n\t\n<\/div>\n\t\t<\/div>\n\n\t\t\n<style>\n#section_1903325477 {\n  padding-top: 100px;\n  padding-bottom: 100px;\n}\n<\/style>\n\t<\/section>\n\t\n\n<div class=\"row\"  id=\"row-157995414\">\n\n\t<div id=\"col-629203230\" class=\"col small-12 large-12\"  >\n\t\t\t\t<div class=\"col-inner\"  >\n\t\t\t\n\t\t\t\n  <div id=\"page-header-1284927082\" class=\"page-header-wrapper\">\n  <div class=\"page-title light divided-title\">\n\n    \n    <div class=\"page-title-inner container align-center flex-row medium-flex-wrap\" >\n              <div class=\"title-wrapper is-small flex-col text-left medium-text-center\">\n          <h1 class=\"entry-title mb-0\">\n            Chi siamo          <\/h1>\n        <\/div>\n                    <div class=\"title-content flex-col flex-right text-right medium-text-center\">\n        <div class=\"title-breadcrumbs pb-half pt-half\"><\/div>      <\/div>\n    <\/div>\n\n       <\/div>\n  <div class=\"container header-wrapper-divider\"><hr\/><\/div>  <\/div>\n  \n<p class=\"lead\"><img loading=\"lazy\" decoding=\"async\" class=\"wp-image-41978 alignright\" src=\"https:\/\/biblekids.io\/wp-content\/uploads\/2020\/11\/barnemeet-708x400.jpg\" alt=\"\" width=\"500\" height=\"282\"><\/p>\n<p class=\"lead\"><span style=\"font-weight: 400;\">BCC ha fatto scuola domenicale sin dall\u2019inizio del Novecento. Il lavoro \u00e8 di volontariato ed \u00e8 opera di lavoratori entusiasti; il desiderio di trasmettere il Vangelo di Ges\u00f9, il messaggio che possiamo seguire Ges\u00f9 e fare la sua volont\u00e0, ne sono l\u2019obiettivo principale. Ges\u00f9 ha portato il perdono e la riconciliazione, ma anche una via da seguire per liberarci dal peccato.<\/span><span style=\"font-weight: 400;\">Non \u00e8 l\u2019intenzione che continuiamo a peccare, possiamo seguire il comandamento di Ges\u00f9 e l\u2019esempio che ci ha lasciato. Con la forza dello Spirito Santo \u00e8 possibile. <\/span> Ges\u00f9 \u00e8 venuto con una speranza completamente nuova per noi. Questa \u00e8 la felice novella \u2013 anche per i bambini. <\/p>\n<p class=\"lead\"><span style=\"font-weight: 400;\">Leggi di pi\u00f9 su BCC <a href=\"https:\/\/bcc.no\">qui.<\/a><\/span><\/p>\n\t\t<\/div>\n\t\t\t\t\t<\/div>\n\n\t\n<\/div>\n","protected":false},"excerpt":{"rendered":"","protected":false},"author":5,"featured_media":0,"parent":0,"menu_order":0,"comment_status":"closed","ping_status":"closed","template":"page-blank.php","meta":{"_acf_changed":false,"bcc_login_visibility":0,"bcc_groups":[],"bcc_groups_email":true,"bcc_visibility_groups":[],"bcc_visibility_groups_email":false,"sent_notifications":[],"footnotes":"","_links_to":"","_links_to_target":""},"class_list":["post-45100","page","type-page","status-publish","hentry"],"acf":[],"yoast_head":"<!-- This site is optimized with the Yoast SEO plugin v27.4 - https:\/\/yoast.com\/product\/yoast-seo-wordpress\/ -->\n<title>Chi siamo - Bible Kids<\/title>\n<meta name=\"robots\" content=\"index, follow, max-snippet:-1, max-image-preview:large, max-video-preview:-1\" \/>\n<link rel=\"canonical\" href=\"https:\/\/biblekids.io\/no\/om-oss\/\" \/>\n<meta property=\"og:locale\" content=\"it_IT\" \/>\n<meta property=\"og:type\" content=\"article\" \/>\n<meta property=\"og:title\" content=\"Chi siamo - Bible Kids\" \/>\n<meta property=\"og:url\" content=\"https:\/\/biblekids.io\/no\/om-oss\/\" \/>\n<meta property=\"og:site_name\" content=\"Bible Kids\" \/>\n<meta property=\"article:modified_time\" content=\"2021-01-25T18:30:19+00:00\" \/>\n<meta property=\"og:image\" content=\"https:\/\/biblekids.io\/wp-content\/uploads\/2020\/11\/kidsmeet-paaske-711x400.jpg\" \/>\n<meta name=\"twitter:card\" content=\"summary_large_image\" \/>\n<meta name=\"twitter:label1\" content=\"Tempo di lettura stimato\" \/>\n\t<meta name=\"twitter:data1\" content=\"5 minuto\" \/>\n<script type=\"application\/ld+json\" class=\"yoast-schema-graph\">{\"@context\":\"https:\\\/\\\/schema.org\",\"@graph\":[{\"@type\":\"WebPage\",\"@id\":\"https:\\\/\\\/biblekids.io\\\/no\\\/om-oss\\\/\",\"url\":\"https:\\\/\\\/biblekids.io\\\/no\\\/om-oss\\\/\",\"name\":\"Chi siamo - Bible Kids\",\"isPartOf\":{\"@id\":\"https:\\\/\\\/biblekids.io\\\/no\\\/#website\"},\"primaryImageOfPage\":{\"@id\":\"https:\\\/\\\/biblekids.io\\\/no\\\/om-oss\\\/#primaryimage\"},\"image\":{\"@id\":\"https:\\\/\\\/biblekids.io\\\/no\\\/om-oss\\\/#primaryimage\"},\"thumbnailUrl\":\"https:\\\/\\\/biblekids.io\\\/wp-content\\\/uploads\\\/2020\\\/11\\\/kidsmeet-paaske-711x400.jpg\",\"datePublished\":\"2020-10-19T10:23:44+00:00\",\"dateModified\":\"2021-01-25T18:30:19+00:00\",\"breadcrumb\":{\"@id\":\"https:\\\/\\\/biblekids.io\\\/no\\\/om-oss\\\/#breadcrumb\"},\"inLanguage\":\"it-IT\",\"potentialAction\":[{\"@type\":\"ReadAction\",\"target\":[\"https:\\\/\\\/biblekids.io\\\/no\\\/om-oss\\\/\"]}]},{\"@type\":\"ImageObject\",\"inLanguage\":\"it-IT\",\"@id\":\"https:\\\/\\\/biblekids.io\\\/no\\\/om-oss\\\/#primaryimage\",\"url\":\"https:\\\/\\\/biblekids.io\\\/wp-content\\\/uploads\\\/2020\\\/11\\\/kidsmeet-paaske-711x400.jpg\",\"contentUrl\":\"https:\\\/\\\/biblekids.io\\\/wp-content\\\/uploads\\\/2020\\\/11\\\/kidsmeet-paaske-711x400.jpg\"},{\"@type\":\"BreadcrumbList\",\"@id\":\"https:\\\/\\\/biblekids.io\\\/no\\\/om-oss\\\/#breadcrumb\",\"itemListElement\":[{\"@type\":\"ListItem\",\"position\":1,\"name\":\"Hjem\",\"item\":\"https:\\\/\\\/biblekids.io\\\/en\\\/\"},{\"@type\":\"ListItem\",\"position\":2,\"name\":\"Chi siamo\"}]},{\"@type\":\"WebSite\",\"@id\":\"https:\\\/\\\/biblekids.io\\\/no\\\/#website\",\"url\":\"https:\\\/\\\/biblekids.io\\\/no\\\/\",\"name\":\"Bible Kids\",\"description\":\"Storie bibliche per bambini\",\"potentialAction\":[{\"@type\":\"SearchAction\",\"target\":{\"@type\":\"EntryPoint\",\"urlTemplate\":\"https:\\\/\\\/biblekids.io\\\/no\\\/?s={search_term_string}\"},\"query-input\":{\"@type\":\"PropertyValueSpecification\",\"valueRequired\":true,\"valueName\":\"search_term_string\"}}],\"inLanguage\":\"it-IT\"}]}<\/script>\n<!-- \/ Yoast SEO plugin. -->","yoast_head_json":{"title":"Chi siamo - Bible Kids","robots":{"index":"index","follow":"follow","max-snippet":"max-snippet:-1","max-image-preview":"max-image-preview:large","max-video-preview":"max-video-preview:-1"},"canonical":"https:\/\/biblekids.io\/no\/om-oss\/","og_locale":"it_IT","og_type":"article","og_title":"Chi siamo - Bible Kids","og_url":"https:\/\/biblekids.io\/no\/om-oss\/","og_site_name":"Bible Kids","article_modified_time":"2021-01-25T18:30:19+00:00","og_image":[{"url":"https:\/\/biblekids.io\/wp-content\/uploads\/2020\/11\/kidsmeet-paaske-711x400.jpg","type":"","width":"","height":""}],"twitter_card":"summary_large_image","twitter_misc":{"Tempo di lettura stimato":"5 minuto"},"schema":{"@context":"https:\/\/schema.org","@graph":[{"@type":"WebPage","@id":"https:\/\/biblekids.io\/no\/om-oss\/","url":"https:\/\/biblekids.io\/no\/om-oss\/","name":"Chi siamo - Bible Kids","isPartOf":{"@id":"https:\/\/biblekids.io\/no\/#website"},"primaryImageOfPage":{"@id":"https:\/\/biblekids.io\/no\/om-oss\/#primaryimage"},"image":{"@id":"https:\/\/biblekids.io\/no\/om-oss\/#primaryimage"},"thumbnailUrl":"https:\/\/biblekids.io\/wp-content\/uploads\/2020\/11\/kidsmeet-paaske-711x400.jpg","datePublished":"2020-10-19T10:23:44+00:00","dateModified":"2021-01-25T18:30:19+00:00","breadcrumb":{"@id":"https:\/\/biblekids.io\/no\/om-oss\/#breadcrumb"},"inLanguage":"it-IT","potentialAction":[{"@type":"ReadAction","target":["https:\/\/biblekids.io\/no\/om-oss\/"]}]},{"@type":"ImageObject","inLanguage":"it-IT","@id":"https:\/\/biblekids.io\/no\/om-oss\/#primaryimage","url":"https:\/\/biblekids.io\/wp-content\/uploads\/2020\/11\/kidsmeet-paaske-711x400.jpg","contentUrl":"https:\/\/biblekids.io\/wp-content\/uploads\/2020\/11\/kidsmeet-paaske-711x400.jpg"},{"@type":"BreadcrumbList","@id":"https:\/\/biblekids.io\/no\/om-oss\/#breadcrumb","itemListElement":[{"@type":"ListItem","position":1,"name":"Hjem","item":"https:\/\/biblekids.io\/en\/"},{"@type":"ListItem","position":2,"name":"Chi siamo"}]},{"@type":"WebSite","@id":"https:\/\/biblekids.io\/no\/#website","url":"https:\/\/biblekids.io\/no\/","name":"Bible Kids","description":"Storie bibliche per bambini","potentialAction":[{"@type":"SearchAction","target":{"@type":"EntryPoint","urlTemplate":"https:\/\/biblekids.io\/no\/?s={search_term_string}"},"query-input":{"@type":"PropertyValueSpecification","valueRequired":true,"valueName":"search_term_string"}}],"inLanguage":"it-IT"}]}},"_links":{"self":[{"href":"https:\/\/biblekids.io\/it\/wp-json\/wp\/v2\/pages\/45100","targetHints":{"allow":["GET"]}}],"collection":[{"href":"https:\/\/biblekids.io\/it\/wp-json\/wp\/v2\/pages"}],"about":[{"href":"https:\/\/biblekids.io\/it\/wp-json\/wp\/v2\/types\/page"}],"author":[{"embeddable":true,"href":"https:\/\/biblekids.io\/it\/wp-json\/wp\/v2\/users\/5"}],"replies":[{"embeddable":true,"href":"https:\/\/biblekids.io\/it\/wp-json\/wp\/v2\/comments?post=45100"}],"version-history":[{"count":0,"href":"https:\/\/biblekids.io\/it\/wp-json\/wp\/v2\/pages\/45100\/revisions"}],"wp:attachment":[{"href":"https:\/\/biblekids.io\/it\/wp-json\/wp\/v2\/media?parent=45100"}],"curies":[{"name":"wp","href":"https:\/\/api.w.org\/{rel}","templated":true}]}}