{"id":45104,"date":"2020-10-19T12:24:26","date_gmt":"2020-10-19T10:24:26","guid":{"rendered":"https:\/\/biblekids.io\/supporto-del-lavoro\/"},"modified":"2022-06-12T09:19:39","modified_gmt":"2022-06-12T07:19:39","slug":"supporto-del-lavoro","status":"publish","type":"page","link":"https:\/\/biblekids.io\/it\/supporto-del-lavoro\/","title":{"rendered":"Supporto del lavoro"},"content":{"rendered":"\n\t<section class=\"section\" id=\"section_785922501\">\n\t\t<div class=\"section-bg fill\" >\n\t\t\t\t\t\t\t\t\t\n\t\t\t\n\n\t\t<\/div>\n\n\t\t\n\n\t\t<div class=\"section-content relative\">\n\t\t\t\n<div class=\"row\"  id=\"row-1624867202\">\n\n\t<div id=\"col-2085746007\" class=\"col small-12 large-12\"  >\n\t\t\t\t<div class=\"col-inner\"  >\n\t\t\t\n\t\t\t\n<div class=\"container section-title-container\" style=\"margin-top:52px;\"><h1 class=\"section-title section-title-normal\"><b aria-hidden=\"true\"><\/b><span class=\"section-title-main\" >Supporto del lavoro<\/span><b aria-hidden=\"true\"><\/b><\/h1><\/div>\n<p class=\"lead\"><span style=\"font-weight: 400;\">Alt BCC media produserer for barn ligger \u00e5pent til bruk p\u00e5 v\u00e5r <a href=\"https:\/\/brunstad.tv\">nett-TV<\/a>\u00a0og under v\u00e5r egen kanal p\u00e5 <a href=\"https:\/\/www.youtube.com\/c\/BibleKidsNO\">YouTube<\/a>. Vi \u00f8nsker at alle kristne kan ta i bruk det vi produserer, til glede for barn og familier i hele verden.\u00a0<\/span><\/p>\n<p class=\"lead\"><span style=\"font-weight: 400;\">Alle v\u00e5re produksjoner er finansiert av gaver. Vi \u00f8nsker \u00e5 n\u00e5 ut til flest mulig med det oppdraget Jesus har gitt oss; \u00e5 gj\u00f8re alle folkeslag til disipler, og l\u00e6re dem \u00e5 holde alt det Jesus har befalt oss.<\/span><\/p>\n<p class=\"lead\"><span style=\"font-weight: 400;\">I en urolig verden, \u00f8nsker vi ikke minst \u00e5 gi tro og h\u00e5p til barna &#8211; som er v\u00e5r fremtid. Jesus sier: <\/span><\/p>\n<p class=\"lead\"><span style=\"font-weight: 400;\"><em>\u00abLa de sm\u00e5 barn komme til meg, og hindre dem ikke! For Guds rike h\u00f8rer slike til\u00bb<\/em> (Mark 10; 14).<\/span><\/p>\n<p class=\"lead\"><span style=\"font-weight: 400;\">Dette \u00f8nsker vi \u00e5 bidra til.\u00a0<\/span><\/p>\n\t\t<\/div>\n\t\t\t\t\t<\/div>\n\n\t\n<\/div>\n\t\t<\/div>\n\n\t\t\n<style>\n#section_785922501 {\n  padding-top: 0px;\n  padding-bottom: 0px;\n}\n<\/style>\n\t<\/section>\n\t\n\n\t<section class=\"section\" id=\"section_481862108\">\n\t\t<div class=\"section-bg fill\" >\n\t\t\t<img loading=\"lazy\" decoding=\"async\" width=\"2472\" height=\"1386\" src=\"https:\/\/biblekids.io\/wp-content\/uploads\/2020\/11\/tg_image_4234622846.jpeg\" class=\"bg attachment- size-\" alt=\"\" \/>\t\t\t\t\t\t<div class=\"section-bg-overlay absolute fill\"><\/div>\n\t\t\t\n\n\t\t<\/div>\n\n\t\t\n\n\t\t<div class=\"section-content relative\">\n\t\t\t\n<div class=\"row row-collapse align-middle align-center\" style=\"max-width:651px\" id=\"row-1882727122\">\n\n\t<div id=\"col-1558189659\" class=\"col medium-8 small-10 large-12\"  data-animate=\"bounceInUp\">\n\t\t\t\t<div class=\"col-inner text-center box-shadow-5\"  >\n\t\t\t\n\t\t\t\n<h3>Vuoi sostenerci?<\/h3>\n<p><span style=\"font-weight: 400;\">Se vuoi sostenere il lavoro di BCC Media, saremo lieti di ricevere una tua donazione. Puoi contribuire con una donazione unica o con un contributo mensile su Paypal o con la carta di credito o di debito, premendo il pulsante in basso.<\/span><\/p>\n<a href=\"https:\/\/www.paypal.com\/donate\/?hosted_button_id=M5HU747LQCRQC\" class=\"button primary is-large\" style=\"border-radius:10px;\">\n\t\t<span>Dare un contributo<\/span>\n\t<i class=\"icon-gift\" aria-hidden=\"true\"><\/i><\/a>\n\n\t<div id=\"gap-324560489\" class=\"gap-element clearfix\" style=\"display:block; height:auto;\">\n\t\t\n<style>\n#gap-324560489 {\n  padding-top: 10px;\n}\n<\/style>\n\t<\/div>\n\t\n<p data-opacity=\"0.5\" data-padding=\"5px\"><em>Contribuisci tramite bonifico bancario? <br \/><\/em><em>Numero di conto: 3905.10.03628 <br \/>IBAN: NO87 3905 1003 628 \u2013 BIC\/SWIFT: SPARNO22XXX<\/em><\/p>\n\t\t<\/div>\n\t\t\t\t\n<style>\n#col-1558189659 > .col-inner {\n  margin: 0 0px 0px 0px;\n  border-radius: 20px;\n}\n<\/style>\n\t<\/div>\n\n\t\n\n<style>\n#row-1882727122 > .col > .col-inner {\n  padding: 40px 40px 40px 40px;\n  background-color: rgb(255, 255, 255);\n}\n@media (min-width:550px) {\n  #row-1882727122 > .col > .col-inner {\n    padding: 40px 80px 40px 80px;\n  }\n}\n<\/style>\n<\/div>\n\t\t<\/div>\n\n\t\t\n<style>\n#section_481862108 {\n  padding-top: 0px;\n  padding-bottom: 0px;\n  min-height: 600px;\n  background-color: rgb(250, 250, 250);\n}\n#section_481862108 .section-bg-overlay {\n  background-color: rgba(0, 0, 0, 0.22);\n}\n<\/style>\n\t<\/section>\n\t\n\n\t<section class=\"section\" id=\"section_1533471801\">\n\t\t<div class=\"section-bg fill\" >\n\t\t\t\t\t\t\t\t\t\n\t\t\t\n\n\t\t<\/div>\n\n\t\t\n\n\t\t<div class=\"section-content relative\">\n\t\t\t\n\n\t\t<\/div>\n\n\t\t\n<style>\n#section_1533471801 {\n  padding-top: 0px;\n  padding-bottom: 0px;\n}\n<\/style>\n\t<\/section>\n\t\n","protected":false},"excerpt":{"rendered":"","protected":false},"author":5,"featured_media":0,"parent":0,"menu_order":0,"comment_status":"closed","ping_status":"closed","template":"page-with-floating-header.php","meta":{"_acf_changed":false,"bcc_login_visibility":0,"bcc_groups":[],"bcc_groups_email":true,"bcc_visibility_groups":[],"bcc_visibility_groups_email":false,"sent_notifications":[],"footnotes":"","_links_to":"","_links_to_target":""},"class_list":["post-45104","page","type-page","status-publish","hentry"],"acf":[],"yoast_head":"<!-- This site is optimized with the Yoast SEO plugin v27.4 - https:\/\/yoast.com\/product\/yoast-seo-wordpress\/ -->\n<title>Supporto del lavoro - Bible Kids<\/title>\n<meta name=\"robots\" content=\"index, follow, max-snippet:-1, max-image-preview:large, max-video-preview:-1\" \/>\n<link rel=\"canonical\" href=\"https:\/\/biblekids.io\/no\/stott-vart-arbeid\/\" \/>\n<meta property=\"og:locale\" content=\"it_IT\" \/>\n<meta property=\"og:type\" content=\"article\" \/>\n<meta property=\"og:title\" content=\"Supporto del lavoro - Bible Kids\" \/>\n<meta property=\"og:url\" content=\"https:\/\/biblekids.io\/no\/stott-vart-arbeid\/\" \/>\n<meta property=\"og:site_name\" content=\"Bible Kids\" \/>\n<meta property=\"article:modified_time\" content=\"2022-06-12T07:19:39+00:00\" \/>\n<meta property=\"og:image\" content=\"https:\/\/biblekids.io\/wp-content\/uploads\/2020\/11\/BIHE_S01_Characters-800x168.png\" \/>\n<meta name=\"twitter:card\" content=\"summary_large_image\" \/>\n<meta name=\"twitter:label1\" content=\"Tempo di lettura stimato\" \/>\n\t<meta name=\"twitter:data1\" content=\"3 minuto\" \/>\n<script type=\"application\/ld+json\" class=\"yoast-schema-graph\">{\"@context\":\"https:\\\/\\\/schema.org\",\"@graph\":[{\"@type\":\"WebPage\",\"@id\":\"https:\\\/\\\/biblekids.io\\\/no\\\/stott-vart-arbeid\\\/\",\"url\":\"https:\\\/\\\/biblekids.io\\\/no\\\/stott-vart-arbeid\\\/\",\"name\":\"Supporto del lavoro - Bible Kids\",\"isPartOf\":{\"@id\":\"https:\\\/\\\/biblekids.io\\\/no\\\/#website\"},\"primaryImageOfPage\":{\"@id\":\"https:\\\/\\\/biblekids.io\\\/no\\\/stott-vart-arbeid\\\/#primaryimage\"},\"image\":{\"@id\":\"https:\\\/\\\/biblekids.io\\\/no\\\/stott-vart-arbeid\\\/#primaryimage\"},\"thumbnailUrl\":\"https:\\\/\\\/biblekids.io\\\/wp-content\\\/uploads\\\/2020\\\/11\\\/BIHE_S01_Characters-800x168.png\",\"datePublished\":\"2020-10-19T10:24:26+00:00\",\"dateModified\":\"2022-06-12T07:19:39+00:00\",\"breadcrumb\":{\"@id\":\"https:\\\/\\\/biblekids.io\\\/no\\\/stott-vart-arbeid\\\/#breadcrumb\"},\"inLanguage\":\"it-IT\",\"potentialAction\":[{\"@type\":\"ReadAction\",\"target\":[\"https:\\\/\\\/biblekids.io\\\/no\\\/stott-vart-arbeid\\\/\"]}]},{\"@type\":\"ImageObject\",\"inLanguage\":\"it-IT\",\"@id\":\"https:\\\/\\\/biblekids.io\\\/no\\\/stott-vart-arbeid\\\/#primaryimage\",\"url\":\"https:\\\/\\\/biblekids.io\\\/wp-content\\\/uploads\\\/2020\\\/11\\\/BIHE_S01_Characters-800x168.png\",\"contentUrl\":\"https:\\\/\\\/biblekids.io\\\/wp-content\\\/uploads\\\/2020\\\/11\\\/BIHE_S01_Characters-800x168.png\"},{\"@type\":\"BreadcrumbList\",\"@id\":\"https:\\\/\\\/biblekids.io\\\/no\\\/stott-vart-arbeid\\\/#breadcrumb\",\"itemListElement\":[{\"@type\":\"ListItem\",\"position\":1,\"name\":\"Hjem\",\"item\":\"https:\\\/\\\/biblekids.io\\\/en\\\/\"},{\"@type\":\"ListItem\",\"position\":2,\"name\":\"Supporto del lavoro\"}]},{\"@type\":\"WebSite\",\"@id\":\"https:\\\/\\\/biblekids.io\\\/no\\\/#website\",\"url\":\"https:\\\/\\\/biblekids.io\\\/no\\\/\",\"name\":\"Bible Kids\",\"description\":\"Storie bibliche per bambini\",\"potentialAction\":[{\"@type\":\"SearchAction\",\"target\":{\"@type\":\"EntryPoint\",\"urlTemplate\":\"https:\\\/\\\/biblekids.io\\\/no\\\/?s={search_term_string}\"},\"query-input\":{\"@type\":\"PropertyValueSpecification\",\"valueRequired\":true,\"valueName\":\"search_term_string\"}}],\"inLanguage\":\"it-IT\"}]}<\/script>\n<!-- \/ Yoast SEO plugin. -->","yoast_head_json":{"title":"Supporto del lavoro - Bible Kids","robots":{"index":"index","follow":"follow","max-snippet":"max-snippet:-1","max-image-preview":"max-image-preview:large","max-video-preview":"max-video-preview:-1"},"canonical":"https:\/\/biblekids.io\/no\/stott-vart-arbeid\/","og_locale":"it_IT","og_type":"article","og_title":"Supporto del lavoro - Bible Kids","og_url":"https:\/\/biblekids.io\/no\/stott-vart-arbeid\/","og_site_name":"Bible Kids","article_modified_time":"2022-06-12T07:19:39+00:00","og_image":[{"url":"https:\/\/biblekids.io\/wp-content\/uploads\/2020\/11\/BIHE_S01_Characters-800x168.png","type":"","width":"","height":""}],"twitter_card":"summary_large_image","twitter_misc":{"Tempo di lettura stimato":"3 minuto"},"schema":{"@context":"https:\/\/schema.org","@graph":[{"@type":"WebPage","@id":"https:\/\/biblekids.io\/no\/stott-vart-arbeid\/","url":"https:\/\/biblekids.io\/no\/stott-vart-arbeid\/","name":"Supporto del lavoro - Bible Kids","isPartOf":{"@id":"https:\/\/biblekids.io\/no\/#website"},"primaryImageOfPage":{"@id":"https:\/\/biblekids.io\/no\/stott-vart-arbeid\/#primaryimage"},"image":{"@id":"https:\/\/biblekids.io\/no\/stott-vart-arbeid\/#primaryimage"},"thumbnailUrl":"https:\/\/biblekids.io\/wp-content\/uploads\/2020\/11\/BIHE_S01_Characters-800x168.png","datePublished":"2020-10-19T10:24:26+00:00","dateModified":"2022-06-12T07:19:39+00:00","breadcrumb":{"@id":"https:\/\/biblekids.io\/no\/stott-vart-arbeid\/#breadcrumb"},"inLanguage":"it-IT","potentialAction":[{"@type":"ReadAction","target":["https:\/\/biblekids.io\/no\/stott-vart-arbeid\/"]}]},{"@type":"ImageObject","inLanguage":"it-IT","@id":"https:\/\/biblekids.io\/no\/stott-vart-arbeid\/#primaryimage","url":"https:\/\/biblekids.io\/wp-content\/uploads\/2020\/11\/BIHE_S01_Characters-800x168.png","contentUrl":"https:\/\/biblekids.io\/wp-content\/uploads\/2020\/11\/BIHE_S01_Characters-800x168.png"},{"@type":"BreadcrumbList","@id":"https:\/\/biblekids.io\/no\/stott-vart-arbeid\/#breadcrumb","itemListElement":[{"@type":"ListItem","position":1,"name":"Hjem","item":"https:\/\/biblekids.io\/en\/"},{"@type":"ListItem","position":2,"name":"Supporto del lavoro"}]},{"@type":"WebSite","@id":"https:\/\/biblekids.io\/no\/#website","url":"https:\/\/biblekids.io\/no\/","name":"Bible Kids","description":"Storie bibliche per bambini","potentialAction":[{"@type":"SearchAction","target":{"@type":"EntryPoint","urlTemplate":"https:\/\/biblekids.io\/no\/?s={search_term_string}"},"query-input":{"@type":"PropertyValueSpecification","valueRequired":true,"valueName":"search_term_string"}}],"inLanguage":"it-IT"}]}},"_links":{"self":[{"href":"https:\/\/biblekids.io\/it\/wp-json\/wp\/v2\/pages\/45104","targetHints":{"allow":["GET"]}}],"collection":[{"href":"https:\/\/biblekids.io\/it\/wp-json\/wp\/v2\/pages"}],"about":[{"href":"https:\/\/biblekids.io\/it\/wp-json\/wp\/v2\/types\/page"}],"author":[{"embeddable":true,"href":"https:\/\/biblekids.io\/it\/wp-json\/wp\/v2\/users\/5"}],"replies":[{"embeddable":true,"href":"https:\/\/biblekids.io\/it\/wp-json\/wp\/v2\/comments?post=45104"}],"version-history":[{"count":11,"href":"https:\/\/biblekids.io\/it\/wp-json\/wp\/v2\/pages\/45104\/revisions"}],"predecessor-version":[{"id":58418,"href":"https:\/\/biblekids.io\/it\/wp-json\/wp\/v2\/pages\/45104\/revisions\/58418"}],"wp:attachment":[{"href":"https:\/\/biblekids.io\/it\/wp-json\/wp\/v2\/media?parent=45104"}],"curies":[{"name":"wp","href":"https:\/\/api.w.org\/{rel}","templated":true}]}}