{"id":115402,"date":"2025-12-08T10:35:21","date_gmt":"2025-12-08T09:35:21","guid":{"rendered":"https:\/\/biblekids.io\/?page_id=115402"},"modified":"2025-12-22T11:39:23","modified_gmt":"2025-12-22T10:39:23","slug":"noah-en-ny-begynnelse","status":"publish","type":"page","link":"https:\/\/biblekids.io\/no\/bible-kids-spillefilmer\/noah-en-ny-begynnelse\/","title":{"rendered":"Noah \u2013 En ny begynnelse"},"content":{"rendered":"\n\n\t<section class=\"section dark\" id=\"section_1829816759\">\n\t\t<div class=\"section-bg fill\" >\n\t\t\t\t\t\t\t\t\t\n\t\t\t\n\n\t\t<\/div>\n\n\t\t\n\n\t\t<div class=\"section-content relative\">\n\t\t\t\n\n\n\t\t<\/div>\n\n\t\t\n<style>\n#section_1829816759 {\n  padding-top: 30px;\n  padding-bottom: 30px;\n  background-color: #115e67;\n}\n@media (min-width:550px) {\n  #section_1829816759 {\n    padding-top: 30px;\n    padding-bottom: 30px;\n  }\n}\n@media (min-width:850px) {\n  #section_1829816759 {\n    padding-top: 50px;\n    padding-bottom: 50px;\n  }\n}\n<\/style>\n\t<\/section>\n\t\n\n\t<section class=\"section dark\" id=\"section_1222250253\">\n\t\t<div class=\"section-bg fill\" >\n\t\t\t\t\t\t\t\t\t<div class=\"section-bg-overlay absolute fill\"><\/div>\n\t\t\t\n\n\t\t<\/div>\n\n\t\t\t<div class=\"ux-shape-divider ux-shape-divider--top ux-shape-divider--style-waves-opacity-3\">\n\t\t<svg viewBox=\"0 0 1000 300\" xmlns=\"http:\/\/www.w3.org\/2000\/svg\" preserveAspectRatio=\"none\">\n\t<path class=\"ux-shape-fill\" opacity=\"0.05\" d=\"M1014 264V386H206L34 300C34 300 344.42 277.16 436 221C542 156 590 160 704 209C811 255 899.11 214.94 979 346L1014 264Z\"\/>\n\t<path class=\"ux-shape-fill\" opacity=\"0.1\" d=\"M-302 55C-302 55 -66.73 263.25 50 214C178 160 283 116 353 141C445.68 174.1 534.28 256.19 588 249C692.9 235 764.52 75.94 855 131C940.61 183.09 1000 254 1000 254V328L-306 338L-302 55Z\"\/>\n\t<path class=\"ux-shape-fill\" opacity=\"0.15\" d=\"M-286 255C-286 255 -72 152 52 126C176 100 255 155 436 227C581.57 284.91 614.7 277.79 708 227C787 184 1009 3.0001 1093 164C1146 265.63 1031 293 1031 293L924 377L-288 389L-286 255Z\"\/>\n\t<path class=\"ux-shape-fill\" opacity=\"0.3\" d=\"M-24 69C-24 69 275.68 370.66 389 314C397 310 622 316 673 356C690.47 369.7 845 224 890 182C944.8 130.85 1018 92 1078 143C1154.12 207.7 1196 242 1196 242L1184 374L-28 386L-24 69Z\"\/>\n\t<path class=\"ux-shape-fill\" d=\"M-12 201C-12 201 58 284 182 258C306 232 342.29 221.23 456 264C565 305 640.82 288.36 721 249C776 222 837.5 191.31 935 253C984 284 1030 279 1030 279L1024 430L-12 440V201Z\"\/>\n<\/svg>\n\t<\/div>\n\n\t<div class=\"ux-shape-divider ux-shape-divider--bottom ux-shape-divider--style-arrow-2-invert\">\n\t\t<svg viewBox=\"0 0 1000 100\" xmlns=\"http:\/\/www.w3.org\/2000\/svg\" preserveAspectRatio=\"none\">\n\t<path class=\"ux-shape-fill\" d=\"M1000 100H0V80H479.686C481.808 80 483.843 80.8429 485.343 82.3432L497.879 94.8787C499.05 96.0503 500.95 96.0503 502.121 94.8787L514.657 82.3431C516.157 80.8428 518.192 80 520.314 80H1000V100Z\"\/>\n<\/svg>\n\t<\/div>\n\n\t\t<div class=\"section-content relative\">\n\t\t\t\n\n<div class=\"row row-collapse\"  id=\"row-1923963975\">\n\n\n\t<div id=\"col-259704274\" class=\"col large-12\"  >\n\t\t\t\t<div class=\"col-inner\"  >\n\t\t\t\n\t\t\t\n\n<iframe class=\"btv-iframe \" src=\"https:\/\/app.bcc.media\/embed\/2992?app=kids-web&language=no\" frameborder=\"0\" allowfullscreen><\/iframe>\n\n\n\t\t<\/div>\n\t\t\t\t\n<style>\n#col-259704274 > .col-inner {\n  padding: 15px 15px 15px 15px;\n}\n<\/style>\n\t<\/div>\n\n\t\n\n<\/div>\n<div class=\"row\"  id=\"row-747217258\">\n\n\n\t<div id=\"col-582754816\" class=\"col medium-11 small-12 large-11\"  >\n\t\t\t\t<div class=\"col-inner\"  >\n\t\t\t\n\t\t\t\n\n\t<div id=\"text-3111978172\" class=\"text\">\n\t\t\n\n<h2><span class=\"TextRun SCXW193421365 BCX0\" lang=\"NB-NO\" xml:lang=\"NB-NO\" data-contrast=\"auto\"><span class=\"NormalTextRun SCXW193421365 BCX0\">Noa<\/span><span class=\"NormalTextRun SCXW193421365 BCX0\">h<\/span> <span class=\"NormalTextRun SCXW193421365 BCX0\">\u2013 En ny begynnelse<\/span><\/span><span class=\"LineBreakBlob BlobObject DragDrop SCXW193421365 BCX0\"><span class=\"SCXW193421365 BCX0\">\u00a0<\/span><br class=\"SCXW193421365 BCX0\" \/><\/span><\/h2>\n<p>Musikal for hele familien, bibelhistorie | <span class=\"TextRun SCXW193421365 BCX0\" lang=\"NB-NO\" xml:lang=\"NB-NO\" data-contrast=\"auto\"><span class=\"NormalTextRun SCXW193421365 BCX0\">Fremf\u00f8rt <\/span><span class=\"NormalTextRun SCXW193421365 BCX0\">p\u00e5<\/span> <span class=\"NormalTextRun SCXW193421365 BCX0\">Oslofjord Convention Center, s<\/span><span class=\"NormalTextRun SCXW193421365 BCX0\">ommer<\/span><span class=\"NormalTextRun SCXW193421365 BCX0\">en<\/span> <span class=\"NormalTextRun SCXW193421365 BCX0\">2025 |<\/span><\/span>\u00a0Lengde:<strong> 42 min<\/strong><\/p>\n<p>Se musikalen om Noah som tar deg tilbake til en tid der verden hadde vendt seg bort fra Gud. Midt i kaoset kaller Gud en rettferdig mann til en utrolig og tilsynelatende umulig oppgave: \u00e5 bygge en enorm b\u00e5t, en ark, som skal redde familien hans og alle dyr fra en kommende flom. Gjennom pr\u00f8velser, h\u00e5n og vanskelige omstendigheter holder Noah fast ved Guds ord \u2013 og blir et forbilde p\u00e5 lydighet, utholdenhet og tillit til Guds l\u00f8fter.<\/p>\n<p><br \/><span data-contrast=\"auto\">Basert p\u00e5 Bibelen: F\u00f8rste Mosebok, kapittel 6-9. <\/span><span data-ccp-props=\"{&quot;134233117&quot;:false,&quot;134233118&quot;:false,&quot;335559738&quot;:240,&quot;335559739&quot;:240}\">\u00a0<\/span><span data-ccp-props=\"{}\">\u00a0<\/span><\/p>\n<p><span data-contrast=\"auto\">Regiss\u00f8r: <strong>Astrid Hauptmann<\/strong><\/span><strong>\u00a0<\/strong><br \/><span data-contrast=\"auto\">Manus: <strong>Daniela Winther<\/strong><\/span><strong>\u00a0<\/strong><br \/><span data-contrast=\"auto\">Produsent: <strong>Annette Riis Pedersen<\/strong><\/span><strong>\u00a0<\/strong><br \/><span data-contrast=\"auto\">Sangtekstforfatter: <strong>Jostein \u00d8stmoen<\/strong><\/span><strong>\u00a0<\/strong><br \/><span data-ccp-props=\"{}\">\u00a0<\/span><\/p>\n<p><span data-contrast=\"auto\">Originalspr\u00e5k: <strong>norsk<\/strong><\/span>\u00a0<br \/><span data-contrast=\"auto\">Lydspr\u00e5k: <\/span><strong>engelsk, tysk, fransk, italiensk, nederlandsk, polsk, portugisisk og rumensk<\/strong><\/p>\n\t\t\n<style>\n#text-3111978172 {\n  text-align: left;\n}\n<\/style>\n\t<\/div>\n\t\n\n\t\t<\/div>\n\t\t\t\t\n<style>\n#col-582754816 > .col-inner {\n  padding: 15px 0px 15px 0px;\n}\n@media (min-width:550px) {\n  #col-582754816 > .col-inner {\n    padding: 15px 15px 15px 15px;\n  }\n}\n<\/style>\n\t<\/div>\n\n\t\n\n\t<div id=\"col-688170086\" class=\"col medium-6 small-12 large-4\"  >\n\t\t\t\t<div class=\"col-inner\"  >\n\t\t\t\n\t\t\t\n\n<h3>Se ogs\u00e5<\/h3>\n\t<div class=\"box has-hover   has-hover box-text-bottom\" >\n\n\t\t<div class=\"box-image\" >\n\t\t\t<a href=\"\/no\/bible-kids-spillefilmer\/ester\/\" >\t\t\t<div class=\"image-glow\" >\n\t\t\t\t<img loading=\"lazy\" decoding=\"async\" width=\"1731\" height=\"2560\" src=\"https:\/\/biblekids.io\/wp-content\/uploads\/2024\/12\/esther-poster-scaled.jpg\" class=\"attachment- size-\" alt=\"\" \/>\t\t\t\t\t\t\t\t\t\t\t<\/div>\n\t\t\t<\/a>\t\t<\/div>\n\n\t\t<div class=\"box-text text-center\" >\n\t\t\t<div class=\"box-text-inner\">\n\t\t\t\t\n\n<h4>Ester <br \/>&#8211; Min hjelp kommer fra Herren<\/h4>\n<p>En ung, j\u00f8disk jente i Persia blir plutselig satt i en avgj\u00f8rende posisjon for \u00e5 redde folket sitt fra en katastrofe. En sterk historie om tro, mot og tillit til Guds plan.<\/p>\n\n\t\t\t<\/div>\n\t\t<\/div>\n\t<\/div>\n\t\n\n\t\t<\/div>\n\t\t\t\t\n<style>\n#col-688170086 > .col-inner {\n  padding: 0px 0px 0px 0px;\n}\n@media (min-width:550px) {\n  #col-688170086 > .col-inner {\n    padding: 15px 15px 15px 15px;\n  }\n}\n<\/style>\n\t<\/div>\n\n\t\n\n\t<div id=\"col-713937005\" class=\"col medium-6 small-12 large-4\"  >\n\t\t\t\t<div class=\"col-inner\"  >\n\t\t\t\n\t\t\t\n\n<h3>Se ogs\u00e5<\/h3>\n\t<div class=\"box has-hover   has-hover box-text-bottom\" >\n\n\t\t<div class=\"box-image\" >\n\t\t\t<a href=\"\/no\/bible-kids-spillefilmer\/josjia-sann-og-rettferdig\/\" >\t\t\t<div class=\"image-glow\" >\n\t\t\t\t<img loading=\"lazy\" decoding=\"async\" width=\"905\" height=\"1280\" src=\"https:\/\/biblekids.io\/wp-content\/uploads\/2023\/05\/josiah.jpg\" class=\"attachment- size-\" alt=\"\" \/>\t\t\t\t\t\t\t\t\t\t\t<\/div>\n\t\t\t<\/a>\t\t<\/div>\n\n\t\t<div class=\"box-text text-center\" >\n\t\t\t<div class=\"box-text-inner\">\n\t\t\t\t\n\n<h4>Josjia \u2013 Sann og rettferdig<\/h4>\n<p>En gripende historie om en ung gutt som blir kronet til konge i en alder av \u00e5tte \u00e5r, i en verden fylt av ondskap og urettferdighet. Til tross for mangel p\u00e5 gode forbilder blant hans forgjengere, vokser Josjia opp til \u00e5 bli en sann og rettferdig konge. <\/p>\n\n\t\t\t<\/div>\n\t\t<\/div>\n\t<\/div>\n\t\n\n\t\t<\/div>\n\t\t\t\t\n<style>\n#col-713937005 > .col-inner {\n  padding: 0px 0px 0px 0px;\n}\n@media (min-width:550px) {\n  #col-713937005 > .col-inner {\n    padding: 15px 15px 15px 15px;\n  }\n}\n<\/style>\n\t<\/div>\n\n\t\n\n<\/div>\n\n\t\t<\/div>\n\n\t\t\n<style>\n#section_1222250253 {\n  padding-top: 30px;\n  padding-bottom: 30px;\n  background-color: rgb(17, 94, 103);\n}\n#section_1222250253 .section-bg-overlay {\n  background-color: rgba(0, 0, 0, 0.5);\n}\n#section_1222250253 .ux-shape-divider--top svg {\n  height: 150px;\n  --divider-top-width: 100%;\n}\n#section_1222250253 .ux-shape-divider--top .ux-shape-fill {\n  fill: rgb(17, 94, 103);\n}\n#section_1222250253 .ux-shape-divider--bottom svg {\n  height: 150px;\n  --divider-width: 100%;\n}\n#section_1222250253 .ux-shape-divider--bottom .ux-shape-fill {\n  fill: #115e67;\n}\n@media (min-width:550px) {\n  #section_1222250253 {\n    padding-top: 30px;\n    padding-bottom: 30px;\n  }\n}\n@media (min-width:850px) {\n  #section_1222250253 {\n    padding-top: 100px;\n    padding-bottom: 100px;\n  }\n}\n<\/style>\n\t<\/section>\n\t\n\n\t<section class=\"section\" id=\"section_1480912813\">\n\t\t<div class=\"section-bg fill\" >\n\t\t\t\t\t\t\t\t\t\n\t\t\t\n\n\t\t<\/div>\n\n\t\t\t<div class=\"ux-shape-divider ux-shape-divider--top ux-shape-divider--style-arrow\">\n\t\t<svg viewBox=\"0 0 1000 100\" xmlns=\"http:\/\/www.w3.org\/2000\/svg\" preserveAspectRatio=\"none\">\n\t<path class=\"ux-shape-fill\" d=\"M1000 100H0L0 96H483L500 79L517 96H1000V100Z\"\/>\n<\/svg>\n\t<\/div>\n\n\t<div class=\"ux-shape-divider ux-shape-divider--bottom ux-shape-divider--style-waves-opacity-3\">\n\t\t<svg viewBox=\"0 0 1000 300\" xmlns=\"http:\/\/www.w3.org\/2000\/svg\" preserveAspectRatio=\"none\">\n\t<path class=\"ux-shape-fill\" opacity=\"0.05\" d=\"M1014 264V386H206L34 300C34 300 344.42 277.16 436 221C542 156 590 160 704 209C811 255 899.11 214.94 979 346L1014 264Z\"\/>\n\t<path class=\"ux-shape-fill\" opacity=\"0.1\" d=\"M-302 55C-302 55 -66.73 263.25 50 214C178 160 283 116 353 141C445.68 174.1 534.28 256.19 588 249C692.9 235 764.52 75.94 855 131C940.61 183.09 1000 254 1000 254V328L-306 338L-302 55Z\"\/>\n\t<path class=\"ux-shape-fill\" opacity=\"0.15\" d=\"M-286 255C-286 255 -72 152 52 126C176 100 255 155 436 227C581.57 284.91 614.7 277.79 708 227C787 184 1009 3.0001 1093 164C1146 265.63 1031 293 1031 293L924 377L-288 389L-286 255Z\"\/>\n\t<path class=\"ux-shape-fill\" opacity=\"0.3\" d=\"M-24 69C-24 69 275.68 370.66 389 314C397 310 622 316 673 356C690.47 369.7 845 224 890 182C944.8 130.85 1018 92 1078 143C1154.12 207.7 1196 242 1196 242L1184 374L-28 386L-24 69Z\"\/>\n\t<path class=\"ux-shape-fill\" d=\"M-12 201C-12 201 58 284 182 258C306 232 342.29 221.23 456 264C565 305 640.82 288.36 721 249C776 222 837.5 191.31 935 253C984 284 1030 279 1030 279L1024 430L-12 440V201Z\"\/>\n<\/svg>\n\t<\/div>\n\n\t\t<div class=\"section-content relative\">\n\t\t\t\n\n<div class=\"row row-large\"  id=\"row-1834317097\">\n\n\n\t<div id=\"col-1591786290\" class=\"col medium-6 small-12 large-6\"  >\n\t\t\t\t<div class=\"col-inner dark\"  >\n\t\t\t\n\t\t\t\n\n<h4><strong>Hold deg oppdatert p\u00e5 v\u00e5re produksjoner<\/strong><\/h4>\n<p>Vi jobber hele tiden med \u00e5 forbedre innholdet, konseptene og produksjonene v\u00e5re. Bli med p\u00e5 v\u00e5r e-postliste og f\u00e5 de siste oppdateringene, nyhetene og moro bak kulissene.  &nbsp;<\/p>\n<a href=\"http:\/\/eepurl.com\/h3pcRD\" target=\"_blank\" class=\"button secondary reveal-icon\" rel=\"noopener\" style=\"border-radius:99px;\">\n\t\t<span>Abonner p\u00e5 v\u00e5rt nyhetsbrev<\/span>\n\t<i class=\"icon-envelop\" aria-hidden=\"true\"><\/i><\/a>\n\n\n<div class=\"is-divider divider clearfix\" ><\/div>\n\n<h4>Abonner p\u00e5 v\u00e5r YouTube-kanal<\/h4>\n<p><img loading=\"lazy\" decoding=\"async\" class=\"alignnone size-medium wp-image-75197\" src=\"https:\/\/staging-bcckids.kinsta.cloud\/wp-content\/uploads\/2023\/08\/youtube_biblekids-455x400.png\" alt=\"\" width=\"455\" height=\"400\"><\/p>\n<p>Abonner p\u00e5 YouTube-kanalen v\u00e5r, &nbsp;<a href=\"https:\/\/www.youtube.com\/@BibleKidsNO\">@BibleKidsNO<\/a>, for \u00e5 f\u00e5 med deg alle v\u00e5re animerte historier om Bibelen, og utforsk v\u00e5r flotte samling av videoer og spillelister!&nbsp;<\/p>\n<a href=\"https:\/\/www.youtube.com\/@BibleKidsNO?sub_confirmation=1\" target=\"_blank\" class=\"button secondary reveal-icon\" rel=\"noopener\" style=\"border-radius:99px;\">\n\t\t<span>Abonner n\u00e5<\/span>\n\t<i class=\"icon-youtube\" aria-hidden=\"true\"><\/i><\/a>\n\n\n\n\t\t<\/div>\n\t\t\t\t\t<\/div>\n\n\t\n\n\t<div id=\"col-1873464579\" class=\"col medium-6 small-12 large-6\"  >\n\t\t\t\t<div class=\"col-inner\" style=\"background-color:rgb(255, 255, 255);\" >\n\t\t\t\n\t\t\t\n\n\n<div class=\"wpcf7 no-js\" id=\"wpcf7-f54162-o1\" lang=\"nb-NO\" dir=\"ltr\" data-wpcf7-id=\"54162\">\n<div class=\"screen-reader-response\"><p role=\"status\" aria-live=\"polite\" aria-atomic=\"true\"><\/p> <ul><\/ul><\/div>\n<form action=\"\/no\/wp-json\/wp\/v2\/pages\/115402#wpcf7-f54162-o1\" method=\"post\" class=\"wpcf7-form init\" aria-label=\"Kontaktskjema\" novalidate=\"novalidate\" data-status=\"init\">\n<fieldset class=\"hidden-fields-container\"><input type=\"hidden\" name=\"_wpcf7\" value=\"54162\" \/><input type=\"hidden\" name=\"_wpcf7_version\" value=\"6.1.4\" \/><input type=\"hidden\" name=\"_wpcf7_locale\" value=\"nb_NO\" \/><input type=\"hidden\" name=\"_wpcf7_unit_tag\" value=\"wpcf7-f54162-o1\" \/><input type=\"hidden\" name=\"_wpcf7_container_post\" value=\"0\" \/><input type=\"hidden\" name=\"_wpcf7_posted_data_hash\" value=\"\" \/><input type=\"hidden\" name=\"_wpcf7_recaptcha_response\" value=\"\" \/>\n<\/fieldset>\n<p><span class=\"wpcf7-form-control-wrap\" data-name=\"your-name\"><input size=\"40\" maxlength=\"400\" class=\"wpcf7-form-control wpcf7-text wpcf7-validates-as-required\" aria-required=\"true\" aria-invalid=\"false\" placeholder=\"Hva er ditt navn?\" value=\"\" type=\"text\" name=\"your-name\" \/><\/span>\n<\/p>\n<p><span class=\"wpcf7-form-control-wrap\" data-name=\"your-email\"><input size=\"40\" maxlength=\"400\" class=\"wpcf7-form-control wpcf7-email wpcf7-validates-as-required wpcf7-text wpcf7-validates-as-email\" aria-required=\"true\" aria-invalid=\"false\" placeholder=\"Hva er din e-post?\" value=\"\" type=\"email\" name=\"your-email\" \/><\/span>\n<\/p>\n<p><span class=\"wpcf7-form-control-wrap\" data-name=\"your-subject\"><input size=\"40\" maxlength=\"400\" class=\"wpcf7-form-control wpcf7-text wpcf7-validates-as-required\" aria-required=\"true\" aria-invalid=\"false\" placeholder=\"Emne\" value=\"\" type=\"text\" name=\"your-subject\" \/><\/span>\n<\/p>\n<p><span class=\"wpcf7-form-control-wrap\" data-name=\"your-message\"><textarea cols=\"40\" rows=\"10\" maxlength=\"2000\" class=\"wpcf7-form-control wpcf7-textarea wpcf7-validates-as-required\" aria-required=\"true\" aria-invalid=\"false\" placeholder=\"Melding\" name=\"your-message\"><\/textarea><\/span>\n<\/p>\n<p><input class=\"wpcf7-form-control wpcf7-submit has-spinner\" type=\"submit\" value=\"Send inn\" \/>\n<\/p><div class=\"wpcf7-response-output\" aria-hidden=\"true\"><\/div>\n<\/form>\n<\/div>\n\n\n\n\t\t<\/div>\n\t\t\t\t\n<style>\n#col-1873464579 > .col-inner {\n  padding: 20px 0px 10px 0px;\n  border-radius: 8px;\n}\n<\/style>\n\t<\/div>\n\n\t\n\n<\/div>\n\n\t\t<\/div>\n\n\t\t\n<style>\n#section_1480912813 {\n  padding-top: 30px;\n  padding-bottom: 30px;\n  background-color: #115e67;\n}\n#section_1480912813 .ux-shape-divider--top svg {\n  height: 150px;\n  --divider-top-width: 206%;\n}\n#section_1480912813 .ux-shape-divider--top .ux-shape-fill {\n  fill: rgba(17, 94, 103, 0);\n}\n#section_1480912813 .ux-shape-divider--bottom svg {\n  height: 150px;\n  --divider-width: 206%;\n}\n#section_1480912813 .ux-shape-divider--bottom .ux-shape-fill {\n  fill: rgb(222, 222, 222);\n}\n@media (min-width:550px) {\n  #section_1480912813 {\n    padding-top: 50px;\n    padding-bottom: 50px;\n  }\n}\n@media (min-width:850px) {\n  #section_1480912813 .ux-shape-divider--top svg {\n    --divider-top-width: 100%;\n  }\n  #section_1480912813 .ux-shape-divider--bottom svg {\n    --divider-width: 100%;\n  }\n}\n<\/style>\n\t<\/section>\n\t\n\n\n\n<p><\/p>\n","protected":false},"excerpt":{"rendered":"","protected":false},"author":16409,"featured_media":115478,"parent":75348,"menu_order":0,"comment_status":"closed","ping_status":"closed","template":"page-with-floating-header.php","meta":{"_acf_changed":false,"bcc_login_visibility":1,"bcc_groups":[],"bcc_groups_email":true,"bcc_visibility_groups":[],"bcc_visibility_groups_email":false,"sent_notifications":[],"footnotes":"","_links_to":"","_links_to_target":""},"class_list":["post-115402","page","type-page","status-publish","has-post-thumbnail","hentry"],"acf":[],"yoast_head":"<!-- This site is optimized with the Yoast SEO plugin v27.3 - https:\/\/yoast.com\/product\/yoast-seo-wordpress\/ -->\n<title>Noah \u2013 En ny begynnelse - Bible Kids - Medieressurser til s\u00f8ndagsskoler<\/title>\n<meta name=\"description\" content=\"Filmer om bibelhistorer. Vi gj\u00f8r Bibelens budskap levende og tilgjengelig for neste generasjon kristne.\" \/>\n<meta name=\"robots\" content=\"index, follow, max-snippet:-1, max-image-preview:large, max-video-preview:-1\" \/>\n<link rel=\"canonical\" href=\"https:\/\/biblekids.io\/no\/bible-kids-spillefilmer\/noah-en-ny-begynnelse\/\" \/>\n<meta property=\"og:locale\" content=\"nb_NO\" \/>\n<meta property=\"og:type\" content=\"article\" \/>\n<meta property=\"og:title\" content=\"Noah \u2013 En ny begynnelse - Bible Kids - Medieressurser til s\u00f8ndagsskoler\" \/>\n<meta property=\"og:description\" content=\"Filmer om bibelhistorer. Vi gj\u00f8r Bibelens budskap levende og tilgjengelig for neste generasjon kristne.\" \/>\n<meta property=\"og:url\" content=\"https:\/\/biblekids.io\/no\/bible-kids-spillefilmer\/noah-en-ny-begynnelse\/\" \/>\n<meta property=\"og:site_name\" content=\"Bible Kids - Medieressurser til s\u00f8ndagsskoler\" \/>\n<meta property=\"article:modified_time\" content=\"2025-12-22T10:39:23+00:00\" \/>\n<meta property=\"og:image\" content=\"https:\/\/biblekids.io\/wp-content\/uploads\/2025\/12\/20250717_Noah_Musikalen-24-scaled.jpg\" \/>\n\t<meta property=\"og:image:width\" content=\"2560\" \/>\n\t<meta property=\"og:image:height\" content=\"1707\" \/>\n\t<meta property=\"og:image:type\" content=\"image\/jpeg\" \/>\n<meta name=\"twitter:card\" content=\"summary_large_image\" \/>\n<meta name=\"twitter:label1\" content=\"Ansl. lesetid\" \/>\n\t<meta name=\"twitter:data1\" content=\"3 minutter\" \/>\n<script type=\"application\/ld+json\" class=\"yoast-schema-graph\">{\"@context\":\"https:\\\/\\\/schema.org\",\"@graph\":[{\"@type\":\"WebPage\",\"@id\":\"https:\\\/\\\/biblekids.io\\\/no\\\/bible-kids-spillefilmer\\\/noah-en-ny-begynnelse\\\/\",\"url\":\"https:\\\/\\\/biblekids.io\\\/no\\\/bible-kids-spillefilmer\\\/noah-en-ny-begynnelse\\\/\",\"name\":\"Noah \u2013 En ny begynnelse - Bible Kids - Medieressurser til s\u00f8ndagsskoler\",\"isPartOf\":{\"@id\":\"https:\\\/\\\/biblekids.io\\\/no\\\/#website\"},\"primaryImageOfPage\":{\"@id\":\"https:\\\/\\\/biblekids.io\\\/no\\\/bible-kids-spillefilmer\\\/noah-en-ny-begynnelse\\\/#primaryimage\"},\"image\":{\"@id\":\"https:\\\/\\\/biblekids.io\\\/no\\\/bible-kids-spillefilmer\\\/noah-en-ny-begynnelse\\\/#primaryimage\"},\"thumbnailUrl\":\"https:\\\/\\\/biblekids.io\\\/wp-content\\\/uploads\\\/2025\\\/12\\\/20250717_Noah_Musikalen-24-scaled.jpg\",\"datePublished\":\"2025-12-08T09:35:21+00:00\",\"dateModified\":\"2025-12-22T10:39:23+00:00\",\"description\":\"Filmer om bibelhistorer. Vi gj\u00f8r Bibelens budskap levende og tilgjengelig for neste generasjon kristne.\",\"breadcrumb\":{\"@id\":\"https:\\\/\\\/biblekids.io\\\/no\\\/bible-kids-spillefilmer\\\/noah-en-ny-begynnelse\\\/#breadcrumb\"},\"inLanguage\":\"nb-NO\",\"potentialAction\":[{\"@type\":\"ReadAction\",\"target\":[\"https:\\\/\\\/biblekids.io\\\/no\\\/bible-kids-spillefilmer\\\/noah-en-ny-begynnelse\\\/\"]}]},{\"@type\":\"ImageObject\",\"inLanguage\":\"nb-NO\",\"@id\":\"https:\\\/\\\/biblekids.io\\\/no\\\/bible-kids-spillefilmer\\\/noah-en-ny-begynnelse\\\/#primaryimage\",\"url\":\"https:\\\/\\\/biblekids.io\\\/wp-content\\\/uploads\\\/2025\\\/12\\\/20250717_Noah_Musikalen-24-scaled.jpg\",\"contentUrl\":\"https:\\\/\\\/biblekids.io\\\/wp-content\\\/uploads\\\/2025\\\/12\\\/20250717_Noah_Musikalen-24-scaled.jpg\",\"width\":2560,\"height\":1707},{\"@type\":\"BreadcrumbList\",\"@id\":\"https:\\\/\\\/biblekids.io\\\/no\\\/bible-kids-spillefilmer\\\/noah-en-ny-begynnelse\\\/#breadcrumb\",\"itemListElement\":[{\"@type\":\"ListItem\",\"position\":1,\"name\":\"Hjem\",\"item\":\"https:\\\/\\\/biblekids.io\\\/no\\\/\"},{\"@type\":\"ListItem\",\"position\":2,\"name\":\"Spillefilmer\",\"item\":\"https:\\\/\\\/biblekids.io\\\/no\\\/?page_id=75348\"},{\"@type\":\"ListItem\",\"position\":3,\"name\":\"Noah \u2013 En ny begynnelse\"}]},{\"@type\":\"WebSite\",\"@id\":\"https:\\\/\\\/biblekids.io\\\/no\\\/#website\",\"url\":\"https:\\\/\\\/biblekids.io\\\/no\\\/\",\"name\":\"Bible Kids - Medieressurser til s\u00f8ndagsskoler\",\"description\":\"Bibelhistorier for barn\",\"potentialAction\":[{\"@type\":\"SearchAction\",\"target\":{\"@type\":\"EntryPoint\",\"urlTemplate\":\"https:\\\/\\\/biblekids.io\\\/no\\\/?s={search_term_string}\"},\"query-input\":{\"@type\":\"PropertyValueSpecification\",\"valueRequired\":true,\"valueName\":\"search_term_string\"}}],\"inLanguage\":\"nb-NO\"}]}<\/script>\n<!-- \/ Yoast SEO plugin. -->","yoast_head_json":{"title":"Noah \u2013 En ny begynnelse - Bible Kids - Medieressurser til s\u00f8ndagsskoler","description":"Filmer om bibelhistorer. Vi gj\u00f8r Bibelens budskap levende og tilgjengelig for neste generasjon kristne.","robots":{"index":"index","follow":"follow","max-snippet":"max-snippet:-1","max-image-preview":"max-image-preview:large","max-video-preview":"max-video-preview:-1"},"canonical":"https:\/\/biblekids.io\/no\/bible-kids-spillefilmer\/noah-en-ny-begynnelse\/","og_locale":"nb_NO","og_type":"article","og_title":"Noah \u2013 En ny begynnelse - Bible Kids - Medieressurser til s\u00f8ndagsskoler","og_description":"Filmer om bibelhistorer. Vi gj\u00f8r Bibelens budskap levende og tilgjengelig for neste generasjon kristne.","og_url":"https:\/\/biblekids.io\/no\/bible-kids-spillefilmer\/noah-en-ny-begynnelse\/","og_site_name":"Bible Kids - Medieressurser til s\u00f8ndagsskoler","article_modified_time":"2025-12-22T10:39:23+00:00","og_image":[{"width":2560,"height":1707,"url":"https:\/\/biblekids.io\/wp-content\/uploads\/2025\/12\/20250717_Noah_Musikalen-24-scaled.jpg","type":"image\/jpeg"}],"twitter_card":"summary_large_image","twitter_misc":{"Ansl. lesetid":"3 minutter"},"schema":{"@context":"https:\/\/schema.org","@graph":[{"@type":"WebPage","@id":"https:\/\/biblekids.io\/no\/bible-kids-spillefilmer\/noah-en-ny-begynnelse\/","url":"https:\/\/biblekids.io\/no\/bible-kids-spillefilmer\/noah-en-ny-begynnelse\/","name":"Noah \u2013 En ny begynnelse - Bible Kids - Medieressurser til s\u00f8ndagsskoler","isPartOf":{"@id":"https:\/\/biblekids.io\/no\/#website"},"primaryImageOfPage":{"@id":"https:\/\/biblekids.io\/no\/bible-kids-spillefilmer\/noah-en-ny-begynnelse\/#primaryimage"},"image":{"@id":"https:\/\/biblekids.io\/no\/bible-kids-spillefilmer\/noah-en-ny-begynnelse\/#primaryimage"},"thumbnailUrl":"https:\/\/biblekids.io\/wp-content\/uploads\/2025\/12\/20250717_Noah_Musikalen-24-scaled.jpg","datePublished":"2025-12-08T09:35:21+00:00","dateModified":"2025-12-22T10:39:23+00:00","description":"Filmer om bibelhistorer. Vi gj\u00f8r Bibelens budskap levende og tilgjengelig for neste generasjon kristne.","breadcrumb":{"@id":"https:\/\/biblekids.io\/no\/bible-kids-spillefilmer\/noah-en-ny-begynnelse\/#breadcrumb"},"inLanguage":"nb-NO","potentialAction":[{"@type":"ReadAction","target":["https:\/\/biblekids.io\/no\/bible-kids-spillefilmer\/noah-en-ny-begynnelse\/"]}]},{"@type":"ImageObject","inLanguage":"nb-NO","@id":"https:\/\/biblekids.io\/no\/bible-kids-spillefilmer\/noah-en-ny-begynnelse\/#primaryimage","url":"https:\/\/biblekids.io\/wp-content\/uploads\/2025\/12\/20250717_Noah_Musikalen-24-scaled.jpg","contentUrl":"https:\/\/biblekids.io\/wp-content\/uploads\/2025\/12\/20250717_Noah_Musikalen-24-scaled.jpg","width":2560,"height":1707},{"@type":"BreadcrumbList","@id":"https:\/\/biblekids.io\/no\/bible-kids-spillefilmer\/noah-en-ny-begynnelse\/#breadcrumb","itemListElement":[{"@type":"ListItem","position":1,"name":"Hjem","item":"https:\/\/biblekids.io\/no\/"},{"@type":"ListItem","position":2,"name":"Spillefilmer","item":"https:\/\/biblekids.io\/no\/?page_id=75348"},{"@type":"ListItem","position":3,"name":"Noah \u2013 En ny begynnelse"}]},{"@type":"WebSite","@id":"https:\/\/biblekids.io\/no\/#website","url":"https:\/\/biblekids.io\/no\/","name":"Bible Kids - Medieressurser til s\u00f8ndagsskoler","description":"Bibelhistorier for barn","potentialAction":[{"@type":"SearchAction","target":{"@type":"EntryPoint","urlTemplate":"https:\/\/biblekids.io\/no\/?s={search_term_string}"},"query-input":{"@type":"PropertyValueSpecification","valueRequired":true,"valueName":"search_term_string"}}],"inLanguage":"nb-NO"}]}},"_links":{"self":[{"href":"https:\/\/biblekids.io\/no\/wp-json\/wp\/v2\/pages\/115402","targetHints":{"allow":["GET"]}}],"collection":[{"href":"https:\/\/biblekids.io\/no\/wp-json\/wp\/v2\/pages"}],"about":[{"href":"https:\/\/biblekids.io\/no\/wp-json\/wp\/v2\/types\/page"}],"author":[{"embeddable":true,"href":"https:\/\/biblekids.io\/no\/wp-json\/wp\/v2\/users\/16409"}],"replies":[{"embeddable":true,"href":"https:\/\/biblekids.io\/no\/wp-json\/wp\/v2\/comments?post=115402"}],"version-history":[{"count":10,"href":"https:\/\/biblekids.io\/no\/wp-json\/wp\/v2\/pages\/115402\/revisions"}],"predecessor-version":[{"id":115818,"href":"https:\/\/biblekids.io\/no\/wp-json\/wp\/v2\/pages\/115402\/revisions\/115818"}],"up":[{"embeddable":true,"href":"https:\/\/biblekids.io\/no\/wp-json\/wp\/v2\/pages\/75348"}],"wp:featuredmedia":[{"embeddable":true,"href":"https:\/\/biblekids.io\/no\/wp-json\/wp\/v2\/media\/115478"}],"wp:attachment":[{"href":"https:\/\/biblekids.io\/no\/wp-json\/wp\/v2\/media?parent=115402"}],"curies":[{"name":"wp","href":"https:\/\/api.w.org\/{rel}","templated":true}]}}