{"id":30269,"date":"2020-10-19T12:23:44","date_gmt":"2020-10-19T10:23:44","guid":{"rendered":"http:\/\/devkids.bcc.no\/?page_id=30269"},"modified":"2024-04-24T19:21:07","modified_gmt":"2024-04-24T17:21:07","slug":"om-oss","status":"publish","type":"page","link":"https:\/\/biblekids.io\/no\/om-oss\/","title":{"rendered":"Om oss"},"content":{"rendered":"\n\n\n\t<section class=\"section\" id=\"section_893141057\">\n\t\t<div class=\"section-bg fill\" >\n\t\t\t\t\t\t\t\t\t\n\t\t\t\n\n\t\t<\/div>\n\n\t\t\n\n\t\t<div class=\"section-content relative\">\n\t\t\t\n\n<div class=\"row\"  id=\"row-1230084446\">\n\n\n\t<div id=\"col-2056142477\" class=\"col small-12 large-12\"  >\n\t\t\t\t<div class=\"col-inner\"  >\n\t\t\t\n\t\t\t\n\n<h1><b>Hvem er Bible Kids?<\/b><\/h1>\n<div>\u00a0<\/div>\n<div>\n<p class=\"lead\" style=\"font-weight: 400;\"><img loading=\"lazy\" decoding=\"async\" class=\"wp-image-79898 alignright\" src=\"https:\/\/biblekids.io\/wp-content\/uploads\/2023\/10\/Bible_Kids_channel_trailer-711x400.jpg\" alt=\"\" width=\"500\" height=\"281\" \/>Bible Kids er et initiativ fra BCC Media, en ideell stiftelse, som produserer kristent og positivt innhold for barn og unge. BCC Media \u00f8nsker at barn over hele verden skal f\u00e5 glede av v\u00e5re produksjoner, og at de kan f\u00e5 et budskap som kan hjelpe dem i sitt liv, der de er. Vi legger s\u00e6rlig vekt p\u00e5 at budskapet gjenspeiler det vi leser i Bibelen, slik at det skal v\u00e6re trygt for foreldre og andre organisasjoner \u00e5 bruke v\u00e5rt materiale.<\/p>\n<\/div>\n<p class=\"lead\" style=\"font-weight: 400;\">Vi har gjort et stort l\u00f8ft de siste \u00e5rene, og satset st\u00f8rre enn noensinne p\u00e5 produksjoner for barn og ungdom. For \u00e5 gj\u00f8re Bibelens budskap tilgjengelig for nye generasjoner kristne har vi produsert over 60 animasjonsfilmer.<\/p>\n\t<div id=\"gap-2001402188\" class=\"gap-element clearfix\" style=\"display:block; height:auto;\">\n\t\t\n<style>\n#gap-2001402188 {\n  padding-top: 60px;\n}\n<\/style>\n\t<\/div>\n\t\n\n<h1><b>Bibelen som levende fortelling<\/b><\/h1>\n<p class=\"lead\" style=\"font-weight: 400;\"><img loading=\"lazy\" decoding=\"async\" class=\"wp-image-78861 alignleft\" src=\"https:\/\/biblekids.io\/wp-content\/uploads\/2023\/09\/MicrosoftTeams-image-1-564x400.png\" alt=\"\" width=\"500\" height=\"355\" \/>V\u00e5r st\u00f8rste produksjon er Bible Kids Explorers, som utkommer to ganger i \u00e5ret. Her kan s\u00f8ndagsskoler skape en helt spesielt minnerik opplevelse for barna. Til Explorers produserer vi spillefilmer, levende fortellinger av fantastiske bibelhistorier. Her er ikke barna bare tilskuere, de f\u00e5r selv ta del i historien. N\u00e5r barna selv kan identifisere seg med personene i Bibelen, blir ogs\u00e5 budskapet langt mer levende og aktuelt for dem selv.<\/p>\n<p class=\"lead\"><a href=\"https:\/\/biblekids.io\/no\/explorers\/\">Les mer om Bible Kids Explorers<\/a><\/p>\n\n\t<div id=\"gap-439514545\" class=\"gap-element clearfix\" style=\"display:block; height:auto;\">\n\t\t\n<style>\n#gap-439514545 {\n  padding-top: 30px;\n}\n<\/style>\n\t<\/div>\n\t\n\n\n\t\t<\/div>\n\t\t\t\t\t<\/div>\n\n\t\n\n<\/div>\n<div class=\"row\"  id=\"row-1681811339\">\n\n\n\t<div id=\"col-1098246034\" class=\"col small-12 large-12\"  >\n\t\t\t\t<div class=\"col-inner\"  >\n\t\t\t\n\t\t\t\n\n\t<div id=\"text-485562223\" class=\"text hidden\">\n\t\t\n\n<h3 style=\"font-weight: 400;\"><strong>Om teamet<\/strong><\/h3>\n<p class=\"lead\">Teamet som jobber med Bible Kids best\u00e5r av et kreativt og ungt milj\u00f8, med stor bredde i fagkunnskap og erfaring. Teamet har jobbet med produksjoner for barn i 10 \u00e5r, og vi kombinerer erfaring fra filmbransjen med ny teknologi og kreativitet fra spillindustrien. Vi brenner for jobben v\u00e5r, og har forpliktet oss til at alle gaver vi mottar skal brukes p\u00e5 best mulig m\u00e5te for barna. At vi kan gi barn som vokser opp i dag, noe de kan ha med seg for resten av livet, ser vi p\u00e5 som et stort privilegium. Det er en oppgave vi gj\u00f8r med ydmykhet og glede.<\/p>\n\t\t\t<\/div>\n\t\n\n  <div class=\"banner has-hover\" id=\"banner-80704015\">\n          <div class=\"banner-inner fill\">\n        <div class=\"banner-bg fill\" >\n                                                \n                    <\/div>\n\t\t\n        <div class=\"banner-layers container\">\n            <div class=\"fill banner-link\"><\/div>            \n\n   <div id=\"text-box-1775956266\" class=\"text-box banner-layer x95 md-x95 lg-x95 y50 md-y50 lg-y50 res-text\">\n                                <div class=\"text-box-content text box-shadow-3\">\n              \n              <div class=\"text-inner text-center\">\n                  \n\n<h3><strong>Dette er BCC Media<\/strong><\/h3>\n<p class=\"lead\" style=\"font-weight: 400;\">BCC Media er en stiftelse i\u00a0 BCC-forbundet, som er en internasjonal frikirke. BCC er medlem av Norges Kristne R\u00e5d, og slutter seg til den apostoliske og nikenske trosbekjennelse. Bibelen er eneste autoritative skrift.<\/p>\n<a href=\"https:\/\/bcc.media\/no\" target=\"_blank\" class=\"button primary is-outline\" rel=\"noopener\" >\n\t\t<span>Les mer om BCC Media<\/span>\n\t<\/a>\n\n\n<a href=\"https:\/\/bcc.no\" target=\"_blank\" class=\"button primary is-outline\" rel=\"noopener\" >\n\t\t<span>Les mer om BCC<\/span>\n\t<\/a>\n\n\n\n              <\/div>\n           <\/div>\n                            \n<style>\n#text-box-1775956266 .text-box-content {\n  background-color: rgba(255, 255, 255, 0.86);\n  font-size: 100%;\n}\n#text-box-1775956266 .text-inner {\n  padding: 30px 30px 30px 30px;\n}\n#text-box-1775956266 {\n  width: 60%;\n}\n@media (min-width:550px) {\n  #text-box-1775956266 {\n    width: 40%;\n  }\n}\n<\/style>\n    <\/div>\n \n   <div id=\"text-box-33520193\" class=\"text-box banner-layer x5 md-x5 lg-x5 y50 md-y50 lg-y50 res-text\">\n                                <div class=\"text-box-content text dark\">\n              \n              <div class=\"text-inner text-left\">\n                  \n\n<h3 style=\"font-weight: 400;\"><strong>Om teamet<\/strong><\/h3>\n<p class=\"lead\">Teamet som jobber med Bible Kids best\u00e5r av et kreativt og ungt milj\u00f8, med stor bredde i fagkunnskap og erfaring. Teamet har jobbet med produksjoner for barn i 10 \u00e5r, og vi kombinerer erfaring fra filmbransjen med ny teknologi og kreativitet fra spillindustrien. Vi brenner for jobben v\u00e5r, og har forpliktet oss til at alle gaver vi mottar skal brukes p\u00e5 best mulig m\u00e5te for barna. At vi kan gi barn som vokser opp i dag, noe de kan ha med seg for resten av livet, ser vi p\u00e5 som et stort privilegium. Det er en oppgave vi gj\u00f8r med ydmykhet og glede.<\/p>\n\n              <\/div>\n           <\/div>\n                            \n<style>\n#text-box-33520193 {\n  margin: -px 0px 0px 0px;\n  width: 47%;\n}\n#text-box-33520193 .text-inner {\n  padding: 0px 0px 0px 0px;\n}\n#text-box-33520193 .text-box-content {\n  font-size: 91%;\n}\n<\/style>\n    <\/div>\n \n\n        <\/div>\n      <\/div>\n\n            \n<style>\n#banner-80704015 {\n  padding-top: 500px;\n  background-color: #115e67;\n}\n<\/style>\n  <\/div>\n\n\n\t<div id=\"gap-1624003236\" class=\"gap-element clearfix\" style=\"display:block; height:auto;\">\n\t\t\n<style>\n#gap-1624003236 {\n  padding-top: 30px;\n}\n<\/style>\n\t<\/div>\n\t\n\n\n  <div class=\"banner has-hover has-video\" id=\"banner-60840935\">\n          <div class=\"banner-inner fill\">\n        <div class=\"banner-bg fill\" >\n                        \t<div class=\"video-overlay no-click fill visible\"><\/div>\n\t<video class=\"video-bg fill visible\" preload playsinline autoplay muted loop>\n\t\t<source src=\"https:\/\/biblekids.io\/wp-content\/uploads\/2020\/11\/Kids_Web_Banner_v03_MAIN_h264.mp4\" type=\"video\/mp4\">\t<\/video>\n                        \n                    <\/div>\n\t\t\n        <div class=\"banner-layers container\">\n            <div class=\"fill banner-link\"><\/div>            \n\n   <div id=\"text-box-824072708\" class=\"text-box banner-layer x10 md-x10 lg-x10 y50 md-y50 lg-y50 res-text\">\n                                <div class=\"text-box-content text box-shadow-2 dark\">\n              \n              <div class=\"text-inner text-center\">\n                  \n\n<h4><em>V\u00e5r visjon er at barna skal f\u00e5 Jesus som sin beste venn \u2013 for resten av livet!<\/em><\/h4>\n\n              <\/div>\n           <\/div>\n                            \n<style>\n#text-box-824072708 .text-box-content {\n  background-color: rgba(17, 94, 103, 0.8);\n  border-radius: 24px;\n  font-size: 100%;\n}\n#text-box-824072708 .text-inner {\n  padding: 10px 10px 10px 10px;\n}\n#text-box-824072708 {\n  width: 60%;\n}\n@media (min-width:550px) {\n  #text-box-824072708 {\n    width: 45%;\n  }\n}\n<\/style>\n    <\/div>\n \n\n        <\/div>\n      <\/div>\n\n            \n<style>\n#banner-60840935 {\n  padding-top: 500px;\n}\n<\/style>\n  <\/div>\n\n\n\n\t\t<\/div>\n\t\t\t\t\t<\/div>\n\n\t\n\n<\/div>\n\n\t\t<\/div>\n\n\t\t\n<style>\n#section_893141057 {\n  padding-top: 60px;\n  padding-bottom: 60px;\n}\n<\/style>\n\t<\/section>\n\t\n\n\n","protected":false},"excerpt":{"rendered":"","protected":false},"author":5,"featured_media":0,"parent":0,"menu_order":0,"comment_status":"closed","ping_status":"closed","template":"page-blank.php","meta":{"_acf_changed":false,"bcc_login_visibility":0,"bcc_groups":[],"bcc_groups_email":true,"bcc_visibility_groups":[],"bcc_visibility_groups_email":false,"sent_notifications":[],"footnotes":"","_links_to":"","_links_to_target":""},"class_list":["post-30269","page","type-page","status-publish","hentry"],"acf":[],"yoast_head":"<!-- This site is optimized with the Yoast SEO plugin v26.7 - https:\/\/yoast.com\/wordpress\/plugins\/seo\/ -->\n<title>Om oss - Bible Kids - Medieressurser til s\u00f8ndagsskoler<\/title>\n<meta name=\"robots\" content=\"index, follow, max-snippet:-1, max-image-preview:large, max-video-preview:-1\" \/>\n<link rel=\"canonical\" href=\"https:\/\/biblekids.io\/no\/om-oss\/\" \/>\n<meta property=\"og:locale\" content=\"nb_NO\" \/>\n<meta property=\"og:type\" content=\"article\" \/>\n<meta property=\"og:title\" content=\"Om oss - Bible Kids - Medieressurser til s\u00f8ndagsskoler\" \/>\n<meta property=\"og:url\" content=\"https:\/\/biblekids.io\/no\/om-oss\/\" \/>\n<meta property=\"og:site_name\" content=\"Bible Kids - Medieressurser til s\u00f8ndagsskoler\" \/>\n<meta property=\"article:modified_time\" content=\"2024-04-24T17:21:07+00:00\" \/>\n<meta property=\"og:image\" content=\"https:\/\/biblekids.io\/wp-content\/uploads\/2022\/03\/BibleKids_logo_neg.svg\" \/>\n<meta name=\"twitter:card\" content=\"summary_large_image\" \/>\n<meta name=\"twitter:label1\" content=\"Ansl. lesetid\" \/>\n\t<meta name=\"twitter:data1\" content=\"6 minutter\" \/>\n<script type=\"application\/ld+json\" class=\"yoast-schema-graph\">{\"@context\":\"https:\/\/schema.org\",\"@graph\":[{\"@type\":\"WebPage\",\"@id\":\"https:\/\/biblekids.io\/no\/om-oss\/\",\"url\":\"https:\/\/biblekids.io\/no\/om-oss\/\",\"name\":\"Om oss - Bible Kids - Medieressurser til s\u00f8ndagsskoler\",\"isPartOf\":{\"@id\":\"https:\/\/biblekids.io\/no\/#website\"},\"primaryImageOfPage\":{\"@id\":\"https:\/\/biblekids.io\/no\/om-oss\/#primaryimage\"},\"image\":{\"@id\":\"https:\/\/biblekids.io\/no\/om-oss\/#primaryimage\"},\"thumbnailUrl\":\"https:\/\/biblekids.io\/wp-content\/uploads\/2022\/03\/BibleKids_logo_neg.svg\",\"datePublished\":\"2020-10-19T10:23:44+00:00\",\"dateModified\":\"2024-04-24T17:21:07+00:00\",\"breadcrumb\":{\"@id\":\"https:\/\/biblekids.io\/no\/om-oss\/#breadcrumb\"},\"inLanguage\":\"nb-NO\",\"potentialAction\":[{\"@type\":\"ReadAction\",\"target\":[\"https:\/\/biblekids.io\/no\/om-oss\/\"]}]},{\"@type\":\"ImageObject\",\"inLanguage\":\"nb-NO\",\"@id\":\"https:\/\/biblekids.io\/no\/om-oss\/#primaryimage\",\"url\":\"https:\/\/biblekids.io\/wp-content\/uploads\/2022\/03\/BibleKids_logo_neg.svg\",\"contentUrl\":\"https:\/\/biblekids.io\/wp-content\/uploads\/2022\/03\/BibleKids_logo_neg.svg\"},{\"@type\":\"BreadcrumbList\",\"@id\":\"https:\/\/biblekids.io\/no\/om-oss\/#breadcrumb\",\"itemListElement\":[{\"@type\":\"ListItem\",\"position\":1,\"name\":\"Hjem\",\"item\":\"https:\/\/biblekids.io\/no\/\"},{\"@type\":\"ListItem\",\"position\":2,\"name\":\"Om oss\"}]},{\"@type\":\"WebSite\",\"@id\":\"https:\/\/biblekids.io\/no\/#website\",\"url\":\"https:\/\/biblekids.io\/no\/\",\"name\":\"Bible Kids - Medieressurser til s\u00f8ndagsskoler\",\"description\":\"Bibelhistorier for barn\",\"potentialAction\":[{\"@type\":\"SearchAction\",\"target\":{\"@type\":\"EntryPoint\",\"urlTemplate\":\"https:\/\/biblekids.io\/no\/?s={search_term_string}\"},\"query-input\":{\"@type\":\"PropertyValueSpecification\",\"valueRequired\":true,\"valueName\":\"search_term_string\"}}],\"inLanguage\":\"nb-NO\"}]}<\/script>\n<!-- \/ Yoast SEO plugin. -->","yoast_head_json":{"title":"Om oss - Bible Kids - Medieressurser til s\u00f8ndagsskoler","robots":{"index":"index","follow":"follow","max-snippet":"max-snippet:-1","max-image-preview":"max-image-preview:large","max-video-preview":"max-video-preview:-1"},"canonical":"https:\/\/biblekids.io\/no\/om-oss\/","og_locale":"nb_NO","og_type":"article","og_title":"Om oss - Bible Kids - Medieressurser til s\u00f8ndagsskoler","og_url":"https:\/\/biblekids.io\/no\/om-oss\/","og_site_name":"Bible Kids - Medieressurser til s\u00f8ndagsskoler","article_modified_time":"2024-04-24T17:21:07+00:00","og_image":[{"url":"https:\/\/biblekids.io\/wp-content\/uploads\/2022\/03\/BibleKids_logo_neg.svg","type":"","width":"","height":""}],"twitter_card":"summary_large_image","twitter_misc":{"Ansl. lesetid":"6 minutter"},"schema":{"@context":"https:\/\/schema.org","@graph":[{"@type":"WebPage","@id":"https:\/\/biblekids.io\/no\/om-oss\/","url":"https:\/\/biblekids.io\/no\/om-oss\/","name":"Om oss - Bible Kids - Medieressurser til s\u00f8ndagsskoler","isPartOf":{"@id":"https:\/\/biblekids.io\/no\/#website"},"primaryImageOfPage":{"@id":"https:\/\/biblekids.io\/no\/om-oss\/#primaryimage"},"image":{"@id":"https:\/\/biblekids.io\/no\/om-oss\/#primaryimage"},"thumbnailUrl":"https:\/\/biblekids.io\/wp-content\/uploads\/2022\/03\/BibleKids_logo_neg.svg","datePublished":"2020-10-19T10:23:44+00:00","dateModified":"2024-04-24T17:21:07+00:00","breadcrumb":{"@id":"https:\/\/biblekids.io\/no\/om-oss\/#breadcrumb"},"inLanguage":"nb-NO","potentialAction":[{"@type":"ReadAction","target":["https:\/\/biblekids.io\/no\/om-oss\/"]}]},{"@type":"ImageObject","inLanguage":"nb-NO","@id":"https:\/\/biblekids.io\/no\/om-oss\/#primaryimage","url":"https:\/\/biblekids.io\/wp-content\/uploads\/2022\/03\/BibleKids_logo_neg.svg","contentUrl":"https:\/\/biblekids.io\/wp-content\/uploads\/2022\/03\/BibleKids_logo_neg.svg"},{"@type":"BreadcrumbList","@id":"https:\/\/biblekids.io\/no\/om-oss\/#breadcrumb","itemListElement":[{"@type":"ListItem","position":1,"name":"Hjem","item":"https:\/\/biblekids.io\/no\/"},{"@type":"ListItem","position":2,"name":"Om oss"}]},{"@type":"WebSite","@id":"https:\/\/biblekids.io\/no\/#website","url":"https:\/\/biblekids.io\/no\/","name":"Bible Kids - Medieressurser til s\u00f8ndagsskoler","description":"Bibelhistorier for barn","potentialAction":[{"@type":"SearchAction","target":{"@type":"EntryPoint","urlTemplate":"https:\/\/biblekids.io\/no\/?s={search_term_string}"},"query-input":{"@type":"PropertyValueSpecification","valueRequired":true,"valueName":"search_term_string"}}],"inLanguage":"nb-NO"}]}},"_links":{"self":[{"href":"https:\/\/biblekids.io\/no\/wp-json\/wp\/v2\/pages\/30269","targetHints":{"allow":["GET"]}}],"collection":[{"href":"https:\/\/biblekids.io\/no\/wp-json\/wp\/v2\/pages"}],"about":[{"href":"https:\/\/biblekids.io\/no\/wp-json\/wp\/v2\/types\/page"}],"author":[{"embeddable":true,"href":"https:\/\/biblekids.io\/no\/wp-json\/wp\/v2\/users\/5"}],"replies":[{"embeddable":true,"href":"https:\/\/biblekids.io\/no\/wp-json\/wp\/v2\/comments?post=30269"}],"version-history":[{"count":52,"href":"https:\/\/biblekids.io\/no\/wp-json\/wp\/v2\/pages\/30269\/revisions"}],"predecessor-version":[{"id":96401,"href":"https:\/\/biblekids.io\/no\/wp-json\/wp\/v2\/pages\/30269\/revisions\/96401"}],"wp:attachment":[{"href":"https:\/\/biblekids.io\/no\/wp-json\/wp\/v2\/media?parent=30269"}],"curies":[{"name":"wp","href":"https:\/\/api.w.org\/{rel}","templated":true}]}}