{"id":74781,"date":"2023-08-04T16:25:06","date_gmt":"2023-08-04T14:25:06","guid":{"rendered":"https:\/\/biblekids.io\/?page_id=74781"},"modified":"2023-10-25T10:31:02","modified_gmt":"2023-10-25T08:31:02","slug":"tweens","status":"publish","type":"page","link":"https:\/\/biblekids.io\/no\/tweens\/","title":{"rendered":"Tweens (12+ \u00e5r)"},"content":{"rendered":"\n\n\t<section class=\"section\" id=\"section_137405295\">\n\t\t<div class=\"section-bg fill\" >\n\t\t\t\t\t\t\t\t\t\n\t\t\t\n\n\t\t<\/div>\n\n\t\t\n\n\t\t<div class=\"section-content relative\">\n\t\t\t\n\n<div class=\"row align-center\"  id=\"row-1127030928\">\n\n\n\t<div id=\"col-762745185\" class=\"col hero-description medium-12 small-12 large-3\"  >\n\t\t\t\t<div class=\"col-inner text-center\"  >\n\t\t\t\n\t\t\t\n\n<p>&nbsp;<\/p>\n<h3><img loading=\"lazy\" decoding=\"async\" class=\"alignnone size-medium wp-image-73770\" src=\"https:\/\/biblekids.io\/wp-content\/uploads\/2023\/06\/Logo-green-1-800x398.png\" alt=\"\" width=\"800\" height=\"398\">&nbsp;12+ \u00e5r<\/h3>\n<p>&nbsp;<\/p>\n\n\t\t<\/div>\n\t\t\t\t\n<style>\n#col-762745185 > .col-inner {\n  padding: 0px1 0px 0px 0px;\n}\n@media (min-width:550px) {\n  #col-762745185 > .col-inner {\n    padding: 0px 0px 0 0px;\n  }\n}\n@media (min-width:850px) {\n  #col-762745185 > .col-inner {\n    padding: 30px 0px 30px 0px;\n  }\n}\n<\/style>\n\t<\/div>\n\n\t\n\n<\/div>\n\n\t\t<\/div>\n\n\t\t\n<style>\n#section_137405295 {\n  padding-top: 0px;\n  padding-bottom: 0px;\n}\n<\/style>\n\t<\/section>\n\t\n\n\t<section class=\"section\" id=\"section_215661623\">\n\t\t<div class=\"section-bg fill\" >\n\t\t\t\t\t\t\t\t\t\n\t\t\t\n\n\t\t<\/div>\n\n\t\t\n\n\t\t<div class=\"section-content relative\">\n\t\t\t\n\n<div class=\"row\"  id=\"row-1034249970\">\n\n\n\t<div id=\"col-1557159225\" class=\"col no-bottom-padding medium-6 small-12 large-6\"  >\n\t\t\t\t<div class=\"col-inner\"  >\n\t\t\t\n\t\t\t\n\n<p><strong>De store barna:<\/strong><\/p>\n<div>\n<h2>En personlig tro<\/h2>\n<\/div>\n<p>Overgangen fra det \u00e5 v\u00e6re barn til \u00e5 bli ungdom kan v\u00e6re krevende. Det er mye som skjer b\u00e5de i og rundt disse unge menneskene, derfor er det behov for et trygt og inkluderende milj\u00f8 med gode opplevelser. Mange beveger seg mot en personlig tro og noen tar et valg allerede i denne tiden. Det er derfor viktig at de f\u00e5r h\u00f8re evangeliet og f\u00e5r tro p\u00e5 at Jesus har v\u00e6rt et menneske som oss, og kan b\u00e5de forst\u00e5 og hjelpe i alle livssituasjoner.<\/p>\n\n<div class=\"accordion\">\n\n\t<div id=\"accordion-3390618986\" class=\"accordion-item\">\n\t\t<a id=\"accordion-3390618986-label\" class=\"accordion-title plain\" href=\"#accordion-item-tips-til-samlinger-for-tweens\" aria-expanded=\"false\" aria-controls=\"accordion-3390618986-content\">\n\t\t\t<button class=\"toggle\" aria-label=\"Toggle\"><i class=\"icon-angle-down\" aria-hidden=\"true\"><\/i><\/button>\n\t\t\t<span>Tips til samlinger for tweens<\/span>\n\t\t<\/a>\n\t\t<div id=\"accordion-3390618986-content\" class=\"accordion-inner\" aria-labelledby=\"accordion-3390618986-label\">\n\t\t\t\n\n<ul>\n<li>Denne gruppen er ofte litt mindre stor, og det gir rom til mer individualitet og til \u00e5 tilpasse programmet mest mulig til gruppen.<\/li>\n<li><span style=\"color: #555555;\">Hver enkel tween b\u00f8r f\u00f8le seg sett og akseptert som den er. De skal oppleve at de f\u00e5r kontakt med andre tweens og mentorer som er \u00e6rlig interessert i hvordan de har det.<\/span><\/li>\n<li><span style=\"color: #555555;\">Det kan hende at det ikke er like naturlig for tweens \u00e5 synge h\u00f8yt i en gruppe som for yngre barn. Et alternativ kan v\u00e6re \u00e5 h\u00f8re eller lese sanger sammen og snakke om innholdet og evt. forfattere og historien bak.<\/span><\/li>\n<li><span style=\"color: #555555;\">Samlingene og spesielt aktivitetene b\u00f8r i st\u00f8rst mulig grad tilpasses interessene som tweens i gruppen har.<\/span><\/li>\n<\/ul>\n\n\t\t<\/div>\n\t<\/div>\n\t\n\n<\/div>\n\n\t\t<\/div>\n\t\t\t\t\t<\/div>\n\n\t\n\n\t<div id=\"col-974829473\" class=\"col no-padding medium-6 small-12 large-6\"  >\n\t\t\t\t<div class=\"col-inner text-center\"  >\n\t\t\t\n\t\t\t\n\n\t<div class=\"img has-hover x md-x lg-x y md-y lg-y\" id=\"image_143531643\">\n\t\t\t\t\t\t\t\t<div class=\"img-inner dark\" >\n\t\t\t<img loading=\"lazy\" decoding=\"async\" width=\"800\" height=\"800\" src=\"https:\/\/biblekids.io\/wp-content\/uploads\/2023\/08\/Green-round-800x800.png\" class=\"attachment-large size-large\" alt=\"\" \/>\t\t\t\t\t\t\n\t\t\t\t\t<\/div>\n\t\t\t\t\t\t\t\t\n<style>\n#image_143531643 {\n  width: 71%;\n}\n<\/style>\n\t<\/div>\n\t\n\n\n\t\t<\/div>\n\t\t\t\t\t<\/div>\n\n\t\n\n<\/div>\n\n\t\t<\/div>\n\n\t\t\n<style>\n#section_215661623 {\n  padding-top: 30px;\n  padding-bottom: 30px;\n  background-color: rgb(247, 247, 247);\n}\n<\/style>\n\t<\/section>\n\t\n\n\t<section class=\"section latest-themes\" id=\"section_1975733280\">\n\t\t<div class=\"section-bg fill\" >\n\t\t\t\t\t\t\t\t\t\n\t\t\t\n\n\t\t<\/div>\n\n\t\t\n\n\t\t<div class=\"section-content relative\">\n\t\t\t\n\n<div class=\"row\"  id=\"row-714650705\">\n\n\n\t<div id=\"col-1557568409\" class=\"col small-12 large-12\"  >\n\t\t\t\t<div class=\"col-inner\"  >\n\t\t\t\n\t\t\t\n\n<h3 style=\"text-align: center;\">Siste publiserte temaer for Tweens<\/h3>\n\t<div id=\"gap-816128039\" class=\"gap-element clearfix\" style=\"display:block; height:auto;\">\n\t\t\n<style>\n#gap-816128039 {\n  padding-top: 50px;\n}\n<\/style>\n\t<\/div>\n\t\n\n\n  \n    <div class=\"row large-columns-3 medium-columns-1 small-columns-1 row-small\" >\n  <\/div>\n\n\n\t\t<\/div>\n\t\t\t\t\t<\/div>\n\n\t\n\n\n<style>\n#row-714650705 > .col > .col-inner {\n  padding: 0px 0px 0px 0px;\n}\n@media (min-width:550px) {\n  #row-714650705 > .col > .col-inner {\n    padding: 0px 0px 30px 0px;\n  }\n}\n@media (min-width:850px) {\n  #row-714650705 > .col > .col-inner {\n    padding: 50px 0px 70px 0px;\n  }\n}\n<\/style>\n<\/div>\n\n\t\t<\/div>\n\n\t\t\n<style>\n#section_1975733280 {\n  padding-top: 0px;\n  padding-bottom: 0px;\n}\n<\/style>\n\t<\/section>\n\t\n\n","protected":false},"excerpt":{"rendered":"","protected":false},"author":9614,"featured_media":75095,"parent":0,"menu_order":0,"comment_status":"closed","ping_status":"closed","template":"page-blank.php","meta":{"_acf_changed":false,"bcc_login_visibility":0,"bcc_groups":[],"bcc_groups_email":true,"bcc_visibility_groups":[],"bcc_visibility_groups_email":false,"sent_notifications":[],"footnotes":"","_links_to":"","_links_to_target":""},"class_list":["post-74781","page","type-page","status-publish","has-post-thumbnail","hentry"],"acf":[],"yoast_head":"<!-- This site is optimized with the Yoast SEO plugin v27.4 - https:\/\/yoast.com\/product\/yoast-seo-wordpress\/ -->\n<title>Bible Kids - Medieressurser til s\u00f8ndagsskoler Bibelstudietimer for barn og tweens<\/title>\n<meta name=\"description\" content=\"Her finner du bibelstudietimer og kristne ressurser for Tweens. V\u00e5r visjon er at barna skal f\u00e5 Jesus som sin beste venn - for livet.\" \/>\n<meta name=\"robots\" content=\"index, follow, max-snippet:-1, max-image-preview:large, max-video-preview:-1\" \/>\n<link rel=\"canonical\" href=\"https:\/\/biblekids.io\/no\/tweens\/\" \/>\n<meta property=\"og:locale\" content=\"nb_NO\" \/>\n<meta property=\"og:type\" content=\"article\" \/>\n<meta property=\"og:title\" content=\"Bible Kids - Medieressurser til s\u00f8ndagsskoler Bibelstudietimer for barn og tweens\" \/>\n<meta property=\"og:description\" content=\"Her finner du bibelstudietimer og kristne ressurser for Tweens. V\u00e5r visjon er at barna skal f\u00e5 Jesus som sin beste venn - for livet.\" \/>\n<meta property=\"og:url\" content=\"https:\/\/biblekids.io\/no\/tweens\/\" \/>\n<meta property=\"og:site_name\" content=\"Bible Kids - Medieressurser til s\u00f8ndagsskoler\" \/>\n<meta property=\"article:modified_time\" content=\"2023-10-25T08:31:02+00:00\" \/>\n<meta property=\"og:image\" content=\"https:\/\/biblekids.io\/wp-content\/uploads\/2023\/08\/tweens-web.png\" \/>\n\t<meta property=\"og:image:width\" content=\"962\" \/>\n\t<meta property=\"og:image:height\" content=\"540\" \/>\n\t<meta property=\"og:image:type\" content=\"image\/png\" \/>\n<meta name=\"twitter:card\" content=\"summary_large_image\" \/>\n<meta name=\"twitter:label1\" content=\"Ansl. lesetid\" \/>\n\t<meta name=\"twitter:data1\" content=\"2 minutter\" \/>\n<script type=\"application\/ld+json\" class=\"yoast-schema-graph\">{\"@context\":\"https:\\\/\\\/schema.org\",\"@graph\":[{\"@type\":\"WebPage\",\"@id\":\"https:\\\/\\\/biblekids.io\\\/no\\\/tweens\\\/\",\"url\":\"https:\\\/\\\/biblekids.io\\\/no\\\/tweens\\\/\",\"name\":\"Bible Kids - Medieressurser til s\u00f8ndagsskoler Bibelstudietimer for barn og tweens\",\"isPartOf\":{\"@id\":\"https:\\\/\\\/biblekids.io\\\/no\\\/#website\"},\"primaryImageOfPage\":{\"@id\":\"https:\\\/\\\/biblekids.io\\\/no\\\/tweens\\\/#primaryimage\"},\"image\":{\"@id\":\"https:\\\/\\\/biblekids.io\\\/no\\\/tweens\\\/#primaryimage\"},\"thumbnailUrl\":\"https:\\\/\\\/biblekids.io\\\/wp-content\\\/uploads\\\/2023\\\/08\\\/tweens-web.png\",\"datePublished\":\"2023-08-04T14:25:06+00:00\",\"dateModified\":\"2023-10-25T08:31:02+00:00\",\"description\":\"Her finner du bibelstudietimer og kristne ressurser for Tweens. V\u00e5r visjon er at barna skal f\u00e5 Jesus som sin beste venn - for livet.\",\"breadcrumb\":{\"@id\":\"https:\\\/\\\/biblekids.io\\\/no\\\/tweens\\\/#breadcrumb\"},\"inLanguage\":\"nb-NO\",\"potentialAction\":[{\"@type\":\"ReadAction\",\"target\":[\"https:\\\/\\\/biblekids.io\\\/no\\\/tweens\\\/\"]}]},{\"@type\":\"ImageObject\",\"inLanguage\":\"nb-NO\",\"@id\":\"https:\\\/\\\/biblekids.io\\\/no\\\/tweens\\\/#primaryimage\",\"url\":\"https:\\\/\\\/biblekids.io\\\/wp-content\\\/uploads\\\/2023\\\/08\\\/tweens-web.png\",\"contentUrl\":\"https:\\\/\\\/biblekids.io\\\/wp-content\\\/uploads\\\/2023\\\/08\\\/tweens-web.png\",\"width\":962,\"height\":540},{\"@type\":\"BreadcrumbList\",\"@id\":\"https:\\\/\\\/biblekids.io\\\/no\\\/tweens\\\/#breadcrumb\",\"itemListElement\":[{\"@type\":\"ListItem\",\"position\":1,\"name\":\"Hjem\",\"item\":\"https:\\\/\\\/biblekids.io\\\/no\\\/\"},{\"@type\":\"ListItem\",\"position\":2,\"name\":\"Tweens (12+ \u00e5r)\"}]},{\"@type\":\"WebSite\",\"@id\":\"https:\\\/\\\/biblekids.io\\\/no\\\/#website\",\"url\":\"https:\\\/\\\/biblekids.io\\\/no\\\/\",\"name\":\"Bible Kids - Medieressurser til s\u00f8ndagsskoler\",\"description\":\"Bibelhistorier for barn\",\"potentialAction\":[{\"@type\":\"SearchAction\",\"target\":{\"@type\":\"EntryPoint\",\"urlTemplate\":\"https:\\\/\\\/biblekids.io\\\/no\\\/?s={search_term_string}\"},\"query-input\":{\"@type\":\"PropertyValueSpecification\",\"valueRequired\":true,\"valueName\":\"search_term_string\"}}],\"inLanguage\":\"nb-NO\"}]}<\/script>\n<!-- \/ Yoast SEO plugin. -->","yoast_head_json":{"title":"Bible Kids - Medieressurser til s\u00f8ndagsskoler Bibelstudietimer for barn og tweens","description":"Her finner du bibelstudietimer og kristne ressurser for Tweens. V\u00e5r visjon er at barna skal f\u00e5 Jesus som sin beste venn - for livet.","robots":{"index":"index","follow":"follow","max-snippet":"max-snippet:-1","max-image-preview":"max-image-preview:large","max-video-preview":"max-video-preview:-1"},"canonical":"https:\/\/biblekids.io\/no\/tweens\/","og_locale":"nb_NO","og_type":"article","og_title":"Bible Kids - Medieressurser til s\u00f8ndagsskoler Bibelstudietimer for barn og tweens","og_description":"Her finner du bibelstudietimer og kristne ressurser for Tweens. V\u00e5r visjon er at barna skal f\u00e5 Jesus som sin beste venn - for livet.","og_url":"https:\/\/biblekids.io\/no\/tweens\/","og_site_name":"Bible Kids - Medieressurser til s\u00f8ndagsskoler","article_modified_time":"2023-10-25T08:31:02+00:00","og_image":[{"width":962,"height":540,"url":"https:\/\/biblekids.io\/wp-content\/uploads\/2023\/08\/tweens-web.png","type":"image\/png"}],"twitter_card":"summary_large_image","twitter_misc":{"Ansl. lesetid":"2 minutter"},"schema":{"@context":"https:\/\/schema.org","@graph":[{"@type":"WebPage","@id":"https:\/\/biblekids.io\/no\/tweens\/","url":"https:\/\/biblekids.io\/no\/tweens\/","name":"Bible Kids - Medieressurser til s\u00f8ndagsskoler Bibelstudietimer for barn og tweens","isPartOf":{"@id":"https:\/\/biblekids.io\/no\/#website"},"primaryImageOfPage":{"@id":"https:\/\/biblekids.io\/no\/tweens\/#primaryimage"},"image":{"@id":"https:\/\/biblekids.io\/no\/tweens\/#primaryimage"},"thumbnailUrl":"https:\/\/biblekids.io\/wp-content\/uploads\/2023\/08\/tweens-web.png","datePublished":"2023-08-04T14:25:06+00:00","dateModified":"2023-10-25T08:31:02+00:00","description":"Her finner du bibelstudietimer og kristne ressurser for Tweens. V\u00e5r visjon er at barna skal f\u00e5 Jesus som sin beste venn - for livet.","breadcrumb":{"@id":"https:\/\/biblekids.io\/no\/tweens\/#breadcrumb"},"inLanguage":"nb-NO","potentialAction":[{"@type":"ReadAction","target":["https:\/\/biblekids.io\/no\/tweens\/"]}]},{"@type":"ImageObject","inLanguage":"nb-NO","@id":"https:\/\/biblekids.io\/no\/tweens\/#primaryimage","url":"https:\/\/biblekids.io\/wp-content\/uploads\/2023\/08\/tweens-web.png","contentUrl":"https:\/\/biblekids.io\/wp-content\/uploads\/2023\/08\/tweens-web.png","width":962,"height":540},{"@type":"BreadcrumbList","@id":"https:\/\/biblekids.io\/no\/tweens\/#breadcrumb","itemListElement":[{"@type":"ListItem","position":1,"name":"Hjem","item":"https:\/\/biblekids.io\/no\/"},{"@type":"ListItem","position":2,"name":"Tweens (12+ \u00e5r)"}]},{"@type":"WebSite","@id":"https:\/\/biblekids.io\/no\/#website","url":"https:\/\/biblekids.io\/no\/","name":"Bible Kids - Medieressurser til s\u00f8ndagsskoler","description":"Bibelhistorier for barn","potentialAction":[{"@type":"SearchAction","target":{"@type":"EntryPoint","urlTemplate":"https:\/\/biblekids.io\/no\/?s={search_term_string}"},"query-input":{"@type":"PropertyValueSpecification","valueRequired":true,"valueName":"search_term_string"}}],"inLanguage":"nb-NO"}]}},"_links":{"self":[{"href":"https:\/\/biblekids.io\/no\/wp-json\/wp\/v2\/pages\/74781","targetHints":{"allow":["GET"]}}],"collection":[{"href":"https:\/\/biblekids.io\/no\/wp-json\/wp\/v2\/pages"}],"about":[{"href":"https:\/\/biblekids.io\/no\/wp-json\/wp\/v2\/types\/page"}],"author":[{"embeddable":true,"href":"https:\/\/biblekids.io\/no\/wp-json\/wp\/v2\/users\/9614"}],"replies":[{"embeddable":true,"href":"https:\/\/biblekids.io\/no\/wp-json\/wp\/v2\/comments?post=74781"}],"version-history":[{"count":12,"href":"https:\/\/biblekids.io\/no\/wp-json\/wp\/v2\/pages\/74781\/revisions"}],"predecessor-version":[{"id":81464,"href":"https:\/\/biblekids.io\/no\/wp-json\/wp\/v2\/pages\/74781\/revisions\/81464"}],"wp:featuredmedia":[{"embeddable":true,"href":"https:\/\/biblekids.io\/no\/wp-json\/wp\/v2\/media\/75095"}],"wp:attachment":[{"href":"https:\/\/biblekids.io\/no\/wp-json\/wp\/v2\/media?parent=74781"}],"curies":[{"name":"wp","href":"https:\/\/api.w.org\/{rel}","templated":true}]}}