{"id":83415,"date":"2023-11-20T12:14:25","date_gmt":"2023-11-20T11:14:25","guid":{"rendered":"https:\/\/biblekids.io\/?page_id=83415"},"modified":"2023-11-30T08:39:48","modified_gmt":"2023-11-30T07:39:48","slug":"josjia-sann-og-rettferdig","status":"publish","type":"page","link":"https:\/\/biblekids.io\/no\/bible-kids-spillefilmer\/josjia-sann-og-rettferdig\/","title":{"rendered":"Josjia &#8211; sann og rettferdig"},"content":{"rendered":"\n\n\t<section class=\"section dark\" id=\"section_1803488620\">\n\t\t<div class=\"section-bg fill\" >\n\t\t\t\t\t\t\t\t\t<div class=\"section-bg-overlay absolute fill\"><\/div>\n\t\t\t\n\n\t\t<\/div>\n\n\t\t\t<div class=\"ux-shape-divider ux-shape-divider--top ux-shape-divider--style-waves-opacity-3\">\n\t\t<svg viewBox=\"0 0 1000 300\" xmlns=\"http:\/\/www.w3.org\/2000\/svg\" preserveAspectRatio=\"none\">\n\t<path class=\"ux-shape-fill\" opacity=\"0.05\" d=\"M1014 264V386H206L34 300C34 300 344.42 277.16 436 221C542 156 590 160 704 209C811 255 899.11 214.94 979 346L1014 264Z\"\/>\n\t<path class=\"ux-shape-fill\" opacity=\"0.1\" d=\"M-302 55C-302 55 -66.73 263.25 50 214C178 160 283 116 353 141C445.68 174.1 534.28 256.19 588 249C692.9 235 764.52 75.94 855 131C940.61 183.09 1000 254 1000 254V328L-306 338L-302 55Z\"\/>\n\t<path class=\"ux-shape-fill\" opacity=\"0.15\" d=\"M-286 255C-286 255 -72 152 52 126C176 100 255 155 436 227C581.57 284.91 614.7 277.79 708 227C787 184 1009 3.0001 1093 164C1146 265.63 1031 293 1031 293L924 377L-288 389L-286 255Z\"\/>\n\t<path class=\"ux-shape-fill\" opacity=\"0.3\" d=\"M-24 69C-24 69 275.68 370.66 389 314C397 310 622 316 673 356C690.47 369.7 845 224 890 182C944.8 130.85 1018 92 1078 143C1154.12 207.7 1196 242 1196 242L1184 374L-28 386L-24 69Z\"\/>\n\t<path class=\"ux-shape-fill\" d=\"M-12 201C-12 201 58 284 182 258C306 232 342.29 221.23 456 264C565 305 640.82 288.36 721 249C776 222 837.5 191.31 935 253C984 284 1030 279 1030 279L1024 430L-12 440V201Z\"\/>\n<\/svg>\n\t<\/div>\n\n\t<div class=\"ux-shape-divider ux-shape-divider--bottom ux-shape-divider--style-waves-opacity-3\">\n\t\t<svg viewBox=\"0 0 1000 300\" xmlns=\"http:\/\/www.w3.org\/2000\/svg\" preserveAspectRatio=\"none\">\n\t<path class=\"ux-shape-fill\" opacity=\"0.05\" d=\"M1014 264V386H206L34 300C34 300 344.42 277.16 436 221C542 156 590 160 704 209C811 255 899.11 214.94 979 346L1014 264Z\"\/>\n\t<path class=\"ux-shape-fill\" opacity=\"0.1\" d=\"M-302 55C-302 55 -66.73 263.25 50 214C178 160 283 116 353 141C445.68 174.1 534.28 256.19 588 249C692.9 235 764.52 75.94 855 131C940.61 183.09 1000 254 1000 254V328L-306 338L-302 55Z\"\/>\n\t<path class=\"ux-shape-fill\" opacity=\"0.15\" d=\"M-286 255C-286 255 -72 152 52 126C176 100 255 155 436 227C581.57 284.91 614.7 277.79 708 227C787 184 1009 3.0001 1093 164C1146 265.63 1031 293 1031 293L924 377L-288 389L-286 255Z\"\/>\n\t<path class=\"ux-shape-fill\" opacity=\"0.3\" d=\"M-24 69C-24 69 275.68 370.66 389 314C397 310 622 316 673 356C690.47 369.7 845 224 890 182C944.8 130.85 1018 92 1078 143C1154.12 207.7 1196 242 1196 242L1184 374L-28 386L-24 69Z\"\/>\n\t<path class=\"ux-shape-fill\" d=\"M-12 201C-12 201 58 284 182 258C306 232 342.29 221.23 456 264C565 305 640.82 288.36 721 249C776 222 837.5 191.31 935 253C984 284 1030 279 1030 279L1024 430L-12 440V201Z\"\/>\n<\/svg>\n\t<\/div>\n\n\t\t<div class=\"section-content relative\">\n\t\t\t\n\n<div class=\"row align-center\"  id=\"row-1631650590\">\n\n\n\t<div id=\"col-541728490\" class=\"col medium-10 small-12 large-8\"  >\n\t\t\t\t<div class=\"col-inner\"  >\n\t\t\t\n\t\t\t\n\n\t<div id=\"text-598034549\" class=\"text\">\n\t\t\n\n<p>Se hele filmen her:<\/p>\n\n\t\t\n<style>\n#text-598034549 {\n  text-align: center;\n}\n<\/style>\n\t<\/div>\n\t\n<iframe class=\"btv-iframe \" src=\"https:\/\/app.bcc.media\/embed\/2000?app=kids-web&language=no\" frameborder=\"0\" allowfullscreen><\/iframe>\n\n\n\t\t<\/div>\n\t\t\t\t\t<\/div>\n\n\t\n\n<\/div>\n\n\t\t<\/div>\n\n\t\t\n<style>\n#section_1803488620 {\n  padding-top: 80px;\n  padding-bottom: 80px;\n  background-color: #115e67;\n}\n#section_1803488620 .section-bg-overlay {\n  background-color: rgba(0, 0, 0, 0.5);\n}\n#section_1803488620 .ux-shape-divider--top svg {\n  height: 150px;\n  --divider-top-width: 300%;\n}\n#section_1803488620 .ux-shape-divider--top .ux-shape-fill {\n  fill: #115e67;\n}\n#section_1803488620 .ux-shape-divider--bottom svg {\n  height: 150px;\n  --divider-width: 300%;\n}\n#section_1803488620 .ux-shape-divider--bottom .ux-shape-fill {\n  fill: #115e67;\n}\n@media (min-width:550px) {\n  #section_1803488620 {\n    padding-top: 120px;\n    padding-bottom: 120px;\n  }\n  #section_1803488620 .ux-shape-divider--top svg {\n    --divider-top-width: 202%;\n  }\n  #section_1803488620 .ux-shape-divider--bottom svg {\n    --divider-width: 202%;\n  }\n}\n@media (min-width:850px) {\n  #section_1803488620 .ux-shape-divider--top svg {\n    --divider-top-width: 100%;\n  }\n  #section_1803488620 .ux-shape-divider--bottom svg {\n    --divider-width: 100%;\n  }\n}\n<\/style>\n\t<\/section>\n\t\n\n\t<section class=\"section dark\" id=\"section_866565513\">\n\t\t<div class=\"section-bg fill\" >\n\t\t\t\t\t\t\t\t\t\n\t\t\t\n\n\t\t<\/div>\n\n\t\t\n\n\t\t<div class=\"section-content relative\">\n\t\t\t\n\n<div class=\"row\"  id=\"row-1083647180\">\n\n\n\t<div id=\"col-1723286899\" class=\"col small-12 large-12\"  >\n\t\t\t\t<div class=\"col-inner\"  >\n\t\t\t\n\t\t\t\n\n\t<div id=\"text-3471117993\" class=\"text\">\n\t\t\n\n<h1 class=\"text-lg lg:text-xl font-medium\">Josjia &#8211; sann og rettferdig<\/h1>\n<p class=\"lead\" style=\"font-weight: 400;\"><strong>En gripende historie om en ung gutt som blir kronet til konge i en alder av \u00e5tte \u00e5r, i en verden fylt av ondskap og urettferdighet. Til tross for mangel p\u00e5 gode forbilder blant hans forgjengere, vokser Josjia opp til \u00e5 bli en sann og rettferdig konge.<\/strong><\/p>\n<p class=\"lead\" style=\"font-weight: 400;\">Filmen handler om \u00e5tte \u00e5r gamle Josjia som er landets nye konge. \u00abDu kommer til \u00e5 trenge noen gode r\u00e5dgivere\u00bb sier hans s\u00f8ster Amona etter kroningen. Og det stemmer. Josjias forgjenger var ikke en god konge, han var ond, og han valgte seg avgudsdyrkere som r\u00e5dmenn. Men Josjia er sann og rettferdig, og velger en annen retning enn sin far. Shaphan \u2013 blir en viktig r\u00e5dgiver og st\u00f8tte n\u00e5r kongen vokser opp og m\u00e5 ta viktige valg for landet sitt. Men farens r\u00e5dmenn vil ikke gj\u00f8re det lett for den nye kongen. Likevel, n\u00e5r Josjia er 18 \u00e5r gammel den tapte lovboken til rette. Alt er n\u00e5 klart for \u00e5 gjeninnf\u00f8re Guds lov i landet.<\/p>\n\t\t\n<style>\n#text-3471117993 {\n  text-align: center;\n}\n<\/style>\n\t<\/div>\n\t\n<div class=\"text-center\"><div class=\"is-divider divider clearfix\" style=\"max-width:150px;\"><\/div><\/div>\n\n<div class=\"container section-title-container hidden\" ><h3 class=\"section-title section-title-center\"><b aria-hidden=\"true\"><\/b><span class=\"section-title-main\" >Karakterer<\/span><b aria-hidden=\"true\"><\/b><\/h3><\/div>\n\n\n\n\t\t<\/div>\n\t\t\t\t\t<\/div>\n\n\t\n\n<\/div>\n\n\t\t<\/div>\n\n\t\t\n<style>\n#section_866565513 {\n  padding-top: 80px;\n  padding-bottom: 80px;\n  background-color: #115e67;\n}\n<\/style>\n\t<\/section>\n\t\n\n  <div class=\"banner has-hover\" id=\"banner-984915426\">\n          <div class=\"banner-inner fill\">\n        <div class=\"banner-bg fill\" >\n                                                \n                    <\/div>\n\t\t\n        <div class=\"banner-layers container\">\n            <div class=\"fill banner-link\"><\/div>            \n\n   <div id=\"text-box-1760212469\" class=\"text-box banner-layer x50 md-x50 lg-x50 y50 md-y50 lg-y50 res-text\">\n                                <div class=\"text-box-content text dark\">\n              \n              <div class=\"text-inner text-center\">\n                  \n\n\t<div id=\"text-1937979166\" class=\"text\">\n\t\t\n\n<h3><b>Hold deg oppdatert p\u00e5 v\u00e5re produksjoner <\/b><\/h3>\n\t\t\n<style>\n#text-1937979166 {\n  text-align: center;\n}\n<\/style>\n\t<\/div>\n\t\n\t<div id=\"gap-1998039397\" class=\"gap-element clearfix\" style=\"display:block; height:auto;\">\n\t\t\n<style>\n#gap-1998039397 {\n  padding-top: 30px;\n}\n<\/style>\n\t<\/div>\n\t\n\n<a href=\"http:\/\/eepurl.com\/h3pcRD\" class=\"button white is-large box-shadow-2 box-shadow-4-hover\" >\n\t<i class=\"icon-envelop\" aria-hidden=\"true\"><\/i>\t<span>MELD DEG P\u00c5 NYHETSBREV<\/span>\n\t<\/a>\n\n\n\t<div id=\"text-4152656252\" class=\"text\">\n\t\t\n\n<p>Vi spammer ikke, vi lover.<\/p>\n\t\t\n<style>\n#text-4152656252 {\n  text-align: center;\n}\n<\/style>\n\t<\/div>\n\t\n\n              <\/div>\n           <\/div>\n                            \n<style>\n#text-box-1760212469 {\n  width: 82%;\n}\n#text-box-1760212469 .text-box-content {\n  font-size: 136%;\n}\n@media (min-width:550px) {\n  #text-box-1760212469 {\n    width: 100%;\n  }\n  #text-box-1760212469 .text-box-content {\n    font-size: 100%;\n  }\n}\n<\/style>\n    <\/div>\n \n\n        <\/div>\n      <\/div>\n\n            \n<style>\n#banner-984915426 {\n  padding-top: 369px;\n  background-color: #115e67;\n}\n#banner-984915426 .banner-bg img {\n  object-position: 60% 16%;\n}\n@media (min-width:550px) {\n  #banner-984915426 {\n    padding-top: 30%;\n  }\n}\n<\/style>\n  <\/div>\n\n\n\n\n","protected":false},"excerpt":{"rendered":"","protected":false},"author":9614,"featured_media":0,"parent":75348,"menu_order":0,"comment_status":"closed","ping_status":"closed","template":"page-blank.php","meta":{"_acf_changed":false,"bcc_login_visibility":0,"bcc_groups":[],"bcc_groups_email":true,"bcc_visibility_groups":[],"bcc_visibility_groups_email":false,"sent_notifications":[],"footnotes":"","_links_to":"","_links_to_target":""},"class_list":["post-83415","page","type-page","status-publish","hentry"],"acf":[],"yoast_head":"<!-- This site is optimized with the Yoast SEO plugin v27.3 - https:\/\/yoast.com\/product\/yoast-seo-wordpress\/ -->\n<title>Josjia - sann og rettferdig - Bible Kids - Medieressurser til s\u00f8ndagsskoler<\/title>\n<meta name=\"description\" content=\"Filmer om bibelhistorier. Vi gj\u00f8r bibelens budskap levende og tilgjengelig for neste generasjon kristne.\" \/>\n<meta name=\"robots\" content=\"index, follow, max-snippet:-1, max-image-preview:large, max-video-preview:-1\" \/>\n<link rel=\"canonical\" href=\"https:\/\/biblekids.io\/no\/bible-kids-spillefilmer\/josjia-sann-og-rettferdig\/\" \/>\n<meta property=\"og:locale\" content=\"nb_NO\" \/>\n<meta property=\"og:type\" content=\"article\" \/>\n<meta property=\"og:title\" content=\"Josjia - sann og rettferdig - Bible Kids - Medieressurser til s\u00f8ndagsskoler\" \/>\n<meta property=\"og:description\" content=\"Filmer om bibelhistorier. Vi gj\u00f8r bibelens budskap levende og tilgjengelig for neste generasjon kristne.\" \/>\n<meta property=\"og:url\" content=\"https:\/\/biblekids.io\/no\/bible-kids-spillefilmer\/josjia-sann-og-rettferdig\/\" \/>\n<meta property=\"og:site_name\" content=\"Bible Kids - Medieressurser til s\u00f8ndagsskoler\" \/>\n<meta property=\"article:modified_time\" content=\"2023-11-30T07:39:48+00:00\" \/>\n<meta property=\"og:image\" content=\"https:\/\/staging-bcckids.kinsta.cloud\/wp-content\/uploads\/2023\/08\/youtube_biblekids-455x400.png\" \/>\n<meta name=\"twitter:card\" content=\"summary_large_image\" \/>\n<meta name=\"twitter:label1\" content=\"Ansl. lesetid\" \/>\n\t<meta name=\"twitter:data1\" content=\"3 minutter\" \/>\n<script type=\"application\/ld+json\" class=\"yoast-schema-graph\">{\"@context\":\"https:\\\/\\\/schema.org\",\"@graph\":[{\"@type\":\"WebPage\",\"@id\":\"https:\\\/\\\/biblekids.io\\\/no\\\/bible-kids-spillefilmer\\\/josjia-sann-og-rettferdig\\\/\",\"url\":\"https:\\\/\\\/biblekids.io\\\/no\\\/bible-kids-spillefilmer\\\/josjia-sann-og-rettferdig\\\/\",\"name\":\"Josjia - sann og rettferdig - Bible Kids - Medieressurser til s\u00f8ndagsskoler\",\"isPartOf\":{\"@id\":\"https:\\\/\\\/biblekids.io\\\/no\\\/#website\"},\"primaryImageOfPage\":{\"@id\":\"https:\\\/\\\/biblekids.io\\\/no\\\/bible-kids-spillefilmer\\\/josjia-sann-og-rettferdig\\\/#primaryimage\"},\"image\":{\"@id\":\"https:\\\/\\\/biblekids.io\\\/no\\\/bible-kids-spillefilmer\\\/josjia-sann-og-rettferdig\\\/#primaryimage\"},\"thumbnailUrl\":\"https:\\\/\\\/staging-bcckids.kinsta.cloud\\\/wp-content\\\/uploads\\\/2023\\\/08\\\/youtube_biblekids-455x400.png\",\"datePublished\":\"2023-11-20T11:14:25+00:00\",\"dateModified\":\"2023-11-30T07:39:48+00:00\",\"description\":\"Filmer om bibelhistorier. Vi gj\u00f8r bibelens budskap levende og tilgjengelig for neste generasjon kristne.\",\"breadcrumb\":{\"@id\":\"https:\\\/\\\/biblekids.io\\\/no\\\/bible-kids-spillefilmer\\\/josjia-sann-og-rettferdig\\\/#breadcrumb\"},\"inLanguage\":\"nb-NO\",\"potentialAction\":[{\"@type\":\"ReadAction\",\"target\":[\"https:\\\/\\\/biblekids.io\\\/no\\\/bible-kids-spillefilmer\\\/josjia-sann-og-rettferdig\\\/\"]}]},{\"@type\":\"ImageObject\",\"inLanguage\":\"nb-NO\",\"@id\":\"https:\\\/\\\/biblekids.io\\\/no\\\/bible-kids-spillefilmer\\\/josjia-sann-og-rettferdig\\\/#primaryimage\",\"url\":\"https:\\\/\\\/staging-bcckids.kinsta.cloud\\\/wp-content\\\/uploads\\\/2023\\\/08\\\/youtube_biblekids-455x400.png\",\"contentUrl\":\"https:\\\/\\\/staging-bcckids.kinsta.cloud\\\/wp-content\\\/uploads\\\/2023\\\/08\\\/youtube_biblekids-455x400.png\"},{\"@type\":\"BreadcrumbList\",\"@id\":\"https:\\\/\\\/biblekids.io\\\/no\\\/bible-kids-spillefilmer\\\/josjia-sann-og-rettferdig\\\/#breadcrumb\",\"itemListElement\":[{\"@type\":\"ListItem\",\"position\":1,\"name\":\"Hjem\",\"item\":\"https:\\\/\\\/biblekids.io\\\/ru\\\/\"},{\"@type\":\"ListItem\",\"position\":2,\"name\":\"Spillefilmer\",\"item\":\"https:\\\/\\\/biblekids.io\\\/no\\\/?page_id=75348\"},{\"@type\":\"ListItem\",\"position\":3,\"name\":\"Josjia &#8211; sann og rettferdig\"}]},{\"@type\":\"WebSite\",\"@id\":\"https:\\\/\\\/biblekids.io\\\/no\\\/#website\",\"url\":\"https:\\\/\\\/biblekids.io\\\/no\\\/\",\"name\":\"Bible Kids - Medieressurser til s\u00f8ndagsskoler\",\"description\":\"Bibelhistorier for barn\",\"potentialAction\":[{\"@type\":\"SearchAction\",\"target\":{\"@type\":\"EntryPoint\",\"urlTemplate\":\"https:\\\/\\\/biblekids.io\\\/no\\\/?s={search_term_string}\"},\"query-input\":{\"@type\":\"PropertyValueSpecification\",\"valueRequired\":true,\"valueName\":\"search_term_string\"}}],\"inLanguage\":\"nb-NO\"}]}<\/script>\n<!-- \/ Yoast SEO plugin. -->","yoast_head_json":{"title":"Josjia - sann og rettferdig - Bible Kids - Medieressurser til s\u00f8ndagsskoler","description":"Filmer om bibelhistorier. Vi gj\u00f8r bibelens budskap levende og tilgjengelig for neste generasjon kristne.","robots":{"index":"index","follow":"follow","max-snippet":"max-snippet:-1","max-image-preview":"max-image-preview:large","max-video-preview":"max-video-preview:-1"},"canonical":"https:\/\/biblekids.io\/no\/bible-kids-spillefilmer\/josjia-sann-og-rettferdig\/","og_locale":"nb_NO","og_type":"article","og_title":"Josjia - sann og rettferdig - Bible Kids - Medieressurser til s\u00f8ndagsskoler","og_description":"Filmer om bibelhistorier. Vi gj\u00f8r bibelens budskap levende og tilgjengelig for neste generasjon kristne.","og_url":"https:\/\/biblekids.io\/no\/bible-kids-spillefilmer\/josjia-sann-og-rettferdig\/","og_site_name":"Bible Kids - Medieressurser til s\u00f8ndagsskoler","article_modified_time":"2023-11-30T07:39:48+00:00","og_image":[{"url":"https:\/\/staging-bcckids.kinsta.cloud\/wp-content\/uploads\/2023\/08\/youtube_biblekids-455x400.png","type":"","width":"","height":""}],"twitter_card":"summary_large_image","twitter_misc":{"Ansl. lesetid":"3 minutter"},"schema":{"@context":"https:\/\/schema.org","@graph":[{"@type":"WebPage","@id":"https:\/\/biblekids.io\/no\/bible-kids-spillefilmer\/josjia-sann-og-rettferdig\/","url":"https:\/\/biblekids.io\/no\/bible-kids-spillefilmer\/josjia-sann-og-rettferdig\/","name":"Josjia - sann og rettferdig - Bible Kids - Medieressurser til s\u00f8ndagsskoler","isPartOf":{"@id":"https:\/\/biblekids.io\/no\/#website"},"primaryImageOfPage":{"@id":"https:\/\/biblekids.io\/no\/bible-kids-spillefilmer\/josjia-sann-og-rettferdig\/#primaryimage"},"image":{"@id":"https:\/\/biblekids.io\/no\/bible-kids-spillefilmer\/josjia-sann-og-rettferdig\/#primaryimage"},"thumbnailUrl":"https:\/\/staging-bcckids.kinsta.cloud\/wp-content\/uploads\/2023\/08\/youtube_biblekids-455x400.png","datePublished":"2023-11-20T11:14:25+00:00","dateModified":"2023-11-30T07:39:48+00:00","description":"Filmer om bibelhistorier. Vi gj\u00f8r bibelens budskap levende og tilgjengelig for neste generasjon kristne.","breadcrumb":{"@id":"https:\/\/biblekids.io\/no\/bible-kids-spillefilmer\/josjia-sann-og-rettferdig\/#breadcrumb"},"inLanguage":"nb-NO","potentialAction":[{"@type":"ReadAction","target":["https:\/\/biblekids.io\/no\/bible-kids-spillefilmer\/josjia-sann-og-rettferdig\/"]}]},{"@type":"ImageObject","inLanguage":"nb-NO","@id":"https:\/\/biblekids.io\/no\/bible-kids-spillefilmer\/josjia-sann-og-rettferdig\/#primaryimage","url":"https:\/\/staging-bcckids.kinsta.cloud\/wp-content\/uploads\/2023\/08\/youtube_biblekids-455x400.png","contentUrl":"https:\/\/staging-bcckids.kinsta.cloud\/wp-content\/uploads\/2023\/08\/youtube_biblekids-455x400.png"},{"@type":"BreadcrumbList","@id":"https:\/\/biblekids.io\/no\/bible-kids-spillefilmer\/josjia-sann-og-rettferdig\/#breadcrumb","itemListElement":[{"@type":"ListItem","position":1,"name":"Hjem","item":"https:\/\/biblekids.io\/ru\/"},{"@type":"ListItem","position":2,"name":"Spillefilmer","item":"https:\/\/biblekids.io\/no\/?page_id=75348"},{"@type":"ListItem","position":3,"name":"Josjia &#8211; sann og rettferdig"}]},{"@type":"WebSite","@id":"https:\/\/biblekids.io\/no\/#website","url":"https:\/\/biblekids.io\/no\/","name":"Bible Kids - Medieressurser til s\u00f8ndagsskoler","description":"Bibelhistorier for barn","potentialAction":[{"@type":"SearchAction","target":{"@type":"EntryPoint","urlTemplate":"https:\/\/biblekids.io\/no\/?s={search_term_string}"},"query-input":{"@type":"PropertyValueSpecification","valueRequired":true,"valueName":"search_term_string"}}],"inLanguage":"nb-NO"}]}},"_links":{"self":[{"href":"https:\/\/biblekids.io\/no\/wp-json\/wp\/v2\/pages\/83415","targetHints":{"allow":["GET"]}}],"collection":[{"href":"https:\/\/biblekids.io\/no\/wp-json\/wp\/v2\/pages"}],"about":[{"href":"https:\/\/biblekids.io\/no\/wp-json\/wp\/v2\/types\/page"}],"author":[{"embeddable":true,"href":"https:\/\/biblekids.io\/no\/wp-json\/wp\/v2\/users\/9614"}],"replies":[{"embeddable":true,"href":"https:\/\/biblekids.io\/no\/wp-json\/wp\/v2\/comments?post=83415"}],"version-history":[{"count":36,"href":"https:\/\/biblekids.io\/no\/wp-json\/wp\/v2\/pages\/83415\/revisions"}],"predecessor-version":[{"id":84798,"href":"https:\/\/biblekids.io\/no\/wp-json\/wp\/v2\/pages\/83415\/revisions\/84798"}],"up":[{"embeddable":true,"href":"https:\/\/biblekids.io\/no\/wp-json\/wp\/v2\/pages\/75348"}],"wp:attachment":[{"href":"https:\/\/biblekids.io\/no\/wp-json\/wp\/v2\/media?parent=83415"}],"curies":[{"name":"wp","href":"https:\/\/api.w.org\/{rel}","templated":true}]}}