{"id":44463,"date":"2020-10-19T12:23:44","date_gmt":"2020-10-19T10:23:44","guid":{"rendered":"https:\/\/biblekids.io\/o-nas\/"},"modified":"2024-11-09T15:53:39","modified_gmt":"2024-11-09T14:53:39","slug":"o-nas","status":"publish","type":"page","link":"https:\/\/biblekids.io\/pl\/o-nas\/","title":{"rendered":"O nas"},"content":{"rendered":"\n\n\n\t<section class=\"section\" id=\"section_21838579\">\n\t\t<div class=\"section-bg fill\" >\n\t\t\t\t\t\t\t\t\t\n\t\t\t\n\n\t\t<\/div>\n\n\t\t\n\n\t\t<div class=\"section-content relative\">\n\t\t\t\n\n<div class=\"row\"  id=\"row-808554113\">\n\n\n\t<div id=\"col-1292135237\" class=\"col small-12 large-12\"  >\n\t\t\t\t<div class=\"col-inner\"  >\n\t\t\t\n\t\t\t\n\n<h1><b>Czym jest Bible Kids?<\/b><\/h1>\n<div> <\/div>\n<div>\n<p class=\"lead\" style=\"font-weight: 400;\"><img loading=\"lazy\" decoding=\"async\" class=\"wp-image-79898 alignright\" src=\"https:\/\/biblekids.io\/wp-content\/uploads\/2023\/10\/Bible_Kids_channel_trailer-711x400.jpg\" alt=\"\" width=\"500\" height=\"281\">Bible Kids to inicjatywa BCC Media, fundacji non-profit w organizacji BCC, kt\u00f3ra produkuje chrze\u015bcija\u0144skie tre\u015bci dla dzieci i m\u0142odzie\u017cy. BCC Media chce, aby dzieci na ca\u0142ym \u015bwiecie mog\u0142y cieszy\u0107 si\u0119 naszymi produkcjami i us\u0142ysze\u0107 przes\u0142anie, kt\u00f3re mo\u017ce pom\u00f3c im w \u017cyciu, gdziekolwiek si\u0119 znajduj\u0105. K\u0142adziemy szczeg\u00f3lny nacisk na to, \u017ceby nasze produkcje odzwierciedla\u0142y to, co czytamy w Biblii, tak aby rodzice oraz inne organizacje mog\u0142y bezpiecznie korzysta\u0107 z naszych materia\u0142\u00f3w.  <\/p>\n<\/div>\n<p class=\"lead\" style=\"font-weight: 400;\">W ostatnich latach zrobili\u015bmy du\u017cy krok naprz\u00f3d, inwestuj\u0105c wi\u0119cej ni\u017c kiedykolwiek wcze\u015bniej w produkcje dla dzieci i m\u0142odzie\u017cy. Pragn\u0105c przybli\u017cy\u0107 przes\u0142anie Biblii nowym pokoleniom chrze\u015bcijan, wyprodukowali\u015bmy ponad 60 film\u00f3w animowanych. <\/p>\n\t<div id=\"gap-1883727958\" class=\"gap-element clearfix\" style=\"display:block; height:auto;\">\n\t\t\n<style>\n#gap-1883727958 {\n  padding-top: 60px;\n}\n<\/style>\n\t<\/div>\n\t\n\n<h1><b>Biblia jako \u017cywa opowie\u015b\u0107<\/b><\/h1>\n<p class=\"lead\" style=\"font-weight: 400;\"><img loading=\"lazy\" decoding=\"async\" class=\"wp-image-78861 alignleft\" src=\"https:\/\/biblekids.io\/wp-content\/uploads\/2023\/09\/MicrosoftTeams-image-1-564x400.png\" alt=\"\" width=\"500\" height=\"355\">Nasz\u0105 najwi\u0119ksz\u0105 produkcj\u0105 jest Bible Kids Explorers, kt\u00f3ra jest publikowana dwa razy w roku. Dzi\u0119ki niej szk\u00f3\u0142ki niedzielne mog\u0105 zapewni\u0107 dzieciom niezapomniane prze\u017cycia. Na potrzeby Explorers produkujemy filmy d\u0142ugometra\u017cowe, \u017cywe opowie\u015bci o fantastycznych historiach biblijnych. Tutaj dzieci nie s\u0105 tylko widzami, ale same bior\u0105 udzia\u0142 w historii. Kiedy dzieci same potrafi\u0105 uto\u017csami\u0107 si\u0119 z postaciami biblijnymi, przes\u0142anie staje si\u0119 dla nich o wiele bardziej \u017cywe i istotne.    <\/p>\n<p class=\"lead\"><a href=\"https:\/\/biblekids.io\/pl\/explorers-3\/\">Przeczytaj wi\u0119cej o Bible Kids Explorers<\/a><\/p>\n\n\t<div id=\"gap-499971893\" class=\"gap-element clearfix\" style=\"display:block; height:auto;\">\n\t\t\n<style>\n#gap-499971893 {\n  padding-top: 30px;\n}\n<\/style>\n\t<\/div>\n\t\n\n\n\t\t<\/div>\n\t\t\t\t\t<\/div>\n\n\t\n\n<\/div>\n<div class=\"row\"  id=\"row-662623687\">\n\n\n\t<div id=\"col-113351386\" class=\"col small-12 large-12\"  >\n\t\t\t\t<div class=\"col-inner\"  >\n\t\t\t\n\t\t\t\n\n\t<div id=\"text-4030820976\" class=\"text hidden\">\n\t\t\n\n<h3 style=\"font-weight: 400;\"><strong>O zespole<\/strong><\/h3>\n<p class=\"lead\">Zesp\u00f3\u0142 pracuj\u0105cy nad Bible Kids sk\u0142ada si\u0119 z kreatywnych i m\u0142odych ludzi z szerokim zakresem wiedzy i do\u015bwiadczenia. Nasz zesp\u00f3\u0142 pracuje nad produkcjami dla dzieci od 10 lat. \u0141\u0105czy do\u015bwiadczenie z bran\u017cy filmowej z now\u0105 technologi\u0105 i kreatywno\u015bci\u0105 z bran\u017cy gier. Jeste\u015bmy pasjonatami naszej pracy i dok\u0142adamy wszelkich stara\u0144, aby wszystkie otrzymywane przez nas darowizny by\u0142y wykorzystywane w najlepszy mo\u017cliwy spos\u00f3b dla dzieci. Uwa\u017camy, \u017ce to wielki przywilej m\u00f3c da\u0107 dzieciom dorastaj\u0105cym w dzisiejszych czasach co\u015b, co b\u0119d\u0105 mog\u0142y nosi\u0107 przy sobie przez reszt\u0119 \u017cycia. Jest to zadanie, kt\u00f3rego podejmujemy si\u0119 z pokor\u0105 i rado\u015bci\u0105.    <\/p>\n\t\t\t<\/div>\n\t\n\n  <div class=\"banner has-hover\" id=\"banner-331406675\">\n          <div class=\"banner-inner fill\">\n        <div class=\"banner-bg fill\" >\n                                                \n                    <\/div>\n\t\t\n        <div class=\"banner-layers container\">\n            <div class=\"fill banner-link\"><\/div>            \n\n   <div id=\"text-box-1812717731\" class=\"text-box banner-layer x95 md-x95 lg-x95 y50 md-y50 lg-y50 res-text\">\n                                <div class=\"text-box-content text box-shadow-3\">\n              \n              <div class=\"text-inner text-center\">\n                  \n\n<h3><strong>To jest BCC Media<\/strong><\/h3>\n<p class=\"lead\" style=\"font-weight: 400;\">BCC Media jest fundacj\u0105 organizacji BCC, kt\u00f3ra jest mi\u0119dzynarodowym wolnym ko\u015bcio\u0142em. BCC jest cz\u0142onkiem Norweskiej Rady Chrze\u015bcija\u0144skiej i kierowane jest apostolskim i nicejskim wyznaniem wiary. Biblia jest jedynym autorytatywnym Pismem \u015awi\u0119tym.  <\/p>\n<a href=\"https:\/\/bcc.media\/no\" target=\"_blank\" class=\"button primary is-outline\" rel=\"noopener\" >\n\t\t<span>Przeczytaj wi\u0119cej o BCC Media<\/span>\n\t<\/a>\n\n\n<a href=\"https:\/\/bcc.no\" target=\"_blank\" class=\"button primary is-outline\" rel=\"noopener\" >\n\t\t<span>Przeczytaj wi\u0119cej o BCC<\/span>\n\t<\/a>\n\n\n\n              <\/div>\n           <\/div>\n                            \n<style>\n#text-box-1812717731 .text-box-content {\n  background-color: rgba(255, 255, 255, 0.86);\n  font-size: 100%;\n}\n#text-box-1812717731 .text-inner {\n  padding: 30px 30px 30px 30px;\n}\n#text-box-1812717731 {\n  width: 60%;\n}\n@media (min-width:550px) {\n  #text-box-1812717731 {\n    width: 40%;\n  }\n}\n<\/style>\n    <\/div>\n \n   <div id=\"text-box-1203777118\" class=\"text-box banner-layer x5 md-x5 lg-x5 y50 md-y50 lg-y50 res-text\">\n                                <div class=\"text-box-content text dark\">\n              \n              <div class=\"text-inner text-left\">\n                  \n\n<h3 style=\"font-weight: 400;\"><strong>O zespole<\/strong><\/h3>\n<p class=\"lead\">Zesp\u00f3\u0142 pracuj\u0105cy nad Bible Kids sk\u0142ada si\u0119 z kreatywnych i m\u0142odych ludzi z szerokim zakresem wiedzy i do\u015bwiadczenia. Nasz zesp\u00f3\u0142 pracuje nad produkcjami dla dzieci od 10 lat. \u0141\u0105czy do\u015bwiadczenie z bran\u017cy filmowej z now\u0105 technologi\u0105 i kreatywno\u015bci\u0105 z bran\u017cy gier. Jeste\u015bmy pasjonatami naszej pracy i dok\u0142adamy wszelkich stara\u0144, aby wszystkie otrzymywane przez nas darowizny by\u0142y wykorzystywane w najlepszy mo\u017cliwy spos\u00f3b dla dzieci. Uwa\u017camy, \u017ce to wielki przywilej m\u00f3c da\u0107 dzieciom dorastaj\u0105cym w dzisiejszych czasach co\u015b, co b\u0119d\u0105 mog\u0142y nosi\u0107 przy sobie przez reszt\u0119 \u017cycia. Jest to zadanie, kt\u00f3rego podejmujemy si\u0119 z pokor\u0105 i rado\u015bci\u0105.    <\/p>\n\n              <\/div>\n           <\/div>\n                            \n<style>\n#text-box-1203777118 {\n  margin: -px 0px 0px 0px;\n  width: 47%;\n}\n#text-box-1203777118 .text-inner {\n  padding: 0px 0px 0px 0px;\n}\n#text-box-1203777118 .text-box-content {\n  font-size: 91%;\n}\n<\/style>\n    <\/div>\n \n\n        <\/div>\n      <\/div>\n\n            \n<style>\n#banner-331406675 {\n  padding-top: 500px;\n  background-color: #115e67;\n}\n<\/style>\n  <\/div>\n\n\n\t<div id=\"gap-1264342921\" class=\"gap-element clearfix\" style=\"display:block; height:auto;\">\n\t\t\n<style>\n#gap-1264342921 {\n  padding-top: 30px;\n}\n<\/style>\n\t<\/div>\n\t\n\n\n  <div class=\"banner has-hover has-video\" id=\"banner-41910578\">\n          <div class=\"banner-inner fill\">\n        <div class=\"banner-bg fill\" >\n                        \t<div class=\"video-overlay no-click fill visible\"><\/div>\n\t<video class=\"video-bg fill visible\" preload playsinline autoplay muted loop>\n\t\t<source src=\"https:\/\/biblekids.io\/wp-content\/uploads\/2020\/11\/Kids_Web_Banner_v03_MAIN_h264.mp4\" type=\"video\/mp4\">\t<\/video>\n                        \n                    <\/div>\n\t\t\n        <div class=\"banner-layers container\">\n            <div class=\"fill banner-link\"><\/div>            \n\n   <div id=\"text-box-893528946\" class=\"text-box banner-layer x10 md-x10 lg-x10 y50 md-y50 lg-y50 res-text\">\n                                <div class=\"text-box-content text box-shadow-2 dark\">\n              \n              <div class=\"text-inner text-center\">\n                  \n\n<h4><em>Nasz\u0105 wizj\u0105 jest, aby dzieci mia\u0142y Jezusa za swojego najlepszego przyjaciela &#8211; do ko\u0144ca \u017cycia!<\/em><\/h4>\n\n              <\/div>\n           <\/div>\n                            \n<style>\n#text-box-893528946 .text-box-content {\n  background-color: rgba(17, 94, 103, 0.8);\n  border-radius: 24px;\n  font-size: 100%;\n}\n#text-box-893528946 .text-inner {\n  padding: 10px 10px 10px 10px;\n}\n#text-box-893528946 {\n  width: 60%;\n}\n@media (min-width:550px) {\n  #text-box-893528946 {\n    width: 45%;\n  }\n}\n<\/style>\n    <\/div>\n \n\n        <\/div>\n      <\/div>\n\n            \n<style>\n#banner-41910578 {\n  padding-top: 500px;\n}\n<\/style>\n  <\/div>\n\n\n\n\t\t<\/div>\n\t\t\t\t\t<\/div>\n\n\t\n\n<\/div>\n\n\t\t<\/div>\n\n\t\t\n<style>\n#section_21838579 {\n  padding-top: 60px;\n  padding-bottom: 60px;\n}\n<\/style>\n\t<\/section>\n\t\n\n\n","protected":false},"excerpt":{"rendered":"","protected":false},"author":5,"featured_media":0,"parent":0,"menu_order":0,"comment_status":"closed","ping_status":"closed","template":"page-blank.php","meta":{"_acf_changed":false,"bcc_login_visibility":0,"bcc_groups":[],"bcc_groups_email":true,"bcc_visibility_groups":[],"bcc_visibility_groups_email":false,"sent_notifications":[],"footnotes":"","_links_to":"","_links_to_target":""},"class_list":["post-44463","page","type-page","status-publish","hentry"],"acf":[],"yoast_head":"<!-- This site is optimized with the Yoast SEO plugin v27.4 - https:\/\/yoast.com\/product\/yoast-seo-wordpress\/ -->\n<title>O nas - Bible Kids<\/title>\n<meta name=\"robots\" content=\"index, follow, max-snippet:-1, max-image-preview:large, max-video-preview:-1\" \/>\n<link rel=\"canonical\" href=\"https:\/\/biblekids.io\/no\/om-oss\/\" \/>\n<meta property=\"og:locale\" content=\"pl_PL\" \/>\n<meta property=\"og:type\" content=\"article\" \/>\n<meta property=\"og:title\" content=\"O nas - Bible Kids\" \/>\n<meta property=\"og:url\" content=\"https:\/\/biblekids.io\/no\/om-oss\/\" \/>\n<meta property=\"og:site_name\" content=\"Bible Kids\" \/>\n<meta property=\"article:modified_time\" content=\"2024-11-09T14:53:39+00:00\" \/>\n<meta property=\"og:image\" content=\"https:\/\/biblekids.io\/wp-content\/uploads\/2022\/03\/BibleKids_logo_neg.svg\" \/>\n<meta name=\"twitter:card\" content=\"summary_large_image\" \/>\n<meta name=\"twitter:label1\" content=\"Szacowany czas czytania\" \/>\n\t<meta name=\"twitter:data1\" content=\"6 minuta\" \/>\n<script type=\"application\/ld+json\" class=\"yoast-schema-graph\">{\"@context\":\"https:\\\/\\\/schema.org\",\"@graph\":[{\"@type\":\"WebPage\",\"@id\":\"https:\\\/\\\/biblekids.io\\\/no\\\/om-oss\\\/\",\"url\":\"https:\\\/\\\/biblekids.io\\\/no\\\/om-oss\\\/\",\"name\":\"O nas - Bible Kids\",\"isPartOf\":{\"@id\":\"https:\\\/\\\/biblekids.io\\\/no\\\/#website\"},\"primaryImageOfPage\":{\"@id\":\"https:\\\/\\\/biblekids.io\\\/no\\\/om-oss\\\/#primaryimage\"},\"image\":{\"@id\":\"https:\\\/\\\/biblekids.io\\\/no\\\/om-oss\\\/#primaryimage\"},\"thumbnailUrl\":\"https:\\\/\\\/biblekids.io\\\/wp-content\\\/uploads\\\/2022\\\/03\\\/BibleKids_logo_neg.svg\",\"datePublished\":\"2020-10-19T10:23:44+00:00\",\"dateModified\":\"2024-11-09T14:53:39+00:00\",\"breadcrumb\":{\"@id\":\"https:\\\/\\\/biblekids.io\\\/no\\\/om-oss\\\/#breadcrumb\"},\"inLanguage\":\"pl-PL\",\"potentialAction\":[{\"@type\":\"ReadAction\",\"target\":[\"https:\\\/\\\/biblekids.io\\\/no\\\/om-oss\\\/\"]}]},{\"@type\":\"ImageObject\",\"inLanguage\":\"pl-PL\",\"@id\":\"https:\\\/\\\/biblekids.io\\\/no\\\/om-oss\\\/#primaryimage\",\"url\":\"https:\\\/\\\/biblekids.io\\\/wp-content\\\/uploads\\\/2022\\\/03\\\/BibleKids_logo_neg.svg\",\"contentUrl\":\"https:\\\/\\\/biblekids.io\\\/wp-content\\\/uploads\\\/2022\\\/03\\\/BibleKids_logo_neg.svg\"},{\"@type\":\"BreadcrumbList\",\"@id\":\"https:\\\/\\\/biblekids.io\\\/no\\\/om-oss\\\/#breadcrumb\",\"itemListElement\":[{\"@type\":\"ListItem\",\"position\":1,\"name\":\"Hjem\",\"item\":\"https:\\\/\\\/biblekids.io\\\/ru\\\/\"},{\"@type\":\"ListItem\",\"position\":2,\"name\":\"O nas\"}]},{\"@type\":\"WebSite\",\"@id\":\"https:\\\/\\\/biblekids.io\\\/no\\\/#website\",\"url\":\"https:\\\/\\\/biblekids.io\\\/no\\\/\",\"name\":\"Bible Kids\",\"description\":\"Historie biblijne dla dzieci\",\"potentialAction\":[{\"@type\":\"SearchAction\",\"target\":{\"@type\":\"EntryPoint\",\"urlTemplate\":\"https:\\\/\\\/biblekids.io\\\/no\\\/?s={search_term_string}\"},\"query-input\":{\"@type\":\"PropertyValueSpecification\",\"valueRequired\":true,\"valueName\":\"search_term_string\"}}],\"inLanguage\":\"pl-PL\"}]}<\/script>\n<!-- \/ Yoast SEO plugin. -->","yoast_head_json":{"title":"O nas - Bible Kids","robots":{"index":"index","follow":"follow","max-snippet":"max-snippet:-1","max-image-preview":"max-image-preview:large","max-video-preview":"max-video-preview:-1"},"canonical":"https:\/\/biblekids.io\/no\/om-oss\/","og_locale":"pl_PL","og_type":"article","og_title":"O nas - Bible Kids","og_url":"https:\/\/biblekids.io\/no\/om-oss\/","og_site_name":"Bible Kids","article_modified_time":"2024-11-09T14:53:39+00:00","og_image":[{"url":"https:\/\/biblekids.io\/wp-content\/uploads\/2022\/03\/BibleKids_logo_neg.svg","type":"","width":"","height":""}],"twitter_card":"summary_large_image","twitter_misc":{"Szacowany czas czytania":"6 minuta"},"schema":{"@context":"https:\/\/schema.org","@graph":[{"@type":"WebPage","@id":"https:\/\/biblekids.io\/no\/om-oss\/","url":"https:\/\/biblekids.io\/no\/om-oss\/","name":"O nas - Bible Kids","isPartOf":{"@id":"https:\/\/biblekids.io\/no\/#website"},"primaryImageOfPage":{"@id":"https:\/\/biblekids.io\/no\/om-oss\/#primaryimage"},"image":{"@id":"https:\/\/biblekids.io\/no\/om-oss\/#primaryimage"},"thumbnailUrl":"https:\/\/biblekids.io\/wp-content\/uploads\/2022\/03\/BibleKids_logo_neg.svg","datePublished":"2020-10-19T10:23:44+00:00","dateModified":"2024-11-09T14:53:39+00:00","breadcrumb":{"@id":"https:\/\/biblekids.io\/no\/om-oss\/#breadcrumb"},"inLanguage":"pl-PL","potentialAction":[{"@type":"ReadAction","target":["https:\/\/biblekids.io\/no\/om-oss\/"]}]},{"@type":"ImageObject","inLanguage":"pl-PL","@id":"https:\/\/biblekids.io\/no\/om-oss\/#primaryimage","url":"https:\/\/biblekids.io\/wp-content\/uploads\/2022\/03\/BibleKids_logo_neg.svg","contentUrl":"https:\/\/biblekids.io\/wp-content\/uploads\/2022\/03\/BibleKids_logo_neg.svg"},{"@type":"BreadcrumbList","@id":"https:\/\/biblekids.io\/no\/om-oss\/#breadcrumb","itemListElement":[{"@type":"ListItem","position":1,"name":"Hjem","item":"https:\/\/biblekids.io\/ru\/"},{"@type":"ListItem","position":2,"name":"O nas"}]},{"@type":"WebSite","@id":"https:\/\/biblekids.io\/no\/#website","url":"https:\/\/biblekids.io\/no\/","name":"Bible Kids","description":"Historie biblijne dla dzieci","potentialAction":[{"@type":"SearchAction","target":{"@type":"EntryPoint","urlTemplate":"https:\/\/biblekids.io\/no\/?s={search_term_string}"},"query-input":{"@type":"PropertyValueSpecification","valueRequired":true,"valueName":"search_term_string"}}],"inLanguage":"pl-PL"}]}},"_links":{"self":[{"href":"https:\/\/biblekids.io\/pl\/wp-json\/wp\/v2\/pages\/44463","targetHints":{"allow":["GET"]}}],"collection":[{"href":"https:\/\/biblekids.io\/pl\/wp-json\/wp\/v2\/pages"}],"about":[{"href":"https:\/\/biblekids.io\/pl\/wp-json\/wp\/v2\/types\/page"}],"author":[{"embeddable":true,"href":"https:\/\/biblekids.io\/pl\/wp-json\/wp\/v2\/users\/5"}],"replies":[{"embeddable":true,"href":"https:\/\/biblekids.io\/pl\/wp-json\/wp\/v2\/comments?post=44463"}],"version-history":[{"count":25,"href":"https:\/\/biblekids.io\/pl\/wp-json\/wp\/v2\/pages\/44463\/revisions"}],"predecessor-version":[{"id":104516,"href":"https:\/\/biblekids.io\/pl\/wp-json\/wp\/v2\/pages\/44463\/revisions\/104516"}],"wp:attachment":[{"href":"https:\/\/biblekids.io\/pl\/wp-json\/wp\/v2\/media?parent=44463"}],"curies":[{"name":"wp","href":"https:\/\/api.w.org\/{rel}","templated":true}]}}