{"id":74789,"date":"2023-08-04T16:25:06","date_gmt":"2023-08-04T14:25:06","guid":{"rendered":"https:\/\/biblekids.io\/?page_id=74789"},"modified":"2023-09-13T11:08:13","modified_gmt":"2023-09-13T09:08:13","slug":"tweens","status":"publish","type":"page","link":"https:\/\/biblekids.io\/pl\/tweens\/","title":{"rendered":"Tweens"},"content":{"rendered":"\n\n\t<section class=\"section\" id=\"section_664010477\">\n\t\t<div class=\"section-bg fill\" >\n\t\t\t\t\t\t\t\t\t\n\t\t\t\n\n\t\t<\/div>\n\n\t\t\n\n\t\t<div class=\"section-content relative\">\n\t\t\t\n\n<div class=\"row align-center\"  id=\"row-1617497272\">\n\n\n\t<div id=\"col-1538961730\" class=\"col hero-description medium-12 small-12 large-3\"  >\n\t\t\t\t<div class=\"col-inner text-center\"  >\n\t\t\t\n\t\t\t\n\n<p>&nbsp;<\/p>\n<h3><img loading=\"lazy\" decoding=\"async\" class=\"alignnone size-medium wp-image-73770\" src=\"https:\/\/biblekids.io\/wp-content\/uploads\/2023\/06\/Logo-green-1-800x398.png\" alt=\"\" width=\"800\" height=\"398\">&nbsp;12+ lat<\/h3>\n<p>&nbsp;<\/p>\n\n\t\t<\/div>\n\t\t\t\t\n<style>\n#col-1538961730 > .col-inner {\n  padding: 0px1 0px 0px 0px;\n}\n@media (min-width:550px) {\n  #col-1538961730 > .col-inner {\n    padding: 0px 0px 0 0px;\n  }\n}\n@media (min-width:850px) {\n  #col-1538961730 > .col-inner {\n    padding: 30px 0px 30px 0px;\n  }\n}\n<\/style>\n\t<\/div>\n\n\t\n\n<\/div>\n\n\t\t<\/div>\n\n\t\t\n<style>\n#section_664010477 {\n  padding-top: 0px;\n  padding-bottom: 0px;\n}\n<\/style>\n\t<\/section>\n\t\n\n\t<section class=\"section\" id=\"section_1614030236\">\n\t\t<div class=\"section-bg fill\" >\n\t\t\t\t\t\t\t\t\t\n\t\t\t\n\n\t\t<\/div>\n\n\t\t\n\n\t\t<div class=\"section-content relative\">\n\t\t\t\n\n<div class=\"row\"  id=\"row-1150987614\">\n\n\n\t<div id=\"col-759724417\" class=\"col no-bottom-padding medium-6 small-12 large-6\"  >\n\t\t\t\t<div class=\"col-inner\"  >\n\t\t\t\n\t\t\t\n\n<p><strong>Du\u017ce dzieci:<\/strong><\/p>\n<div>\n<h2>Osobista wiara<\/h2>\n<\/div>\n<p>Przej\u015bcie od dzieci\u0144stwa do m\u0142odzie\u017cy mo\u017ce by\u0107 wymagaj\u0105ce. Wiele si\u0119 dzieje zar\u00f3wno w tych m\u0142odych ludziach, jak i wok\u00f3\u0142 nich, wi\u0119c istnieje potrzeba stworzenia bezpiecznego i integracyjnego \u015brodowiska z dobrymi do\u015bwiadczeniami. Wielu z nich zmierza w kierunku osobistej wiary, a niekt\u00f3rzy ju\u017c dokonuj\u0105 wyboru w tym czasie. Dlatego wa\u017cne jest, aby us\u0142yszeli ewangeli\u0119 i uwierzyli, \u017ce Jezus by\u0142 cz\u0142owiekiem takim jak my i mo\u017ce ich zar\u00f3wno zrozumie\u0107, jak i pom\u00f3c we wszystkich sytuacjach \u017cyciowych.   <\/p>\n\n<div class=\"accordion\">\n\n\t<div id=\"accordion-1729538716\" class=\"accordion-item\">\n\t\t<a id=\"accordion-1729538716-label\" class=\"accordion-title plain\" href=\"#accordion-item-wskaz\u00f3wki-dotycz\u0105ce-spotka\u0144-tweens\" aria-expanded=\"false\" aria-controls=\"accordion-1729538716-content\">\n\t\t\t<button class=\"toggle\" aria-label=\"Prze\u0142\u0105cznik\"><i class=\"icon-angle-down\" aria-hidden=\"true\"><\/i><\/button>\n\t\t\t<span>Wskaz\u00f3wki dotycz\u0105ce spotka\u0144 Tweens<\/span>\n\t\t<\/a>\n\t\t<div id=\"accordion-1729538716-content\" class=\"accordion-inner\" aria-labelledby=\"accordion-1729538716-label\">\n\t\t\t\n\n<ul>\n<li>Ta grupa jest cz\u0119sto nieco mniejsza, co pozwala na wi\u0119ksz\u0105 indywidualno\u015b\u0107 i dostosowanie programu do grupy.<\/li>\n<li><span style=\"color: #555555;\">Ka\u017cdy Tween powinien czu\u0107 si\u0119 widziany i akceptowany takim, jakim jest. Powinni czu\u0107 si\u0119 zwi\u0105zani z innymi nastolatkami i mentorami, kt\u00f3rzy s\u0105 szczerze zainteresowani tym, jak si\u0119 maj\u0105. <\/span><\/li>\n<li><span style=\"color: #555555;\">Dla Tweens g\u0142o\u015bne \u015bpiewanie w grupie mo\u017ce nie by\u0107 tak naturalne, jak dla m\u0142odszych dzieci. Alternatyw\u0105 mo\u017ce by\u0107 wsp\u00f3lne s\u0142uchanie lub czytanie piosenek i rozmawianie o ich tre\u015bci oraz ewentualnie o autorach i historii, kt\u00f3ra si\u0119 za nimi kryje.  <\/span><\/li>\n<li><span style=\"color: #555555;\">Spotkania, a zw\u0142aszcza zaj\u0119cia, powinny by\u0107 w jak najwi\u0119kszym stopniu dostosowane do zainteresowa\u0144 Tweens w grupie.<\/span><\/li>\n<\/ul>\n\n\t\t<\/div>\n\t<\/div>\n\t\n\n<\/div>\n\n\t\t<\/div>\n\t\t\t\t\t<\/div>\n\n\t\n\n\t<div id=\"col-872042619\" class=\"col no-padding medium-6 small-12 large-6\"  >\n\t\t\t\t<div class=\"col-inner text-center\"  >\n\t\t\t\n\t\t\t\n\n\t<div class=\"img has-hover x md-x lg-x y md-y lg-y\" id=\"image_1191391664\">\n\t\t\t\t\t\t\t\t<div class=\"img-inner dark\" >\n\t\t\t<img loading=\"lazy\" decoding=\"async\" width=\"800\" height=\"800\" src=\"https:\/\/biblekids.io\/wp-content\/uploads\/2023\/08\/Green-round-800x800.png\" class=\"attachment-large size-large\" alt=\"\" \/>\t\t\t\t\t\t\n\t\t\t\t\t<\/div>\n\t\t\t\t\t\t\t\t\n<style>\n#image_1191391664 {\n  width: 71%;\n}\n<\/style>\n\t<\/div>\n\t\n\n\n\t\t<\/div>\n\t\t\t\t\t<\/div>\n\n\t\n\n<\/div>\n\n\t\t<\/div>\n\n\t\t\n<style>\n#section_1614030236 {\n  padding-top: 30px;\n  padding-bottom: 30px;\n  background-color: rgb(247, 247, 247);\n}\n<\/style>\n\t<\/section>\n\t\n\n\t<section class=\"section latest-themes\" id=\"section_591241144\">\n\t\t<div class=\"section-bg fill\" >\n\t\t\t\t\t\t\t\t\t\n\t\t\t\n\n\t\t<\/div>\n\n\t\t\n\n\t\t<div class=\"section-content relative\">\n\t\t\t\n\n<div class=\"row\"  id=\"row-1034384454\">\n\n\n\t<div id=\"col-2061103155\" class=\"col small-12 large-12\"  >\n\t\t\t\t<div class=\"col-inner\"  >\n\t\t\t\n\t\t\t\n\n<h3 style=\"text-align: center;\">Ostatnie tematy opublikowane dla Tweens<\/h3>\n\t<div id=\"gap-787131836\" class=\"gap-element clearfix\" style=\"display:block; height:auto;\">\n\t\t\n<style>\n#gap-787131836 {\n  padding-top: 50px;\n}\n<\/style>\n\t<\/div>\n\t\n\n\n  \n    <div class=\"row large-columns-3 medium-columns-1 small-columns-1 row-small\" >\n  <\/div>\n\n\n\t\t<\/div>\n\t\t\t\t\t<\/div>\n\n\t\n\n\n<style>\n#row-1034384454 > .col > .col-inner {\n  padding: 0px 0px 0px 0px;\n}\n@media (min-width:550px) {\n  #row-1034384454 > .col > .col-inner {\n    padding: 0px 0px 30px 0px;\n  }\n}\n@media (min-width:850px) {\n  #row-1034384454 > .col > .col-inner {\n    padding: 50px 0px 70px 0px;\n  }\n}\n<\/style>\n<\/div>\n\n\t\t<\/div>\n\n\t\t\n<style>\n#section_591241144 {\n  padding-top: 0px;\n  padding-bottom: 0px;\n}\n<\/style>\n\t<\/section>\n\t\n","protected":false},"excerpt":{"rendered":"","protected":false},"author":9614,"featured_media":41895,"parent":0,"menu_order":0,"comment_status":"closed","ping_status":"closed","template":"page-blank.php","meta":{"_acf_changed":false,"bcc_login_visibility":0,"bcc_groups":[],"bcc_groups_email":true,"bcc_visibility_groups":[],"bcc_visibility_groups_email":false,"sent_notifications":[],"footnotes":"","_links_to":"","_links_to_target":""},"class_list":["post-74789","page","type-page","status-publish","has-post-thumbnail","hentry"],"acf":[],"yoast_head":"<!-- This site is optimized with the Yoast SEO plugin v27.3 - https:\/\/yoast.com\/product\/yoast-seo-wordpress\/ -->\n<title>Bible Kids Lekcje biblijne dla dzieci i Tweens<\/title>\n<meta name=\"description\" content=\"Tutaj znajdziesz lekcje biblijne i chrze\u015bcija\u0144skie materia\u0142y dla Tweens. Nasz\u0105 wizj\u0105 jest, aby dzieci mia\u0142y Jezusa za najlepszego przyjaciela - na ca\u0142e \u017cycie.\" \/>\n<meta name=\"robots\" content=\"index, follow, max-snippet:-1, max-image-preview:large, max-video-preview:-1\" \/>\n<link rel=\"canonical\" href=\"https:\/\/biblekids.io\/no\/tweens\/\" \/>\n<meta property=\"og:locale\" content=\"pl_PL\" \/>\n<meta property=\"og:type\" content=\"article\" \/>\n<meta property=\"og:title\" content=\"Bible Kids Lekcje biblijne dla dzieci i Tweens\" \/>\n<meta property=\"og:description\" content=\"Tutaj znajdziesz lekcje biblijne i chrze\u015bcija\u0144skie materia\u0142y dla Tweens. Nasz\u0105 wizj\u0105 jest, aby dzieci mia\u0142y Jezusa za najlepszego przyjaciela - na ca\u0142e \u017cycie.\" \/>\n<meta property=\"og:url\" content=\"https:\/\/biblekids.io\/no\/tweens\/\" \/>\n<meta property=\"og:site_name\" content=\"Bible Kids\" \/>\n<meta property=\"article:modified_time\" content=\"2023-09-13T09:08:13+00:00\" \/>\n<meta property=\"og:image\" content=\"https:\/\/biblekids.io\/wp-content\/uploads\/2020\/11\/jefr201.jpg\" \/>\n\t<meta property=\"og:image:width\" content=\"854\" \/>\n\t<meta property=\"og:image:height\" content=\"480\" \/>\n\t<meta property=\"og:image:type\" content=\"image\/jpeg\" \/>\n<meta name=\"twitter:card\" content=\"summary_large_image\" \/>\n<meta name=\"twitter:label1\" content=\"Szacowany czas czytania\" \/>\n\t<meta name=\"twitter:data1\" content=\"2 minuta\" \/>\n<script type=\"application\/ld+json\" class=\"yoast-schema-graph\">{\"@context\":\"https:\\\/\\\/schema.org\",\"@graph\":[{\"@type\":\"WebPage\",\"@id\":\"https:\\\/\\\/biblekids.io\\\/no\\\/tweens\\\/\",\"url\":\"https:\\\/\\\/biblekids.io\\\/no\\\/tweens\\\/\",\"name\":\"Bible Kids Lekcje biblijne dla dzieci i Tweens\",\"isPartOf\":{\"@id\":\"https:\\\/\\\/biblekids.io\\\/no\\\/#website\"},\"primaryImageOfPage\":{\"@id\":\"https:\\\/\\\/biblekids.io\\\/no\\\/tweens\\\/#primaryimage\"},\"image\":{\"@id\":\"https:\\\/\\\/biblekids.io\\\/no\\\/tweens\\\/#primaryimage\"},\"thumbnailUrl\":\"https:\\\/\\\/biblekids.io\\\/wp-content\\\/uploads\\\/2020\\\/11\\\/jefr201.jpg\",\"datePublished\":\"2023-08-04T14:25:06+00:00\",\"dateModified\":\"2023-09-13T09:08:13+00:00\",\"description\":\"Tutaj znajdziesz lekcje biblijne i chrze\u015bcija\u0144skie materia\u0142y dla Tweens. Nasz\u0105 wizj\u0105 jest, aby dzieci mia\u0142y Jezusa za najlepszego przyjaciela - na ca\u0142e \u017cycie.\",\"breadcrumb\":{\"@id\":\"https:\\\/\\\/biblekids.io\\\/no\\\/tweens\\\/#breadcrumb\"},\"inLanguage\":\"pl-PL\",\"potentialAction\":[{\"@type\":\"ReadAction\",\"target\":[\"https:\\\/\\\/biblekids.io\\\/no\\\/tweens\\\/\"]}]},{\"@type\":\"ImageObject\",\"inLanguage\":\"pl-PL\",\"@id\":\"https:\\\/\\\/biblekids.io\\\/no\\\/tweens\\\/#primaryimage\",\"url\":\"https:\\\/\\\/biblekids.io\\\/wp-content\\\/uploads\\\/2020\\\/11\\\/jefr201.jpg\",\"contentUrl\":\"https:\\\/\\\/biblekids.io\\\/wp-content\\\/uploads\\\/2020\\\/11\\\/jefr201.jpg\",\"width\":854,\"height\":480},{\"@type\":\"BreadcrumbList\",\"@id\":\"https:\\\/\\\/biblekids.io\\\/no\\\/tweens\\\/#breadcrumb\",\"itemListElement\":[{\"@type\":\"ListItem\",\"position\":1,\"name\":\"Hjem\",\"item\":\"https:\\\/\\\/biblekids.io\\\/ru\\\/\"},{\"@type\":\"ListItem\",\"position\":2,\"name\":\"Tweens\"}]},{\"@type\":\"WebSite\",\"@id\":\"https:\\\/\\\/biblekids.io\\\/no\\\/#website\",\"url\":\"https:\\\/\\\/biblekids.io\\\/no\\\/\",\"name\":\"Bible Kids\",\"description\":\"Historie biblijne dla dzieci\",\"potentialAction\":[{\"@type\":\"SearchAction\",\"target\":{\"@type\":\"EntryPoint\",\"urlTemplate\":\"https:\\\/\\\/biblekids.io\\\/no\\\/?s={search_term_string}\"},\"query-input\":{\"@type\":\"PropertyValueSpecification\",\"valueRequired\":true,\"valueName\":\"search_term_string\"}}],\"inLanguage\":\"pl-PL\"}]}<\/script>\n<!-- \/ Yoast SEO plugin. -->","yoast_head_json":{"title":"Bible Kids Lekcje biblijne dla dzieci i Tweens","description":"Tutaj znajdziesz lekcje biblijne i chrze\u015bcija\u0144skie materia\u0142y dla Tweens. Nasz\u0105 wizj\u0105 jest, aby dzieci mia\u0142y Jezusa za najlepszego przyjaciela - na ca\u0142e \u017cycie.","robots":{"index":"index","follow":"follow","max-snippet":"max-snippet:-1","max-image-preview":"max-image-preview:large","max-video-preview":"max-video-preview:-1"},"canonical":"https:\/\/biblekids.io\/no\/tweens\/","og_locale":"pl_PL","og_type":"article","og_title":"Bible Kids Lekcje biblijne dla dzieci i Tweens","og_description":"Tutaj znajdziesz lekcje biblijne i chrze\u015bcija\u0144skie materia\u0142y dla Tweens. Nasz\u0105 wizj\u0105 jest, aby dzieci mia\u0142y Jezusa za najlepszego przyjaciela - na ca\u0142e \u017cycie.","og_url":"https:\/\/biblekids.io\/no\/tweens\/","og_site_name":"Bible Kids","article_modified_time":"2023-09-13T09:08:13+00:00","og_image":[{"width":854,"height":480,"url":"https:\/\/biblekids.io\/wp-content\/uploads\/2020\/11\/jefr201.jpg","type":"image\/jpeg"}],"twitter_card":"summary_large_image","twitter_misc":{"Szacowany czas czytania":"2 minuta"},"schema":{"@context":"https:\/\/schema.org","@graph":[{"@type":"WebPage","@id":"https:\/\/biblekids.io\/no\/tweens\/","url":"https:\/\/biblekids.io\/no\/tweens\/","name":"Bible Kids Lekcje biblijne dla dzieci i Tweens","isPartOf":{"@id":"https:\/\/biblekids.io\/no\/#website"},"primaryImageOfPage":{"@id":"https:\/\/biblekids.io\/no\/tweens\/#primaryimage"},"image":{"@id":"https:\/\/biblekids.io\/no\/tweens\/#primaryimage"},"thumbnailUrl":"https:\/\/biblekids.io\/wp-content\/uploads\/2020\/11\/jefr201.jpg","datePublished":"2023-08-04T14:25:06+00:00","dateModified":"2023-09-13T09:08:13+00:00","description":"Tutaj znajdziesz lekcje biblijne i chrze\u015bcija\u0144skie materia\u0142y dla Tweens. Nasz\u0105 wizj\u0105 jest, aby dzieci mia\u0142y Jezusa za najlepszego przyjaciela - na ca\u0142e \u017cycie.","breadcrumb":{"@id":"https:\/\/biblekids.io\/no\/tweens\/#breadcrumb"},"inLanguage":"pl-PL","potentialAction":[{"@type":"ReadAction","target":["https:\/\/biblekids.io\/no\/tweens\/"]}]},{"@type":"ImageObject","inLanguage":"pl-PL","@id":"https:\/\/biblekids.io\/no\/tweens\/#primaryimage","url":"https:\/\/biblekids.io\/wp-content\/uploads\/2020\/11\/jefr201.jpg","contentUrl":"https:\/\/biblekids.io\/wp-content\/uploads\/2020\/11\/jefr201.jpg","width":854,"height":480},{"@type":"BreadcrumbList","@id":"https:\/\/biblekids.io\/no\/tweens\/#breadcrumb","itemListElement":[{"@type":"ListItem","position":1,"name":"Hjem","item":"https:\/\/biblekids.io\/ru\/"},{"@type":"ListItem","position":2,"name":"Tweens"}]},{"@type":"WebSite","@id":"https:\/\/biblekids.io\/no\/#website","url":"https:\/\/biblekids.io\/no\/","name":"Bible Kids","description":"Historie biblijne dla dzieci","potentialAction":[{"@type":"SearchAction","target":{"@type":"EntryPoint","urlTemplate":"https:\/\/biblekids.io\/no\/?s={search_term_string}"},"query-input":{"@type":"PropertyValueSpecification","valueRequired":true,"valueName":"search_term_string"}}],"inLanguage":"pl-PL"}]}},"_links":{"self":[{"href":"https:\/\/biblekids.io\/pl\/wp-json\/wp\/v2\/pages\/74789","targetHints":{"allow":["GET"]}}],"collection":[{"href":"https:\/\/biblekids.io\/pl\/wp-json\/wp\/v2\/pages"}],"about":[{"href":"https:\/\/biblekids.io\/pl\/wp-json\/wp\/v2\/types\/page"}],"author":[{"embeddable":true,"href":"https:\/\/biblekids.io\/pl\/wp-json\/wp\/v2\/users\/9614"}],"replies":[{"embeddable":true,"href":"https:\/\/biblekids.io\/pl\/wp-json\/wp\/v2\/comments?post=74789"}],"version-history":[{"count":9,"href":"https:\/\/biblekids.io\/pl\/wp-json\/wp\/v2\/pages\/74789\/revisions"}],"predecessor-version":[{"id":77658,"href":"https:\/\/biblekids.io\/pl\/wp-json\/wp\/v2\/pages\/74789\/revisions\/77658"}],"wp:featuredmedia":[{"embeddable":true,"href":"https:\/\/biblekids.io\/pl\/wp-json\/wp\/v2\/media\/41895"}],"wp:attachment":[{"href":"https:\/\/biblekids.io\/pl\/wp-json\/wp\/v2\/media?parent=74789"}],"curies":[{"name":"wp","href":"https:\/\/api.w.org\/{rel}","templated":true}]}}