{"id":83421,"date":"2023-11-20T12:14:25","date_gmt":"2023-11-20T11:14:25","guid":{"rendered":"https:\/\/biblekids.io\/?page_id=83421"},"modified":"2023-12-12T14:44:43","modified_gmt":"2023-12-12T13:44:43","slug":"jozjasz-prawda-i-sprawiedliwosc","status":"publish","type":"page","link":"https:\/\/biblekids.io\/pl\/filmy-pelnometrazowe-bible-kids\/jozjasz-prawda-i-sprawiedliwosc\/","title":{"rendered":"Jozjasz \u2013 prawda i sprawiedliwo\u015b\u0107"},"content":{"rendered":"\n\n\t<section class=\"section dark\" id=\"section_1846591541\">\n\t\t<div class=\"section-bg fill\" >\n\t\t\t\t\t\t\t\t\t<div class=\"section-bg-overlay absolute fill\"><\/div>\n\t\t\t\n\n\t\t<\/div>\n\n\t\t\t<div class=\"ux-shape-divider ux-shape-divider--top ux-shape-divider--style-waves-opacity-3\">\n\t\t<svg viewBox=\"0 0 1000 300\" xmlns=\"http:\/\/www.w3.org\/2000\/svg\" preserveAspectRatio=\"none\">\n\t<path class=\"ux-shape-fill\" opacity=\"0.05\" d=\"M1014 264V386H206L34 300C34 300 344.42 277.16 436 221C542 156 590 160 704 209C811 255 899.11 214.94 979 346L1014 264Z\"\/>\n\t<path class=\"ux-shape-fill\" opacity=\"0.1\" d=\"M-302 55C-302 55 -66.73 263.25 50 214C178 160 283 116 353 141C445.68 174.1 534.28 256.19 588 249C692.9 235 764.52 75.94 855 131C940.61 183.09 1000 254 1000 254V328L-306 338L-302 55Z\"\/>\n\t<path class=\"ux-shape-fill\" opacity=\"0.15\" d=\"M-286 255C-286 255 -72 152 52 126C176 100 255 155 436 227C581.57 284.91 614.7 277.79 708 227C787 184 1009 3.0001 1093 164C1146 265.63 1031 293 1031 293L924 377L-288 389L-286 255Z\"\/>\n\t<path class=\"ux-shape-fill\" opacity=\"0.3\" d=\"M-24 69C-24 69 275.68 370.66 389 314C397 310 622 316 673 356C690.47 369.7 845 224 890 182C944.8 130.85 1018 92 1078 143C1154.12 207.7 1196 242 1196 242L1184 374L-28 386L-24 69Z\"\/>\n\t<path class=\"ux-shape-fill\" d=\"M-12 201C-12 201 58 284 182 258C306 232 342.29 221.23 456 264C565 305 640.82 288.36 721 249C776 222 837.5 191.31 935 253C984 284 1030 279 1030 279L1024 430L-12 440V201Z\"\/>\n<\/svg>\n\t<\/div>\n\n\t<div class=\"ux-shape-divider ux-shape-divider--bottom ux-shape-divider--style-waves-opacity-3\">\n\t\t<svg viewBox=\"0 0 1000 300\" xmlns=\"http:\/\/www.w3.org\/2000\/svg\" preserveAspectRatio=\"none\">\n\t<path class=\"ux-shape-fill\" opacity=\"0.05\" d=\"M1014 264V386H206L34 300C34 300 344.42 277.16 436 221C542 156 590 160 704 209C811 255 899.11 214.94 979 346L1014 264Z\"\/>\n\t<path class=\"ux-shape-fill\" opacity=\"0.1\" d=\"M-302 55C-302 55 -66.73 263.25 50 214C178 160 283 116 353 141C445.68 174.1 534.28 256.19 588 249C692.9 235 764.52 75.94 855 131C940.61 183.09 1000 254 1000 254V328L-306 338L-302 55Z\"\/>\n\t<path class=\"ux-shape-fill\" opacity=\"0.15\" d=\"M-286 255C-286 255 -72 152 52 126C176 100 255 155 436 227C581.57 284.91 614.7 277.79 708 227C787 184 1009 3.0001 1093 164C1146 265.63 1031 293 1031 293L924 377L-288 389L-286 255Z\"\/>\n\t<path class=\"ux-shape-fill\" opacity=\"0.3\" d=\"M-24 69C-24 69 275.68 370.66 389 314C397 310 622 316 673 356C690.47 369.7 845 224 890 182C944.8 130.85 1018 92 1078 143C1154.12 207.7 1196 242 1196 242L1184 374L-28 386L-24 69Z\"\/>\n\t<path class=\"ux-shape-fill\" d=\"M-12 201C-12 201 58 284 182 258C306 232 342.29 221.23 456 264C565 305 640.82 288.36 721 249C776 222 837.5 191.31 935 253C984 284 1030 279 1030 279L1024 430L-12 440V201Z\"\/>\n<\/svg>\n\t<\/div>\n\n\t\t<div class=\"section-content relative\">\n\t\t\t\n\n<div class=\"row align-center\"  id=\"row-1648641868\">\n\n\n\t<div id=\"col-2033426141\" class=\"col medium-10 small-12 large-8\"  >\n\t\t\t\t<div class=\"col-inner\"  >\n\t\t\t\n\t\t\t\n\n\t<div id=\"text-458020731\" class=\"text\">\n\t\t\n\n<p>Obejrzyj ca\u0142y film tutaj:<\/p>\n\n\t\t\n<style>\n#text-458020731 {\n  text-align: center;\n}\n<\/style>\n\t<\/div>\n\t\n<iframe class=\"btv-iframe \" src=\"https:\/\/app.bcc.media\/embed\/2000?app=kids-web&language=pl\" frameborder=\"0\" allowfullscreen><\/iframe>\n\n\n\t\t<\/div>\n\t\t\t\t\t<\/div>\n\n\t\n\n<\/div>\n\n\t\t<\/div>\n\n\t\t\n<style>\n#section_1846591541 {\n  padding-top: 80px;\n  padding-bottom: 80px;\n  background-color: #115e67;\n}\n#section_1846591541 .section-bg-overlay {\n  background-color: rgba(0, 0, 0, 0.5);\n}\n#section_1846591541 .ux-shape-divider--top svg {\n  height: 150px;\n  --divider-top-width: 300%;\n}\n#section_1846591541 .ux-shape-divider--top .ux-shape-fill {\n  fill: #115e67;\n}\n#section_1846591541 .ux-shape-divider--bottom svg {\n  height: 150px;\n  --divider-width: 300%;\n}\n#section_1846591541 .ux-shape-divider--bottom .ux-shape-fill {\n  fill: #115e67;\n}\n@media (min-width:550px) {\n  #section_1846591541 {\n    padding-top: 120px;\n    padding-bottom: 120px;\n  }\n  #section_1846591541 .ux-shape-divider--top svg {\n    --divider-top-width: 202%;\n  }\n  #section_1846591541 .ux-shape-divider--bottom svg {\n    --divider-width: 202%;\n  }\n}\n@media (min-width:850px) {\n  #section_1846591541 .ux-shape-divider--top svg {\n    --divider-top-width: 100%;\n  }\n  #section_1846591541 .ux-shape-divider--bottom svg {\n    --divider-width: 100%;\n  }\n}\n<\/style>\n\t<\/section>\n\t\n\n\t<section class=\"section dark\" id=\"section_722095199\">\n\t\t<div class=\"section-bg fill\" >\n\t\t\t\t\t\t\t\t\t\n\t\t\t\n\n\t\t<\/div>\n\n\t\t\n\n\t\t<div class=\"section-content relative\">\n\t\t\t\n\n<div class=\"row\"  id=\"row-1124047743\">\n\n\n\t<div id=\"col-1852197366\" class=\"col small-12 large-12\"  >\n\t\t\t\t<div class=\"col-inner\"  >\n\t\t\t\n\t\t\t\n\n\t<div id=\"text-1084934573\" class=\"text\">\n\t\t\n\n<h1 class=\"text-lg lg:text-xl font-medium\">Jozjasz \u2013 prawda i sprawiedliwo\u015b\u0107<\/h1>\n<p class=\"lead\" style=\"font-weight: 400;\"><strong>Przejmuj\u0105ca historia m\u0142odego ch\u0142opca, kt\u00f3ry w wieku o\u015bmiu lat zosta\u0142 koronowany na kr\u00f3la, w \u015bwiecie pe\u0142nym z\u0142a i niesprawiedliwo\u015bci. Pomimo braku dobrych przyk\u0142ad\u00f3w w\u015br\u00f3d swoich poprzednik\u00f3w, Jozjasz wyrasta na prawdziwego i sprawiedliwego kr\u00f3la.<\/strong><\/p>\n<p class=\"lead\" style=\"font-weight: 400;\">Film opowiada histori\u0119 o\u015bmioletniego Jozjasza, kt\u00f3ry zostaje nowym kr\u00f3lem kraju. \u201eB\u0119dziesz potrzebowa\u0142 dobrych doradc\u00f3w\u201d \u2013 m\u00f3wi po koronacji jego siostra Amona. I to prawda. Poprzednik Jozjasza nie by\u0142 dobrym kr\u00f3lem &#8211; by\u0142 z\u0142y i wybra\u0142 na doradc\u00f3w ludzi, kt\u00f3rzy czcili bo\u017cki. Ale Jozjasz jest prawdziwy i sprawiedliwy i wybiera inny kierunek ni\u017c jego ojciec. Szafan \u2013 staje si\u0119 wa\u017cnym doradc\u0105 i wsparciem, gdy kr\u00f3l dorasta i musi dokona\u0107 wa\u017cnych wybor\u00f3w dla swojego kraju. Ale doradcy jego ojca nie u\u0142atwi\u0105 \u017cycia nowemu kr\u00f3lowi. Mimo to, kiedy Jozjasz ma 18 lat, odnaleziona zostaje zaginiona ksi\u0119ga zakonu. Wszystko jest teraz gotowe do przywr\u00f3cenia Bo\u017cego prawa w kraju.<\/p>\n\t\t\n<style>\n#text-1084934573 {\n  text-align: center;\n}\n<\/style>\n\t<\/div>\n\t\n<div class=\"text-center\"><div class=\"is-divider divider clearfix\" style=\"max-width:150px;\"><\/div><\/div>\n\n<div class=\"container section-title-container hidden\" ><h3 class=\"section-title section-title-center\"><b aria-hidden=\"true\"><\/b><span class=\"section-title-main\" >Postaci<\/span><b aria-hidden=\"true\"><\/b><\/h3><\/div>\n\n\n\n\t\t<\/div>\n\t\t\t\t\t<\/div>\n\n\t\n\n<\/div>\n\n\t\t<\/div>\n\n\t\t\n<style>\n#section_722095199 {\n  padding-top: 80px;\n  padding-bottom: 80px;\n  background-color: #115e67;\n}\n<\/style>\n\t<\/section>\n\t\n\n  <div class=\"banner has-hover\" id=\"banner-46651323\">\n          <div class=\"banner-inner fill\">\n        <div class=\"banner-bg fill\" >\n                                                \n                    <\/div>\n\t\t\n        <div class=\"banner-layers container\">\n            <div class=\"fill banner-link\"><\/div>            \n\n   <div id=\"text-box-1362740319\" class=\"text-box banner-layer x50 md-x50 lg-x50 y50 md-y50 lg-y50 res-text\">\n                                <div class=\"text-box-content text dark\">\n              \n              <div class=\"text-inner text-center\">\n                  \n\n\t<div id=\"text-3686110256\" class=\"text\">\n\t\t\n\n<h3><b>B\u0105d\u017a na bie\u017c\u0105co z naszymi produkcjami! <\/b><\/h3>\n\t\t\n<style>\n#text-3686110256 {\n  text-align: center;\n}\n<\/style>\n\t<\/div>\n\t\n\t<div id=\"gap-420868526\" class=\"gap-element clearfix\" style=\"display:block; height:auto;\">\n\t\t\n<style>\n#gap-420868526 {\n  padding-top: 30px;\n}\n<\/style>\n\t<\/div>\n\t\n\n<a href=\"http:\/\/eepurl.com\/h3pcRD\" class=\"button white is-large box-shadow-2 box-shadow-4-hover\" >\n\t<i class=\"icon-envelop\" aria-hidden=\"true\"><\/i>\t<span>ZAPISZ SI\u0118 DO NASZEGO NEWSLETTERA<\/span>\n\t<\/a>\n\n\n\t<div id=\"text-591632177\" class=\"text\">\n\t\t\n\n<p>Obiecujemy, \u017ce nie b\u0119dziemy spamowa\u0107.<\/p>\n\t\t\n<style>\n#text-591632177 {\n  text-align: center;\n}\n<\/style>\n\t<\/div>\n\t\n\n              <\/div>\n           <\/div>\n                            \n<style>\n#text-box-1362740319 {\n  width: 82%;\n}\n#text-box-1362740319 .text-box-content {\n  font-size: 136%;\n}\n@media (min-width:550px) {\n  #text-box-1362740319 {\n    width: 100%;\n  }\n  #text-box-1362740319 .text-box-content {\n    font-size: 100%;\n  }\n}\n<\/style>\n    <\/div>\n \n\n        <\/div>\n      <\/div>\n\n            \n<style>\n#banner-46651323 {\n  padding-top: 369px;\n  background-color: #115e67;\n}\n#banner-46651323 .banner-bg img {\n  object-position: 60% 16%;\n}\n@media (min-width:550px) {\n  #banner-46651323 {\n    padding-top: 30%;\n  }\n}\n<\/style>\n  <\/div>\n\n\n\n\n","protected":false},"excerpt":{"rendered":"","protected":false},"author":9614,"featured_media":0,"parent":78106,"menu_order":0,"comment_status":"closed","ping_status":"closed","template":"page-blank.php","meta":{"_acf_changed":false,"bcc_login_visibility":0,"bcc_groups":[],"bcc_groups_email":true,"bcc_visibility_groups":[],"bcc_visibility_groups_email":false,"sent_notifications":[],"footnotes":"","_links_to":"","_links_to_target":""},"class_list":["post-83421","page","type-page","status-publish","hentry"],"acf":[],"yoast_head":"<!-- This site is optimized with the Yoast SEO plugin v26.7 - https:\/\/yoast.com\/wordpress\/plugins\/seo\/ -->\n<title>Jozjasz \u2013 prawda i sprawiedliwo\u015b\u0107 - Bible Kids<\/title>\n<meta name=\"description\" content=\"Filmy o historiach biblijnych. Sprawiamy, \u017ce przes\u0142anie Biblii staje si\u0119 \u017cywe i przyst\u0119pne dla nast\u0119pnego pokolenia chrze\u015bcijan.\" \/>\n<meta name=\"robots\" content=\"index, follow, max-snippet:-1, max-image-preview:large, max-video-preview:-1\" \/>\n<link rel=\"canonical\" href=\"https:\/\/biblekids.io\/pl\/filmy-pelnometrazowe-bible-kids\/jozjasz-prawda-i-sprawiedliwosc\/\" \/>\n<meta property=\"og:locale\" content=\"pl_PL\" \/>\n<meta property=\"og:type\" content=\"article\" \/>\n<meta property=\"og:title\" content=\"Jozjasz \u2013 prawda i sprawiedliwo\u015b\u0107 - Bible Kids\" \/>\n<meta property=\"og:description\" content=\"Filmy o historiach biblijnych. Sprawiamy, \u017ce przes\u0142anie Biblii staje si\u0119 \u017cywe i przyst\u0119pne dla nast\u0119pnego pokolenia chrze\u015bcijan.\" \/>\n<meta property=\"og:url\" content=\"https:\/\/biblekids.io\/pl\/filmy-pelnometrazowe-bible-kids\/jozjasz-prawda-i-sprawiedliwosc\/\" \/>\n<meta property=\"og:site_name\" content=\"Bible Kids\" \/>\n<meta property=\"article:modified_time\" content=\"2023-12-12T13:44:43+00:00\" \/>\n<meta property=\"og:image\" content=\"https:\/\/staging-bcckids.kinsta.cloud\/wp-content\/uploads\/2023\/08\/youtube_biblekids-455x400.png\" \/>\n<meta name=\"twitter:card\" content=\"summary_large_image\" \/>\n<script type=\"application\/ld+json\" class=\"yoast-schema-graph\">{\"@context\":\"https:\/\/schema.org\",\"@graph\":[{\"@type\":\"WebPage\",\"@id\":\"https:\/\/biblekids.io\/pl\/filmy-pelnometrazowe-bible-kids\/jozjasz-prawda-i-sprawiedliwosc\/\",\"url\":\"https:\/\/biblekids.io\/pl\/filmy-pelnometrazowe-bible-kids\/jozjasz-prawda-i-sprawiedliwosc\/\",\"name\":\"Jozjasz \u2013 prawda i sprawiedliwo\u015b\u0107 - Bible Kids\",\"isPartOf\":{\"@id\":\"https:\/\/biblekids.io\/no\/#website\"},\"primaryImageOfPage\":{\"@id\":\"https:\/\/biblekids.io\/pl\/filmy-pelnometrazowe-bible-kids\/jozjasz-prawda-i-sprawiedliwosc\/#primaryimage\"},\"image\":{\"@id\":\"https:\/\/biblekids.io\/pl\/filmy-pelnometrazowe-bible-kids\/jozjasz-prawda-i-sprawiedliwosc\/#primaryimage\"},\"thumbnailUrl\":\"https:\/\/staging-bcckids.kinsta.cloud\/wp-content\/uploads\/2023\/08\/youtube_biblekids-455x400.png\",\"datePublished\":\"2023-11-20T11:14:25+00:00\",\"dateModified\":\"2023-12-12T13:44:43+00:00\",\"description\":\"Filmy o historiach biblijnych. Sprawiamy, \u017ce przes\u0142anie Biblii staje si\u0119 \u017cywe i przyst\u0119pne dla nast\u0119pnego pokolenia chrze\u015bcijan.\",\"breadcrumb\":{\"@id\":\"https:\/\/biblekids.io\/pl\/filmy-pelnometrazowe-bible-kids\/jozjasz-prawda-i-sprawiedliwosc\/#breadcrumb\"},\"inLanguage\":\"pl-PL\",\"potentialAction\":[{\"@type\":\"ReadAction\",\"target\":[\"https:\/\/biblekids.io\/pl\/filmy-pelnometrazowe-bible-kids\/jozjasz-prawda-i-sprawiedliwosc\/\"]}]},{\"@type\":\"ImageObject\",\"inLanguage\":\"pl-PL\",\"@id\":\"https:\/\/biblekids.io\/pl\/filmy-pelnometrazowe-bible-kids\/jozjasz-prawda-i-sprawiedliwosc\/#primaryimage\",\"url\":\"https:\/\/staging-bcckids.kinsta.cloud\/wp-content\/uploads\/2023\/08\/youtube_biblekids-455x400.png\",\"contentUrl\":\"https:\/\/staging-bcckids.kinsta.cloud\/wp-content\/uploads\/2023\/08\/youtube_biblekids-455x400.png\"},{\"@type\":\"BreadcrumbList\",\"@id\":\"https:\/\/biblekids.io\/pl\/filmy-pelnometrazowe-bible-kids\/jozjasz-prawda-i-sprawiedliwosc\/#breadcrumb\",\"itemListElement\":[{\"@type\":\"ListItem\",\"position\":1,\"name\":\"Hjem\",\"item\":\"https:\/\/biblekids.io\/ru\/\"},{\"@type\":\"ListItem\",\"position\":2,\"name\":\"Filmy pe\u0142nometra\u017cowe\",\"item\":\"https:\/\/biblekids.io\/pl\/?page_id=78106\"},{\"@type\":\"ListItem\",\"position\":3,\"name\":\"Jozjasz \u2013 prawda i sprawiedliwo\u015b\u0107\"}]},{\"@type\":\"WebSite\",\"@id\":\"https:\/\/biblekids.io\/no\/#website\",\"url\":\"https:\/\/biblekids.io\/no\/\",\"name\":\"Bible Kids\",\"description\":\"Historie biblijne dla dzieci\",\"potentialAction\":[{\"@type\":\"SearchAction\",\"target\":{\"@type\":\"EntryPoint\",\"urlTemplate\":\"https:\/\/biblekids.io\/no\/?s={search_term_string}\"},\"query-input\":{\"@type\":\"PropertyValueSpecification\",\"valueRequired\":true,\"valueName\":\"search_term_string\"}}],\"inLanguage\":\"pl-PL\"}]}<\/script>\n<!-- \/ Yoast SEO plugin. -->","yoast_head_json":{"title":"Jozjasz \u2013 prawda i sprawiedliwo\u015b\u0107 - Bible Kids","description":"Filmy o historiach biblijnych. Sprawiamy, \u017ce przes\u0142anie Biblii staje si\u0119 \u017cywe i przyst\u0119pne dla nast\u0119pnego pokolenia chrze\u015bcijan.","robots":{"index":"index","follow":"follow","max-snippet":"max-snippet:-1","max-image-preview":"max-image-preview:large","max-video-preview":"max-video-preview:-1"},"canonical":"https:\/\/biblekids.io\/pl\/filmy-pelnometrazowe-bible-kids\/jozjasz-prawda-i-sprawiedliwosc\/","og_locale":"pl_PL","og_type":"article","og_title":"Jozjasz \u2013 prawda i sprawiedliwo\u015b\u0107 - Bible Kids","og_description":"Filmy o historiach biblijnych. Sprawiamy, \u017ce przes\u0142anie Biblii staje si\u0119 \u017cywe i przyst\u0119pne dla nast\u0119pnego pokolenia chrze\u015bcijan.","og_url":"https:\/\/biblekids.io\/pl\/filmy-pelnometrazowe-bible-kids\/jozjasz-prawda-i-sprawiedliwosc\/","og_site_name":"Bible Kids","article_modified_time":"2023-12-12T13:44:43+00:00","og_image":[{"url":"https:\/\/staging-bcckids.kinsta.cloud\/wp-content\/uploads\/2023\/08\/youtube_biblekids-455x400.png","type":"","width":"","height":""}],"twitter_card":"summary_large_image","schema":{"@context":"https:\/\/schema.org","@graph":[{"@type":"WebPage","@id":"https:\/\/biblekids.io\/pl\/filmy-pelnometrazowe-bible-kids\/jozjasz-prawda-i-sprawiedliwosc\/","url":"https:\/\/biblekids.io\/pl\/filmy-pelnometrazowe-bible-kids\/jozjasz-prawda-i-sprawiedliwosc\/","name":"Jozjasz \u2013 prawda i sprawiedliwo\u015b\u0107 - Bible Kids","isPartOf":{"@id":"https:\/\/biblekids.io\/no\/#website"},"primaryImageOfPage":{"@id":"https:\/\/biblekids.io\/pl\/filmy-pelnometrazowe-bible-kids\/jozjasz-prawda-i-sprawiedliwosc\/#primaryimage"},"image":{"@id":"https:\/\/biblekids.io\/pl\/filmy-pelnometrazowe-bible-kids\/jozjasz-prawda-i-sprawiedliwosc\/#primaryimage"},"thumbnailUrl":"https:\/\/staging-bcckids.kinsta.cloud\/wp-content\/uploads\/2023\/08\/youtube_biblekids-455x400.png","datePublished":"2023-11-20T11:14:25+00:00","dateModified":"2023-12-12T13:44:43+00:00","description":"Filmy o historiach biblijnych. Sprawiamy, \u017ce przes\u0142anie Biblii staje si\u0119 \u017cywe i przyst\u0119pne dla nast\u0119pnego pokolenia chrze\u015bcijan.","breadcrumb":{"@id":"https:\/\/biblekids.io\/pl\/filmy-pelnometrazowe-bible-kids\/jozjasz-prawda-i-sprawiedliwosc\/#breadcrumb"},"inLanguage":"pl-PL","potentialAction":[{"@type":"ReadAction","target":["https:\/\/biblekids.io\/pl\/filmy-pelnometrazowe-bible-kids\/jozjasz-prawda-i-sprawiedliwosc\/"]}]},{"@type":"ImageObject","inLanguage":"pl-PL","@id":"https:\/\/biblekids.io\/pl\/filmy-pelnometrazowe-bible-kids\/jozjasz-prawda-i-sprawiedliwosc\/#primaryimage","url":"https:\/\/staging-bcckids.kinsta.cloud\/wp-content\/uploads\/2023\/08\/youtube_biblekids-455x400.png","contentUrl":"https:\/\/staging-bcckids.kinsta.cloud\/wp-content\/uploads\/2023\/08\/youtube_biblekids-455x400.png"},{"@type":"BreadcrumbList","@id":"https:\/\/biblekids.io\/pl\/filmy-pelnometrazowe-bible-kids\/jozjasz-prawda-i-sprawiedliwosc\/#breadcrumb","itemListElement":[{"@type":"ListItem","position":1,"name":"Hjem","item":"https:\/\/biblekids.io\/ru\/"},{"@type":"ListItem","position":2,"name":"Filmy pe\u0142nometra\u017cowe","item":"https:\/\/biblekids.io\/pl\/?page_id=78106"},{"@type":"ListItem","position":3,"name":"Jozjasz \u2013 prawda i sprawiedliwo\u015b\u0107"}]},{"@type":"WebSite","@id":"https:\/\/biblekids.io\/no\/#website","url":"https:\/\/biblekids.io\/no\/","name":"Bible Kids","description":"Historie biblijne dla dzieci","potentialAction":[{"@type":"SearchAction","target":{"@type":"EntryPoint","urlTemplate":"https:\/\/biblekids.io\/no\/?s={search_term_string}"},"query-input":{"@type":"PropertyValueSpecification","valueRequired":true,"valueName":"search_term_string"}}],"inLanguage":"pl-PL"}]}},"_links":{"self":[{"href":"https:\/\/biblekids.io\/pl\/wp-json\/wp\/v2\/pages\/83421","targetHints":{"allow":["GET"]}}],"collection":[{"href":"https:\/\/biblekids.io\/pl\/wp-json\/wp\/v2\/pages"}],"about":[{"href":"https:\/\/biblekids.io\/pl\/wp-json\/wp\/v2\/types\/page"}],"author":[{"embeddable":true,"href":"https:\/\/biblekids.io\/pl\/wp-json\/wp\/v2\/users\/9614"}],"replies":[{"embeddable":true,"href":"https:\/\/biblekids.io\/pl\/wp-json\/wp\/v2\/comments?post=83421"}],"version-history":[{"count":5,"href":"https:\/\/biblekids.io\/pl\/wp-json\/wp\/v2\/pages\/83421\/revisions"}],"predecessor-version":[{"id":85291,"href":"https:\/\/biblekids.io\/pl\/wp-json\/wp\/v2\/pages\/83421\/revisions\/85291"}],"up":[{"embeddable":true,"href":"https:\/\/biblekids.io\/pl\/wp-json\/wp\/v2\/pages\/78106"}],"wp:attachment":[{"href":"https:\/\/biblekids.io\/pl\/wp-json\/wp\/v2\/media?parent=83421"}],"curies":[{"name":"wp","href":"https:\/\/api.w.org\/{rel}","templated":true}]}}