{"id":86451,"date":"2023-10-25T10:04:23","date_gmt":"2023-10-25T08:04:23","guid":{"rendered":"https:\/\/biblekids.io\/?page_id=86451"},"modified":"2024-08-22T11:09:59","modified_gmt":"2024-08-22T09:09:59","slug":"skontaktuj-sie-z-nami","status":"publish","type":"page","link":"https:\/\/biblekids.io\/pl\/skontaktuj-sie-z-nami\/","title":{"rendered":"Kontakt"},"content":{"rendered":"\n\n\t<section class=\"section\" id=\"section_1036600966\">\n\t\t<div class=\"section-bg fill\" >\n\t\t\t\t\t\t\t\t\t\n\t\t\t\n\n\t\t<\/div>\n\n\t\t\n\n\t\t<div class=\"section-content relative\">\n\t\t\t\n\n\t<div id=\"gap-2075516437\" class=\"gap-element clearfix\" style=\"display:block; height:auto;\">\n\t\t\n<style>\n#gap-2075516437 {\n  padding-top: 30px;\n}\n<\/style>\n\t<\/div>\n\t\n\n<div class=\"row align-center\"  id=\"row-1230205676\">\n\n\n\t<div id=\"col-1337454668\" class=\"col medium-9 small-12 large-6\"  >\n\t\t\t\t<div class=\"col-inner text-left\"  >\n\t\t\t\n\t\t\t\n\n\t<div id=\"gap-44117495\" class=\"gap-element clearfix\" style=\"display:block; height:auto;\">\n\t\t\n<style>\n#gap-44117495 {\n  padding-top: 0px;\n}\n<\/style>\n\t<\/div>\n\t\n\n\t<div id=\"text-1817167051\" class=\"text\">\n\t\t\n\n<h2>Skontaktuj si\u0119<\/h2>\n<p>Masz pomys\u0142y, uwagi lub pytania? <br>Chcieliby\u015bmy us\u0142ysze\u0107 od ciebie.<\/p>\n<p>Wys\u0142a\u0107 e-maila do <a href=\"mailto:hello@biblekids.io\">hello@biblekids.io<\/a><\/p>\n\t\t\n<style>\n#text-1817167051 {\n  text-align: left;\n}\n<\/style>\n\t<\/div>\n\t\n\t<div id=\"gap-391576150\" class=\"gap-element clearfix\" style=\"display:block; height:auto;\">\n\t\t\n<style>\n#gap-391576150 {\n  padding-top: 40px;\n}\n<\/style>\n\t<\/div>\n\t\n\n<div class=\"is-divider divider clearfix\" ><\/div>\n\n<h4><strong>B\u0105d\u017a na bie\u017c\u0105co z naszymi produkcjami!<\/strong><\/h4>\n<p>Nieustannie pracujemy nad ulepszaniem naszych tre\u015bci, koncepcji i produkcji. Zapisz si\u0119 do naszego newslettera i otrzymuj najnowsze aktualizacje, wiadomo\u015bci i ciekawostki zza kulis. &nbsp;<\/p>\n<a href=\"http:\/\/eepurl.com\/h3pcRD\" target=\"_blank\" class=\"button secondary reveal-icon\" rel=\"noopener\" style=\"border-radius:99px;\">\n\t\t<span>Zapisz si\u0119 do newslettera<\/span>\n\t<i class=\"icon-envelop\" aria-hidden=\"true\"><\/i><\/a>\n\n\n<div class=\"social-icons follow-icons full-width text-left\" ><a href=\"https:\/\/www.instagram.com\/biblekids.io\/\" target=\"_blank\" data-label=\"Instagram\" class=\"icon button circle is-outline tooltip instagram\" title=\"Obserwuj na Instagramie\" aria-label=\"Obserwuj na Instagramie\" rel=\"noopener nofollow\"><i class=\"icon-instagram\" aria-hidden=\"true\"><\/i><\/a><a href=\"https:\/\/www.youtube.com\/c\/BibleKidsEN\" data-label=\"YouTube\" target=\"_blank\" class=\"icon button circle is-outline tooltip youtube\" title=\"\u015aled\u017a na YouTube\" aria-label=\"\u015aled\u017a na YouTube\" rel=\"noopener nofollow\"><i class=\"icon-youtube\" aria-hidden=\"true\"><\/i><\/a><\/div>\n\n\n\t\t<\/div>\n\t\t\t\t\n<style>\n#col-1337454668 > .col-inner {\n  padding: 0px 0px 0px 0px;\n}\n@media (min-width:550px) {\n  #col-1337454668 > .col-inner {\n    padding: 40px 0px 0px 0px;\n  }\n}\n@media (min-width:850px) {\n  #col-1337454668 > .col-inner {\n    padding: 0px 5% 0px 0px;\n  }\n}\n<\/style>\n\t<\/div>\n\n\t\n\n\t<div id=\"col-1159087307\" class=\"col medium-12 small-12 large-6\"  >\n\t\t\t\t<div class=\"col-inner\"  >\n\t\t\t\n\t\t\t\n\n\n<div class=\"wpcf7 no-js\" id=\"wpcf7-f56310-o1\" lang=\"pl-PL\" dir=\"ltr\" data-wpcf7-id=\"56310\">\n<div class=\"screen-reader-response\"><p role=\"status\" aria-live=\"polite\" aria-atomic=\"true\"><\/p> <ul><\/ul><\/div>\n<form action=\"\/pl\/wp-json\/wp\/v2\/pages\/86451#wpcf7-f56310-o1\" method=\"post\" class=\"wpcf7-form init\" aria-label=\"Formularz kontaktowy\" novalidate=\"novalidate\" data-status=\"init\">\n<fieldset class=\"hidden-fields-container\"><input type=\"hidden\" name=\"_wpcf7\" value=\"56310\" \/><input type=\"hidden\" name=\"_wpcf7_version\" value=\"6.1.4\" \/><input type=\"hidden\" name=\"_wpcf7_locale\" value=\"pl_PL\" \/><input type=\"hidden\" name=\"_wpcf7_unit_tag\" value=\"wpcf7-f56310-o1\" \/><input type=\"hidden\" name=\"_wpcf7_container_post\" value=\"0\" \/><input type=\"hidden\" name=\"_wpcf7_posted_data_hash\" value=\"\" \/><input type=\"hidden\" name=\"_wpcf7_recaptcha_response\" value=\"\" \/>\n<\/fieldset>\n<h3>Skontaktuj si\u0119 z nami\n<\/h3>\n<p><span class=\"wpcf7-form-control-wrap\" data-name=\"your-name\"><input size=\"40\" maxlength=\"400\" class=\"wpcf7-form-control wpcf7-text wpcf7-validates-as-required\" aria-required=\"true\" aria-invalid=\"false\" placeholder=\"What is your name?\" value=\"\" type=\"text\" name=\"your-name\" \/><\/span>\n<\/p>\n<p><span class=\"wpcf7-form-control-wrap\" data-name=\"your-email\"><input size=\"40\" maxlength=\"400\" class=\"wpcf7-form-control wpcf7-email wpcf7-validates-as-required wpcf7-text wpcf7-validates-as-email\" aria-required=\"true\" aria-invalid=\"false\" placeholder=\"What is your email?\" value=\"\" type=\"email\" name=\"your-email\" \/><\/span>\n<\/p>\n<p><span class=\"wpcf7-form-control-wrap\" data-name=\"your-subject\"><input size=\"40\" maxlength=\"400\" class=\"wpcf7-form-control wpcf7-text wpcf7-validates-as-required\" aria-required=\"true\" aria-invalid=\"false\" placeholder=\"Subject\" value=\"\" type=\"text\" name=\"your-subject\" \/><\/span>\n<\/p>\n<p><span class=\"wpcf7-form-control-wrap\" data-name=\"your-message\"><textarea cols=\"40\" rows=\"10\" maxlength=\"2000\" class=\"wpcf7-form-control wpcf7-textarea wpcf7-validates-as-required\" aria-required=\"true\" aria-invalid=\"false\" placeholder=\"Message\" name=\"your-message\"><\/textarea><\/span>\n<\/p>\n<p><input class=\"wpcf7-form-control wpcf7-submit has-spinner\" type=\"submit\" value=\"Submit\" \/>\n<\/p><div class=\"wpcf7-response-output\" aria-hidden=\"true\"><\/div>\n<\/form>\n<\/div>\n\n\n\n\t\t<\/div>\n\t\t\t\t\n<style>\n#col-1159087307 > .col-inner {\n  margin: 20px 0px 0px 0px;\n}\n<\/style>\n\t<\/div>\n\n\t\n\n<\/div>\n\n\t\t<\/div>\n\n\t\t\n<style>\n#section_1036600966 {\n  padding-top: 50px;\n  padding-bottom: 50px;\n  min-height: 450px;\n}\n<\/style>\n\t<\/section>\n\t\n\n\t<section class=\"section\" id=\"section_1959133438\">\n\t\t<div class=\"section-bg fill\" >\n\t\t\t\t\t\t\t\t\t\n\t\t\t\n\n\t\t<\/div>\n\n\t\t\n\n\t\t<div class=\"section-content relative\">\n\t\t\t\n\n<div class=\"row\"  id=\"row-543022359\">\n\n\n\t<div id=\"col-1777376651\" class=\"col small-12 large-12\"  >\n\t\t\t\t<div class=\"col-inner\"  >\n\t\t\t\n\t\t\t\n\n\n  <div class=\"banner has-hover\" id=\"banner-751765953\">\n          <div class=\"banner-inner fill\">\n        <div class=\"banner-bg fill\" >\n            <img loading=\"lazy\" decoding=\"async\" width=\"1020\" height=\"319\" src=\"https:\/\/biblekids.io\/wp-content\/uploads\/2023\/12\/BCCMedia_web_banner2-1400x438.jpg\" class=\"bg attachment-large size-large\" alt=\"\" \/>                                    \n                    <\/div>\n\t\t\n        <div class=\"banner-layers container\">\n            <div class=\"fill banner-link\"><\/div>            \n\n   <div id=\"text-box-1398324369\" class=\"text-box banner-layer x50 md-x50 lg-x50 y50 md-y50 lg-y50 res-text\">\n                                <div class=\"text-box-content text dark\">\n              \n              <div class=\"text-inner text-center\">\n                  \n\n<h4>Bible Kids to inicjatywa BCC Media.<\/h4>\n<a href=\"https:\/\/bcc.media\/\" target=\"_blank\" class=\"button secondary\" rel=\"noopener\" >\n\t\t<span>Przeczytaj wi\u0119cej<\/span>\n\t<\/a>\n\n\n\n              <\/div>\n           <\/div>\n                            \n<style>\n#text-box-1398324369 {\n  width: 60%;\n}\n#text-box-1398324369 .text-box-content {\n  font-size: 100%;\n}\n<\/style>\n    <\/div>\n \n\n        <\/div>\n      <\/div>\n\n              <div class=\"height-fix is-invisible\"><img loading=\"lazy\" decoding=\"async\" width=\"1020\" height=\"319\" src=\"https:\/\/biblekids.io\/wp-content\/uploads\/2023\/12\/BCCMedia_web_banner2-1400x438.jpg\" class=\"attachment-large size-large\" alt=\"\" \/><\/div>\n            \n<style>\n#banner-751765953 {\n  padding-top: 50%;\n}\n#banner-751765953 .banner-bg img {\n  object-position: 50% 50%;\n}\n<\/style>\n  <\/div>\n\n\n\n\t\t<\/div>\n\t\t\t\t\t<\/div>\n\n\t\n\n<\/div>\n\n\t\t<\/div>\n\n\t\t\n<style>\n#section_1959133438 {\n  padding-top: 30px;\n  padding-bottom: 30px;\n}\n<\/style>\n\t<\/section>\n\t\n\n\t<section class=\"section dark\" id=\"section_567655409\">\n\t\t<div class=\"section-bg fill\" >\n\t\t\t\t\t\t\t\t\t\n\t\t\t\n\n\t\t<\/div>\n\n\t\t\n\n\t\t<div class=\"section-content relative\">\n\t\t\t\n\n<div class=\"row row-large align-middle\"  id=\"row-1528978395\">\n\n\n\t<div id=\"col-477318444\" class=\"col medium-6 small-12 large-6\"  >\n\t\t\t\t<div class=\"col-inner text-left\"  >\n\t\t\t\n\t\t\t\n\n<h4>Subskrybuj nasz kana\u0142 YouTube<\/h4>\n<p>Subskrybuj nasz kana\u0142 YouTube <a href=\"https:\/\/www.youtube.com\/@BibleKidsEN\">@BibleKidsEN,<\/a> aby nigdy nie przegapi\u0107 naszych animowanych historii biblijnych i poznaj nasz\u0105 wspania\u0142\u0105 kolekcj\u0119 film\u00f3w i playlist! <\/p>\n<a href=\"https:\/\/www.youtube.com\/channel\/UChsmRxJ_c4i3H1SjtD9-Mmw?sub_confirmation=1\" target=\"_blank\" class=\"button secondary reveal-icon\" rel=\"noopener\" style=\"border-radius:99px;\">\n\t\t<span>Subskrybuj<\/span>\n\t<i class=\"icon-youtube\" aria-hidden=\"true\"><\/i><\/a>\n\n\n<div class=\"is-divider divider clearfix\" ><\/div>\n\n\n\t\t<\/div>\n\t\t\t\t\n<style>\n#col-477318444 > .col-inner {\n  border-radius: 8px;\n}\n<\/style>\n\t<\/div>\n\n\t\n\n\t<div id=\"col-59671730\" class=\"col medium-6 small-12 large-6\"  >\n\t\t\t\t<div class=\"col-inner text-center\"  >\n\t\t\t\n\t\t\t\n\n\t<div class=\"img has-hover x md-x lg-x y md-y lg-y\" id=\"image_182242744\">\n\t\t\t\t\t\t\t\t<div class=\"img-inner dark\" >\n\t\t\t<img loading=\"lazy\" decoding=\"async\" width=\"910\" height=\"800\" src=\"https:\/\/biblekids.io\/wp-content\/uploads\/2023\/08\/youtube_biblekids-910x800.png\" class=\"attachment-large size-large\" alt=\"\" \/>\t\t\t\t\t\t\n\t\t\t\t\t<\/div>\n\t\t\t\t\t\t\t\t\n<style>\n#image_182242744 {\n  width: 75%;\n}\n<\/style>\n\t<\/div>\n\t\n\n\n\t\t<\/div>\n\t\t\t\t\t<\/div>\n\n\t\n\n<\/div>\n\n\t\t<\/div>\n\n\t\t\n<style>\n#section_567655409 {\n  padding-top: 60px;\n  padding-bottom: 60px;\n  background-color: #115e67;\n}\n<\/style>\n\t<\/section>\n\t\n\n","protected":false},"excerpt":{"rendered":"","protected":false},"author":15717,"featured_media":95479,"parent":0,"menu_order":0,"comment_status":"closed","ping_status":"closed","template":"page-blank.php","meta":{"_acf_changed":false,"bcc_login_visibility":0,"bcc_groups":[],"bcc_groups_email":true,"bcc_visibility_groups":[],"bcc_visibility_groups_email":false,"sent_notifications":[],"footnotes":"","_links_to":"","_links_to_target":""},"class_list":["post-86451","page","type-page","status-publish","has-post-thumbnail","hentry"],"acf":[],"yoast_head":"<!-- This site is optimized with the Yoast SEO plugin v26.7 - https:\/\/yoast.com\/wordpress\/plugins\/seo\/ -->\n<title>Kontakt - Bible Kids<\/title>\n<meta name=\"robots\" content=\"index, follow, max-snippet:-1, max-image-preview:large, max-video-preview:-1\" \/>\n<link rel=\"canonical\" href=\"https:\/\/biblekids.io\/no\/kontakt-oss\/\" \/>\n<meta property=\"og:locale\" content=\"pl_PL\" \/>\n<meta property=\"og:type\" content=\"article\" \/>\n<meta property=\"og:title\" content=\"Kontakt - Bible Kids\" \/>\n<meta property=\"og:url\" content=\"https:\/\/biblekids.io\/no\/kontakt-oss\/\" \/>\n<meta property=\"og:site_name\" content=\"Bible Kids\" \/>\n<meta property=\"article:modified_time\" content=\"2024-08-22T09:09:59+00:00\" \/>\n<meta property=\"og:image\" content=\"https:\/\/biblekids.io\/wp-content\/uploads\/2024\/04\/Picture-1.png\" \/>\n\t<meta property=\"og:image:width\" content=\"813\" \/>\n\t<meta property=\"og:image:height\" content=\"592\" \/>\n\t<meta property=\"og:image:type\" content=\"image\/png\" \/>\n<meta name=\"twitter:card\" content=\"summary_large_image\" \/>\n<script type=\"application\/ld+json\" class=\"yoast-schema-graph\">{\"@context\":\"https:\/\/schema.org\",\"@graph\":[{\"@type\":\"WebPage\",\"@id\":\"https:\/\/biblekids.io\/no\/kontakt-oss\/\",\"url\":\"https:\/\/biblekids.io\/no\/kontakt-oss\/\",\"name\":\"Kontakt - Bible Kids\",\"isPartOf\":{\"@id\":\"https:\/\/biblekids.io\/no\/#website\"},\"primaryImageOfPage\":{\"@id\":\"https:\/\/biblekids.io\/no\/kontakt-oss\/#primaryimage\"},\"image\":{\"@id\":\"https:\/\/biblekids.io\/no\/kontakt-oss\/#primaryimage\"},\"thumbnailUrl\":\"https:\/\/biblekids.io\/wp-content\/uploads\/2024\/04\/Picture-1.png\",\"datePublished\":\"2023-10-25T08:04:23+00:00\",\"dateModified\":\"2024-08-22T09:09:59+00:00\",\"breadcrumb\":{\"@id\":\"https:\/\/biblekids.io\/no\/kontakt-oss\/#breadcrumb\"},\"inLanguage\":\"pl-PL\",\"potentialAction\":[{\"@type\":\"ReadAction\",\"target\":[\"https:\/\/biblekids.io\/no\/kontakt-oss\/\"]}]},{\"@type\":\"ImageObject\",\"inLanguage\":\"pl-PL\",\"@id\":\"https:\/\/biblekids.io\/no\/kontakt-oss\/#primaryimage\",\"url\":\"https:\/\/biblekids.io\/wp-content\/uploads\/2024\/04\/Picture-1.png\",\"contentUrl\":\"https:\/\/biblekids.io\/wp-content\/uploads\/2024\/04\/Picture-1.png\",\"width\":813,\"height\":592},{\"@type\":\"BreadcrumbList\",\"@id\":\"https:\/\/biblekids.io\/no\/kontakt-oss\/#breadcrumb\",\"itemListElement\":[{\"@type\":\"ListItem\",\"position\":1,\"name\":\"Hjem\",\"item\":\"https:\/\/biblekids.io\/pl\/\"},{\"@type\":\"ListItem\",\"position\":2,\"name\":\"Kontakt\"}]},{\"@type\":\"WebSite\",\"@id\":\"https:\/\/biblekids.io\/no\/#website\",\"url\":\"https:\/\/biblekids.io\/no\/\",\"name\":\"Bible Kids\",\"description\":\"Historie biblijne dla dzieci\",\"potentialAction\":[{\"@type\":\"SearchAction\",\"target\":{\"@type\":\"EntryPoint\",\"urlTemplate\":\"https:\/\/biblekids.io\/no\/?s={search_term_string}\"},\"query-input\":{\"@type\":\"PropertyValueSpecification\",\"valueRequired\":true,\"valueName\":\"search_term_string\"}}],\"inLanguage\":\"pl-PL\"}]}<\/script>\n<!-- \/ Yoast SEO plugin. -->","yoast_head_json":{"title":"Kontakt - Bible Kids","robots":{"index":"index","follow":"follow","max-snippet":"max-snippet:-1","max-image-preview":"max-image-preview:large","max-video-preview":"max-video-preview:-1"},"canonical":"https:\/\/biblekids.io\/no\/kontakt-oss\/","og_locale":"pl_PL","og_type":"article","og_title":"Kontakt - Bible Kids","og_url":"https:\/\/biblekids.io\/no\/kontakt-oss\/","og_site_name":"Bible Kids","article_modified_time":"2024-08-22T09:09:59+00:00","og_image":[{"width":813,"height":592,"url":"https:\/\/biblekids.io\/wp-content\/uploads\/2024\/04\/Picture-1.png","type":"image\/png"}],"twitter_card":"summary_large_image","schema":{"@context":"https:\/\/schema.org","@graph":[{"@type":"WebPage","@id":"https:\/\/biblekids.io\/no\/kontakt-oss\/","url":"https:\/\/biblekids.io\/no\/kontakt-oss\/","name":"Kontakt - Bible Kids","isPartOf":{"@id":"https:\/\/biblekids.io\/no\/#website"},"primaryImageOfPage":{"@id":"https:\/\/biblekids.io\/no\/kontakt-oss\/#primaryimage"},"image":{"@id":"https:\/\/biblekids.io\/no\/kontakt-oss\/#primaryimage"},"thumbnailUrl":"https:\/\/biblekids.io\/wp-content\/uploads\/2024\/04\/Picture-1.png","datePublished":"2023-10-25T08:04:23+00:00","dateModified":"2024-08-22T09:09:59+00:00","breadcrumb":{"@id":"https:\/\/biblekids.io\/no\/kontakt-oss\/#breadcrumb"},"inLanguage":"pl-PL","potentialAction":[{"@type":"ReadAction","target":["https:\/\/biblekids.io\/no\/kontakt-oss\/"]}]},{"@type":"ImageObject","inLanguage":"pl-PL","@id":"https:\/\/biblekids.io\/no\/kontakt-oss\/#primaryimage","url":"https:\/\/biblekids.io\/wp-content\/uploads\/2024\/04\/Picture-1.png","contentUrl":"https:\/\/biblekids.io\/wp-content\/uploads\/2024\/04\/Picture-1.png","width":813,"height":592},{"@type":"BreadcrumbList","@id":"https:\/\/biblekids.io\/no\/kontakt-oss\/#breadcrumb","itemListElement":[{"@type":"ListItem","position":1,"name":"Hjem","item":"https:\/\/biblekids.io\/pl\/"},{"@type":"ListItem","position":2,"name":"Kontakt"}]},{"@type":"WebSite","@id":"https:\/\/biblekids.io\/no\/#website","url":"https:\/\/biblekids.io\/no\/","name":"Bible Kids","description":"Historie biblijne dla dzieci","potentialAction":[{"@type":"SearchAction","target":{"@type":"EntryPoint","urlTemplate":"https:\/\/biblekids.io\/no\/?s={search_term_string}"},"query-input":{"@type":"PropertyValueSpecification","valueRequired":true,"valueName":"search_term_string"}}],"inLanguage":"pl-PL"}]}},"_links":{"self":[{"href":"https:\/\/biblekids.io\/pl\/wp-json\/wp\/v2\/pages\/86451","targetHints":{"allow":["GET"]}}],"collection":[{"href":"https:\/\/biblekids.io\/pl\/wp-json\/wp\/v2\/pages"}],"about":[{"href":"https:\/\/biblekids.io\/pl\/wp-json\/wp\/v2\/types\/page"}],"author":[{"embeddable":true,"href":"https:\/\/biblekids.io\/pl\/wp-json\/wp\/v2\/users\/15717"}],"replies":[{"embeddable":true,"href":"https:\/\/biblekids.io\/pl\/wp-json\/wp\/v2\/comments?post=86451"}],"version-history":[{"count":8,"href":"https:\/\/biblekids.io\/pl\/wp-json\/wp\/v2\/pages\/86451\/revisions"}],"predecessor-version":[{"id":100829,"href":"https:\/\/biblekids.io\/pl\/wp-json\/wp\/v2\/pages\/86451\/revisions\/100829"}],"wp:featuredmedia":[{"embeddable":true,"href":"https:\/\/biblekids.io\/pl\/wp-json\/wp\/v2\/media\/95479"}],"wp:attachment":[{"href":"https:\/\/biblekids.io\/pl\/wp-json\/wp\/v2\/media?parent=86451"}],"curies":[{"name":"wp","href":"https:\/\/api.w.org\/{rel}","templated":true}]}}