{"id":45134,"date":"2020-10-19T12:23:44","date_gmt":"2020-10-19T10:23:44","guid":{"rendered":"https:\/\/biblekids.io\/sobre-nos\/"},"modified":"2021-01-27T08:59:02","modified_gmt":"2021-01-27T07:59:02","slug":"sobre-nos","status":"publish","type":"page","link":"https:\/\/biblekids.io\/pt-pt\/sobre-nos\/","title":{"rendered":"Sobre n\u00f3s"},"content":{"rendered":"<div class=\"row align-middle\"  id=\"row-1017101667\">\n\n\t<div id=\"col-613678777\" class=\"col medium-6 small-12 large-6\"  >\n\t\t\t\t<div class=\"col-inner\"  >\n\t\t\t\n\t\t\t\n<h1>Estes somos n\u00f3s!<\/h1>\n<p class=\"lead\">A funda\u00e7\u00e3o BCC M\u00eddia \u00e9 uma casa de m\u00eddia n\u00e3o comercial que produz e distribui conte\u00fados com valores positivos e crist\u00e3os. A funda\u00e7\u00e3o pertence a <g id=\"gid_0\">Brunstad Christian Church-forbundet (BCC<\/g>). Uma de nossas principais iniciativas \u00e9 o conte\u00fado crist\u00e3o para as crian\u00e7as.A equipe que trabalha com isto consiste em um ambiente jovem e criativo com grande amplitude em conhecimentos e experi\u00eancia. Ardemos pelo nosso trabalho! <\/p>\n\t\t<\/div>\n\t\t\t\t\t<\/div>\n\n\t\n\n\t<div id=\"col-992862802\" class=\"col medium-6 small-12 large-6\"  >\n\t\t\t\t<div class=\"col-inner\"  >\n\t\t\t\n\t\t\t\n\t<div class=\"img has-hover x md-x lg-x y md-y lg-y\" id=\"image_1729099025\">\n\t\t\t\t\t\t\t\t<div class=\"img-inner dark\" >\n\t\t\t<img loading=\"lazy\" decoding=\"async\" width=\"1280\" height=\"1280\" src=\"https:\/\/biblekids.io\/wp-content\/uploads\/2020\/11\/photo_2020-11-24-09.32.51.jpeg\" class=\"attachment-original size-original\" alt=\"\" \/>\t\t\t\t\t\t\n\t\t\t\t\t<\/div>\n\t\t\t\t\t\t\t\t\n<style>\n#image_1729099025 {\n  width: 100%;\n}\n<\/style>\n\t<\/div>\n\t\n\t\t<\/div>\n\t\t\t\t\t<\/div>\n\n\t\n<\/div>\n\n\t<section class=\"section\" id=\"section_1516055439\">\n\t\t<div class=\"section-bg fill\" >\n\t\t\t\t\t\t\t\t\t\n\t\t\t\n\n\t\t<\/div>\n\n\t\t\n\n\t\t<div class=\"section-content relative\">\n\t\t\t\n<div class=\"row\"  id=\"row-1620063275\">\n\n\t<div id=\"col-44100918\" class=\"col small-12 large-12\"  >\n\t\t\t\t<div class=\"col-inner text-center\"  >\n\t\t\t\n\t\t\t\n<h2>Nossa vis\u00e3o \u00e9 que as crian\u00e7as recebam Jesus como seu melhor amigo \u2013 para o resto de suas vidas.<\/h2>\n\t\t<\/div>\n\t\t\t\t\n<style>\n#col-44100918 > .col-inner {\n  padding: 30px 0px 0px 0px;\n}\n<\/style>\n\t<\/div>\n\n\t\n<\/div>\n\t\t<\/div>\n\n\t\t\n<style>\n#section_1516055439 {\n  padding-top: 60px;\n  padding-bottom: 60px;\n  background-color: rgb(251, 242, 228);\n}\n<\/style>\n\t<\/section>\n\t\n\n\t<section class=\"section\" id=\"section_1464944739\">\n\t\t<div class=\"section-bg fill\" >\n\t\t\t\t\t\t\t\t\t\n\t\t\t\n\n\t\t<\/div>\n\n\t\t\n\n\t\t<div class=\"section-content relative\">\n\t\t\t\n<div class=\"row\"  id=\"row-1604277317\">\n\n\t<div id=\"col-848704835\" class=\"col small-12 large-12\"  >\n\t\t\t\t<div class=\"col-inner\"  >\n\t\t\t\n\t\t\t\n<h3>Tempo excepcionais geram engajamento<\/h3>\n<p class=\"lead\"><span style=\"font-weight: 400;\"><img loading=\"lazy\" decoding=\"async\" class=\"wp-image-41940 alignleft\" src=\"https:\/\/biblekids.io\/wp-content\/uploads\/2020\/11\/kidsmeet-paaske-711x400.jpg\" alt=\"\" width=\"500\" height=\"281\" \/>Quando a pandemia atingiu com toda for\u00e7a no in\u00edcio de mar\u00e7o de 2020, tudo que era conhecido e estabelecido foi revertido. N\u00e3o menos isto foi um desafio para todas as crian\u00e7as ao redor do mundo que estavam acostumadas a se reunir para a escola dominical semanalmente. N\u00e3o era mais poss\u00edvel.<\/span><\/p>\n<p class=\"lead\"><span style=\"font-weight: 400;\">Para preencher essa lacuna, BCC M\u00eddia intensificou a produ\u00e7\u00e3o de conte\u00fado crist\u00e3o para as crian\u00e7as, que poderia preencher esse vazio. A vis\u00e3o era dar para todas as crian\u00e7as uma s\u00e3 e um bom ensinamento da f\u00e9 com ajuda da m\u00eddia digital. O resultado se tornou um banco de dados bem abastecido de s\u00e9ries animadas e transmiss\u00f5es em 14 idiomas. Isso nos organizamos em p\u00e1ginas tem\u00e1ticas que tem tudo o conte\u00fado que voc\u00ea precisa para fazer uma escola dominical para um grupo de crian\u00e7as localmente, ou para ter um ensino da fe em casa.<\/span><\/p>\n<p class=\"lead\"><span style=\"font-weight: 400;\"><img loading=\"lazy\" decoding=\"async\" class=\"wp-image-43039 alignright\" src=\"https:\/\/biblekids.io\/wp-content\/uploads\/2020\/11\/brunstad_christian_church_kristen_ungdom_fellesskap_media_12-e1600501319259-678x400.jpg\" alt=\"\" width=\"500\" height=\"295\" \/>Na p\u00e1gina do tema, voc\u00ea encontrar\u00e1 filmes de animados, textos, v\u00eddeos musicais e atividades criativas e mais. Estas estar\u00e3o vinculados a um tema espec\u00edfico e voc\u00ea poder\u00e1 escolher facilmente qual tema \u00e9 adequado para seu grupo de crian\u00e7as. <\/span><\/p>\n<p class=\"lead\"><span style=\"font-weight: 400;\">Veja em calend\u00e1rio uma vis\u00e3o geral do que est\u00e1 planejado para o futuro, ou acesse a <a href=\"https:\/\/biblekids.io\/pt-pt\/paginas-tematicas\/\">p\u00e1gina do tema<\/a> para usar os recursos j\u00e1 dispon\u00edveis.<\/span><\/p>\n<p class=\"lead\">Voc\u00ea tem perguntas? Entre em contato atrav\u00e9s de <a href=\"mailto:redaksjon@bcc.no\">redaksjon@bcc.no<\/a><\/p>\n\t\t<\/div>\n\t\t\t\t\t<\/div>\n\n\t\n<\/div>\n\t\t<\/div>\n\n\t\t\n<style>\n#section_1464944739 {\n  padding-top: 100px;\n  padding-bottom: 100px;\n}\n<\/style>\n\t<\/section>\n\t\n\n<div class=\"row\"  id=\"row-567436194\">\n\n\t<div id=\"col-290331414\" class=\"col small-12 large-12\"  >\n\t\t\t\t<div class=\"col-inner\"  >\n\t\t\t\n\t\t\t\n  <div id=\"page-header-1179349445\" class=\"page-header-wrapper\">\n  <div class=\"page-title light divided-title\">\n\n    \n    <div class=\"page-title-inner container align-center flex-row medium-flex-wrap\" >\n              <div class=\"title-wrapper is-small flex-col text-left medium-text-center\">\n          <h1 class=\"entry-title mb-0\">\n            Sobre n\u00f3s          <\/h1>\n        <\/div>\n                    <div class=\"title-content flex-col flex-right text-right medium-text-center\">\n        <div class=\"title-breadcrumbs pb-half pt-half\"><\/div>      <\/div>\n    <\/div>\n\n       <\/div>\n  <div class=\"container header-wrapper-divider\"><hr\/><\/div>  <\/div>\n  \n<p class=\"lead\"><img loading=\"lazy\" decoding=\"async\" class=\"wp-image-41980 alignright\" src=\"https:\/\/biblekids.io\/wp-content\/uploads\/2020\/11\/barnemeet-708x400.jpg\" alt=\"\" width=\"500\" height=\"282\" \/><\/p>\n<p class=\"lead\"><span style=\"font-weight: 400;\">BCC tem realizado escolas dominicais desde o in\u00edcio dos anos 1900. O trabalho \u00e9 volunt\u00e1rio e brota do engajamento fervoroso e do desejo de espalhar o evag\u00e9lho sobre Jesus, onde a mensagem que n\u00f3s podemos seguir a Jesus e fazer a sua vontade, s\u00e3o centrais. Jesus veio com perd\u00e3o e reconcilia\u00e7\u00e3o, mas tamb\u00e9m com um caminho para sair do pecado.<\/span><span style=\"font-weight: 400;\">N\u00e3o \u00e9 a inten\u00e7\u00e3o que continuemos pecando, podemos guardar os mandamentos de Jesus e seguir o exemplo que ele nos deixou. Com a for\u00e7a do Esp\u00edrito Santo isso \u00e9 poss\u00edvel <\/span> Jesus veio a n\u00f3s com uma esperan\u00e7a completamente nova. Esta \u00e9 a mensagem alegre \u2013 tamb\u00e9m para crian\u00e7as.<\/p>\n<p class=\"lead\"><span style=\"font-weight: 400;\">Leia mais sobre BCC <a href=\"https:\/\/bcc.no\/en\/\">aqui<\/a>. <\/span><\/p>\n\t\t<\/div>\n\t\t\t\t\t<\/div>\n\n\t\n<\/div>\n","protected":false},"excerpt":{"rendered":"","protected":false},"author":5,"featured_media":0,"parent":0,"menu_order":0,"comment_status":"closed","ping_status":"closed","template":"page-blank.php","meta":{"_acf_changed":false,"bcc_login_visibility":0,"bcc_groups":[],"bcc_groups_email":true,"bcc_visibility_groups":[],"bcc_visibility_groups_email":false,"sent_notifications":[],"footnotes":"","_links_to":"","_links_to_target":""},"class_list":["post-45134","page","type-page","status-publish","hentry"],"acf":[],"yoast_head":"<!-- This site is optimized with the Yoast SEO plugin v27.4 - https:\/\/yoast.com\/product\/yoast-seo-wordpress\/ -->\n<title>Sobre n\u00f3s - Bible Kids<\/title>\n<meta name=\"robots\" content=\"index, follow, max-snippet:-1, max-image-preview:large, max-video-preview:-1\" \/>\n<link rel=\"canonical\" href=\"https:\/\/biblekids.io\/no\/om-oss\/\" \/>\n<meta property=\"og:locale\" content=\"pt_PT\" \/>\n<meta property=\"og:type\" content=\"article\" \/>\n<meta property=\"og:title\" content=\"Sobre n\u00f3s - Bible Kids\" \/>\n<meta property=\"og:url\" content=\"https:\/\/biblekids.io\/no\/om-oss\/\" \/>\n<meta property=\"og:site_name\" content=\"Bible Kids\" \/>\n<meta property=\"article:modified_time\" content=\"2021-01-27T07:59:02+00:00\" \/>\n<meta property=\"og:image\" content=\"https:\/\/biblekids.io\/wp-content\/uploads\/2020\/11\/kidsmeet-paaske-711x400.jpg\" \/>\n<meta name=\"twitter:card\" content=\"summary_large_image\" \/>\n<meta name=\"twitter:label1\" content=\"Tempo estimado de leitura\" \/>\n\t<meta name=\"twitter:data1\" content=\"5 minutos\" \/>\n<script type=\"application\/ld+json\" class=\"yoast-schema-graph\">{\"@context\":\"https:\\\/\\\/schema.org\",\"@graph\":[{\"@type\":\"WebPage\",\"@id\":\"https:\\\/\\\/biblekids.io\\\/no\\\/om-oss\\\/\",\"url\":\"https:\\\/\\\/biblekids.io\\\/no\\\/om-oss\\\/\",\"name\":\"Sobre n\u00f3s - Bible Kids\",\"isPartOf\":{\"@id\":\"https:\\\/\\\/biblekids.io\\\/no\\\/#website\"},\"primaryImageOfPage\":{\"@id\":\"https:\\\/\\\/biblekids.io\\\/no\\\/om-oss\\\/#primaryimage\"},\"image\":{\"@id\":\"https:\\\/\\\/biblekids.io\\\/no\\\/om-oss\\\/#primaryimage\"},\"thumbnailUrl\":\"https:\\\/\\\/biblekids.io\\\/wp-content\\\/uploads\\\/2020\\\/11\\\/kidsmeet-paaske-711x400.jpg\",\"datePublished\":\"2020-10-19T10:23:44+00:00\",\"dateModified\":\"2021-01-27T07:59:02+00:00\",\"breadcrumb\":{\"@id\":\"https:\\\/\\\/biblekids.io\\\/no\\\/om-oss\\\/#breadcrumb\"},\"inLanguage\":\"pt-PT\",\"potentialAction\":[{\"@type\":\"ReadAction\",\"target\":[\"https:\\\/\\\/biblekids.io\\\/no\\\/om-oss\\\/\"]}]},{\"@type\":\"ImageObject\",\"inLanguage\":\"pt-PT\",\"@id\":\"https:\\\/\\\/biblekids.io\\\/no\\\/om-oss\\\/#primaryimage\",\"url\":\"https:\\\/\\\/biblekids.io\\\/wp-content\\\/uploads\\\/2020\\\/11\\\/kidsmeet-paaske-711x400.jpg\",\"contentUrl\":\"https:\\\/\\\/biblekids.io\\\/wp-content\\\/uploads\\\/2020\\\/11\\\/kidsmeet-paaske-711x400.jpg\"},{\"@type\":\"BreadcrumbList\",\"@id\":\"https:\\\/\\\/biblekids.io\\\/no\\\/om-oss\\\/#breadcrumb\",\"itemListElement\":[{\"@type\":\"ListItem\",\"position\":1,\"name\":\"Hjem\",\"item\":\"https:\\\/\\\/biblekids.io\\\/pt-pt\\\/\"},{\"@type\":\"ListItem\",\"position\":2,\"name\":\"Sobre n\u00f3s\"}]},{\"@type\":\"WebSite\",\"@id\":\"https:\\\/\\\/biblekids.io\\\/no\\\/#website\",\"url\":\"https:\\\/\\\/biblekids.io\\\/no\\\/\",\"name\":\"Bible Kids\",\"description\":\"Hist\u00f3rias da B\u00edblia para crian\u00e7as\",\"potentialAction\":[{\"@type\":\"SearchAction\",\"target\":{\"@type\":\"EntryPoint\",\"urlTemplate\":\"https:\\\/\\\/biblekids.io\\\/no\\\/?s={search_term_string}\"},\"query-input\":{\"@type\":\"PropertyValueSpecification\",\"valueRequired\":true,\"valueName\":\"search_term_string\"}}],\"inLanguage\":\"pt-PT\"}]}<\/script>\n<!-- \/ Yoast SEO plugin. -->","yoast_head_json":{"title":"Sobre n\u00f3s - Bible Kids","robots":{"index":"index","follow":"follow","max-snippet":"max-snippet:-1","max-image-preview":"max-image-preview:large","max-video-preview":"max-video-preview:-1"},"canonical":"https:\/\/biblekids.io\/no\/om-oss\/","og_locale":"pt_PT","og_type":"article","og_title":"Sobre n\u00f3s - Bible Kids","og_url":"https:\/\/biblekids.io\/no\/om-oss\/","og_site_name":"Bible Kids","article_modified_time":"2021-01-27T07:59:02+00:00","og_image":[{"url":"https:\/\/biblekids.io\/wp-content\/uploads\/2020\/11\/kidsmeet-paaske-711x400.jpg","type":"","width":"","height":""}],"twitter_card":"summary_large_image","twitter_misc":{"Tempo estimado de leitura":"5 minutos"},"schema":{"@context":"https:\/\/schema.org","@graph":[{"@type":"WebPage","@id":"https:\/\/biblekids.io\/no\/om-oss\/","url":"https:\/\/biblekids.io\/no\/om-oss\/","name":"Sobre n\u00f3s - Bible Kids","isPartOf":{"@id":"https:\/\/biblekids.io\/no\/#website"},"primaryImageOfPage":{"@id":"https:\/\/biblekids.io\/no\/om-oss\/#primaryimage"},"image":{"@id":"https:\/\/biblekids.io\/no\/om-oss\/#primaryimage"},"thumbnailUrl":"https:\/\/biblekids.io\/wp-content\/uploads\/2020\/11\/kidsmeet-paaske-711x400.jpg","datePublished":"2020-10-19T10:23:44+00:00","dateModified":"2021-01-27T07:59:02+00:00","breadcrumb":{"@id":"https:\/\/biblekids.io\/no\/om-oss\/#breadcrumb"},"inLanguage":"pt-PT","potentialAction":[{"@type":"ReadAction","target":["https:\/\/biblekids.io\/no\/om-oss\/"]}]},{"@type":"ImageObject","inLanguage":"pt-PT","@id":"https:\/\/biblekids.io\/no\/om-oss\/#primaryimage","url":"https:\/\/biblekids.io\/wp-content\/uploads\/2020\/11\/kidsmeet-paaske-711x400.jpg","contentUrl":"https:\/\/biblekids.io\/wp-content\/uploads\/2020\/11\/kidsmeet-paaske-711x400.jpg"},{"@type":"BreadcrumbList","@id":"https:\/\/biblekids.io\/no\/om-oss\/#breadcrumb","itemListElement":[{"@type":"ListItem","position":1,"name":"Hjem","item":"https:\/\/biblekids.io\/pt-pt\/"},{"@type":"ListItem","position":2,"name":"Sobre n\u00f3s"}]},{"@type":"WebSite","@id":"https:\/\/biblekids.io\/no\/#website","url":"https:\/\/biblekids.io\/no\/","name":"Bible Kids","description":"Hist\u00f3rias da B\u00edblia para crian\u00e7as","potentialAction":[{"@type":"SearchAction","target":{"@type":"EntryPoint","urlTemplate":"https:\/\/biblekids.io\/no\/?s={search_term_string}"},"query-input":{"@type":"PropertyValueSpecification","valueRequired":true,"valueName":"search_term_string"}}],"inLanguage":"pt-PT"}]}},"_links":{"self":[{"href":"https:\/\/biblekids.io\/pt-pt\/wp-json\/wp\/v2\/pages\/45134","targetHints":{"allow":["GET"]}}],"collection":[{"href":"https:\/\/biblekids.io\/pt-pt\/wp-json\/wp\/v2\/pages"}],"about":[{"href":"https:\/\/biblekids.io\/pt-pt\/wp-json\/wp\/v2\/types\/page"}],"author":[{"embeddable":true,"href":"https:\/\/biblekids.io\/pt-pt\/wp-json\/wp\/v2\/users\/5"}],"replies":[{"embeddable":true,"href":"https:\/\/biblekids.io\/pt-pt\/wp-json\/wp\/v2\/comments?post=45134"}],"version-history":[{"count":0,"href":"https:\/\/biblekids.io\/pt-pt\/wp-json\/wp\/v2\/pages\/45134\/revisions"}],"wp:attachment":[{"href":"https:\/\/biblekids.io\/pt-pt\/wp-json\/wp\/v2\/media?parent=45134"}],"curies":[{"name":"wp","href":"https:\/\/api.w.org\/{rel}","templated":true}]}}