{"id":74790,"date":"2023-08-04T16:25:06","date_gmt":"2023-08-04T14:25:06","guid":{"rendered":"https:\/\/biblekids.io\/?page_id=74790"},"modified":"2023-09-13T13:28:49","modified_gmt":"2023-09-13T11:28:49","slug":"pre-adolescentes","status":"publish","type":"page","link":"https:\/\/biblekids.io\/pt-pt\/pre-adolescentes\/","title":{"rendered":"Pre adolescentes"},"content":{"rendered":"\n\n\t<section class=\"section\" id=\"section_1403709830\">\n\t\t<div class=\"section-bg fill\" >\n\t\t\t\t\t\t\t\t\t\n\t\t\t\n\n\t\t<\/div>\n\n\t\t\n\n\t\t<div class=\"section-content relative\">\n\t\t\t\n\n<div class=\"row align-center\"  id=\"row-1142029752\">\n\n\n\t<div id=\"col-92382339\" class=\"col hero-description medium-12 small-12 large-3\"  >\n\t\t\t\t<div class=\"col-inner text-center\"  >\n\t\t\t\n\t\t\t\n\n<p>&nbsp;<\/p>\n<h3><img loading=\"lazy\" decoding=\"async\" class=\"alignnone size-medium wp-image-73770\" src=\"https:\/\/biblekids.io\/wp-content\/uploads\/2023\/06\/Logo-green-1-800x398.png\" alt=\"\" width=\"800\" height=\"398\">&nbsp;12 +anos<\/h3>\n<p>&nbsp;<\/p>\n\n\t\t<\/div>\n\t\t\t\t\n<style>\n#col-92382339 > .col-inner {\n  padding: 0px1 0px 0px 0px;\n}\n@media (min-width:550px) {\n  #col-92382339 > .col-inner {\n    padding: 0px 0px 0 0px;\n  }\n}\n@media (min-width:850px) {\n  #col-92382339 > .col-inner {\n    padding: 30px 0px 30px 0px;\n  }\n}\n<\/style>\n\t<\/div>\n\n\t\n\n<\/div>\n\n\t\t<\/div>\n\n\t\t\n<style>\n#section_1403709830 {\n  padding-top: 0px;\n  padding-bottom: 0px;\n}\n<\/style>\n\t<\/section>\n\t\n\n\t<section class=\"section\" id=\"section_1233150474\">\n\t\t<div class=\"section-bg fill\" >\n\t\t\t\t\t\t\t\t\t\n\t\t\t\n\n\t\t<\/div>\n\n\t\t\n\n\t\t<div class=\"section-content relative\">\n\t\t\t\n\n<div class=\"row\"  id=\"row-368736799\">\n\n\n\t<div id=\"col-652382281\" class=\"col no-bottom-padding medium-6 small-12 large-6\"  >\n\t\t\t\t<div class=\"col-inner\"  >\n\t\t\t\n\t\t\t\n\n<p><strong>As crian\u00e7as maiores<\/strong><\/p>\n<div>\n<h2>Uma f\u00e9 pessoal<\/h2>\n<\/div>\n<p>A transi\u00e7\u00e3o da inf\u00e2ncia para a adolesc\u00eancia pode ser exigente. H\u00e1 muita coisa acontecendo dentro e ao redor desses jovens, portanto, h\u00e1 necessidade de um ambiente seguro e inclusivo, com boas experi\u00eancias. Muitos est\u00e3o caminhando em dire\u00e7\u00e3o a uma f\u00e9 pessoal e alguns fazem uma escolha j\u00e1 neste momento. Portanto, \u00e9 importante que ou\u00e7am o evangelho e acreditem que Jesus era um ser humano como n\u00f3s, e que pode compreender e ajudar em todas as situa\u00e7\u00f5es da vida.   <\/p>\n\n<div class=\"accordion\">\n\n\t<div id=\"accordion-1703981847\" class=\"accordion-item\">\n\t\t<a id=\"accordion-1703981847-label\" class=\"accordion-title plain\" href=\"#accordion-item-dicas-para-reuni\u00f5es-para-pr\u00e9-adolescentes\" aria-expanded=\"false\" aria-controls=\"accordion-1703981847-content\">\n\t\t\t<button class=\"toggle\" aria-label=\"Toggle\"><i class=\"icon-angle-down\" aria-hidden=\"true\"><\/i><\/button>\n\t\t\t<span>Dicas para reuni\u00f5es para pr\u00e9-adolescentes<\/span>\n\t\t<\/a>\n\t\t<div id=\"accordion-1703981847-content\" class=\"accordion-inner\" aria-labelledby=\"accordion-1703981847-label\">\n\t\t\t\n\n<ul>\n<li>Este grupo \u00e9 muitas vezes um pouco mais pequeno, o que deixa espa\u00e7o para mais individualidade e para adaptar o programa tanto quanto poss\u00edvel ao grupo.<\/li>\n<li><span style=\"color: #555555;\">Cada adolescente deve se sentir visto e aceito como \u00e9. Eles devem descobrir que se conectam com outros pr\u00e9-adolescentes e mentores que est\u00e3o genuinamente interessados \u200b\u200bem seu desempenho. <\/span><\/li>\n<li><span style=\"color: #555555;\">Pode n\u00e3o ser t\u00e3o natural para os pr\u00e9-adolescentes cantarem alto em grupo como \u00e9 para as crian\u00e7as mais novas. Uma alternativa poderia ser ouvir ou ler m\u00fasicas juntos e conversar sobre o conte\u00fado e possivelmente os autores e a hist\u00f3ria por tr\u00e1s delas.  <\/span><\/li>\n<li><span style=\"color: #555555;\">Os encontros e principalmente as atividades devem ser adaptados tanto quanto poss\u00edvel aos interesses dos pr\u00e9-adolescentes do grupo.<\/span><\/li>\n<\/ul>\n\n\t\t<\/div>\n\t<\/div>\n\t\n\n<\/div>\n\n\t\t<\/div>\n\t\t\t\t\t<\/div>\n\n\t\n\n\t<div id=\"col-904134845\" class=\"col no-padding medium-6 small-12 large-6\"  >\n\t\t\t\t<div class=\"col-inner text-center\"  >\n\t\t\t\n\t\t\t\n\n\t<div class=\"img has-hover x md-x lg-x y md-y lg-y\" id=\"image_743714872\">\n\t\t\t\t\t\t\t\t<div class=\"img-inner dark\" >\n\t\t\t<img loading=\"lazy\" decoding=\"async\" width=\"800\" height=\"800\" src=\"https:\/\/biblekids.io\/wp-content\/uploads\/2023\/08\/Green-round-800x800.png\" class=\"attachment-large size-large\" alt=\"\" \/>\t\t\t\t\t\t\n\t\t\t\t\t<\/div>\n\t\t\t\t\t\t\t\t\n<style>\n#image_743714872 {\n  width: 71%;\n}\n<\/style>\n\t<\/div>\n\t\n\n\n\t\t<\/div>\n\t\t\t\t\t<\/div>\n\n\t\n\n<\/div>\n\n\t\t<\/div>\n\n\t\t\n<style>\n#section_1233150474 {\n  padding-top: 30px;\n  padding-bottom: 30px;\n  background-color: rgb(247, 247, 247);\n}\n<\/style>\n\t<\/section>\n\t\n\n\t<section class=\"section latest-themes\" id=\"section_297440302\">\n\t\t<div class=\"section-bg fill\" >\n\t\t\t\t\t\t\t\t\t\n\t\t\t\n\n\t\t<\/div>\n\n\t\t\n\n\t\t<div class=\"section-content relative\">\n\t\t\t\n\n<div class=\"row\"  id=\"row-1555325504\">\n\n\n\t<div id=\"col-1165280737\" class=\"col small-12 large-12\"  >\n\t\t\t\t<div class=\"col-inner\"  >\n\t\t\t\n\t\t\t\n\n<h3 style=\"text-align: center;\">\u00daltimos temas publicados para Tweens<\/h3>\n\t<div id=\"gap-251583529\" class=\"gap-element clearfix\" style=\"display:block; height:auto;\">\n\t\t\n<style>\n#gap-251583529 {\n  padding-top: 50px;\n}\n<\/style>\n\t<\/div>\n\t\n\n\n  \n    <div class=\"row large-columns-3 medium-columns-1 small-columns-1 row-small\" >\n  <\/div>\n\n\n\t\t<\/div>\n\t\t\t\t\t<\/div>\n\n\t\n\n\n<style>\n#row-1555325504 > .col > .col-inner {\n  padding: 0px 0px 0px 0px;\n}\n@media (min-width:550px) {\n  #row-1555325504 > .col > .col-inner {\n    padding: 0px 0px 30px 0px;\n  }\n}\n@media (min-width:850px) {\n  #row-1555325504 > .col > .col-inner {\n    padding: 50px 0px 70px 0px;\n  }\n}\n<\/style>\n<\/div>\n\n\t\t<\/div>\n\n\t\t\n<style>\n#section_297440302 {\n  padding-top: 0px;\n  padding-bottom: 0px;\n}\n<\/style>\n\t<\/section>\n\t\n","protected":false},"excerpt":{"rendered":"","protected":false},"author":9614,"featured_media":41896,"parent":0,"menu_order":0,"comment_status":"closed","ping_status":"closed","template":"page-blank.php","meta":{"_acf_changed":false,"bcc_login_visibility":0,"bcc_groups":[],"bcc_groups_email":true,"bcc_visibility_groups":[],"bcc_visibility_groups_email":false,"sent_notifications":[],"footnotes":"","_links_to":"","_links_to_target":""},"class_list":["post-74790","page","type-page","status-publish","has-post-thumbnail","hentry"],"acf":[],"yoast_head":"<!-- This site is optimized with the Yoast SEO plugin v27.3 - https:\/\/yoast.com\/product\/yoast-seo-wordpress\/ -->\n<title>Bible Kids Aulas de estudo b\u00edblico para crian\u00e7as e pr\u00e9-adolescentes<\/title>\n<meta name=\"description\" content=\"Aqui voc\u00ea encontrar\u00e1 aulas de estudo b\u00edblico e recursos crist\u00e3os para adolescentes. Nossa vis\u00e3o \u00e9 que as crian\u00e7as tenham Jesus como seu melhor amigo - para o resto da vida.\" \/>\n<meta name=\"robots\" content=\"index, follow, max-snippet:-1, max-image-preview:large, max-video-preview:-1\" \/>\n<link rel=\"canonical\" href=\"https:\/\/biblekids.io\/pt-pt\/pre-adolescentes\/\" \/>\n<meta property=\"og:locale\" content=\"pt_PT\" \/>\n<meta property=\"og:type\" content=\"article\" \/>\n<meta property=\"og:title\" content=\"Bible Kids Aulas de estudo b\u00edblico para crian\u00e7as e pr\u00e9-adolescentes\" \/>\n<meta property=\"og:description\" content=\"Aqui voc\u00ea encontrar\u00e1 aulas de estudo b\u00edblico e recursos crist\u00e3os para adolescentes. Nossa vis\u00e3o \u00e9 que as crian\u00e7as tenham Jesus como seu melhor amigo - para o resto da vida.\" \/>\n<meta property=\"og:url\" content=\"https:\/\/biblekids.io\/pt-pt\/pre-adolescentes\/\" \/>\n<meta property=\"og:site_name\" content=\"Bible Kids\" \/>\n<meta property=\"article:modified_time\" content=\"2023-09-13T11:28:49+00:00\" \/>\n<meta property=\"og:image\" content=\"https:\/\/biblekids.io\/wp-content\/uploads\/2020\/11\/jefr201.jpg\" \/>\n\t<meta property=\"og:image:width\" content=\"854\" \/>\n\t<meta property=\"og:image:height\" content=\"480\" \/>\n\t<meta property=\"og:image:type\" content=\"image\/jpeg\" \/>\n<meta name=\"twitter:card\" content=\"summary_large_image\" \/>\n<script type=\"application\/ld+json\" class=\"yoast-schema-graph\">{\"@context\":\"https:\\\/\\\/schema.org\",\"@graph\":[{\"@type\":\"WebPage\",\"@id\":\"https:\\\/\\\/biblekids.io\\\/pt-pt\\\/pre-adolescentes\\\/\",\"url\":\"https:\\\/\\\/biblekids.io\\\/pt-pt\\\/pre-adolescentes\\\/\",\"name\":\"Bible Kids Aulas de estudo b\u00edblico para crian\u00e7as e pr\u00e9-adolescentes\",\"isPartOf\":{\"@id\":\"https:\\\/\\\/biblekids.io\\\/no\\\/#website\"},\"primaryImageOfPage\":{\"@id\":\"https:\\\/\\\/biblekids.io\\\/pt-pt\\\/pre-adolescentes\\\/#primaryimage\"},\"image\":{\"@id\":\"https:\\\/\\\/biblekids.io\\\/pt-pt\\\/pre-adolescentes\\\/#primaryimage\"},\"thumbnailUrl\":\"https:\\\/\\\/biblekids.io\\\/wp-content\\\/uploads\\\/2020\\\/11\\\/jefr201.jpg\",\"datePublished\":\"2023-08-04T14:25:06+00:00\",\"dateModified\":\"2023-09-13T11:28:49+00:00\",\"description\":\"Aqui voc\u00ea encontrar\u00e1 aulas de estudo b\u00edblico e recursos crist\u00e3os para adolescentes. Nossa vis\u00e3o \u00e9 que as crian\u00e7as tenham Jesus como seu melhor amigo - para o resto da vida.\",\"breadcrumb\":{\"@id\":\"https:\\\/\\\/biblekids.io\\\/pt-pt\\\/pre-adolescentes\\\/#breadcrumb\"},\"inLanguage\":\"pt-PT\",\"potentialAction\":[{\"@type\":\"ReadAction\",\"target\":[\"https:\\\/\\\/biblekids.io\\\/pt-pt\\\/pre-adolescentes\\\/\"]}]},{\"@type\":\"ImageObject\",\"inLanguage\":\"pt-PT\",\"@id\":\"https:\\\/\\\/biblekids.io\\\/pt-pt\\\/pre-adolescentes\\\/#primaryimage\",\"url\":\"https:\\\/\\\/biblekids.io\\\/wp-content\\\/uploads\\\/2020\\\/11\\\/jefr201.jpg\",\"contentUrl\":\"https:\\\/\\\/biblekids.io\\\/wp-content\\\/uploads\\\/2020\\\/11\\\/jefr201.jpg\",\"width\":854,\"height\":480},{\"@type\":\"BreadcrumbList\",\"@id\":\"https:\\\/\\\/biblekids.io\\\/pt-pt\\\/pre-adolescentes\\\/#breadcrumb\",\"itemListElement\":[{\"@type\":\"ListItem\",\"position\":1,\"name\":\"Hjem\",\"item\":\"https:\\\/\\\/biblekids.io\\\/pt-pt\\\/\"},{\"@type\":\"ListItem\",\"position\":2,\"name\":\"Pre adolescentes\"}]},{\"@type\":\"WebSite\",\"@id\":\"https:\\\/\\\/biblekids.io\\\/no\\\/#website\",\"url\":\"https:\\\/\\\/biblekids.io\\\/no\\\/\",\"name\":\"Bible Kids\",\"description\":\"Hist\u00f3rias da B\u00edblia para crian\u00e7as\",\"potentialAction\":[{\"@type\":\"SearchAction\",\"target\":{\"@type\":\"EntryPoint\",\"urlTemplate\":\"https:\\\/\\\/biblekids.io\\\/no\\\/?s={search_term_string}\"},\"query-input\":{\"@type\":\"PropertyValueSpecification\",\"valueRequired\":true,\"valueName\":\"search_term_string\"}}],\"inLanguage\":\"pt-PT\"}]}<\/script>\n<!-- \/ Yoast SEO plugin. -->","yoast_head_json":{"title":"Bible Kids Aulas de estudo b\u00edblico para crian\u00e7as e pr\u00e9-adolescentes","description":"Aqui voc\u00ea encontrar\u00e1 aulas de estudo b\u00edblico e recursos crist\u00e3os para adolescentes. Nossa vis\u00e3o \u00e9 que as crian\u00e7as tenham Jesus como seu melhor amigo - para o resto da vida.","robots":{"index":"index","follow":"follow","max-snippet":"max-snippet:-1","max-image-preview":"max-image-preview:large","max-video-preview":"max-video-preview:-1"},"canonical":"https:\/\/biblekids.io\/pt-pt\/pre-adolescentes\/","og_locale":"pt_PT","og_type":"article","og_title":"Bible Kids Aulas de estudo b\u00edblico para crian\u00e7as e pr\u00e9-adolescentes","og_description":"Aqui voc\u00ea encontrar\u00e1 aulas de estudo b\u00edblico e recursos crist\u00e3os para adolescentes. Nossa vis\u00e3o \u00e9 que as crian\u00e7as tenham Jesus como seu melhor amigo - para o resto da vida.","og_url":"https:\/\/biblekids.io\/pt-pt\/pre-adolescentes\/","og_site_name":"Bible Kids","article_modified_time":"2023-09-13T11:28:49+00:00","og_image":[{"width":854,"height":480,"url":"https:\/\/biblekids.io\/wp-content\/uploads\/2020\/11\/jefr201.jpg","type":"image\/jpeg"}],"twitter_card":"summary_large_image","schema":{"@context":"https:\/\/schema.org","@graph":[{"@type":"WebPage","@id":"https:\/\/biblekids.io\/pt-pt\/pre-adolescentes\/","url":"https:\/\/biblekids.io\/pt-pt\/pre-adolescentes\/","name":"Bible Kids Aulas de estudo b\u00edblico para crian\u00e7as e pr\u00e9-adolescentes","isPartOf":{"@id":"https:\/\/biblekids.io\/no\/#website"},"primaryImageOfPage":{"@id":"https:\/\/biblekids.io\/pt-pt\/pre-adolescentes\/#primaryimage"},"image":{"@id":"https:\/\/biblekids.io\/pt-pt\/pre-adolescentes\/#primaryimage"},"thumbnailUrl":"https:\/\/biblekids.io\/wp-content\/uploads\/2020\/11\/jefr201.jpg","datePublished":"2023-08-04T14:25:06+00:00","dateModified":"2023-09-13T11:28:49+00:00","description":"Aqui voc\u00ea encontrar\u00e1 aulas de estudo b\u00edblico e recursos crist\u00e3os para adolescentes. Nossa vis\u00e3o \u00e9 que as crian\u00e7as tenham Jesus como seu melhor amigo - para o resto da vida.","breadcrumb":{"@id":"https:\/\/biblekids.io\/pt-pt\/pre-adolescentes\/#breadcrumb"},"inLanguage":"pt-PT","potentialAction":[{"@type":"ReadAction","target":["https:\/\/biblekids.io\/pt-pt\/pre-adolescentes\/"]}]},{"@type":"ImageObject","inLanguage":"pt-PT","@id":"https:\/\/biblekids.io\/pt-pt\/pre-adolescentes\/#primaryimage","url":"https:\/\/biblekids.io\/wp-content\/uploads\/2020\/11\/jefr201.jpg","contentUrl":"https:\/\/biblekids.io\/wp-content\/uploads\/2020\/11\/jefr201.jpg","width":854,"height":480},{"@type":"BreadcrumbList","@id":"https:\/\/biblekids.io\/pt-pt\/pre-adolescentes\/#breadcrumb","itemListElement":[{"@type":"ListItem","position":1,"name":"Hjem","item":"https:\/\/biblekids.io\/pt-pt\/"},{"@type":"ListItem","position":2,"name":"Pre adolescentes"}]},{"@type":"WebSite","@id":"https:\/\/biblekids.io\/no\/#website","url":"https:\/\/biblekids.io\/no\/","name":"Bible Kids","description":"Hist\u00f3rias da B\u00edblia para crian\u00e7as","potentialAction":[{"@type":"SearchAction","target":{"@type":"EntryPoint","urlTemplate":"https:\/\/biblekids.io\/no\/?s={search_term_string}"},"query-input":{"@type":"PropertyValueSpecification","valueRequired":true,"valueName":"search_term_string"}}],"inLanguage":"pt-PT"}]}},"_links":{"self":[{"href":"https:\/\/biblekids.io\/pt-pt\/wp-json\/wp\/v2\/pages\/74790","targetHints":{"allow":["GET"]}}],"collection":[{"href":"https:\/\/biblekids.io\/pt-pt\/wp-json\/wp\/v2\/pages"}],"about":[{"href":"https:\/\/biblekids.io\/pt-pt\/wp-json\/wp\/v2\/types\/page"}],"author":[{"embeddable":true,"href":"https:\/\/biblekids.io\/pt-pt\/wp-json\/wp\/v2\/users\/9614"}],"replies":[{"embeddable":true,"href":"https:\/\/biblekids.io\/pt-pt\/wp-json\/wp\/v2\/comments?post=74790"}],"version-history":[{"count":6,"href":"https:\/\/biblekids.io\/pt-pt\/wp-json\/wp\/v2\/pages\/74790\/revisions"}],"predecessor-version":[{"id":77715,"href":"https:\/\/biblekids.io\/pt-pt\/wp-json\/wp\/v2\/pages\/74790\/revisions\/77715"}],"wp:featuredmedia":[{"embeddable":true,"href":"https:\/\/biblekids.io\/pt-pt\/wp-json\/wp\/v2\/media\/41896"}],"wp:attachment":[{"href":"https:\/\/biblekids.io\/pt-pt\/wp-json\/wp\/v2\/media?parent=74790"}],"curies":[{"name":"wp","href":"https:\/\/api.w.org\/{rel}","templated":true}]}}