{"id":83422,"date":"2023-11-20T12:14:25","date_gmt":"2023-11-20T11:14:25","guid":{"rendered":"https:\/\/biblekids.io\/?page_id=83422"},"modified":"2023-12-13T10:53:06","modified_gmt":"2023-12-13T09:53:06","slug":"josias-verdadeiro-e-justo","status":"publish","type":"page","link":"https:\/\/biblekids.io\/pt-pt\/filmes-do-bible-kids\/josias-verdadeiro-e-justo\/","title":{"rendered":"Josias &#8211; verdadeiro e justo"},"content":{"rendered":"\n\n\t<section class=\"section dark\" id=\"section_559569757\">\n\t\t<div class=\"section-bg fill\" >\n\t\t\t\t\t\t\t\t\t<div class=\"section-bg-overlay absolute fill\"><\/div>\n\t\t\t\n\n\t\t<\/div>\n\n\t\t\t<div class=\"ux-shape-divider ux-shape-divider--top ux-shape-divider--style-waves-opacity-3\">\n\t\t<svg viewBox=\"0 0 1000 300\" xmlns=\"http:\/\/www.w3.org\/2000\/svg\" preserveAspectRatio=\"none\">\n\t<path class=\"ux-shape-fill\" opacity=\"0.05\" d=\"M1014 264V386H206L34 300C34 300 344.42 277.16 436 221C542 156 590 160 704 209C811 255 899.11 214.94 979 346L1014 264Z\"\/>\n\t<path class=\"ux-shape-fill\" opacity=\"0.1\" d=\"M-302 55C-302 55 -66.73 263.25 50 214C178 160 283 116 353 141C445.68 174.1 534.28 256.19 588 249C692.9 235 764.52 75.94 855 131C940.61 183.09 1000 254 1000 254V328L-306 338L-302 55Z\"\/>\n\t<path class=\"ux-shape-fill\" opacity=\"0.15\" d=\"M-286 255C-286 255 -72 152 52 126C176 100 255 155 436 227C581.57 284.91 614.7 277.79 708 227C787 184 1009 3.0001 1093 164C1146 265.63 1031 293 1031 293L924 377L-288 389L-286 255Z\"\/>\n\t<path class=\"ux-shape-fill\" opacity=\"0.3\" d=\"M-24 69C-24 69 275.68 370.66 389 314C397 310 622 316 673 356C690.47 369.7 845 224 890 182C944.8 130.85 1018 92 1078 143C1154.12 207.7 1196 242 1196 242L1184 374L-28 386L-24 69Z\"\/>\n\t<path class=\"ux-shape-fill\" d=\"M-12 201C-12 201 58 284 182 258C306 232 342.29 221.23 456 264C565 305 640.82 288.36 721 249C776 222 837.5 191.31 935 253C984 284 1030 279 1030 279L1024 430L-12 440V201Z\"\/>\n<\/svg>\n\t<\/div>\n\n\t<div class=\"ux-shape-divider ux-shape-divider--bottom ux-shape-divider--style-waves-opacity-3\">\n\t\t<svg viewBox=\"0 0 1000 300\" xmlns=\"http:\/\/www.w3.org\/2000\/svg\" preserveAspectRatio=\"none\">\n\t<path class=\"ux-shape-fill\" opacity=\"0.05\" d=\"M1014 264V386H206L34 300C34 300 344.42 277.16 436 221C542 156 590 160 704 209C811 255 899.11 214.94 979 346L1014 264Z\"\/>\n\t<path class=\"ux-shape-fill\" opacity=\"0.1\" d=\"M-302 55C-302 55 -66.73 263.25 50 214C178 160 283 116 353 141C445.68 174.1 534.28 256.19 588 249C692.9 235 764.52 75.94 855 131C940.61 183.09 1000 254 1000 254V328L-306 338L-302 55Z\"\/>\n\t<path class=\"ux-shape-fill\" opacity=\"0.15\" d=\"M-286 255C-286 255 -72 152 52 126C176 100 255 155 436 227C581.57 284.91 614.7 277.79 708 227C787 184 1009 3.0001 1093 164C1146 265.63 1031 293 1031 293L924 377L-288 389L-286 255Z\"\/>\n\t<path class=\"ux-shape-fill\" opacity=\"0.3\" d=\"M-24 69C-24 69 275.68 370.66 389 314C397 310 622 316 673 356C690.47 369.7 845 224 890 182C944.8 130.85 1018 92 1078 143C1154.12 207.7 1196 242 1196 242L1184 374L-28 386L-24 69Z\"\/>\n\t<path class=\"ux-shape-fill\" d=\"M-12 201C-12 201 58 284 182 258C306 232 342.29 221.23 456 264C565 305 640.82 288.36 721 249C776 222 837.5 191.31 935 253C984 284 1030 279 1030 279L1024 430L-12 440V201Z\"\/>\n<\/svg>\n\t<\/div>\n\n\t\t<div class=\"section-content relative\">\n\t\t\t\n\n<div class=\"row align-center\"  id=\"row-2061196154\">\n\n\n\t<div id=\"col-571735511\" class=\"col medium-10 small-12 large-8\"  >\n\t\t\t\t<div class=\"col-inner\"  >\n\t\t\t\n\t\t\t\n\n\t<div id=\"text-3153344483\" class=\"text\">\n\t\t\n\n<p>Assista ao filme completo aqui:<\/p>\n\n\t\t\n<style>\n#text-3153344483 {\n  text-align: center;\n}\n<\/style>\n\t<\/div>\n\t\n<iframe class=\"btv-iframe \" src=\"https:\/\/app.bcc.media\/embed\/2000?app=kids-web&language=pt-pt\" frameborder=\"0\" allowfullscreen><\/iframe>\n\n\n\t\t<\/div>\n\t\t\t\t\t<\/div>\n\n\t\n\n<\/div>\n\n\t\t<\/div>\n\n\t\t\n<style>\n#section_559569757 {\n  padding-top: 80px;\n  padding-bottom: 80px;\n  background-color: #115e67;\n}\n#section_559569757 .section-bg-overlay {\n  background-color: rgba(0, 0, 0, 0.5);\n}\n#section_559569757 .ux-shape-divider--top svg {\n  height: 150px;\n  --divider-top-width: 300%;\n}\n#section_559569757 .ux-shape-divider--top .ux-shape-fill {\n  fill: #115e67;\n}\n#section_559569757 .ux-shape-divider--bottom svg {\n  height: 150px;\n  --divider-width: 300%;\n}\n#section_559569757 .ux-shape-divider--bottom .ux-shape-fill {\n  fill: #115e67;\n}\n@media (min-width:550px) {\n  #section_559569757 {\n    padding-top: 120px;\n    padding-bottom: 120px;\n  }\n  #section_559569757 .ux-shape-divider--top svg {\n    --divider-top-width: 202%;\n  }\n  #section_559569757 .ux-shape-divider--bottom svg {\n    --divider-width: 202%;\n  }\n}\n@media (min-width:850px) {\n  #section_559569757 .ux-shape-divider--top svg {\n    --divider-top-width: 100%;\n  }\n  #section_559569757 .ux-shape-divider--bottom svg {\n    --divider-width: 100%;\n  }\n}\n<\/style>\n\t<\/section>\n\t\n\n\t<section class=\"section dark\" id=\"section_1278949651\">\n\t\t<div class=\"section-bg fill\" >\n\t\t\t\t\t\t\t\t\t\n\t\t\t\n\n\t\t<\/div>\n\n\t\t\n\n\t\t<div class=\"section-content relative\">\n\t\t\t\n\n<div class=\"row\"  id=\"row-682321273\">\n\n\n\t<div id=\"col-787082715\" class=\"col small-12 large-12\"  >\n\t\t\t\t<div class=\"col-inner\"  >\n\t\t\t\n\t\t\t\n\n\t<div id=\"text-2534401523\" class=\"text\">\n\t\t\n\n<h1 class=\"text-lg lg:text-xl font-medium\">Josias &#8211; verdadeiro e justo<\/h1>\n<p class=\"lead\" style=\"font-weight: 400;\"><strong>Uma hist\u00f3ria emocionante sobre um menino que \u00e9 coroado rei aos oito anos de idade, em um mundo cheio de maldade e injusti\u00e7a. Apesar da falta de bons modelos entre seus antecessores, Josias cresceu e se tornou um rei verdadeiro e justo. <\/strong><\/p>\n<p class=\"lead\" style=\"font-weight: 400;\">O filme \u00e9 sobre Josias, de oito anos, que \u00e9 o novo rei do pa\u00eds. \u201cVoc\u00ea vai precisar de bons conselheiros\u201d, diz sua irm\u00e3 Amona ap\u00f3s a coroa\u00e7\u00e3o. E isso mesmo. O antecessor de Josias n\u00e3o era um rei bom, ele era mau e escolheu adoradores de \u00eddolos como conselheiros. Mas Josias \u00e9 verdadeiro e justo e escolhe uma dire\u00e7\u00e3o diferente da de seu pai. Shaphan \u2013 torna-se um importante conselheiro e apoio quando o rei cresce e tem que fazer escolhas importantes para seu pa\u00eds. Mas os conselheiros de seu pai n\u00e3o facilitar\u00e3o as coisas para o novo rei. No entanto, quando Josias tinha 18 anos, o livro jur\u00eddico perdido estava certo. Agora tudo est\u00e1 pronto para restaurar a lei de Deus na terra.        <\/p>\n\t\t\n<style>\n#text-2534401523 {\n  text-align: center;\n}\n<\/style>\n\t<\/div>\n\t\n<div class=\"text-center\"><div class=\"is-divider divider clearfix\" style=\"max-width:150px;\"><\/div><\/div>\n\n<div class=\"container section-title-container hidden\" ><h3 class=\"section-title section-title-center\"><b aria-hidden=\"true\"><\/b><span class=\"section-title-main\" >Karakterer<\/span><b aria-hidden=\"true\"><\/b><\/h3><\/div>\n\n\n\n\t\t<\/div>\n\t\t\t\t\t<\/div>\n\n\t\n\n<\/div>\n\n\t\t<\/div>\n\n\t\t\n<style>\n#section_1278949651 {\n  padding-top: 80px;\n  padding-bottom: 80px;\n  background-color: #115e67;\n}\n<\/style>\n\t<\/section>\n\t\n\n  <div class=\"banner has-hover\" id=\"banner-1642776110\">\n          <div class=\"banner-inner fill\">\n        <div class=\"banner-bg fill\" >\n                                                \n                    <\/div>\n\t\t\n        <div class=\"banner-layers container\">\n            <div class=\"fill banner-link\"><\/div>            \n\n   <div id=\"text-box-158825505\" class=\"text-box banner-layer x50 md-x50 lg-x50 y50 md-y50 lg-y50 res-text\">\n                                <div class=\"text-box-content text dark\">\n              \n              <div class=\"text-inner text-center\">\n                  \n\n\t<div id=\"text-3550549732\" class=\"text\">\n\t\t\n\n<h3><b>Fique por dentro de nossas produ\u00e7\u00f5es <\/b><\/h3>\n\t\t\n<style>\n#text-3550549732 {\n  text-align: center;\n}\n<\/style>\n\t<\/div>\n\t\n\t<div id=\"gap-202255175\" class=\"gap-element clearfix\" style=\"display:block; height:auto;\">\n\t\t\n<style>\n#gap-202255175 {\n  padding-top: 30px;\n}\n<\/style>\n\t<\/div>\n\t\n\n<a href=\"http:\/\/eepurl.com\/h3pcRD\" class=\"button white is-large box-shadow-2 box-shadow-4-hover\" >\n\t<i class=\"icon-envelop\" aria-hidden=\"true\"><\/i>\t<span>ASSINE A NEWSLETTER<\/span>\n\t<\/a>\n\n\n\t<div id=\"text-1827214093\" class=\"text\">\n\t\t\n\n<p>N\u00e3o enviamos spam, prometemos.<\/p>\n\t\t\n<style>\n#text-1827214093 {\n  text-align: center;\n}\n<\/style>\n\t<\/div>\n\t\n\n              <\/div>\n           <\/div>\n                            \n<style>\n#text-box-158825505 {\n  width: 82%;\n}\n#text-box-158825505 .text-box-content {\n  font-size: 136%;\n}\n@media (min-width:550px) {\n  #text-box-158825505 {\n    width: 100%;\n  }\n  #text-box-158825505 .text-box-content {\n    font-size: 100%;\n  }\n}\n<\/style>\n    <\/div>\n \n\n        <\/div>\n      <\/div>\n\n            \n<style>\n#banner-1642776110 {\n  padding-top: 369px;\n  background-color: #115e67;\n}\n#banner-1642776110 .banner-bg img {\n  object-position: 60% 16%;\n}\n@media (min-width:550px) {\n  #banner-1642776110 {\n    padding-top: 30%;\n  }\n}\n<\/style>\n  <\/div>\n\n\n\n\n","protected":false},"excerpt":{"rendered":"","protected":false},"author":9614,"featured_media":0,"parent":78712,"menu_order":0,"comment_status":"closed","ping_status":"closed","template":"page-blank.php","meta":{"_acf_changed":false,"bcc_login_visibility":0,"bcc_groups":[],"bcc_groups_email":true,"bcc_visibility_groups":[],"bcc_visibility_groups_email":false,"sent_notifications":[],"footnotes":"","_links_to":"","_links_to_target":""},"class_list":["post-83422","page","type-page","status-publish","hentry"],"acf":[],"yoast_head":"<!-- This site is optimized with the Yoast SEO plugin v27.3 - https:\/\/yoast.com\/product\/yoast-seo-wordpress\/ -->\n<title>Josias - verdadeiro e justo - Bible Kids<\/title>\n<meta name=\"description\" content=\"Filmes sobre hist\u00f3rias b\u00edblicas. Tornamos a mensagem da B\u00edblia viva e acess\u00edvel \u00e0 pr\u00f3xima gera\u00e7\u00e3o de crist\u00e3os.\" \/>\n<meta name=\"robots\" content=\"index, follow, max-snippet:-1, max-image-preview:large, max-video-preview:-1\" \/>\n<link rel=\"canonical\" href=\"https:\/\/biblekids.io\/pt-pt\/filmes-do-bible-kids\/josias-verdadeiro-e-justo\/\" \/>\n<meta property=\"og:locale\" content=\"pt_PT\" \/>\n<meta property=\"og:type\" content=\"article\" \/>\n<meta property=\"og:title\" content=\"Josias - verdadeiro e justo - Bible Kids\" \/>\n<meta property=\"og:description\" content=\"Filmes sobre hist\u00f3rias b\u00edblicas. Tornamos a mensagem da B\u00edblia viva e acess\u00edvel \u00e0 pr\u00f3xima gera\u00e7\u00e3o de crist\u00e3os.\" \/>\n<meta property=\"og:url\" content=\"https:\/\/biblekids.io\/pt-pt\/filmes-do-bible-kids\/josias-verdadeiro-e-justo\/\" \/>\n<meta property=\"og:site_name\" content=\"Bible Kids\" \/>\n<meta property=\"article:modified_time\" content=\"2023-12-13T09:53:06+00:00\" \/>\n<meta property=\"og:image\" content=\"https:\/\/staging-bcckids.kinsta.cloud\/wp-content\/uploads\/2023\/08\/youtube_biblekids-455x400.png\" \/>\n<meta name=\"twitter:card\" content=\"summary_large_image\" \/>\n<script type=\"application\/ld+json\" class=\"yoast-schema-graph\">{\"@context\":\"https:\\\/\\\/schema.org\",\"@graph\":[{\"@type\":\"WebPage\",\"@id\":\"https:\\\/\\\/biblekids.io\\\/pt-pt\\\/filmes-do-bible-kids\\\/josias-verdadeiro-e-justo\\\/\",\"url\":\"https:\\\/\\\/biblekids.io\\\/pt-pt\\\/filmes-do-bible-kids\\\/josias-verdadeiro-e-justo\\\/\",\"name\":\"Josias - verdadeiro e justo - Bible Kids\",\"isPartOf\":{\"@id\":\"https:\\\/\\\/biblekids.io\\\/no\\\/#website\"},\"primaryImageOfPage\":{\"@id\":\"https:\\\/\\\/biblekids.io\\\/pt-pt\\\/filmes-do-bible-kids\\\/josias-verdadeiro-e-justo\\\/#primaryimage\"},\"image\":{\"@id\":\"https:\\\/\\\/biblekids.io\\\/pt-pt\\\/filmes-do-bible-kids\\\/josias-verdadeiro-e-justo\\\/#primaryimage\"},\"thumbnailUrl\":\"https:\\\/\\\/staging-bcckids.kinsta.cloud\\\/wp-content\\\/uploads\\\/2023\\\/08\\\/youtube_biblekids-455x400.png\",\"datePublished\":\"2023-11-20T11:14:25+00:00\",\"dateModified\":\"2023-12-13T09:53:06+00:00\",\"description\":\"Filmes sobre hist\u00f3rias b\u00edblicas. Tornamos a mensagem da B\u00edblia viva e acess\u00edvel \u00e0 pr\u00f3xima gera\u00e7\u00e3o de crist\u00e3os.\",\"breadcrumb\":{\"@id\":\"https:\\\/\\\/biblekids.io\\\/pt-pt\\\/filmes-do-bible-kids\\\/josias-verdadeiro-e-justo\\\/#breadcrumb\"},\"inLanguage\":\"pt-PT\",\"potentialAction\":[{\"@type\":\"ReadAction\",\"target\":[\"https:\\\/\\\/biblekids.io\\\/pt-pt\\\/filmes-do-bible-kids\\\/josias-verdadeiro-e-justo\\\/\"]}]},{\"@type\":\"ImageObject\",\"inLanguage\":\"pt-PT\",\"@id\":\"https:\\\/\\\/biblekids.io\\\/pt-pt\\\/filmes-do-bible-kids\\\/josias-verdadeiro-e-justo\\\/#primaryimage\",\"url\":\"https:\\\/\\\/staging-bcckids.kinsta.cloud\\\/wp-content\\\/uploads\\\/2023\\\/08\\\/youtube_biblekids-455x400.png\",\"contentUrl\":\"https:\\\/\\\/staging-bcckids.kinsta.cloud\\\/wp-content\\\/uploads\\\/2023\\\/08\\\/youtube_biblekids-455x400.png\"},{\"@type\":\"BreadcrumbList\",\"@id\":\"https:\\\/\\\/biblekids.io\\\/pt-pt\\\/filmes-do-bible-kids\\\/josias-verdadeiro-e-justo\\\/#breadcrumb\",\"itemListElement\":[{\"@type\":\"ListItem\",\"position\":1,\"name\":\"Hjem\",\"item\":\"https:\\\/\\\/biblekids.io\\\/pt-pt\\\/\"},{\"@type\":\"ListItem\",\"position\":2,\"name\":\"Filmes\",\"item\":\"https:\\\/\\\/biblekids.io\\\/pt-pt\\\/?page_id=78712\"},{\"@type\":\"ListItem\",\"position\":3,\"name\":\"Josias &#8211; verdadeiro e justo\"}]},{\"@type\":\"WebSite\",\"@id\":\"https:\\\/\\\/biblekids.io\\\/no\\\/#website\",\"url\":\"https:\\\/\\\/biblekids.io\\\/no\\\/\",\"name\":\"Bible Kids\",\"description\":\"Hist\u00f3rias da B\u00edblia para crian\u00e7as\",\"potentialAction\":[{\"@type\":\"SearchAction\",\"target\":{\"@type\":\"EntryPoint\",\"urlTemplate\":\"https:\\\/\\\/biblekids.io\\\/no\\\/?s={search_term_string}\"},\"query-input\":{\"@type\":\"PropertyValueSpecification\",\"valueRequired\":true,\"valueName\":\"search_term_string\"}}],\"inLanguage\":\"pt-PT\"}]}<\/script>\n<!-- \/ Yoast SEO plugin. -->","yoast_head_json":{"title":"Josias - verdadeiro e justo - Bible Kids","description":"Filmes sobre hist\u00f3rias b\u00edblicas. Tornamos a mensagem da B\u00edblia viva e acess\u00edvel \u00e0 pr\u00f3xima gera\u00e7\u00e3o de crist\u00e3os.","robots":{"index":"index","follow":"follow","max-snippet":"max-snippet:-1","max-image-preview":"max-image-preview:large","max-video-preview":"max-video-preview:-1"},"canonical":"https:\/\/biblekids.io\/pt-pt\/filmes-do-bible-kids\/josias-verdadeiro-e-justo\/","og_locale":"pt_PT","og_type":"article","og_title":"Josias - verdadeiro e justo - Bible Kids","og_description":"Filmes sobre hist\u00f3rias b\u00edblicas. Tornamos a mensagem da B\u00edblia viva e acess\u00edvel \u00e0 pr\u00f3xima gera\u00e7\u00e3o de crist\u00e3os.","og_url":"https:\/\/biblekids.io\/pt-pt\/filmes-do-bible-kids\/josias-verdadeiro-e-justo\/","og_site_name":"Bible Kids","article_modified_time":"2023-12-13T09:53:06+00:00","og_image":[{"url":"https:\/\/staging-bcckids.kinsta.cloud\/wp-content\/uploads\/2023\/08\/youtube_biblekids-455x400.png","type":"","width":"","height":""}],"twitter_card":"summary_large_image","schema":{"@context":"https:\/\/schema.org","@graph":[{"@type":"WebPage","@id":"https:\/\/biblekids.io\/pt-pt\/filmes-do-bible-kids\/josias-verdadeiro-e-justo\/","url":"https:\/\/biblekids.io\/pt-pt\/filmes-do-bible-kids\/josias-verdadeiro-e-justo\/","name":"Josias - verdadeiro e justo - Bible Kids","isPartOf":{"@id":"https:\/\/biblekids.io\/no\/#website"},"primaryImageOfPage":{"@id":"https:\/\/biblekids.io\/pt-pt\/filmes-do-bible-kids\/josias-verdadeiro-e-justo\/#primaryimage"},"image":{"@id":"https:\/\/biblekids.io\/pt-pt\/filmes-do-bible-kids\/josias-verdadeiro-e-justo\/#primaryimage"},"thumbnailUrl":"https:\/\/staging-bcckids.kinsta.cloud\/wp-content\/uploads\/2023\/08\/youtube_biblekids-455x400.png","datePublished":"2023-11-20T11:14:25+00:00","dateModified":"2023-12-13T09:53:06+00:00","description":"Filmes sobre hist\u00f3rias b\u00edblicas. Tornamos a mensagem da B\u00edblia viva e acess\u00edvel \u00e0 pr\u00f3xima gera\u00e7\u00e3o de crist\u00e3os.","breadcrumb":{"@id":"https:\/\/biblekids.io\/pt-pt\/filmes-do-bible-kids\/josias-verdadeiro-e-justo\/#breadcrumb"},"inLanguage":"pt-PT","potentialAction":[{"@type":"ReadAction","target":["https:\/\/biblekids.io\/pt-pt\/filmes-do-bible-kids\/josias-verdadeiro-e-justo\/"]}]},{"@type":"ImageObject","inLanguage":"pt-PT","@id":"https:\/\/biblekids.io\/pt-pt\/filmes-do-bible-kids\/josias-verdadeiro-e-justo\/#primaryimage","url":"https:\/\/staging-bcckids.kinsta.cloud\/wp-content\/uploads\/2023\/08\/youtube_biblekids-455x400.png","contentUrl":"https:\/\/staging-bcckids.kinsta.cloud\/wp-content\/uploads\/2023\/08\/youtube_biblekids-455x400.png"},{"@type":"BreadcrumbList","@id":"https:\/\/biblekids.io\/pt-pt\/filmes-do-bible-kids\/josias-verdadeiro-e-justo\/#breadcrumb","itemListElement":[{"@type":"ListItem","position":1,"name":"Hjem","item":"https:\/\/biblekids.io\/pt-pt\/"},{"@type":"ListItem","position":2,"name":"Filmes","item":"https:\/\/biblekids.io\/pt-pt\/?page_id=78712"},{"@type":"ListItem","position":3,"name":"Josias &#8211; verdadeiro e justo"}]},{"@type":"WebSite","@id":"https:\/\/biblekids.io\/no\/#website","url":"https:\/\/biblekids.io\/no\/","name":"Bible Kids","description":"Hist\u00f3rias da B\u00edblia para crian\u00e7as","potentialAction":[{"@type":"SearchAction","target":{"@type":"EntryPoint","urlTemplate":"https:\/\/biblekids.io\/no\/?s={search_term_string}"},"query-input":{"@type":"PropertyValueSpecification","valueRequired":true,"valueName":"search_term_string"}}],"inLanguage":"pt-PT"}]}},"_links":{"self":[{"href":"https:\/\/biblekids.io\/pt-pt\/wp-json\/wp\/v2\/pages\/83422","targetHints":{"allow":["GET"]}}],"collection":[{"href":"https:\/\/biblekids.io\/pt-pt\/wp-json\/wp\/v2\/pages"}],"about":[{"href":"https:\/\/biblekids.io\/pt-pt\/wp-json\/wp\/v2\/types\/page"}],"author":[{"embeddable":true,"href":"https:\/\/biblekids.io\/pt-pt\/wp-json\/wp\/v2\/users\/9614"}],"replies":[{"embeddable":true,"href":"https:\/\/biblekids.io\/pt-pt\/wp-json\/wp\/v2\/comments?post=83422"}],"version-history":[{"count":7,"href":"https:\/\/biblekids.io\/pt-pt\/wp-json\/wp\/v2\/pages\/83422\/revisions"}],"predecessor-version":[{"id":85551,"href":"https:\/\/biblekids.io\/pt-pt\/wp-json\/wp\/v2\/pages\/83422\/revisions\/85551"}],"up":[{"embeddable":true,"href":"https:\/\/biblekids.io\/pt-pt\/wp-json\/wp\/v2\/pages\/78712"}],"wp:attachment":[{"href":"https:\/\/biblekids.io\/pt-pt\/wp-json\/wp\/v2\/media?parent=83422"}],"curies":[{"name":"wp","href":"https:\/\/api.w.org\/{rel}","templated":true}]}}