{"id":44738,"date":"2020-10-19T12:23:44","date_gmt":"2020-10-19T10:23:44","guid":{"rendered":"https:\/\/biblekids.io\/despre-noi\/"},"modified":"2021-01-19T15:40:56","modified_gmt":"2021-01-19T14:40:56","slug":"despre-noi","status":"publish","type":"page","link":"https:\/\/biblekids.io\/ro\/despre-noi\/","title":{"rendered":"Despre noi"},"content":{"rendered":"<div class=\"row align-middle\"  id=\"row-902495526\">\n\n\t<div id=\"col-42368325\" class=\"col medium-6 small-12 large-6\"  >\n\t\t\t\t<div class=\"col-inner\"  >\n\t\t\t\n\t\t\t\n<h1>\u0102\u0219tia suntem noi!<\/h1>\n<p class=\"lead\">Funda\u021bia BCC Media este o societate necomercial\u0103 care produce \u0219i distribuie con\u021binut cu valori pozitive \u0219i cre\u0219tine. <span style=\"font-weight: 400;\">Funda\u021bia apar\u021bine asocia\u021biei Bisericii Cre\u0219tine Brunstad (BCC)<\/span>. Una dintre ini\u021biativele noastre principale este con\u021binutul cre\u0219tin pentru copii. Echipa care lucreaz\u0103 cu asta const\u0103 dintr-o grup\u0103 t\u00e2n\u0103r\u0103 \u0219i creativ\u0103 cu o competen\u021b\u0103 \u0219i experien\u021b\u0103 foarte larg\u0103. Con\u021binutul cu care lucr\u0103m ne zace ad\u00e2nc pe inim\u0103.<\/p>\n\t\t<\/div>\n\t\t\t\t\t<\/div>\n\n\t\n\n\t<div id=\"col-1254764833\" class=\"col medium-6 small-12 large-6\"  >\n\t\t\t\t<div class=\"col-inner\"  >\n\t\t\t\n\t\t\t\n\t<div class=\"img has-hover x md-x lg-x y md-y lg-y\" id=\"image_1175562045\">\n\t\t\t\t\t\t\t\t<div class=\"img-inner dark\" >\n\t\t\t<img loading=\"lazy\" decoding=\"async\" width=\"1280\" height=\"1280\" src=\"https:\/\/biblekids.io\/wp-content\/uploads\/2020\/11\/photo_2020-11-24-09.32.51.jpeg\" class=\"attachment-original size-original\" alt=\"\" \/>\t\t\t\t\t\t\n\t\t\t\t\t<\/div>\n\t\t\t\t\t\t\t\t\n<style>\n#image_1175562045 {\n  width: 100%;\n}\n<\/style>\n\t<\/div>\n\t\n\t\t<\/div>\n\t\t\t\t\t<\/div>\n\n\t\n<\/div>\n\n\t<section class=\"section\" id=\"section_2052678436\">\n\t\t<div class=\"section-bg fill\" >\n\t\t\t\t\t\t\t\t\t\n\t\t\t\n\n\t\t<\/div>\n\n\t\t\n\n\t\t<div class=\"section-content relative\">\n\t\t\t\n<div class=\"row\"  id=\"row-608024361\">\n\n\t<div id=\"col-1493274166\" class=\"col small-12 large-12\"  >\n\t\t\t\t<div class=\"col-inner text-center\"  >\n\t\t\t\n\t\t\t\n<h2>Viziunea noastr\u0103 cu copiii este ca ei s\u0103-l aib\u0103 pe Isus ca cel mai bun prieten \u2013 pentru tot restul vie\u021bii.<\/h2>\n\t\t<\/div>\n\t\t\t\t\n<style>\n#col-1493274166 > .col-inner {\n  padding: 30px 0px 0px 0px;\n}\n<\/style>\n\t<\/div>\n\n\t\n<\/div>\n\t\t<\/div>\n\n\t\t\n<style>\n#section_2052678436 {\n  padding-top: 60px;\n  padding-bottom: 60px;\n  background-color: rgb(251, 242, 228);\n}\n<\/style>\n\t<\/section>\n\t\n\n\t<section class=\"section\" id=\"section_337578225\">\n\t\t<div class=\"section-bg fill\" >\n\t\t\t\t\t\t\t\t\t\n\t\t\t\n\n\t\t<\/div>\n\n\t\t\n\n\t\t<div class=\"section-content relative\">\n\t\t\t\n<div class=\"row\"  id=\"row-2134759408\">\n\n\t<div id=\"col-222836625\" class=\"col small-12 large-12\"  >\n\t\t\t\t<div class=\"col-inner\"  >\n\t\t\t\n\t\t\t\n<h3>Timpul cu restric\u021bii genereaz\u0103 angajament<\/h3>\n<p class=\"lead\"><span style=\"font-weight: 400;\"><img loading=\"lazy\" decoding=\"async\" class=\"wp-image-41941 alignleft\" src=\"https:\/\/biblekids.io\/wp-content\/uploads\/2020\/11\/kidsmeet-paaske-711x400.jpg\" alt=\"\" width=\"500\" height=\"281\" \/>C\u00e2nd pandemia a lovit din plin la \u00eenceputul lunii martie 2020, tot ceea ce era cunoscut \u0219i stabilit a fost dat peste cap. Nu \u00een ultimul r\u00e2nd, aceasta a fost o provocare pentru to\u021bi copiii din \u00eentreaga lume care obi\u0219nuiau s\u0103 se adune s\u0103pt\u0103m\u00e2nal la \u0218coala duminical\u0103. Acest lucru nu mai era posibil.<\/span><\/p>\n<p class=\"lead\"><span style=\"font-weight: 400;\">Pentru a umple acest dor, BCC Media a intensificat produc\u021bia de con\u021binut cre\u0219tin pentru copii. Viziunea a fost de a oferi tuturor copiilor o educa\u021bie s\u0103n\u0103toas\u0103 \u0219i \u00eenv\u0103\u021b\u0103tura credin\u021bei prin intermediul mediului digital. Rezultatul este o baz\u0103 de date bine stocat\u0103 a seriilor animate \u0219i a emisiunilor de studio \u00een 14 limbi. Am organizat acest lucru \u00een pagini tematice care au tot con\u021binutul de care ave\u021bi nevoie pentru a organiza o \u0219coal\u0103 duminical\u0103 pentru un grup de copii la nivel local sau pentru a avea \u00eenv\u0103\u021b\u0103tura credin\u021bei acas\u0103.<\/span><\/p>\n<p class=\"lead\"><span style=\"font-weight: 400;\"><img loading=\"lazy\" decoding=\"async\" class=\"wp-image-43040 alignright\" src=\"https:\/\/biblekids.io\/wp-content\/uploads\/2020\/11\/brunstad_christian_church_kristen_ungdom_fellesskap_media_12-e1600501319259-678x400.jpg\" alt=\"\" width=\"500\" height=\"295\" \/>Pe paginile tematice se pot g\u0103si filme animate, texte, videoclipuri \u0219i multe alte teme creative. Acestea vor fi legate de o anumit\u0103 tem\u0103 \u0219i cu u\u0219urin\u021b\u0103 po\u021bi alege ce tem\u0103 se potrive\u0219te grupului t\u0103u de copii.<\/span><\/p>\n<p class=\"lead\"><span style=\"font-weight: 400;\">\u00cen calendarg\u0103se\u0219ti planul pentru urm\u0103toarele luni. Mergi la <a href=\"https:\/\/biblekids.io\/ro\/teme\/\">paginile tematice<\/a> pentru a g\u0103si resurse deja disponibile.<\/span><\/p>\n<p class=\"lead\">Ai \u00eentreb\u0103ri? Ia cu drag leg\u0103tura cu noi la redaksjon@bcc.no<\/p>\n\t\t<\/div>\n\t\t\t\t\t<\/div>\n\n\t\n<\/div>\n\t\t<\/div>\n\n\t\t\n<style>\n#section_337578225 {\n  padding-top: 100px;\n  padding-bottom: 100px;\n}\n<\/style>\n\t<\/section>\n\t\n\n<div class=\"row\"  id=\"row-2078050293\">\n\n\t<div id=\"col-1486160871\" class=\"col small-12 large-12\"  >\n\t\t\t\t<div class=\"col-inner\"  >\n\t\t\t\n\t\t\t\n  <div id=\"page-header-82482177\" class=\"page-header-wrapper\">\n  <div class=\"page-title light divided-title\">\n\n    \n    <div class=\"page-title-inner container align-center flex-row medium-flex-wrap\" >\n              <div class=\"title-wrapper is-small flex-col text-left medium-text-center\">\n          <h1 class=\"entry-title mb-0\">\n            Despre noi          <\/h1>\n        <\/div>\n                    <div class=\"title-content flex-col flex-right text-right medium-text-center\">\n        <div class=\"title-breadcrumbs pb-half pt-half\"><\/div>      <\/div>\n    <\/div>\n\n       <\/div>\n  <div class=\"container header-wrapper-divider\"><hr\/><\/div>  <\/div>\n  \n<p class=\"lead\"><img loading=\"lazy\" decoding=\"async\" class=\"wp-image-41981 alignright\" src=\"https:\/\/biblekids.io\/wp-content\/uploads\/2020\/11\/barnemeet-708x400.jpg\" alt=\"\" width=\"500\" height=\"282\"><\/p>\n<p class=\"lead\"><span style=\"font-weight: 400;\">BCC a \u021binut \u0218coal\u0103 duminical\u0103 \u00eenc\u0103 de la \u00eenceputul anilor 1900. Lucrarea este benevol\u0103 \u0219i izvor\u0103\u0219te din dorin\u021ba \u0219i angajamentul inimilor entuziaste de la \u00eemp\u0103rt\u0103\u0219i Evanghelia despre Isus, \u00een care vestea c\u0103 putem merge pe urmele lui Isus \u0219i s\u0103 facem voia Sa st\u0103 central\u0103. Isus a venit cu iertare \u0219i isp\u0103\u0219ire, \u00eens\u0103 \u0219i cu o cale afar\u0103 din p\u0103cat. <\/span><span style=\"font-weight: 400;\">Inten\u021bia nu este s\u0103 continu\u0103m s\u0103 p\u0103c\u0103tuim, putem \u021bine porunca lui Isus \u0219i s\u0103 urm\u0103m exemplul pe care El ni l-a l\u0103sat. Asta e posibil prin puterea Duhului Sf\u00e2nt.<\/span> Isus a venit cu o n\u0103dejde total nou\u0103 pentru noi. Asta e Vestea cea Bun\u0103 &#8211; inclusiv pentru copii.<\/p>\n<p class=\"lead\"><span style=\"font-weight: 400;\">Cite\u0219te mai multe despre BCC <a href=\"https:\/\/bcc.no\">aici<\/a>.<\/span><\/p>\n\t\t<\/div>\n\t\t\t\t\t<\/div>\n\n\t\n<\/div>\n","protected":false},"excerpt":{"rendered":"","protected":false},"author":5,"featured_media":0,"parent":0,"menu_order":0,"comment_status":"closed","ping_status":"closed","template":"page-blank.php","meta":{"_acf_changed":false,"bcc_login_visibility":0,"bcc_groups":[],"bcc_groups_email":true,"bcc_visibility_groups":[],"bcc_visibility_groups_email":false,"sent_notifications":[],"footnotes":"","_links_to":"","_links_to_target":""},"class_list":["post-44738","page","type-page","status-publish","hentry"],"acf":[],"yoast_head":"<!-- This site is optimized with the Yoast SEO plugin v27.4 - https:\/\/yoast.com\/product\/yoast-seo-wordpress\/ -->\n<title>Despre noi - Bible Kids<\/title>\n<meta name=\"robots\" content=\"index, follow, max-snippet:-1, max-image-preview:large, max-video-preview:-1\" \/>\n<link rel=\"canonical\" href=\"https:\/\/biblekids.io\/ro\/despre-noi\/\" \/>\n<meta property=\"og:locale\" content=\"ro_RO\" \/>\n<meta property=\"og:type\" content=\"article\" \/>\n<meta property=\"og:title\" content=\"Despre noi - Bible Kids\" \/>\n<meta property=\"og:url\" content=\"https:\/\/biblekids.io\/ro\/despre-noi\/\" \/>\n<meta property=\"og:site_name\" content=\"Bible Kids\" \/>\n<meta property=\"article:modified_time\" content=\"2021-01-19T14:40:56+00:00\" \/>\n<meta property=\"og:image\" content=\"https:\/\/biblekids.io\/wp-content\/uploads\/2020\/11\/kidsmeet-paaske-711x400.jpg\" \/>\n<meta name=\"twitter:card\" content=\"summary_large_image\" \/>\n<meta name=\"twitter:label1\" content=\"Timp estimat pentru citire\" \/>\n\t<meta name=\"twitter:data1\" content=\"5 minut\" \/>\n<script type=\"application\/ld+json\" class=\"yoast-schema-graph\">{\"@context\":\"https:\\\/\\\/schema.org\",\"@graph\":[{\"@type\":\"WebPage\",\"@id\":\"https:\\\/\\\/biblekids.io\\\/ro\\\/despre-noi\\\/\",\"url\":\"https:\\\/\\\/biblekids.io\\\/ro\\\/despre-noi\\\/\",\"name\":\"Despre noi - Bible Kids\",\"isPartOf\":{\"@id\":\"https:\\\/\\\/biblekids.io\\\/no\\\/#website\"},\"primaryImageOfPage\":{\"@id\":\"https:\\\/\\\/biblekids.io\\\/ro\\\/despre-noi\\\/#primaryimage\"},\"image\":{\"@id\":\"https:\\\/\\\/biblekids.io\\\/ro\\\/despre-noi\\\/#primaryimage\"},\"thumbnailUrl\":\"https:\\\/\\\/biblekids.io\\\/wp-content\\\/uploads\\\/2020\\\/11\\\/kidsmeet-paaske-711x400.jpg\",\"datePublished\":\"2020-10-19T10:23:44+00:00\",\"dateModified\":\"2021-01-19T14:40:56+00:00\",\"breadcrumb\":{\"@id\":\"https:\\\/\\\/biblekids.io\\\/ro\\\/despre-noi\\\/#breadcrumb\"},\"inLanguage\":\"ro-RO\",\"potentialAction\":[{\"@type\":\"ReadAction\",\"target\":[\"https:\\\/\\\/biblekids.io\\\/ro\\\/despre-noi\\\/\"]}]},{\"@type\":\"ImageObject\",\"inLanguage\":\"ro-RO\",\"@id\":\"https:\\\/\\\/biblekids.io\\\/ro\\\/despre-noi\\\/#primaryimage\",\"url\":\"https:\\\/\\\/biblekids.io\\\/wp-content\\\/uploads\\\/2020\\\/11\\\/kidsmeet-paaske-711x400.jpg\",\"contentUrl\":\"https:\\\/\\\/biblekids.io\\\/wp-content\\\/uploads\\\/2020\\\/11\\\/kidsmeet-paaske-711x400.jpg\"},{\"@type\":\"BreadcrumbList\",\"@id\":\"https:\\\/\\\/biblekids.io\\\/ro\\\/despre-noi\\\/#breadcrumb\",\"itemListElement\":[{\"@type\":\"ListItem\",\"position\":1,\"name\":\"Hjem\",\"item\":\"https:\\\/\\\/biblekids.io\\\/ru\\\/\"},{\"@type\":\"ListItem\",\"position\":2,\"name\":\"Despre noi\"}]},{\"@type\":\"WebSite\",\"@id\":\"https:\\\/\\\/biblekids.io\\\/no\\\/#website\",\"url\":\"https:\\\/\\\/biblekids.io\\\/no\\\/\",\"name\":\"Bible Kids\",\"description\":\"Pove\u0219ti biblice pentru copii\",\"potentialAction\":[{\"@type\":\"SearchAction\",\"target\":{\"@type\":\"EntryPoint\",\"urlTemplate\":\"https:\\\/\\\/biblekids.io\\\/no\\\/?s={search_term_string}\"},\"query-input\":{\"@type\":\"PropertyValueSpecification\",\"valueRequired\":true,\"valueName\":\"search_term_string\"}}],\"inLanguage\":\"ro-RO\"}]}<\/script>\n<!-- \/ Yoast SEO plugin. -->","yoast_head_json":{"title":"Despre noi - Bible Kids","robots":{"index":"index","follow":"follow","max-snippet":"max-snippet:-1","max-image-preview":"max-image-preview:large","max-video-preview":"max-video-preview:-1"},"canonical":"https:\/\/biblekids.io\/ro\/despre-noi\/","og_locale":"ro_RO","og_type":"article","og_title":"Despre noi - Bible Kids","og_url":"https:\/\/biblekids.io\/ro\/despre-noi\/","og_site_name":"Bible Kids","article_modified_time":"2021-01-19T14:40:56+00:00","og_image":[{"url":"https:\/\/biblekids.io\/wp-content\/uploads\/2020\/11\/kidsmeet-paaske-711x400.jpg","type":"","width":"","height":""}],"twitter_card":"summary_large_image","twitter_misc":{"Timp estimat pentru citire":"5 minut"},"schema":{"@context":"https:\/\/schema.org","@graph":[{"@type":"WebPage","@id":"https:\/\/biblekids.io\/ro\/despre-noi\/","url":"https:\/\/biblekids.io\/ro\/despre-noi\/","name":"Despre noi - Bible Kids","isPartOf":{"@id":"https:\/\/biblekids.io\/no\/#website"},"primaryImageOfPage":{"@id":"https:\/\/biblekids.io\/ro\/despre-noi\/#primaryimage"},"image":{"@id":"https:\/\/biblekids.io\/ro\/despre-noi\/#primaryimage"},"thumbnailUrl":"https:\/\/biblekids.io\/wp-content\/uploads\/2020\/11\/kidsmeet-paaske-711x400.jpg","datePublished":"2020-10-19T10:23:44+00:00","dateModified":"2021-01-19T14:40:56+00:00","breadcrumb":{"@id":"https:\/\/biblekids.io\/ro\/despre-noi\/#breadcrumb"},"inLanguage":"ro-RO","potentialAction":[{"@type":"ReadAction","target":["https:\/\/biblekids.io\/ro\/despre-noi\/"]}]},{"@type":"ImageObject","inLanguage":"ro-RO","@id":"https:\/\/biblekids.io\/ro\/despre-noi\/#primaryimage","url":"https:\/\/biblekids.io\/wp-content\/uploads\/2020\/11\/kidsmeet-paaske-711x400.jpg","contentUrl":"https:\/\/biblekids.io\/wp-content\/uploads\/2020\/11\/kidsmeet-paaske-711x400.jpg"},{"@type":"BreadcrumbList","@id":"https:\/\/biblekids.io\/ro\/despre-noi\/#breadcrumb","itemListElement":[{"@type":"ListItem","position":1,"name":"Hjem","item":"https:\/\/biblekids.io\/ru\/"},{"@type":"ListItem","position":2,"name":"Despre noi"}]},{"@type":"WebSite","@id":"https:\/\/biblekids.io\/no\/#website","url":"https:\/\/biblekids.io\/no\/","name":"Bible Kids","description":"Pove\u0219ti biblice pentru copii","potentialAction":[{"@type":"SearchAction","target":{"@type":"EntryPoint","urlTemplate":"https:\/\/biblekids.io\/no\/?s={search_term_string}"},"query-input":{"@type":"PropertyValueSpecification","valueRequired":true,"valueName":"search_term_string"}}],"inLanguage":"ro-RO"}]}},"_links":{"self":[{"href":"https:\/\/biblekids.io\/ro\/wp-json\/wp\/v2\/pages\/44738","targetHints":{"allow":["GET"]}}],"collection":[{"href":"https:\/\/biblekids.io\/ro\/wp-json\/wp\/v2\/pages"}],"about":[{"href":"https:\/\/biblekids.io\/ro\/wp-json\/wp\/v2\/types\/page"}],"author":[{"embeddable":true,"href":"https:\/\/biblekids.io\/ro\/wp-json\/wp\/v2\/users\/5"}],"replies":[{"embeddable":true,"href":"https:\/\/biblekids.io\/ro\/wp-json\/wp\/v2\/comments?post=44738"}],"version-history":[{"count":0,"href":"https:\/\/biblekids.io\/ro\/wp-json\/wp\/v2\/pages\/44738\/revisions"}],"wp:attachment":[{"href":"https:\/\/biblekids.io\/ro\/wp-json\/wp\/v2\/media?parent=44738"}],"curies":[{"name":"wp","href":"https:\/\/api.w.org\/{rel}","templated":true}]}}