{"id":74784,"date":"2023-08-04T16:25:06","date_gmt":"2023-08-04T14:25:06","guid":{"rendered":"https:\/\/biblekids.io\/?page_id=74784"},"modified":"2023-09-13T11:35:48","modified_gmt":"2023-09-13T09:35:48","slug":"tweens","status":"publish","type":"page","link":"https:\/\/biblekids.io\/ro\/tweens\/","title":{"rendered":"Tweens"},"content":{"rendered":"\n\n\t<section class=\"section\" id=\"section_1204044446\">\n\t\t<div class=\"section-bg fill\" >\n\t\t\t\t\t\t\t\t\t\n\t\t\t\n\n\t\t<\/div>\n\n\t\t\n\n\t\t<div class=\"section-content relative\">\n\t\t\t\n\n<div class=\"row align-center\"  id=\"row-1817782832\">\n\n\n\t<div id=\"col-1870380398\" class=\"col hero-description medium-12 small-12 large-3\"  >\n\t\t\t\t<div class=\"col-inner text-center\"  >\n\t\t\t\n\t\t\t\n\n<p>&nbsp;<\/p>\n<h3><img loading=\"lazy\" decoding=\"async\" class=\"alignnone size-medium wp-image-73770\" src=\"https:\/\/biblekids.io\/wp-content\/uploads\/2023\/06\/Logo-green-1-800x398.png\" alt=\"\" width=\"800\" height=\"398\">&nbsp;12+ ani<\/h3>\n<p>&nbsp;<\/p>\n\n\t\t<\/div>\n\t\t\t\t\n<style>\n#col-1870380398 > .col-inner {\n  padding: 0px1 0px 0px 0px;\n}\n@media (min-width:550px) {\n  #col-1870380398 > .col-inner {\n    padding: 0px 0px 0 0px;\n  }\n}\n@media (min-width:850px) {\n  #col-1870380398 > .col-inner {\n    padding: 30px 0px 30px 0px;\n  }\n}\n<\/style>\n\t<\/div>\n\n\t\n\n<\/div>\n\n\t\t<\/div>\n\n\t\t\n<style>\n#section_1204044446 {\n  padding-top: 0px;\n  padding-bottom: 0px;\n}\n<\/style>\n\t<\/section>\n\t\n\n\t<section class=\"section\" id=\"section_461448759\">\n\t\t<div class=\"section-bg fill\" >\n\t\t\t\t\t\t\t\t\t\n\t\t\t\n\n\t\t<\/div>\n\n\t\t\n\n\t\t<div class=\"section-content relative\">\n\t\t\t\n\n<div class=\"row\"  id=\"row-392054676\">\n\n\n\t<div id=\"col-423512213\" class=\"col no-bottom-padding medium-6 small-12 large-6\"  >\n\t\t\t\t<div class=\"col-inner\"  >\n\t\t\t\n\t\t\t\n\n<p><strong>Copiii mai mari:<\/strong><\/p>\n<div>\n<h2>O credin\u021b\u0103 personal\u0103<\/h2>\n<\/div>\n<p>Tranzi\u021bia de la copil\u0103rie la adolescen\u021b\u0103 poate fi solicitant\u0103. Se \u00eent\u00e2mpl\u0103 multe lucruri at\u00e2t \u00een interiorul, c\u00e2t \u0219i \u00een jurul acestor tineri, a\u0219a c\u0103 este nevoie de un mediu sigur \u0219i favorabil, cu experien\u021be bune. Mul\u021bi se \u00eendreapt\u0103 spre o credin\u021b\u0103 personal\u0103, iar unii fac deja o alegere \u00een aceast\u0103 perioad\u0103. Prin urmare, este important ca ei s\u0103 aud\u0103 Evanghelia \u0219i s\u0103 ajung\u0103 s\u0103 cread\u0103 c\u0103 Isus a fost o fiin\u021b\u0103 uman\u0103 ca \u0219i noi \u0219i c\u0103 poate at\u00e2t s\u0103 \u00een\u021beleag\u0103, c\u00e2t \u0219i s\u0103 ajute \u00een toate situa\u021biile din via\u021b\u0103.   <\/p>\n\n<div class=\"accordion\">\n\n\t<div id=\"accordion-3517055838\" class=\"accordion-item\">\n\t\t<a id=\"accordion-3517055838-label\" class=\"accordion-title plain\" href=\"#accordion-item-sfaturi-pentru-\u00eent\u00e2lnirile-cu-tweens\" aria-expanded=\"false\" aria-controls=\"accordion-3517055838-content\">\n\t\t\t<button class=\"toggle\" aria-label=\"Toggle\"><i class=\"icon-angle-down\" aria-hidden=\"true\"><\/i><\/button>\n\t\t\t<span>Sfaturi pentru \u00eent\u00e2lnirile cu Tweens<\/span>\n\t\t<\/a>\n\t\t<div id=\"accordion-3517055838-content\" class=\"accordion-inner\" aria-labelledby=\"accordion-3517055838-label\">\n\t\t\t\n\n<ul>\n<li>Aceast\u0103 grup\u0103 este adesea un pic mai mic\u0103, ceea ce permite o mai mare individualitate \u0219i adaptarea programului la grup pe c\u00e2t posibil.<\/li>\n<li><span style=\"color: #555555;\">Fiecare pre-adolescent ar trebui s\u0103 se simt\u0103 v\u0103zut \u0219i acceptat pentru ceea ce este. Ar trebui s\u0103 se simt\u0103 conectat la al\u021bi adolescen\u021bi \u0219i la mentori care sunt cu adev\u0103rat interesa\u021bi de bun\u0103starea lor. <\/span><\/li>\n<li><span style=\"color: #555555;\">S-ar putea s\u0103 nu fie la fel de natural pentru preadolescen\u021bi s\u0103 c\u00e2nte cu voce tare \u00eentr-un grup ca pentru copiii mai mici. O alternativ\u0103 ar putea fi s\u0103 asculta\u021bi sau s\u0103 citi\u021bi c\u00e2ntece \u00eempreun\u0103 \u0219i s\u0103 vorbi\u021bi despre con\u021binut \u0219i, eventual, despre autori \u0219i povestea din spatele lor.  <\/span><\/li>\n<li><span style=\"color: #555555;\">Str\u00e2ngerile \u0219i, mai ales, activit\u0103\u021bile ar trebui s\u0103 fie adaptate c\u00e2t mai mult posibil la interesele preadolescen\u021bilor din grup.<\/span><\/li>\n<\/ul>\n\n\t\t<\/div>\n\t<\/div>\n\t\n\n<\/div>\n\n\t\t<\/div>\n\t\t\t\t\t<\/div>\n\n\t\n\n\t<div id=\"col-339048860\" class=\"col no-padding medium-6 small-12 large-6\"  >\n\t\t\t\t<div class=\"col-inner text-center\"  >\n\t\t\t\n\t\t\t\n\n\t<div class=\"img has-hover x md-x lg-x y md-y lg-y\" id=\"image_704969300\">\n\t\t\t\t\t\t\t\t<div class=\"img-inner dark\" >\n\t\t\t<img loading=\"lazy\" decoding=\"async\" width=\"800\" height=\"800\" src=\"https:\/\/biblekids.io\/wp-content\/uploads\/2023\/08\/Green-round-800x800.png\" class=\"attachment-large size-large\" alt=\"\" \/>\t\t\t\t\t\t\n\t\t\t\t\t<\/div>\n\t\t\t\t\t\t\t\t\n<style>\n#image_704969300 {\n  width: 71%;\n}\n<\/style>\n\t<\/div>\n\t\n\n\n\t\t<\/div>\n\t\t\t\t\t<\/div>\n\n\t\n\n<\/div>\n\n\t\t<\/div>\n\n\t\t\n<style>\n#section_461448759 {\n  padding-top: 30px;\n  padding-bottom: 30px;\n  background-color: rgb(247, 247, 247);\n}\n<\/style>\n\t<\/section>\n\t\n\n\t<section class=\"section latest-themes\" id=\"section_234089802\">\n\t\t<div class=\"section-bg fill\" >\n\t\t\t\t\t\t\t\t\t\n\t\t\t\n\n\t\t<\/div>\n\n\t\t\n\n\t\t<div class=\"section-content relative\">\n\t\t\t\n\n<div class=\"row\"  id=\"row-344020236\">\n\n\n\t<div id=\"col-18150315\" class=\"col small-12 large-12\"  >\n\t\t\t\t<div class=\"col-inner\"  >\n\t\t\t\n\t\t\t\n\n<h3 style=\"text-align: center;\">Ultimele teme publicate pentru Tweens<\/h3>\n\t<div id=\"gap-1125880007\" class=\"gap-element clearfix\" style=\"display:block; height:auto;\">\n\t\t\n<style>\n#gap-1125880007 {\n  padding-top: 50px;\n}\n<\/style>\n\t<\/div>\n\t\n\n\n  \n    <div class=\"row large-columns-3 medium-columns-1 small-columns-1 row-small\" >\n  <\/div>\n\n\n\t\t<\/div>\n\t\t\t\t\t<\/div>\n\n\t\n\n\n<style>\n#row-344020236 > .col > .col-inner {\n  padding: 0px 0px 0px 0px;\n}\n@media (min-width:550px) {\n  #row-344020236 > .col > .col-inner {\n    padding: 0px 0px 30px 0px;\n  }\n}\n@media (min-width:850px) {\n  #row-344020236 > .col > .col-inner {\n    padding: 50px 0px 70px 0px;\n  }\n}\n<\/style>\n<\/div>\n\n\t\t<\/div>\n\n\t\t\n<style>\n#section_234089802 {\n  padding-top: 0px;\n  padding-bottom: 0px;\n}\n<\/style>\n\t<\/section>\n\t\n","protected":false},"excerpt":{"rendered":"","protected":false},"author":9614,"featured_media":41888,"parent":0,"menu_order":0,"comment_status":"closed","ping_status":"closed","template":"page-blank.php","meta":{"_acf_changed":false,"bcc_login_visibility":0,"bcc_groups":[],"bcc_groups_email":true,"bcc_visibility_groups":[],"bcc_visibility_groups_email":false,"sent_notifications":[],"footnotes":"","_links_to":"","_links_to_target":""},"class_list":["post-74784","page","type-page","status-publish","has-post-thumbnail","hentry"],"acf":[],"yoast_head":"<!-- This site is optimized with the Yoast SEO plugin v27.3 - https:\/\/yoast.com\/product\/yoast-seo-wordpress\/ -->\n<title>Bible Kids Studiu biblic pentru copii si Tweens<\/title>\n<meta name=\"description\" content=\"Aici ve\u021bi g\u0103si lec\u021bii de studiu biblic \u0219i resurse cre\u0219tine pentru Tweens. Viziunea noastr\u0103 este ca to\u021bi copiii s\u0103 \u00eel aib\u0103 pe Isus ca cel mai bun prieten al lor - pentru toat\u0103 via\u021ba.\" \/>\n<meta name=\"robots\" content=\"index, follow, max-snippet:-1, max-image-preview:large, max-video-preview:-1\" \/>\n<link rel=\"canonical\" href=\"https:\/\/biblekids.io\/ro\/tweens\/\" \/>\n<meta property=\"og:locale\" content=\"ro_RO\" \/>\n<meta property=\"og:type\" content=\"article\" \/>\n<meta property=\"og:title\" content=\"Bible Kids Studiu biblic pentru copii si Tweens\" \/>\n<meta property=\"og:description\" content=\"Aici ve\u021bi g\u0103si lec\u021bii de studiu biblic \u0219i resurse cre\u0219tine pentru Tweens. Viziunea noastr\u0103 este ca to\u021bi copiii s\u0103 \u00eel aib\u0103 pe Isus ca cel mai bun prieten al lor - pentru toat\u0103 via\u021ba.\" \/>\n<meta property=\"og:url\" content=\"https:\/\/biblekids.io\/ro\/tweens\/\" \/>\n<meta property=\"og:site_name\" content=\"Bible Kids\" \/>\n<meta property=\"article:modified_time\" content=\"2023-09-13T09:35:48+00:00\" \/>\n<meta property=\"og:image\" content=\"https:\/\/biblekids.io\/wp-content\/uploads\/2020\/11\/jefr201.jpg\" \/>\n\t<meta property=\"og:image:width\" content=\"854\" \/>\n\t<meta property=\"og:image:height\" content=\"480\" \/>\n\t<meta property=\"og:image:type\" content=\"image\/jpeg\" \/>\n<meta name=\"twitter:card\" content=\"summary_large_image\" \/>\n<meta name=\"twitter:label1\" content=\"Timp estimat pentru citire\" \/>\n\t<meta name=\"twitter:data1\" content=\"2 minut\" \/>\n<script type=\"application\/ld+json\" class=\"yoast-schema-graph\">{\"@context\":\"https:\\\/\\\/schema.org\",\"@graph\":[{\"@type\":\"WebPage\",\"@id\":\"https:\\\/\\\/biblekids.io\\\/ro\\\/tweens\\\/\",\"url\":\"https:\\\/\\\/biblekids.io\\\/ro\\\/tweens\\\/\",\"name\":\"Bible Kids Studiu biblic pentru copii si Tweens\",\"isPartOf\":{\"@id\":\"https:\\\/\\\/biblekids.io\\\/no\\\/#website\"},\"primaryImageOfPage\":{\"@id\":\"https:\\\/\\\/biblekids.io\\\/ro\\\/tweens\\\/#primaryimage\"},\"image\":{\"@id\":\"https:\\\/\\\/biblekids.io\\\/ro\\\/tweens\\\/#primaryimage\"},\"thumbnailUrl\":\"https:\\\/\\\/biblekids.io\\\/wp-content\\\/uploads\\\/2020\\\/11\\\/jefr201.jpg\",\"datePublished\":\"2023-08-04T14:25:06+00:00\",\"dateModified\":\"2023-09-13T09:35:48+00:00\",\"description\":\"Aici ve\u021bi g\u0103si lec\u021bii de studiu biblic \u0219i resurse cre\u0219tine pentru Tweens. Viziunea noastr\u0103 este ca to\u021bi copiii s\u0103 \u00eel aib\u0103 pe Isus ca cel mai bun prieten al lor - pentru toat\u0103 via\u021ba.\",\"breadcrumb\":{\"@id\":\"https:\\\/\\\/biblekids.io\\\/ro\\\/tweens\\\/#breadcrumb\"},\"inLanguage\":\"ro-RO\",\"potentialAction\":[{\"@type\":\"ReadAction\",\"target\":[\"https:\\\/\\\/biblekids.io\\\/ro\\\/tweens\\\/\"]}]},{\"@type\":\"ImageObject\",\"inLanguage\":\"ro-RO\",\"@id\":\"https:\\\/\\\/biblekids.io\\\/ro\\\/tweens\\\/#primaryimage\",\"url\":\"https:\\\/\\\/biblekids.io\\\/wp-content\\\/uploads\\\/2020\\\/11\\\/jefr201.jpg\",\"contentUrl\":\"https:\\\/\\\/biblekids.io\\\/wp-content\\\/uploads\\\/2020\\\/11\\\/jefr201.jpg\",\"width\":854,\"height\":480},{\"@type\":\"BreadcrumbList\",\"@id\":\"https:\\\/\\\/biblekids.io\\\/ro\\\/tweens\\\/#breadcrumb\",\"itemListElement\":[{\"@type\":\"ListItem\",\"position\":1,\"name\":\"Hjem\",\"item\":\"https:\\\/\\\/biblekids.io\\\/ru\\\/\"},{\"@type\":\"ListItem\",\"position\":2,\"name\":\"Tweens\"}]},{\"@type\":\"WebSite\",\"@id\":\"https:\\\/\\\/biblekids.io\\\/no\\\/#website\",\"url\":\"https:\\\/\\\/biblekids.io\\\/no\\\/\",\"name\":\"Bible Kids\",\"description\":\"Pove\u0219ti biblice pentru copii\",\"potentialAction\":[{\"@type\":\"SearchAction\",\"target\":{\"@type\":\"EntryPoint\",\"urlTemplate\":\"https:\\\/\\\/biblekids.io\\\/no\\\/?s={search_term_string}\"},\"query-input\":{\"@type\":\"PropertyValueSpecification\",\"valueRequired\":true,\"valueName\":\"search_term_string\"}}],\"inLanguage\":\"ro-RO\"}]}<\/script>\n<!-- \/ Yoast SEO plugin. -->","yoast_head_json":{"title":"Bible Kids Studiu biblic pentru copii si Tweens","description":"Aici ve\u021bi g\u0103si lec\u021bii de studiu biblic \u0219i resurse cre\u0219tine pentru Tweens. Viziunea noastr\u0103 este ca to\u021bi copiii s\u0103 \u00eel aib\u0103 pe Isus ca cel mai bun prieten al lor - pentru toat\u0103 via\u021ba.","robots":{"index":"index","follow":"follow","max-snippet":"max-snippet:-1","max-image-preview":"max-image-preview:large","max-video-preview":"max-video-preview:-1"},"canonical":"https:\/\/biblekids.io\/ro\/tweens\/","og_locale":"ro_RO","og_type":"article","og_title":"Bible Kids Studiu biblic pentru copii si Tweens","og_description":"Aici ve\u021bi g\u0103si lec\u021bii de studiu biblic \u0219i resurse cre\u0219tine pentru Tweens. Viziunea noastr\u0103 este ca to\u021bi copiii s\u0103 \u00eel aib\u0103 pe Isus ca cel mai bun prieten al lor - pentru toat\u0103 via\u021ba.","og_url":"https:\/\/biblekids.io\/ro\/tweens\/","og_site_name":"Bible Kids","article_modified_time":"2023-09-13T09:35:48+00:00","og_image":[{"width":854,"height":480,"url":"https:\/\/biblekids.io\/wp-content\/uploads\/2020\/11\/jefr201.jpg","type":"image\/jpeg"}],"twitter_card":"summary_large_image","twitter_misc":{"Timp estimat pentru citire":"2 minut"},"schema":{"@context":"https:\/\/schema.org","@graph":[{"@type":"WebPage","@id":"https:\/\/biblekids.io\/ro\/tweens\/","url":"https:\/\/biblekids.io\/ro\/tweens\/","name":"Bible Kids Studiu biblic pentru copii si Tweens","isPartOf":{"@id":"https:\/\/biblekids.io\/no\/#website"},"primaryImageOfPage":{"@id":"https:\/\/biblekids.io\/ro\/tweens\/#primaryimage"},"image":{"@id":"https:\/\/biblekids.io\/ro\/tweens\/#primaryimage"},"thumbnailUrl":"https:\/\/biblekids.io\/wp-content\/uploads\/2020\/11\/jefr201.jpg","datePublished":"2023-08-04T14:25:06+00:00","dateModified":"2023-09-13T09:35:48+00:00","description":"Aici ve\u021bi g\u0103si lec\u021bii de studiu biblic \u0219i resurse cre\u0219tine pentru Tweens. Viziunea noastr\u0103 este ca to\u021bi copiii s\u0103 \u00eel aib\u0103 pe Isus ca cel mai bun prieten al lor - pentru toat\u0103 via\u021ba.","breadcrumb":{"@id":"https:\/\/biblekids.io\/ro\/tweens\/#breadcrumb"},"inLanguage":"ro-RO","potentialAction":[{"@type":"ReadAction","target":["https:\/\/biblekids.io\/ro\/tweens\/"]}]},{"@type":"ImageObject","inLanguage":"ro-RO","@id":"https:\/\/biblekids.io\/ro\/tweens\/#primaryimage","url":"https:\/\/biblekids.io\/wp-content\/uploads\/2020\/11\/jefr201.jpg","contentUrl":"https:\/\/biblekids.io\/wp-content\/uploads\/2020\/11\/jefr201.jpg","width":854,"height":480},{"@type":"BreadcrumbList","@id":"https:\/\/biblekids.io\/ro\/tweens\/#breadcrumb","itemListElement":[{"@type":"ListItem","position":1,"name":"Hjem","item":"https:\/\/biblekids.io\/ru\/"},{"@type":"ListItem","position":2,"name":"Tweens"}]},{"@type":"WebSite","@id":"https:\/\/biblekids.io\/no\/#website","url":"https:\/\/biblekids.io\/no\/","name":"Bible Kids","description":"Pove\u0219ti biblice pentru copii","potentialAction":[{"@type":"SearchAction","target":{"@type":"EntryPoint","urlTemplate":"https:\/\/biblekids.io\/no\/?s={search_term_string}"},"query-input":{"@type":"PropertyValueSpecification","valueRequired":true,"valueName":"search_term_string"}}],"inLanguage":"ro-RO"}]}},"_links":{"self":[{"href":"https:\/\/biblekids.io\/ro\/wp-json\/wp\/v2\/pages\/74784","targetHints":{"allow":["GET"]}}],"collection":[{"href":"https:\/\/biblekids.io\/ro\/wp-json\/wp\/v2\/pages"}],"about":[{"href":"https:\/\/biblekids.io\/ro\/wp-json\/wp\/v2\/types\/page"}],"author":[{"embeddable":true,"href":"https:\/\/biblekids.io\/ro\/wp-json\/wp\/v2\/users\/9614"}],"replies":[{"embeddable":true,"href":"https:\/\/biblekids.io\/ro\/wp-json\/wp\/v2\/comments?post=74784"}],"version-history":[{"count":6,"href":"https:\/\/biblekids.io\/ro\/wp-json\/wp\/v2\/pages\/74784\/revisions"}],"predecessor-version":[{"id":77673,"href":"https:\/\/biblekids.io\/ro\/wp-json\/wp\/v2\/pages\/74784\/revisions\/77673"}],"wp:featuredmedia":[{"embeddable":true,"href":"https:\/\/biblekids.io\/ro\/wp-json\/wp\/v2\/media\/41888"}],"wp:attachment":[{"href":"https:\/\/biblekids.io\/ro\/wp-json\/wp\/v2\/media?parent=74784"}],"curies":[{"name":"wp","href":"https:\/\/api.w.org\/{rel}","templated":true}]}}