{"id":83423,"date":"2023-11-20T12:14:25","date_gmt":"2023-11-20T11:14:25","guid":{"rendered":"https:\/\/biblekids.io\/?page_id=83423"},"modified":"2023-12-12T14:42:58","modified_gmt":"2023-12-12T13:42:58","slug":"iosia-adevar-si-dreptate","status":"publish","type":"page","link":"https:\/\/biblekids.io\/ro\/filme-de-lung-metraj-bible-kids\/iosia-adevar-si-dreptate\/","title":{"rendered":"Iosia \u2013 adev\u0103r \u0219i dreptate"},"content":{"rendered":"\n\n\t<section class=\"section dark\" id=\"section_301035511\">\n\t\t<div class=\"section-bg fill\" >\n\t\t\t\t\t\t\t\t\t<div class=\"section-bg-overlay absolute fill\"><\/div>\n\t\t\t\n\n\t\t<\/div>\n\n\t\t\t<div class=\"ux-shape-divider ux-shape-divider--top ux-shape-divider--style-waves-opacity-3\">\n\t\t<svg viewBox=\"0 0 1000 300\" xmlns=\"http:\/\/www.w3.org\/2000\/svg\" preserveAspectRatio=\"none\">\n\t<path class=\"ux-shape-fill\" opacity=\"0.05\" d=\"M1014 264V386H206L34 300C34 300 344.42 277.16 436 221C542 156 590 160 704 209C811 255 899.11 214.94 979 346L1014 264Z\"\/>\n\t<path class=\"ux-shape-fill\" opacity=\"0.1\" d=\"M-302 55C-302 55 -66.73 263.25 50 214C178 160 283 116 353 141C445.68 174.1 534.28 256.19 588 249C692.9 235 764.52 75.94 855 131C940.61 183.09 1000 254 1000 254V328L-306 338L-302 55Z\"\/>\n\t<path class=\"ux-shape-fill\" opacity=\"0.15\" d=\"M-286 255C-286 255 -72 152 52 126C176 100 255 155 436 227C581.57 284.91 614.7 277.79 708 227C787 184 1009 3.0001 1093 164C1146 265.63 1031 293 1031 293L924 377L-288 389L-286 255Z\"\/>\n\t<path class=\"ux-shape-fill\" opacity=\"0.3\" d=\"M-24 69C-24 69 275.68 370.66 389 314C397 310 622 316 673 356C690.47 369.7 845 224 890 182C944.8 130.85 1018 92 1078 143C1154.12 207.7 1196 242 1196 242L1184 374L-28 386L-24 69Z\"\/>\n\t<path class=\"ux-shape-fill\" d=\"M-12 201C-12 201 58 284 182 258C306 232 342.29 221.23 456 264C565 305 640.82 288.36 721 249C776 222 837.5 191.31 935 253C984 284 1030 279 1030 279L1024 430L-12 440V201Z\"\/>\n<\/svg>\n\t<\/div>\n\n\t<div class=\"ux-shape-divider ux-shape-divider--bottom ux-shape-divider--style-waves-opacity-3\">\n\t\t<svg viewBox=\"0 0 1000 300\" xmlns=\"http:\/\/www.w3.org\/2000\/svg\" preserveAspectRatio=\"none\">\n\t<path class=\"ux-shape-fill\" opacity=\"0.05\" d=\"M1014 264V386H206L34 300C34 300 344.42 277.16 436 221C542 156 590 160 704 209C811 255 899.11 214.94 979 346L1014 264Z\"\/>\n\t<path class=\"ux-shape-fill\" opacity=\"0.1\" d=\"M-302 55C-302 55 -66.73 263.25 50 214C178 160 283 116 353 141C445.68 174.1 534.28 256.19 588 249C692.9 235 764.52 75.94 855 131C940.61 183.09 1000 254 1000 254V328L-306 338L-302 55Z\"\/>\n\t<path class=\"ux-shape-fill\" opacity=\"0.15\" d=\"M-286 255C-286 255 -72 152 52 126C176 100 255 155 436 227C581.57 284.91 614.7 277.79 708 227C787 184 1009 3.0001 1093 164C1146 265.63 1031 293 1031 293L924 377L-288 389L-286 255Z\"\/>\n\t<path class=\"ux-shape-fill\" opacity=\"0.3\" d=\"M-24 69C-24 69 275.68 370.66 389 314C397 310 622 316 673 356C690.47 369.7 845 224 890 182C944.8 130.85 1018 92 1078 143C1154.12 207.7 1196 242 1196 242L1184 374L-28 386L-24 69Z\"\/>\n\t<path class=\"ux-shape-fill\" d=\"M-12 201C-12 201 58 284 182 258C306 232 342.29 221.23 456 264C565 305 640.82 288.36 721 249C776 222 837.5 191.31 935 253C984 284 1030 279 1030 279L1024 430L-12 440V201Z\"\/>\n<\/svg>\n\t<\/div>\n\n\t\t<div class=\"section-content relative\">\n\t\t\t\n\n<div class=\"row align-center\"  id=\"row-872583388\">\n\n\n\t<div id=\"col-1388783805\" class=\"col medium-10 small-12 large-8\"  >\n\t\t\t\t<div class=\"col-inner\"  >\n\t\t\t\n\t\t\t\n\n\t<div id=\"text-1890608606\" class=\"text\">\n\t\t\n\n<p>Vezi \u00eentregul film aici:<\/p>\n\n\t\t\n<style>\n#text-1890608606 {\n  text-align: center;\n}\n<\/style>\n\t<\/div>\n\t\n<iframe class=\"btv-iframe \" src=\"https:\/\/app.bcc.media\/embed\/2000?app=kids-web&language=ro\" frameborder=\"0\" allowfullscreen><\/iframe>\n\n\n\t\t<\/div>\n\t\t\t\t\t<\/div>\n\n\t\n\n<\/div>\n\n\t\t<\/div>\n\n\t\t\n<style>\n#section_301035511 {\n  padding-top: 80px;\n  padding-bottom: 80px;\n  background-color: #115e67;\n}\n#section_301035511 .section-bg-overlay {\n  background-color: rgba(0, 0, 0, 0.5);\n}\n#section_301035511 .ux-shape-divider--top svg {\n  height: 150px;\n  --divider-top-width: 300%;\n}\n#section_301035511 .ux-shape-divider--top .ux-shape-fill {\n  fill: #115e67;\n}\n#section_301035511 .ux-shape-divider--bottom svg {\n  height: 150px;\n  --divider-width: 300%;\n}\n#section_301035511 .ux-shape-divider--bottom .ux-shape-fill {\n  fill: #115e67;\n}\n@media (min-width:550px) {\n  #section_301035511 {\n    padding-top: 120px;\n    padding-bottom: 120px;\n  }\n  #section_301035511 .ux-shape-divider--top svg {\n    --divider-top-width: 202%;\n  }\n  #section_301035511 .ux-shape-divider--bottom svg {\n    --divider-width: 202%;\n  }\n}\n@media (min-width:850px) {\n  #section_301035511 .ux-shape-divider--top svg {\n    --divider-top-width: 100%;\n  }\n  #section_301035511 .ux-shape-divider--bottom svg {\n    --divider-width: 100%;\n  }\n}\n<\/style>\n\t<\/section>\n\t\n\n\t<section class=\"section dark\" id=\"section_1633567103\">\n\t\t<div class=\"section-bg fill\" >\n\t\t\t\t\t\t\t\t\t\n\t\t\t\n\n\t\t<\/div>\n\n\t\t\n\n\t\t<div class=\"section-content relative\">\n\t\t\t\n\n<div class=\"row\"  id=\"row-1224388286\">\n\n\n\t<div id=\"col-1705671926\" class=\"col small-12 large-12\"  >\n\t\t\t\t<div class=\"col-inner\"  >\n\t\t\t\n\t\t\t\n\n\t<div id=\"text-1635576009\" class=\"text\">\n\t\t\n\n<h1 class=\"text-lg lg:text-xl font-medium\">Iosia \u2013 adev\u0103r \u0219i dreptate<\/h1>\n<p class=\"lead\" style=\"font-weight: 400;\"><strong>O poveste captivant\u0103 despre un b\u0103ie\u021bel care este \u00eencoronat rege la v\u00e2rsta de opt ani, \u00eentr-o lume plin\u0103 de r\u0103utate \u0219i nedreptate. \u00cen ciuda faptului c\u0103 nu a avut modele bune de urmat printre predecesorii s\u0103i, Iosia cre\u0219te \u0219i devine un rege adev\u0103rat \u0219i drept.<\/strong><\/p>\n<p class=\"lead\" style=\"font-weight: 400;\">Filmul este despre Iosia, \u00een v\u00e2rst\u0103 de opt ani, care este noul rege al \u021b\u0103rii. \u00abVei avea nevoie de c\u00e2\u021biva sf\u0103tuitori buni\u00bb \u00eei spune sora lui, Amona, dup\u0103 \u00eencoronare. \u0218i are dreptate. Predecesorul lui Iosia nu a fost un rege bun, ci r\u0103u, \u0219i \u0219i-a ales ca sfetnici pe unii care f\u0103ceau idolatrie. \u00cens\u0103 Iosia este adev\u0103rat \u0219i drept \u0219i alege o alt\u0103 direc\u021bie dec\u00e2t tat\u0103l s\u0103u. \u0218afan \u2013 devine un sf\u0103tuitor important \u0219i un sprijin atunci c\u00e2nd regele cre\u0219te \u0219i este nevoit s\u0103 ia alegeri importante pentru \u021bara sa. \u00cens\u0103 sf\u0103tuitorii tat\u0103lui s\u0103u nu \u00eei fac via\u021ba u\u0219oar\u0103 noului rege. Cu toate acestea, c\u00e2nd Iosia \u00eempline\u0219te 18 ani, Cartea pierdut\u0103 a Legii este g\u0103sit\u0103. Totul este acum preg\u0103tit pentru a reinstaura legea lui Dumnezeu \u00een \u021bar\u0103.<\/p>\n\t\t\n<style>\n#text-1635576009 {\n  text-align: center;\n}\n<\/style>\n\t<\/div>\n\t\n<div class=\"text-center\"><div class=\"is-divider divider clearfix\" style=\"max-width:150px;\"><\/div><\/div>\n\n<div class=\"container section-title-container hidden\" ><h3 class=\"section-title section-title-center\"><b aria-hidden=\"true\"><\/b><span class=\"section-title-main\" >Personaje<\/span><b aria-hidden=\"true\"><\/b><\/h3><\/div>\n\n\n\n\t\t<\/div>\n\t\t\t\t\t<\/div>\n\n\t\n\n<\/div>\n\n\t\t<\/div>\n\n\t\t\n<style>\n#section_1633567103 {\n  padding-top: 80px;\n  padding-bottom: 80px;\n  background-color: #115e67;\n}\n<\/style>\n\t<\/section>\n\t\n\n  <div class=\"banner has-hover\" id=\"banner-728197451\">\n          <div class=\"banner-inner fill\">\n        <div class=\"banner-bg fill\" >\n                                                \n                    <\/div>\n\t\t\n        <div class=\"banner-layers container\">\n            <div class=\"fill banner-link\"><\/div>            \n\n   <div id=\"text-box-288243855\" class=\"text-box banner-layer x50 md-x50 lg-x50 y50 md-y50 lg-y50 res-text\">\n                                <div class=\"text-box-content text dark\">\n              \n              <div class=\"text-inner text-center\">\n                  \n\n\t<div id=\"text-2619248364\" class=\"text\">\n\t\t\n\n<h3><b>R\u0103m\u00e2i la curent cu produc\u021biile noastre <\/b><\/h3>\n\t\t\n<style>\n#text-2619248364 {\n  text-align: center;\n}\n<\/style>\n\t<\/div>\n\t\n\t<div id=\"gap-1039753363\" class=\"gap-element clearfix\" style=\"display:block; height:auto;\">\n\t\t\n<style>\n#gap-1039753363 {\n  padding-top: 30px;\n}\n<\/style>\n\t<\/div>\n\t\n\n<a href=\"http:\/\/eepurl.com\/h3pcRD\" class=\"button white is-large box-shadow-2 box-shadow-4-hover\" >\n\t<i class=\"icon-envelop\" aria-hidden=\"true\"><\/i>\t<span>ABONEAZ\u0102-TE LA BULETINUL INFORMATIV<\/span>\n\t<\/a>\n\n\n\t<div id=\"text-540834662\" class=\"text\">\n\t\t\n\n<p>Nu trimitem spam, promitem.<\/p>\n\t\t\n<style>\n#text-540834662 {\n  text-align: center;\n}\n<\/style>\n\t<\/div>\n\t\n\n              <\/div>\n           <\/div>\n                            \n<style>\n#text-box-288243855 {\n  width: 82%;\n}\n#text-box-288243855 .text-box-content {\n  font-size: 136%;\n}\n@media (min-width:550px) {\n  #text-box-288243855 {\n    width: 100%;\n  }\n  #text-box-288243855 .text-box-content {\n    font-size: 100%;\n  }\n}\n<\/style>\n    <\/div>\n \n\n        <\/div>\n      <\/div>\n\n            \n<style>\n#banner-728197451 {\n  padding-top: 369px;\n  background-color: #115e67;\n}\n#banner-728197451 .banner-bg img {\n  object-position: 60% 16%;\n}\n@media (min-width:550px) {\n  #banner-728197451 {\n    padding-top: 30%;\n  }\n}\n<\/style>\n  <\/div>\n\n\n\n\n","protected":false},"excerpt":{"rendered":"","protected":false},"author":9614,"featured_media":0,"parent":77729,"menu_order":0,"comment_status":"closed","ping_status":"closed","template":"page-blank.php","meta":{"_acf_changed":false,"bcc_login_visibility":0,"bcc_groups":[],"bcc_groups_email":true,"bcc_visibility_groups":[],"bcc_visibility_groups_email":false,"sent_notifications":[],"footnotes":"","_links_to":"","_links_to_target":""},"class_list":["post-83423","page","type-page","status-publish","hentry"],"acf":[],"yoast_head":"<!-- This site is optimized with the Yoast SEO plugin v27.4 - https:\/\/yoast.com\/product\/yoast-seo-wordpress\/ -->\n<title>Iosia \u2013 adev\u0103r \u0219i dreptate - Bible Kids<\/title>\n<meta name=\"description\" content=\"Filme despre pove\u0219tile biblice. Facem mesajul Bibliei viu \u0219i accesibil pentru viitoarele genera\u021bii de cre\u0219tini.\" \/>\n<meta name=\"robots\" content=\"index, follow, max-snippet:-1, max-image-preview:large, max-video-preview:-1\" \/>\n<link rel=\"canonical\" href=\"https:\/\/biblekids.io\/ro\/filme-de-lung-metraj-bible-kids\/iosia-adevar-si-dreptate\/\" \/>\n<meta property=\"og:locale\" content=\"ro_RO\" \/>\n<meta property=\"og:type\" content=\"article\" \/>\n<meta property=\"og:title\" content=\"Iosia \u2013 adev\u0103r \u0219i dreptate - Bible Kids\" \/>\n<meta property=\"og:description\" content=\"Filme despre pove\u0219tile biblice. Facem mesajul Bibliei viu \u0219i accesibil pentru viitoarele genera\u021bii de cre\u0219tini.\" \/>\n<meta property=\"og:url\" content=\"https:\/\/biblekids.io\/ro\/filme-de-lung-metraj-bible-kids\/iosia-adevar-si-dreptate\/\" \/>\n<meta property=\"og:site_name\" content=\"Bible Kids\" \/>\n<meta property=\"article:modified_time\" content=\"2023-12-12T13:42:58+00:00\" \/>\n<meta property=\"og:image\" content=\"https:\/\/staging-bcckids.kinsta.cloud\/wp-content\/uploads\/2023\/08\/youtube_biblekids-455x400.png\" \/>\n<meta name=\"twitter:card\" content=\"summary_large_image\" \/>\n<meta name=\"twitter:label1\" content=\"Timp estimat pentru citire\" \/>\n\t<meta name=\"twitter:data1\" content=\"3 minut\" \/>\n<script type=\"application\/ld+json\" class=\"yoast-schema-graph\">{\"@context\":\"https:\\\/\\\/schema.org\",\"@graph\":[{\"@type\":\"WebPage\",\"@id\":\"https:\\\/\\\/biblekids.io\\\/ro\\\/filme-de-lung-metraj-bible-kids\\\/iosia-adevar-si-dreptate\\\/\",\"url\":\"https:\\\/\\\/biblekids.io\\\/ro\\\/filme-de-lung-metraj-bible-kids\\\/iosia-adevar-si-dreptate\\\/\",\"name\":\"Iosia \u2013 adev\u0103r \u0219i dreptate - Bible Kids\",\"isPartOf\":{\"@id\":\"https:\\\/\\\/biblekids.io\\\/no\\\/#website\"},\"primaryImageOfPage\":{\"@id\":\"https:\\\/\\\/biblekids.io\\\/ro\\\/filme-de-lung-metraj-bible-kids\\\/iosia-adevar-si-dreptate\\\/#primaryimage\"},\"image\":{\"@id\":\"https:\\\/\\\/biblekids.io\\\/ro\\\/filme-de-lung-metraj-bible-kids\\\/iosia-adevar-si-dreptate\\\/#primaryimage\"},\"thumbnailUrl\":\"https:\\\/\\\/staging-bcckids.kinsta.cloud\\\/wp-content\\\/uploads\\\/2023\\\/08\\\/youtube_biblekids-455x400.png\",\"datePublished\":\"2023-11-20T11:14:25+00:00\",\"dateModified\":\"2023-12-12T13:42:58+00:00\",\"description\":\"Filme despre pove\u0219tile biblice. Facem mesajul Bibliei viu \u0219i accesibil pentru viitoarele genera\u021bii de cre\u0219tini.\",\"breadcrumb\":{\"@id\":\"https:\\\/\\\/biblekids.io\\\/ro\\\/filme-de-lung-metraj-bible-kids\\\/iosia-adevar-si-dreptate\\\/#breadcrumb\"},\"inLanguage\":\"ro-RO\",\"potentialAction\":[{\"@type\":\"ReadAction\",\"target\":[\"https:\\\/\\\/biblekids.io\\\/ro\\\/filme-de-lung-metraj-bible-kids\\\/iosia-adevar-si-dreptate\\\/\"]}]},{\"@type\":\"ImageObject\",\"inLanguage\":\"ro-RO\",\"@id\":\"https:\\\/\\\/biblekids.io\\\/ro\\\/filme-de-lung-metraj-bible-kids\\\/iosia-adevar-si-dreptate\\\/#primaryimage\",\"url\":\"https:\\\/\\\/staging-bcckids.kinsta.cloud\\\/wp-content\\\/uploads\\\/2023\\\/08\\\/youtube_biblekids-455x400.png\",\"contentUrl\":\"https:\\\/\\\/staging-bcckids.kinsta.cloud\\\/wp-content\\\/uploads\\\/2023\\\/08\\\/youtube_biblekids-455x400.png\"},{\"@type\":\"BreadcrumbList\",\"@id\":\"https:\\\/\\\/biblekids.io\\\/ro\\\/filme-de-lung-metraj-bible-kids\\\/iosia-adevar-si-dreptate\\\/#breadcrumb\",\"itemListElement\":[{\"@type\":\"ListItem\",\"position\":1,\"name\":\"Hjem\",\"item\":\"https:\\\/\\\/biblekids.io\\\/ru\\\/\"},{\"@type\":\"ListItem\",\"position\":2,\"name\":\"Filme de lungmetraj\",\"item\":\"https:\\\/\\\/biblekids.io\\\/ro\\\/?page_id=77729\"},{\"@type\":\"ListItem\",\"position\":3,\"name\":\"Iosia \u2013 adev\u0103r \u0219i dreptate\"}]},{\"@type\":\"WebSite\",\"@id\":\"https:\\\/\\\/biblekids.io\\\/no\\\/#website\",\"url\":\"https:\\\/\\\/biblekids.io\\\/no\\\/\",\"name\":\"Bible Kids\",\"description\":\"Pove\u0219ti biblice pentru copii\",\"potentialAction\":[{\"@type\":\"SearchAction\",\"target\":{\"@type\":\"EntryPoint\",\"urlTemplate\":\"https:\\\/\\\/biblekids.io\\\/no\\\/?s={search_term_string}\"},\"query-input\":{\"@type\":\"PropertyValueSpecification\",\"valueRequired\":true,\"valueName\":\"search_term_string\"}}],\"inLanguage\":\"ro-RO\"}]}<\/script>\n<!-- \/ Yoast SEO plugin. -->","yoast_head_json":{"title":"Iosia \u2013 adev\u0103r \u0219i dreptate - Bible Kids","description":"Filme despre pove\u0219tile biblice. Facem mesajul Bibliei viu \u0219i accesibil pentru viitoarele genera\u021bii de cre\u0219tini.","robots":{"index":"index","follow":"follow","max-snippet":"max-snippet:-1","max-image-preview":"max-image-preview:large","max-video-preview":"max-video-preview:-1"},"canonical":"https:\/\/biblekids.io\/ro\/filme-de-lung-metraj-bible-kids\/iosia-adevar-si-dreptate\/","og_locale":"ro_RO","og_type":"article","og_title":"Iosia \u2013 adev\u0103r \u0219i dreptate - Bible Kids","og_description":"Filme despre pove\u0219tile biblice. Facem mesajul Bibliei viu \u0219i accesibil pentru viitoarele genera\u021bii de cre\u0219tini.","og_url":"https:\/\/biblekids.io\/ro\/filme-de-lung-metraj-bible-kids\/iosia-adevar-si-dreptate\/","og_site_name":"Bible Kids","article_modified_time":"2023-12-12T13:42:58+00:00","og_image":[{"url":"https:\/\/staging-bcckids.kinsta.cloud\/wp-content\/uploads\/2023\/08\/youtube_biblekids-455x400.png","type":"","width":"","height":""}],"twitter_card":"summary_large_image","twitter_misc":{"Timp estimat pentru citire":"3 minut"},"schema":{"@context":"https:\/\/schema.org","@graph":[{"@type":"WebPage","@id":"https:\/\/biblekids.io\/ro\/filme-de-lung-metraj-bible-kids\/iosia-adevar-si-dreptate\/","url":"https:\/\/biblekids.io\/ro\/filme-de-lung-metraj-bible-kids\/iosia-adevar-si-dreptate\/","name":"Iosia \u2013 adev\u0103r \u0219i dreptate - Bible Kids","isPartOf":{"@id":"https:\/\/biblekids.io\/no\/#website"},"primaryImageOfPage":{"@id":"https:\/\/biblekids.io\/ro\/filme-de-lung-metraj-bible-kids\/iosia-adevar-si-dreptate\/#primaryimage"},"image":{"@id":"https:\/\/biblekids.io\/ro\/filme-de-lung-metraj-bible-kids\/iosia-adevar-si-dreptate\/#primaryimage"},"thumbnailUrl":"https:\/\/staging-bcckids.kinsta.cloud\/wp-content\/uploads\/2023\/08\/youtube_biblekids-455x400.png","datePublished":"2023-11-20T11:14:25+00:00","dateModified":"2023-12-12T13:42:58+00:00","description":"Filme despre pove\u0219tile biblice. Facem mesajul Bibliei viu \u0219i accesibil pentru viitoarele genera\u021bii de cre\u0219tini.","breadcrumb":{"@id":"https:\/\/biblekids.io\/ro\/filme-de-lung-metraj-bible-kids\/iosia-adevar-si-dreptate\/#breadcrumb"},"inLanguage":"ro-RO","potentialAction":[{"@type":"ReadAction","target":["https:\/\/biblekids.io\/ro\/filme-de-lung-metraj-bible-kids\/iosia-adevar-si-dreptate\/"]}]},{"@type":"ImageObject","inLanguage":"ro-RO","@id":"https:\/\/biblekids.io\/ro\/filme-de-lung-metraj-bible-kids\/iosia-adevar-si-dreptate\/#primaryimage","url":"https:\/\/staging-bcckids.kinsta.cloud\/wp-content\/uploads\/2023\/08\/youtube_biblekids-455x400.png","contentUrl":"https:\/\/staging-bcckids.kinsta.cloud\/wp-content\/uploads\/2023\/08\/youtube_biblekids-455x400.png"},{"@type":"BreadcrumbList","@id":"https:\/\/biblekids.io\/ro\/filme-de-lung-metraj-bible-kids\/iosia-adevar-si-dreptate\/#breadcrumb","itemListElement":[{"@type":"ListItem","position":1,"name":"Hjem","item":"https:\/\/biblekids.io\/ru\/"},{"@type":"ListItem","position":2,"name":"Filme de lungmetraj","item":"https:\/\/biblekids.io\/ro\/?page_id=77729"},{"@type":"ListItem","position":3,"name":"Iosia \u2013 adev\u0103r \u0219i dreptate"}]},{"@type":"WebSite","@id":"https:\/\/biblekids.io\/no\/#website","url":"https:\/\/biblekids.io\/no\/","name":"Bible Kids","description":"Pove\u0219ti biblice pentru copii","potentialAction":[{"@type":"SearchAction","target":{"@type":"EntryPoint","urlTemplate":"https:\/\/biblekids.io\/no\/?s={search_term_string}"},"query-input":{"@type":"PropertyValueSpecification","valueRequired":true,"valueName":"search_term_string"}}],"inLanguage":"ro-RO"}]}},"_links":{"self":[{"href":"https:\/\/biblekids.io\/ro\/wp-json\/wp\/v2\/pages\/83423","targetHints":{"allow":["GET"]}}],"collection":[{"href":"https:\/\/biblekids.io\/ro\/wp-json\/wp\/v2\/pages"}],"about":[{"href":"https:\/\/biblekids.io\/ro\/wp-json\/wp\/v2\/types\/page"}],"author":[{"embeddable":true,"href":"https:\/\/biblekids.io\/ro\/wp-json\/wp\/v2\/users\/9614"}],"replies":[{"embeddable":true,"href":"https:\/\/biblekids.io\/ro\/wp-json\/wp\/v2\/comments?post=83423"}],"version-history":[{"count":7,"href":"https:\/\/biblekids.io\/ro\/wp-json\/wp\/v2\/pages\/83423\/revisions"}],"predecessor-version":[{"id":84926,"href":"https:\/\/biblekids.io\/ro\/wp-json\/wp\/v2\/pages\/83423\/revisions\/84926"}],"up":[{"embeddable":true,"href":"https:\/\/biblekids.io\/ro\/wp-json\/wp\/v2\/pages\/77729"}],"wp:attachment":[{"href":"https:\/\/biblekids.io\/ro\/wp-json\/wp\/v2\/media?parent=83423"}],"curies":[{"name":"wp","href":"https:\/\/api.w.org\/{rel}","templated":true}]}}